{"id":9566,"date":"2021-11-02T15:53:43","date_gmt":"2021-11-02T13:53:43","guid":{"rendered":"https:\/\/hempeline.net\/?post_type=product&#038;p=9566"},"modified":"2022-09-18T22:54:56","modified_gmt":"2022-09-18T20:54:56","slug":"lange-gold-ohrringe","status":"publish","type":"product","link":"https:\/\/hempeline.net\/en\/product\/lange-gold-ohrringe","title":{"rendered":"Lange Gold Ohrringe mit Perle"},"content":{"rendered":"<p>Lange Gold Ohrringe geschm\u00fcckt mit einer faszinierenden Perle sind ein ganz besonderes, einzigartiges Schmuckst\u00fcck. Die filigrane Kette aus Wei\u00dfgold und Geldgold wird von einer zauberhaften Perle gekr\u00f6nt. Ob Keshi, Tahiti oder S\u00fcdsee Perle, sie schwingen am funkelnden Goldkettchen und werten jedes Outfit auf. Klassische Perlenohrringe ganz neu interpretiert!<\/p>\n<p><strong>TANZENDE S\u00dcDSEEPERLEN:<\/strong> Verspielt baumeln die silbernen, semi-barocken S\u00fcdseeperlen an diesen langen Gold Ohrringen mit Perle aus Wei\u00dfgold. Das raffinierte Design veredelt jeden Look, ob leger im Alltag, im Business oder zum Abendoutfit.<\/p>\n<p><strong>EDEL IN SCHWARZ:<\/strong> Erfrischend modern und glamour\u00f6s wirken diese langen Gold Ohrringe aus Wei\u00dfgold mit schwarz-silbern schimmernden Tahiti Perlen.<\/p>\n<p>Der rote Teppich f\u00fcr das wohl sch\u00f6nste Nebenprodukt der Welt: die <strong>KESHI PERLE<\/strong>. Keshi Perlen sind anders, machen Spa\u00df, denn sie sind einzigartig, immer wieder aufregend und doch schlichtweg wundersch\u00f6n. Diese Rarit\u00e4t, die man tats\u00e4chlich nur selten auf dem Markt findet, schwingt im Duett mit den filigran gearbeiteten langen Gold Ohrringen in Gelbgold.<\/p>\n<p><strong>MODERNER LUXUS:<\/strong> Sind diese langen Gold Ohrringe mit Perle \u2013 denn an filigranen Goldketten baumelnd, umschmeicheln die golden schimmernden S\u00fcdseeperlen in AAA-Qualit\u00e4t das Gesicht der Tr\u00e4gerin. Zarter, femininer Perlenohrschmuck f\u00fcr viele Anl\u00e4sse.<\/p>\n<p>Diese Edison-Perlen halten was sie versprechen \u2013 eine au\u00dfergew\u00f6hnliche Farbe. Mit einem zarten ros\u00e9-lavendel Ton bet\u00f6ren sie jeden Betrachter. Als langer Gold Ohrring an feinem Wei\u00dfgold schimmern sie mit jeder Bewegung und jedem Schwung in einer <strong>BESTECHENDEN FARBNUANCE<\/strong>, wie sie nur bei Edison-Perlen zu finden sind.<\/p>\n<p>&nbsp;<\/p>\n<p data-pm-slice=\"1 1 []\"><strong>Product details:<\/strong><\/p>\n<ul>\n<li>Perlenherkunft: S\u00fcdsee und Tahiti Perlen von kleinen Perlenfarmen in Indonesien &#8211; Lombok, S\u00fc\u00dfwasserperlen (Keshi, Biwa, Edison) aus China<\/li>\n<li>Durchmesser Perlen: 9 -12 mm<\/li>\n<li>Qualit\u00e4t Perlen: AAA<\/li>\n<li>Kette Ohrring: 14 kt Wei\u00dfgold, Goldgelb, L\u00e4nge inkl. ca. Perle 7,4 cm<\/li>\n<\/ul>\n<p>&nbsp;<\/p>\n<p class=\"translation-block\">The jewellery from <em>hempeline jewellery<\/em> comes to you in a plain white jewelry box made in Germany - perfect for storage and ideal for gift wrapping.<\/p>\n<p>For our jewellery we process natural pearls and gemstones, so the jewellery may differ from the images in our online store.<\/p>\n<p>Prices incl. VAT<\/p>","protected":false},"excerpt":{"rendered":"<p>Lange Gold Ohrringe geschm\u00fcckt mit einer faszinierenden Perle sind ein ganz besonderes, einzigartiges Schmuckst\u00fcck. Die filigrane Kette aus Wei\u00dfgold und Geldgold wird von einer zauberhaften Perle gekr\u00f6nt. Ob Keshi, Tahiti oder S\u00fcdsee Perle, sie schwingen am funkelnden Goldkettchen und werten jedes Outfit auf. Klassische Perlenohrringe ganz neu interpretiert!<\/p>","protected":false},"featured_media":9418,"comment_status":"open","ping_status":"closed","template":"","meta":{"_acf_changed":false},"product_cat":[67,135],"product_tag":[314,315,311,267,258,310,313,284,308,309,316,302,305,263,312,266],"class_list":["post-9566","product","type-product","status-publish","has-post-thumbnail","hentry","product_cat-schmuck","product_cat-ohr","product_tag-biwa","product_tag-biwa-perle","product_tag-ear-jewellery","product_tag-gelbgold","product_tag-goldener-schmuck","product_tag-jewellery","product_tag-keshi","product_tag-keshi-perle","product_tag-lange-ohrhaenger","product_tag-lange-ohrringe","product_tag-langer-ohrhaken","product_tag-ohrringe","product_tag-ohrschmuck","product_tag-suedsee-perle","product_tag-suedseeperlen","product_tag-weissgold","rtwpvg-product"],"acf":[],"yoast_head":"<!-- This site is optimized with the Yoast SEO Premium plugin v19.3 (Yoast SEO v26.8) - https:\/\/yoast.com\/product\/yoast-seo-premium-wordpress\/ -->\n<title>Gold Ohrringe mit wundersch\u00f6nen S\u00fcdsee und S\u00fc\u00dfwasser Perlen<\/title>\n<meta name=\"description\" content=\"Lange, filigrane Gold Ohrringe geschm\u00fcckt mit faszinierenden S\u00fcdsee und S\u00fc\u00dfwasser Perlen sind ein besonderes, einzigartiges Schmuckst\u00fcck.\" \/>\n<meta name=\"robots\" content=\"index, follow, max-snippet:-1, max-image-preview:large, max-video-preview:-1\" \/>\n<link rel=\"canonical\" href=\"https:\/\/hempeline.net\/en\/product\/lange-gold-ohrringe\/\" \/>\n<meta property=\"og:locale\" content=\"en_GB\" \/>\n<meta property=\"og:type\" content=\"article\" \/>\n<meta property=\"og:title\" content=\"Lange Gold Ohrringe mit Perle\" \/>\n<meta property=\"og:description\" content=\"Lange, filigrane Gold Ohrringe geschm\u00fcckt mit faszinierenden S\u00fcdsee und S\u00fc\u00dfwasser Perlen sind ein besonderes, einzigartiges Schmuckst\u00fcck.\" \/>\n<meta property=\"og:url\" content=\"https:\/\/hempeline.net\/en\/product\/lange-gold-ohrringe\/\" \/>\n<meta property=\"og:site_name\" content=\"hempeline\" \/>\n<meta property=\"article:publisher\" content=\"https:\/\/www.facebook.com\/hempelineCollection\/\" \/>\n<meta property=\"article:modified_time\" content=\"2022-09-18T20:54:56+00:00\" \/>\n<meta property=\"og:image\" content=\"https:\/\/hempeline.net\/wp-content\/uploads\/2021\/10\/758e32c2-82fa-4def-ad83-1cc2935d4f24-scaled.jpg\" \/>\n\t<meta property=\"og:image:width\" content=\"2048\" \/>\n\t<meta property=\"og:image:height\" content=\"2048\" \/>\n\t<meta property=\"og:image:type\" content=\"image\/jpeg\" \/>\n<meta name=\"twitter:card\" content=\"summary_large_image\" \/>\n<meta name=\"twitter:label1\" content=\"Estimated reading time\" \/>\n\t<meta name=\"twitter:data1\" content=\"2 minutes\" \/>\n<script type=\"application\/ld+json\" class=\"yoast-schema-graph\">{\"@context\":\"https:\/\/schema.org\",\"@graph\":[{\"@type\":\"WebPage\",\"@id\":\"https:\/\/hempeline.net\/produkt\/lange-gold-ohrringe\",\"url\":\"https:\/\/hempeline.net\/produkt\/lange-gold-ohrringe\",\"name\":\"Gold Ohrringe mit wundersch\u00f6nen S\u00fcdsee und S\u00fc\u00dfwasser Perlen\",\"isPartOf\":{\"@id\":\"https:\/\/hempeline.net\/#website\"},\"primaryImageOfPage\":{\"@id\":\"https:\/\/hempeline.net\/produkt\/lange-gold-ohrringe#primaryimage\"},\"image\":{\"@id\":\"https:\/\/hempeline.net\/produkt\/lange-gold-ohrringe#primaryimage\"},\"thumbnailUrl\":\"https:\/\/hempeline.net\/wp-content\/uploads\/2021\/10\/758e32c2-82fa-4def-ad83-1cc2935d4f24-scaled.jpg\",\"datePublished\":\"2021-11-02T13:53:43+00:00\",\"dateModified\":\"2022-09-18T20:54:56+00:00\",\"description\":\"Lange, filigrane Gold Ohrringe geschm\u00fcckt mit faszinierenden S\u00fcdsee und S\u00fc\u00dfwasser Perlen sind ein besonderes, einzigartiges Schmuckst\u00fcck.\",\"breadcrumb\":{\"@id\":\"https:\/\/hempeline.net\/produkt\/lange-gold-ohrringe#breadcrumb\"},\"inLanguage\":\"en-GB\",\"potentialAction\":[{\"@type\":\"ReadAction\",\"target\":[\"https:\/\/hempeline.net\/produkt\/lange-gold-ohrringe\"]}]},{\"@type\":\"ImageObject\",\"inLanguage\":\"en-GB\",\"@id\":\"https:\/\/hempeline.net\/produkt\/lange-gold-ohrringe#primaryimage\",\"url\":\"https:\/\/hempeline.net\/wp-content\/uploads\/2021\/10\/758e32c2-82fa-4def-ad83-1cc2935d4f24-scaled.jpg\",\"contentUrl\":\"https:\/\/hempeline.net\/wp-content\/uploads\/2021\/10\/758e32c2-82fa-4def-ad83-1cc2935d4f24-scaled.jpg\",\"width\":2048,\"height\":2048,\"caption\":\"Gold Ohrringe lang Perle\"},{\"@type\":\"BreadcrumbList\",\"@id\":\"https:\/\/hempeline.net\/produkt\/lange-gold-ohrringe#breadcrumb\",\"itemListElement\":[{\"@type\":\"ListItem\",\"position\":1,\"name\":\"Startseite\",\"item\":\"https:\/\/hempeline.net\/\"},{\"@type\":\"ListItem\",\"position\":2,\"name\":\"Alle Produkte\",\"item\":\"https:\/\/hempeline.net\/alle-produkte\"},{\"@type\":\"ListItem\",\"position\":3,\"name\":\"Lange Gold Ohrringe mit Perle\"}]},{\"@type\":\"WebSite\",\"@id\":\"https:\/\/hempeline.net\/#website\",\"url\":\"https:\/\/hempeline.net\/\",\"name\":\"hempeline\",\"description\":\"Qualit\u00e4t made in Germany\",\"publisher\":{\"@id\":\"https:\/\/hempeline.net\/#organization\"},\"potentialAction\":[{\"@type\":\"SearchAction\",\"target\":{\"@type\":\"EntryPoint\",\"urlTemplate\":\"https:\/\/hempeline.net\/?s={search_term_string}\"},\"query-input\":{\"@type\":\"PropertyValueSpecification\",\"valueRequired\":true,\"valueName\":\"search_term_string\"}}],\"inLanguage\":\"en-GB\"},{\"@type\":\"Organization\",\"@id\":\"https:\/\/hempeline.net\/#organization\",\"name\":\"hempeline collection\",\"url\":\"https:\/\/hempeline.net\/\",\"logo\":{\"@type\":\"ImageObject\",\"inLanguage\":\"en-GB\",\"@id\":\"https:\/\/hempeline.net\/#\/schema\/logo\/image\/\",\"url\":\"https:\/\/hempeline.net\/wp-content\/uploads\/2020\/07\/LOGO-SCHWARZ.png\",\"contentUrl\":\"https:\/\/hempeline.net\/wp-content\/uploads\/2020\/07\/LOGO-SCHWARZ.png\",\"width\":576,\"height\":576,\"caption\":\"hempeline collection\"},\"image\":{\"@id\":\"https:\/\/hempeline.net\/#\/schema\/logo\/image\/\"},\"sameAs\":[\"https:\/\/www.facebook.com\/hempelineCollection\/\",\"https:\/\/www.instagram.com\/hempeline\/\"]}]}<\/script>\n<!-- \/ Yoast SEO Premium plugin. -->","yoast_head_json":{"title":"Gold Ohrringe mit wundersch\u00f6nen S\u00fcdsee und S\u00fc\u00dfwasser Perlen","description":"Lange, filigrane Gold Ohrringe geschm\u00fcckt mit faszinierenden S\u00fcdsee und S\u00fc\u00dfwasser Perlen sind ein besonderes, einzigartiges Schmuckst\u00fcck.","robots":{"index":"index","follow":"follow","max-snippet":"max-snippet:-1","max-image-preview":"max-image-preview:large","max-video-preview":"max-video-preview:-1"},"canonical":"https:\/\/hempeline.net\/en\/product\/lange-gold-ohrringe\/","og_locale":"en_GB","og_type":"article","og_title":"Lange Gold Ohrringe mit Perle","og_description":"Lange, filigrane Gold Ohrringe geschm\u00fcckt mit faszinierenden S\u00fcdsee und S\u00fc\u00dfwasser Perlen sind ein besonderes, einzigartiges Schmuckst\u00fcck.","og_url":"https:\/\/hempeline.net\/en\/product\/lange-gold-ohrringe\/","og_site_name":"hempeline","article_publisher":"https:\/\/www.facebook.com\/hempelineCollection\/","article_modified_time":"2022-09-18T20:54:56+00:00","og_image":[{"width":2048,"height":2048,"url":"https:\/\/hempeline.net\/wp-content\/uploads\/2021\/10\/758e32c2-82fa-4def-ad83-1cc2935d4f24-scaled.jpg","type":"image\/jpeg"}],"twitter_card":"summary_large_image","twitter_misc":{"Estimated reading time":"2 minutes"},"schema":{"@context":"https:\/\/schema.org","@graph":[{"@type":"WebPage","@id":"https:\/\/hempeline.net\/produkt\/lange-gold-ohrringe","url":"https:\/\/hempeline.net\/produkt\/lange-gold-ohrringe","name":"Gold Ohrringe mit wundersch\u00f6nen S\u00fcdsee und S\u00fc\u00dfwasser Perlen","isPartOf":{"@id":"https:\/\/hempeline.net\/#website"},"primaryImageOfPage":{"@id":"https:\/\/hempeline.net\/produkt\/lange-gold-ohrringe#primaryimage"},"image":{"@id":"https:\/\/hempeline.net\/produkt\/lange-gold-ohrringe#primaryimage"},"thumbnailUrl":"https:\/\/hempeline.net\/wp-content\/uploads\/2021\/10\/758e32c2-82fa-4def-ad83-1cc2935d4f24-scaled.jpg","datePublished":"2021-11-02T13:53:43+00:00","dateModified":"2022-09-18T20:54:56+00:00","description":"Lange, filigrane Gold Ohrringe geschm\u00fcckt mit faszinierenden S\u00fcdsee und S\u00fc\u00dfwasser Perlen sind ein besonderes, einzigartiges Schmuckst\u00fcck.","breadcrumb":{"@id":"https:\/\/hempeline.net\/produkt\/lange-gold-ohrringe#breadcrumb"},"inLanguage":"en-GB","potentialAction":[{"@type":"ReadAction","target":["https:\/\/hempeline.net\/produkt\/lange-gold-ohrringe"]}]},{"@type":"ImageObject","inLanguage":"en-GB","@id":"https:\/\/hempeline.net\/produkt\/lange-gold-ohrringe#primaryimage","url":"https:\/\/hempeline.net\/wp-content\/uploads\/2021\/10\/758e32c2-82fa-4def-ad83-1cc2935d4f24-scaled.jpg","contentUrl":"https:\/\/hempeline.net\/wp-content\/uploads\/2021\/10\/758e32c2-82fa-4def-ad83-1cc2935d4f24-scaled.jpg","width":2048,"height":2048,"caption":"Gold Ohrringe lang Perle"},{"@type":"BreadcrumbList","@id":"https:\/\/hempeline.net\/produkt\/lange-gold-ohrringe#breadcrumb","itemListElement":[{"@type":"ListItem","position":1,"name":"Startseite","item":"https:\/\/hempeline.net\/"},{"@type":"ListItem","position":2,"name":"Alle Produkte","item":"https:\/\/hempeline.net\/alle-produkte"},{"@type":"ListItem","position":3,"name":"Lange Gold Ohrringe mit Perle"}]},{"@type":"WebSite","@id":"https:\/\/hempeline.net\/#website","url":"https:\/\/hempeline.net\/","name":"hempeline","description":"Quality made in Germany","publisher":{"@id":"https:\/\/hempeline.net\/#organization"},"potentialAction":[{"@type":"SearchAction","target":{"@type":"EntryPoint","urlTemplate":"https:\/\/hempeline.net\/?s={search_term_string}"},"query-input":{"@type":"PropertyValueSpecification","valueRequired":true,"valueName":"search_term_string"}}],"inLanguage":"en-GB"},{"@type":"Organization","@id":"https:\/\/hempeline.net\/#organization","name":"hempeline collection","url":"https:\/\/hempeline.net\/","logo":{"@type":"ImageObject","inLanguage":"en-GB","@id":"https:\/\/hempeline.net\/#\/schema\/logo\/image\/","url":"https:\/\/hempeline.net\/wp-content\/uploads\/2020\/07\/LOGO-SCHWARZ.png","contentUrl":"https:\/\/hempeline.net\/wp-content\/uploads\/2020\/07\/LOGO-SCHWARZ.png","width":576,"height":576,"caption":"hempeline collection"},"image":{"@id":"https:\/\/hempeline.net\/#\/schema\/logo\/image\/"},"sameAs":["https:\/\/www.facebook.com\/hempelineCollection\/","https:\/\/www.instagram.com\/hempeline\/"]}]}},"_links":{"self":[{"href":"https:\/\/hempeline.net\/en\/wp-json\/wp\/v2\/product\/9566","targetHints":{"allow":["GET"]}}],"collection":[{"href":"https:\/\/hempeline.net\/en\/wp-json\/wp\/v2\/product"}],"about":[{"href":"https:\/\/hempeline.net\/en\/wp-json\/wp\/v2\/types\/product"}],"replies":[{"embeddable":true,"href":"https:\/\/hempeline.net\/en\/wp-json\/wp\/v2\/comments?post=9566"}],"wp:featuredmedia":[{"embeddable":true,"href":"https:\/\/hempeline.net\/en\/wp-json\/wp\/v2\/media\/9418"}],"wp:attachment":[{"href":"https:\/\/hempeline.net\/en\/wp-json\/wp\/v2\/media?parent=9566"}],"wp:term":[{"taxonomy":"product_cat","embeddable":true,"href":"https:\/\/hempeline.net\/en\/wp-json\/wp\/v2\/product_cat?post=9566"},{"taxonomy":"product_tag","embeddable":true,"href":"https:\/\/hempeline.net\/en\/wp-json\/wp\/v2\/product_tag?post=9566"}],"curies":[{"name":"wp","href":"https:\/\/api.w.org\/{rel}","templated":true}]}}