{"id":9381,"date":"2021-10-29T19:56:43","date_gmt":"2021-10-29T17:56:43","guid":{"rendered":"https:\/\/hempeline.net\/?post_type=product&#038;p=9381"},"modified":"2024-05-09T20:41:49","modified_gmt":"2024-05-09T18:41:49","slug":"edelsteinkette","status":"publish","type":"product","link":"https:\/\/hempeline.net\/en\/product\/edelsteinkette","title":{"rendered":"Edelsteinkette"},"content":{"rendered":"<p>Eine Edelsteinkette ist ein unverg\u00e4nglicher Klassiker, der durch seine strahlenden Farben und seinen au\u00dfergew\u00f6hnlichen Schimmer stets fasziniert. Alle unsere facettierten Edelsteinketten aus Rubin, Smaragd oder auch Labradorit stammen aus Jaipur Indien und zeichnen sich durch ihre feine Verarbeitung und hohe Qualit\u00e4t aus.<\/p>\n<p>Als<strong>\u00a0SYMBOL WAHRER LIEBE<\/strong>\u00a0ist der <strong>Rubin<\/strong> einer der bekanntesten und kostbarsten Farbedelsteine neben Smaragden und Saphiren. Seine rote Farbe kommt bei den funkelnden, facettierten Steinen unserer Edelsteinkette besonders sch\u00f6n zur Geltung.<\/p>\n<p>Mit Leichtigkeit bringt diese Rubinkette ein elegantes Funkeln in jede Garderobe &#8211; und f\u00fcr uns eine weiter au\u00dfergew\u00f6hnliche Kombinationsm\u00f6glichkeiten f\u00fcr Perlenschmuck. Eine sch\u00f6ne, abwechslungsreiche und farbenfrohe Art etwas glamour\u00f6s zu sein. Der Magnetverschluss der Rubinkette macht es besonders einfach sie anzulegen.<\/p>\n<p><strong>GR\u00dcNES FEUER<\/strong>: Wie ein Rubin und ein Saphir ist der Smaragd mit seiner typischen Farbe ein besonders <strong>wertvollster Farbedelstein<\/strong>. F\u00fcr unsere Edelsteinkette haben wir\u00a0<strong>facettierte linsenf\u00f6rmige Smaragde<\/strong> verwendet \u2013 so kann dieser exquisite Edelstein seine legere Seite zeigen und passt zu jedem Outfit. Eine absolut zeitlose Smaragdkette.<\/p>\n<p data-pm-slice=\"0 0 []\"><strong>DIE IRISIERENDEN AKZENTE<\/strong> des Labradorits machen dieses Mineral zu einem beliebten Schmuckstein. Sein edles, weiches Grau erscheint durchzogen von allen Farben des Regenbogens. Unsere Edelsteinkette aus facettierten Labradoriten schimmert besonders harmonisch in <strong>Kombination mit Perlenschmuck<\/strong>. Denn eine Labradoritkette kommt einfach nie aus der Mode.<\/p>\n<p><strong>Product details:<\/strong><br \/>\n\u2022 Herkunft alle Edelsteine: <a href=\"https:\/\/www.google.com\/maps\/place\/Jaipur,+Rajasthan,+Indien\/data=!4m2!3m1!1s0x396c4adf4c57e281:0xce1c63a0cf22e09?sa=X&amp;ved=2ahUKEwj6pZWo-eTzAhUg_7sIHdYdBAgQ8gF6BAhsEAE\">Jaipur<\/a>, Indien<br \/>\n\u2022 Facettierter Rubin und Smaragd:\u00a0 AA-Qualit\u00e4t, L\u00e4nge 40-41cm<br \/>\n\u2022 Facettierter Labradorit:\u00a0 AAA-Qualit\u00e4t, L\u00e4nge 77cm<br \/>\n\u2022 alle Magnetverschluss: Sterlingsilber, 14 kt vergoldet<\/p>\n<p>&nbsp;<\/p>\n<p>Alle <a href=\"https:\/\/hempe-line.de\/schmuck\">Schmuckst\u00fccke<\/a> von\u00a0<em>hempeline jewellery<\/em>\u00a0kommen in einem in Deutschland hergestellten, schlichten wei\u00dfen Schmuckk\u00e4stchen zu dir nach Hause \u2014 perfekt zum Aufbewahren und ideal zum Verpacken als Geschenk.<\/p>\n<p>For our jewellery we process natural pearls and gemstones, so the jewellery may differ from the images in our online store.<\/p>\n<p data-pm-slice=\"0 0 []\">Prices incl. VAT<\/p>","protected":false},"excerpt":{"rendered":"<p>Edelsteinketten sind unverg\u00e4ngliche Klassiker, die durch ihre strahlenden Farben und ihren au\u00dfergew\u00f6hnlichen Schimmer stets faszinieren. Alle unsere Edelsteinketten aus Rubin, Smaragd oder auch Labradorit stammen aus Jaipur Indien und zeichnen sich durch ihre feine Verarbeitung und hohe Qualit\u00e4t aus.<\/p>","protected":false},"featured_media":11003,"comment_status":"open","ping_status":"closed","template":"","meta":{"_acf_changed":false},"product_cat":[67,134],"product_tag":[317,318,320,319,279,281],"class_list":["post-9381","product","type-product","status-publish","has-post-thumbnail","hentry","product_cat-schmuck","product_cat-hals","product_tag-edelsteinkette","product_tag-labradorit","product_tag-lange-edelsteinkette","product_tag-magnetverschluss","product_tag-rubin","product_tag-smaragd","rtwpvg-product"],"acf":[],"yoast_head":"<!-- This site is optimized with the Yoast SEO Premium plugin v19.3 (Yoast SEO v26.8) - https:\/\/yoast.com\/product\/yoast-seo-premium-wordpress\/ -->\n<title>Edelsteinkette &#8226; hempeline<\/title>\n<meta name=\"description\" content=\"Entdecke unsere Edelsteinkette aus Rubin, Smaragd und Labradorit. Sie beziehen wir direkt aus Jaipur, Indien in h\u00f6chster Qualit\u00e4t f\u00fcr dich!\" \/>\n<meta name=\"robots\" content=\"index, follow, max-snippet:-1, max-image-preview:large, max-video-preview:-1\" \/>\n<link rel=\"canonical\" href=\"https:\/\/hempeline.net\/en\/product\/edelsteinkette\/\" \/>\n<meta property=\"og:locale\" content=\"en_GB\" \/>\n<meta property=\"og:type\" content=\"article\" \/>\n<meta property=\"og:title\" content=\"Edelsteinkette\" \/>\n<meta property=\"og:description\" content=\"Entdecke unsere Edelsteinkette aus Rubin, Smaragd und Labradorit. Sie beziehen wir direkt aus Jaipur, Indien in h\u00f6chster Qualit\u00e4t f\u00fcr dich!\" \/>\n<meta property=\"og:url\" content=\"https:\/\/hempeline.net\/en\/product\/edelsteinkette\/\" \/>\n<meta property=\"og:site_name\" content=\"hempeline\" \/>\n<meta property=\"article:publisher\" content=\"https:\/\/www.facebook.com\/hempelineCollection\/\" \/>\n<meta property=\"article:modified_time\" content=\"2024-05-09T18:41:49+00:00\" \/>\n<meta property=\"og:image\" content=\"https:\/\/hempeline.net\/wp-content\/uploads\/2021\/10\/hempeline_jewellery_collection-7-scaled.jpeg\" \/>\n\t<meta property=\"og:image:width\" content=\"2048\" \/>\n\t<meta property=\"og:image:height\" content=\"2048\" \/>\n\t<meta property=\"og:image:type\" content=\"image\/jpeg\" \/>\n<meta name=\"twitter:card\" content=\"summary_large_image\" \/>\n<meta name=\"twitter:label1\" content=\"Estimated reading time\" \/>\n\t<meta name=\"twitter:data1\" content=\"2 minutes\" \/>\n<script type=\"application\/ld+json\" class=\"yoast-schema-graph\">{\"@context\":\"https:\/\/schema.org\",\"@graph\":[{\"@type\":\"WebPage\",\"@id\":\"https:\/\/hempeline.net\/produkt\/edelsteinkette\",\"url\":\"https:\/\/hempeline.net\/produkt\/edelsteinkette\",\"name\":\"Edelsteinkette &#8226; hempeline\",\"isPartOf\":{\"@id\":\"https:\/\/hempeline.net\/#website\"},\"primaryImageOfPage\":{\"@id\":\"https:\/\/hempeline.net\/produkt\/edelsteinkette#primaryimage\"},\"image\":{\"@id\":\"https:\/\/hempeline.net\/produkt\/edelsteinkette#primaryimage\"},\"thumbnailUrl\":\"https:\/\/hempeline.net\/wp-content\/uploads\/2021\/10\/hempeline_jewellery_collection-7-scaled.jpeg\",\"datePublished\":\"2021-10-29T17:56:43+00:00\",\"dateModified\":\"2024-05-09T18:41:49+00:00\",\"description\":\"Entdecke unsere Edelsteinkette aus Rubin, Smaragd und Labradorit. Sie beziehen wir direkt aus Jaipur, Indien in h\u00f6chster Qualit\u00e4t f\u00fcr dich!\",\"breadcrumb\":{\"@id\":\"https:\/\/hempeline.net\/produkt\/edelsteinkette#breadcrumb\"},\"inLanguage\":\"en-GB\",\"potentialAction\":[{\"@type\":\"ReadAction\",\"target\":[\"https:\/\/hempeline.net\/produkt\/edelsteinkette\"]}]},{\"@type\":\"ImageObject\",\"inLanguage\":\"en-GB\",\"@id\":\"https:\/\/hempeline.net\/produkt\/edelsteinkette#primaryimage\",\"url\":\"https:\/\/hempeline.net\/wp-content\/uploads\/2021\/10\/hempeline_jewellery_collection-7-scaled.jpeg\",\"contentUrl\":\"https:\/\/hempeline.net\/wp-content\/uploads\/2021\/10\/hempeline_jewellery_collection-7-scaled.jpeg\",\"width\":2048,\"height\":2048},{\"@type\":\"BreadcrumbList\",\"@id\":\"https:\/\/hempeline.net\/produkt\/edelsteinkette#breadcrumb\",\"itemListElement\":[{\"@type\":\"ListItem\",\"position\":1,\"name\":\"Startseite\",\"item\":\"https:\/\/hempeline.net\/\"},{\"@type\":\"ListItem\",\"position\":2,\"name\":\"Alle Produkte\",\"item\":\"https:\/\/hempeline.net\/alle-produkte\"},{\"@type\":\"ListItem\",\"position\":3,\"name\":\"Edelsteinkette\"}]},{\"@type\":\"WebSite\",\"@id\":\"https:\/\/hempeline.net\/#website\",\"url\":\"https:\/\/hempeline.net\/\",\"name\":\"hempeline\",\"description\":\"Qualit\u00e4t made in Germany\",\"publisher\":{\"@id\":\"https:\/\/hempeline.net\/#organization\"},\"potentialAction\":[{\"@type\":\"SearchAction\",\"target\":{\"@type\":\"EntryPoint\",\"urlTemplate\":\"https:\/\/hempeline.net\/?s={search_term_string}\"},\"query-input\":{\"@type\":\"PropertyValueSpecification\",\"valueRequired\":true,\"valueName\":\"search_term_string\"}}],\"inLanguage\":\"en-GB\"},{\"@type\":\"Organization\",\"@id\":\"https:\/\/hempeline.net\/#organization\",\"name\":\"hempeline collection\",\"url\":\"https:\/\/hempeline.net\/\",\"logo\":{\"@type\":\"ImageObject\",\"inLanguage\":\"en-GB\",\"@id\":\"https:\/\/hempeline.net\/#\/schema\/logo\/image\/\",\"url\":\"https:\/\/hempeline.net\/wp-content\/uploads\/2020\/07\/LOGO-SCHWARZ.png\",\"contentUrl\":\"https:\/\/hempeline.net\/wp-content\/uploads\/2020\/07\/LOGO-SCHWARZ.png\",\"width\":576,\"height\":576,\"caption\":\"hempeline collection\"},\"image\":{\"@id\":\"https:\/\/hempeline.net\/#\/schema\/logo\/image\/\"},\"sameAs\":[\"https:\/\/www.facebook.com\/hempelineCollection\/\",\"https:\/\/www.instagram.com\/hempeline\/\"]}]}<\/script>\n<!-- \/ Yoast SEO Premium plugin. -->","yoast_head_json":{"title":"Edelsteinkette &#8226; hempeline","description":"Entdecke unsere Edelsteinkette aus Rubin, Smaragd und Labradorit. Sie beziehen wir direkt aus Jaipur, Indien in h\u00f6chster Qualit\u00e4t f\u00fcr dich!","robots":{"index":"index","follow":"follow","max-snippet":"max-snippet:-1","max-image-preview":"max-image-preview:large","max-video-preview":"max-video-preview:-1"},"canonical":"https:\/\/hempeline.net\/en\/product\/edelsteinkette\/","og_locale":"en_GB","og_type":"article","og_title":"Edelsteinkette","og_description":"Entdecke unsere Edelsteinkette aus Rubin, Smaragd und Labradorit. Sie beziehen wir direkt aus Jaipur, Indien in h\u00f6chster Qualit\u00e4t f\u00fcr dich!","og_url":"https:\/\/hempeline.net\/en\/product\/edelsteinkette\/","og_site_name":"hempeline","article_publisher":"https:\/\/www.facebook.com\/hempelineCollection\/","article_modified_time":"2024-05-09T18:41:49+00:00","og_image":[{"width":2048,"height":2048,"url":"https:\/\/hempeline.net\/wp-content\/uploads\/2021\/10\/hempeline_jewellery_collection-7-scaled.jpeg","type":"image\/jpeg"}],"twitter_card":"summary_large_image","twitter_misc":{"Estimated reading time":"2 minutes"},"schema":{"@context":"https:\/\/schema.org","@graph":[{"@type":"WebPage","@id":"https:\/\/hempeline.net\/produkt\/edelsteinkette","url":"https:\/\/hempeline.net\/produkt\/edelsteinkette","name":"Edelsteinkette &#8226; hempeline","isPartOf":{"@id":"https:\/\/hempeline.net\/#website"},"primaryImageOfPage":{"@id":"https:\/\/hempeline.net\/produkt\/edelsteinkette#primaryimage"},"image":{"@id":"https:\/\/hempeline.net\/produkt\/edelsteinkette#primaryimage"},"thumbnailUrl":"https:\/\/hempeline.net\/wp-content\/uploads\/2021\/10\/hempeline_jewellery_collection-7-scaled.jpeg","datePublished":"2021-10-29T17:56:43+00:00","dateModified":"2024-05-09T18:41:49+00:00","description":"Entdecke unsere Edelsteinkette aus Rubin, Smaragd und Labradorit. Sie beziehen wir direkt aus Jaipur, Indien in h\u00f6chster Qualit\u00e4t f\u00fcr dich!","breadcrumb":{"@id":"https:\/\/hempeline.net\/produkt\/edelsteinkette#breadcrumb"},"inLanguage":"en-GB","potentialAction":[{"@type":"ReadAction","target":["https:\/\/hempeline.net\/produkt\/edelsteinkette"]}]},{"@type":"ImageObject","inLanguage":"en-GB","@id":"https:\/\/hempeline.net\/produkt\/edelsteinkette#primaryimage","url":"https:\/\/hempeline.net\/wp-content\/uploads\/2021\/10\/hempeline_jewellery_collection-7-scaled.jpeg","contentUrl":"https:\/\/hempeline.net\/wp-content\/uploads\/2021\/10\/hempeline_jewellery_collection-7-scaled.jpeg","width":2048,"height":2048},{"@type":"BreadcrumbList","@id":"https:\/\/hempeline.net\/produkt\/edelsteinkette#breadcrumb","itemListElement":[{"@type":"ListItem","position":1,"name":"Startseite","item":"https:\/\/hempeline.net\/"},{"@type":"ListItem","position":2,"name":"Alle Produkte","item":"https:\/\/hempeline.net\/alle-produkte"},{"@type":"ListItem","position":3,"name":"Edelsteinkette"}]},{"@type":"WebSite","@id":"https:\/\/hempeline.net\/#website","url":"https:\/\/hempeline.net\/","name":"hempeline","description":"Quality made in Germany","publisher":{"@id":"https:\/\/hempeline.net\/#organization"},"potentialAction":[{"@type":"SearchAction","target":{"@type":"EntryPoint","urlTemplate":"https:\/\/hempeline.net\/?s={search_term_string}"},"query-input":{"@type":"PropertyValueSpecification","valueRequired":true,"valueName":"search_term_string"}}],"inLanguage":"en-GB"},{"@type":"Organization","@id":"https:\/\/hempeline.net\/#organization","name":"hempeline collection","url":"https:\/\/hempeline.net\/","logo":{"@type":"ImageObject","inLanguage":"en-GB","@id":"https:\/\/hempeline.net\/#\/schema\/logo\/image\/","url":"https:\/\/hempeline.net\/wp-content\/uploads\/2020\/07\/LOGO-SCHWARZ.png","contentUrl":"https:\/\/hempeline.net\/wp-content\/uploads\/2020\/07\/LOGO-SCHWARZ.png","width":576,"height":576,"caption":"hempeline collection"},"image":{"@id":"https:\/\/hempeline.net\/#\/schema\/logo\/image\/"},"sameAs":["https:\/\/www.facebook.com\/hempelineCollection\/","https:\/\/www.instagram.com\/hempeline\/"]}]}},"_links":{"self":[{"href":"https:\/\/hempeline.net\/en\/wp-json\/wp\/v2\/product\/9381","targetHints":{"allow":["GET"]}}],"collection":[{"href":"https:\/\/hempeline.net\/en\/wp-json\/wp\/v2\/product"}],"about":[{"href":"https:\/\/hempeline.net\/en\/wp-json\/wp\/v2\/types\/product"}],"replies":[{"embeddable":true,"href":"https:\/\/hempeline.net\/en\/wp-json\/wp\/v2\/comments?post=9381"}],"wp:featuredmedia":[{"embeddable":true,"href":"https:\/\/hempeline.net\/en\/wp-json\/wp\/v2\/media\/11003"}],"wp:attachment":[{"href":"https:\/\/hempeline.net\/en\/wp-json\/wp\/v2\/media?parent=9381"}],"wp:term":[{"taxonomy":"product_cat","embeddable":true,"href":"https:\/\/hempeline.net\/en\/wp-json\/wp\/v2\/product_cat?post=9381"},{"taxonomy":"product_tag","embeddable":true,"href":"https:\/\/hempeline.net\/en\/wp-json\/wp\/v2\/product_tag?post=9381"}],"curies":[{"name":"wp","href":"https:\/\/api.w.org\/{rel}","templated":true}]}}