{"id":9374,"date":"2021-11-17T14:35:16","date_gmt":"2021-11-17T12:35:16","guid":{"rendered":"https:\/\/hempeline.net\/?post_type=product&#038;p=9374"},"modified":"2022-03-04T12:13:01","modified_gmt":"2022-03-04T11:13:01","slug":"perlenstecker-aus-gold","status":"publish","type":"product","link":"https:\/\/hempeline.net\/en\/product\/perlenstecker-aus-gold","title":{"rendered":"Perlenstecker aus Gold"},"content":{"rendered":"<p>Diese Perlenohrstecker sind pure Eleganz und ein wahrer Klassiker. Ob als dezentes Einzelst\u00fcck getragen oder als Basic-Erg\u00e4nzung f\u00fcr dein besonderes Outfit &#8211; mit diesen Perlensteckern aus Gold bist du immer in der richtigen Begleitung. Ob 14 kt Wei\u00dfgold, Gelbgold oder Ros\u00e9gold: mit unseren verschiedenen Perlenarten sind die Kombinationsm\u00f6glichkeiten schier grenzenlos.<\/p>\n<p><strong>PERLENOHRSTECKER MIT DUNKLEN TAHITI PERLEN<\/strong> sind eine beliebte Alternative zu klassisch wei\u00dfen Perlensteckern aus Gold.<\/p>\n<p>Eine besonders elegante Kombination sind unsere <strong>S\u00dcDSEE PERLEN<\/strong> in <strong>CHAMPAGNER<\/strong> and <strong>GOLD<\/strong> an gelbgoldenen Perlenohrsteckern.<\/p>\n<p>Ausgefallener und dennoch chic sind die <strong>KESHI PERLEN<\/strong> in aufregendem <strong>ANTHRAZIT-VIOLETT<\/strong> als kleiner Hingucker schimmernd-sch\u00f6n am Ohr. Perlenohrstecker mit dem gewissen Etwas.<\/p>\n<p><strong>SEMI-BAROCKE S\u00dcDSEEPERLEN<\/strong> als Perlenstecker aus Gold in einem einzigartigen Silberton stellen eine weitere Alternative zum klassischen Perlenohrstecker dar und machen sie modern und besonders.<\/p>\n<p><strong>Product details:<br \/>\n<\/strong><br \/>\n\u2022 Herkunft der Perlen: S\u00fcdseeperlen und Tahitiperlen aus <a href=\"https:\/\/www.google.com\/maps\/place\/Lombok,+West-Nusa+Tenggara,+Indonesien\/data=!4m2!3m1!1s0x2dcdb7d23e8cc745:0x446689c4ab50d8c9?sa=X&amp;ved=2ahUKEwiG6buZ3-XzAhUkhP0HHTpxD1EQ8gF6BAhgEAE\">Lombok<\/a>, Keshi aus China<br \/>\n\u2022 <span class=\"s3\">9 &#8211; 15<\/span><span class=\"s3\"> mm Durchmesser<\/span><br \/>\n\u2022 Stecker: 1 cm 14 kt Wei\u00dfgold, Gelbgold, Ros\u00e9gold<\/p>\n<p>Alle <a href=\"https:\/\/hempe-line.de\/schmuck\">Schmuckst\u00fccke<\/a> von\u00a0<em>hempeline jewellery<\/em>\u00a0kommen in einem in Deutschland hergestellten, schlichten wei\u00dfen Schmuckk\u00e4stchen zu dir nach Hause \u2014 perfekt zum Aufbewahren und ideal zum Verpacken als Geschenk.<\/p>\n<p>For our jewellery we process natural pearls and gemstones, so the jewellery may differ from the images in our online store.<\/p>\n<p data-pm-slice=\"0 0 []\">Prices incl. VAT<\/p>","protected":false},"excerpt":{"rendered":"<p>Diese Perlenohrstecker aus Wei\u00dfgold, Gelbgold und Ros\u00e9gold sind pure Eleganz und ein wahrer Klassiker. Ob als dezentes Einzelst\u00fcck getragen oder als Basic-Erg\u00e4nzung f\u00fcr dein besonderes Outfit &#8211; mit diesen Perlensteckern bist du immer in der richtigen Begleitung. Ob Wei\u00dfgold, Gelbgold oder Ros\u00e9gold: mit unseren verschiedenen Perlenarten sind die Kombinationsm\u00f6glichkeiten schier grenzenlos.<\/p>","protected":false},"featured_media":9415,"comment_status":"open","ping_status":"closed","template":"","meta":{"_acf_changed":false},"product_cat":[67,135],"product_tag":[],"class_list":["post-9374","product","type-product","status-publish","has-post-thumbnail","hentry","product_cat-schmuck","product_cat-ohr","rtwpvg-product"],"acf":[],"yoast_head":"<!-- This site is optimized with the Yoast SEO Premium plugin v19.3 (Yoast SEO v26.8) - https:\/\/yoast.com\/product\/yoast-seo-premium-wordpress\/ -->\n<title>Perlenstecker aus Gold mit verschiedenen Perlenarten<\/title>\n<meta name=\"description\" content=\"Diese Perlenstecker aus Gold sind pure Eleganz und ein wahrer Klassiker. In verschiedenen Goldt\u00f6nen mit vielen Perlenarten verf\u00fcgbar!\" \/>\n<meta name=\"robots\" content=\"index, follow, max-snippet:-1, max-image-preview:large, max-video-preview:-1\" \/>\n<link rel=\"canonical\" href=\"https:\/\/hempeline.net\/en\/product\/perlenstecker-aus-gold\/\" \/>\n<meta property=\"og:locale\" content=\"en_GB\" \/>\n<meta property=\"og:type\" content=\"article\" \/>\n<meta property=\"og:title\" content=\"Perlenstecker aus Gold\" \/>\n<meta property=\"og:description\" content=\"Diese Perlenstecker aus Gold sind pure Eleganz und ein wahrer Klassiker. In verschiedenen Goldt\u00f6nen mit vielen Perlenarten verf\u00fcgbar!\" \/>\n<meta property=\"og:url\" content=\"https:\/\/hempeline.net\/en\/product\/perlenstecker-aus-gold\/\" \/>\n<meta property=\"og:site_name\" content=\"hempeline\" \/>\n<meta property=\"article:publisher\" content=\"https:\/\/www.facebook.com\/hempelineCollection\/\" \/>\n<meta property=\"article:modified_time\" content=\"2022-03-04T11:13:01+00:00\" \/>\n<meta property=\"og:image\" content=\"https:\/\/hempeline.net\/wp-content\/uploads\/2021\/10\/1059e55a-1f7f-445b-9cf3-2a8b8fe0c759-scaled.jpg\" \/>\n\t<meta property=\"og:image:width\" content=\"2048\" \/>\n\t<meta property=\"og:image:height\" content=\"2048\" \/>\n\t<meta property=\"og:image:type\" content=\"image\/jpeg\" \/>\n<meta name=\"twitter:card\" content=\"summary_large_image\" \/>\n<meta name=\"twitter:label1\" content=\"Estimated reading time\" \/>\n\t<meta name=\"twitter:data1\" content=\"1 minute\" \/>\n<script type=\"application\/ld+json\" class=\"yoast-schema-graph\">{\"@context\":\"https:\/\/schema.org\",\"@graph\":[{\"@type\":\"WebPage\",\"@id\":\"https:\/\/hempeline.net\/produkt\/perlenstecker-aus-gold\",\"url\":\"https:\/\/hempeline.net\/produkt\/perlenstecker-aus-gold\",\"name\":\"Perlenstecker aus Gold mit verschiedenen Perlenarten\",\"isPartOf\":{\"@id\":\"https:\/\/hempeline.net\/#website\"},\"primaryImageOfPage\":{\"@id\":\"https:\/\/hempeline.net\/produkt\/perlenstecker-aus-gold#primaryimage\"},\"image\":{\"@id\":\"https:\/\/hempeline.net\/produkt\/perlenstecker-aus-gold#primaryimage\"},\"thumbnailUrl\":\"https:\/\/hempeline.net\/wp-content\/uploads\/2021\/10\/1059e55a-1f7f-445b-9cf3-2a8b8fe0c759-scaled.jpg\",\"datePublished\":\"2021-11-17T12:35:16+00:00\",\"dateModified\":\"2022-03-04T11:13:01+00:00\",\"description\":\"Diese Perlenstecker aus Gold sind pure Eleganz und ein wahrer Klassiker. In verschiedenen Goldt\u00f6nen mit vielen Perlenarten verf\u00fcgbar!\",\"breadcrumb\":{\"@id\":\"https:\/\/hempeline.net\/produkt\/perlenstecker-aus-gold#breadcrumb\"},\"inLanguage\":\"en-GB\",\"potentialAction\":[{\"@type\":\"ReadAction\",\"target\":[\"https:\/\/hempeline.net\/produkt\/perlenstecker-aus-gold\"]}]},{\"@type\":\"ImageObject\",\"inLanguage\":\"en-GB\",\"@id\":\"https:\/\/hempeline.net\/produkt\/perlenstecker-aus-gold#primaryimage\",\"url\":\"https:\/\/hempeline.net\/wp-content\/uploads\/2021\/10\/1059e55a-1f7f-445b-9cf3-2a8b8fe0c759-scaled.jpg\",\"contentUrl\":\"https:\/\/hempeline.net\/wp-content\/uploads\/2021\/10\/1059e55a-1f7f-445b-9cf3-2a8b8fe0c759-scaled.jpg\",\"width\":2048,\"height\":2048,\"caption\":\"Perlenstecker aus Gold\"},{\"@type\":\"BreadcrumbList\",\"@id\":\"https:\/\/hempeline.net\/produkt\/perlenstecker-aus-gold#breadcrumb\",\"itemListElement\":[{\"@type\":\"ListItem\",\"position\":1,\"name\":\"Startseite\",\"item\":\"https:\/\/hempeline.net\/\"},{\"@type\":\"ListItem\",\"position\":2,\"name\":\"Alle Produkte\",\"item\":\"https:\/\/hempeline.net\/alle-produkte\"},{\"@type\":\"ListItem\",\"position\":3,\"name\":\"Perlenstecker aus Gold\"}]},{\"@type\":\"WebSite\",\"@id\":\"https:\/\/hempeline.net\/#website\",\"url\":\"https:\/\/hempeline.net\/\",\"name\":\"hempeline\",\"description\":\"Qualit\u00e4t made in Germany\",\"publisher\":{\"@id\":\"https:\/\/hempeline.net\/#organization\"},\"potentialAction\":[{\"@type\":\"SearchAction\",\"target\":{\"@type\":\"EntryPoint\",\"urlTemplate\":\"https:\/\/hempeline.net\/?s={search_term_string}\"},\"query-input\":{\"@type\":\"PropertyValueSpecification\",\"valueRequired\":true,\"valueName\":\"search_term_string\"}}],\"inLanguage\":\"en-GB\"},{\"@type\":\"Organization\",\"@id\":\"https:\/\/hempeline.net\/#organization\",\"name\":\"hempeline collection\",\"url\":\"https:\/\/hempeline.net\/\",\"logo\":{\"@type\":\"ImageObject\",\"inLanguage\":\"en-GB\",\"@id\":\"https:\/\/hempeline.net\/#\/schema\/logo\/image\/\",\"url\":\"https:\/\/hempeline.net\/wp-content\/uploads\/2020\/07\/LOGO-SCHWARZ.png\",\"contentUrl\":\"https:\/\/hempeline.net\/wp-content\/uploads\/2020\/07\/LOGO-SCHWARZ.png\",\"width\":576,\"height\":576,\"caption\":\"hempeline collection\"},\"image\":{\"@id\":\"https:\/\/hempeline.net\/#\/schema\/logo\/image\/\"},\"sameAs\":[\"https:\/\/www.facebook.com\/hempelineCollection\/\",\"https:\/\/www.instagram.com\/hempeline\/\"]}]}<\/script>\n<!-- \/ Yoast SEO Premium plugin. -->","yoast_head_json":{"title":"Perlenstecker aus Gold mit verschiedenen Perlenarten","description":"Diese Perlenstecker aus Gold sind pure Eleganz und ein wahrer Klassiker. In verschiedenen Goldt\u00f6nen mit vielen Perlenarten verf\u00fcgbar!","robots":{"index":"index","follow":"follow","max-snippet":"max-snippet:-1","max-image-preview":"max-image-preview:large","max-video-preview":"max-video-preview:-1"},"canonical":"https:\/\/hempeline.net\/en\/product\/perlenstecker-aus-gold\/","og_locale":"en_GB","og_type":"article","og_title":"Perlenstecker aus Gold","og_description":"Diese Perlenstecker aus Gold sind pure Eleganz und ein wahrer Klassiker. In verschiedenen Goldt\u00f6nen mit vielen Perlenarten verf\u00fcgbar!","og_url":"https:\/\/hempeline.net\/en\/product\/perlenstecker-aus-gold\/","og_site_name":"hempeline","article_publisher":"https:\/\/www.facebook.com\/hempelineCollection\/","article_modified_time":"2022-03-04T11:13:01+00:00","og_image":[{"width":2048,"height":2048,"url":"https:\/\/hempeline.net\/wp-content\/uploads\/2021\/10\/1059e55a-1f7f-445b-9cf3-2a8b8fe0c759-scaled.jpg","type":"image\/jpeg"}],"twitter_card":"summary_large_image","twitter_misc":{"Estimated reading time":"1 minute"},"schema":{"@context":"https:\/\/schema.org","@graph":[{"@type":"WebPage","@id":"https:\/\/hempeline.net\/produkt\/perlenstecker-aus-gold","url":"https:\/\/hempeline.net\/produkt\/perlenstecker-aus-gold","name":"Perlenstecker aus Gold mit verschiedenen Perlenarten","isPartOf":{"@id":"https:\/\/hempeline.net\/#website"},"primaryImageOfPage":{"@id":"https:\/\/hempeline.net\/produkt\/perlenstecker-aus-gold#primaryimage"},"image":{"@id":"https:\/\/hempeline.net\/produkt\/perlenstecker-aus-gold#primaryimage"},"thumbnailUrl":"https:\/\/hempeline.net\/wp-content\/uploads\/2021\/10\/1059e55a-1f7f-445b-9cf3-2a8b8fe0c759-scaled.jpg","datePublished":"2021-11-17T12:35:16+00:00","dateModified":"2022-03-04T11:13:01+00:00","description":"Diese Perlenstecker aus Gold sind pure Eleganz und ein wahrer Klassiker. In verschiedenen Goldt\u00f6nen mit vielen Perlenarten verf\u00fcgbar!","breadcrumb":{"@id":"https:\/\/hempeline.net\/produkt\/perlenstecker-aus-gold#breadcrumb"},"inLanguage":"en-GB","potentialAction":[{"@type":"ReadAction","target":["https:\/\/hempeline.net\/produkt\/perlenstecker-aus-gold"]}]},{"@type":"ImageObject","inLanguage":"en-GB","@id":"https:\/\/hempeline.net\/produkt\/perlenstecker-aus-gold#primaryimage","url":"https:\/\/hempeline.net\/wp-content\/uploads\/2021\/10\/1059e55a-1f7f-445b-9cf3-2a8b8fe0c759-scaled.jpg","contentUrl":"https:\/\/hempeline.net\/wp-content\/uploads\/2021\/10\/1059e55a-1f7f-445b-9cf3-2a8b8fe0c759-scaled.jpg","width":2048,"height":2048,"caption":"Perlenstecker aus Gold"},{"@type":"BreadcrumbList","@id":"https:\/\/hempeline.net\/produkt\/perlenstecker-aus-gold#breadcrumb","itemListElement":[{"@type":"ListItem","position":1,"name":"Startseite","item":"https:\/\/hempeline.net\/"},{"@type":"ListItem","position":2,"name":"Alle Produkte","item":"https:\/\/hempeline.net\/alle-produkte"},{"@type":"ListItem","position":3,"name":"Perlenstecker aus Gold"}]},{"@type":"WebSite","@id":"https:\/\/hempeline.net\/#website","url":"https:\/\/hempeline.net\/","name":"hempeline","description":"Quality made in Germany","publisher":{"@id":"https:\/\/hempeline.net\/#organization"},"potentialAction":[{"@type":"SearchAction","target":{"@type":"EntryPoint","urlTemplate":"https:\/\/hempeline.net\/?s={search_term_string}"},"query-input":{"@type":"PropertyValueSpecification","valueRequired":true,"valueName":"search_term_string"}}],"inLanguage":"en-GB"},{"@type":"Organization","@id":"https:\/\/hempeline.net\/#organization","name":"hempeline collection","url":"https:\/\/hempeline.net\/","logo":{"@type":"ImageObject","inLanguage":"en-GB","@id":"https:\/\/hempeline.net\/#\/schema\/logo\/image\/","url":"https:\/\/hempeline.net\/wp-content\/uploads\/2020\/07\/LOGO-SCHWARZ.png","contentUrl":"https:\/\/hempeline.net\/wp-content\/uploads\/2020\/07\/LOGO-SCHWARZ.png","width":576,"height":576,"caption":"hempeline collection"},"image":{"@id":"https:\/\/hempeline.net\/#\/schema\/logo\/image\/"},"sameAs":["https:\/\/www.facebook.com\/hempelineCollection\/","https:\/\/www.instagram.com\/hempeline\/"]}]}},"_links":{"self":[{"href":"https:\/\/hempeline.net\/en\/wp-json\/wp\/v2\/product\/9374","targetHints":{"allow":["GET"]}}],"collection":[{"href":"https:\/\/hempeline.net\/en\/wp-json\/wp\/v2\/product"}],"about":[{"href":"https:\/\/hempeline.net\/en\/wp-json\/wp\/v2\/types\/product"}],"replies":[{"embeddable":true,"href":"https:\/\/hempeline.net\/en\/wp-json\/wp\/v2\/comments?post=9374"}],"wp:featuredmedia":[{"embeddable":true,"href":"https:\/\/hempeline.net\/en\/wp-json\/wp\/v2\/media\/9415"}],"wp:attachment":[{"href":"https:\/\/hempeline.net\/en\/wp-json\/wp\/v2\/media?parent=9374"}],"wp:term":[{"taxonomy":"product_cat","embeddable":true,"href":"https:\/\/hempeline.net\/en\/wp-json\/wp\/v2\/product_cat?post=9374"},{"taxonomy":"product_tag","embeddable":true,"href":"https:\/\/hempeline.net\/en\/wp-json\/wp\/v2\/product_tag?post=9374"}],"curies":[{"name":"wp","href":"https:\/\/api.w.org\/{rel}","templated":true}]}}