{"id":9367,"date":"2021-10-22T10:45:59","date_gmt":"2021-10-22T08:45:59","guid":{"rendered":"https:\/\/hempeline.net\/?post_type=product&#038;p=9367"},"modified":"2022-03-04T12:13:05","modified_gmt":"2022-03-04T11:13:05","slug":"perlenohrringe-mit-haken","status":"publish","type":"product","link":"https:\/\/hempeline.net\/en\/product\/perlenohrringe-mit-haken","title":{"rendered":"Perlenohrringe mit Haken"},"content":{"rendered":"<p>Diese Perlenohrringe mit Haken aus Wei\u00dfgold, Gelbgold und Ros\u00e9gold sind absolut zeitlos. Sie setzen die verschiedenen Perlen perfekt und anmutig in Szene, die ihren einmaligen Schimmer hier vollends entfalten k\u00f6nnen. Ein dezentes Statement, das zu jedem Anlass passt.<\/p>\n<p>&nbsp;<\/p>\n<p>DER <strong>MAGISCHE GLANZ VON<\/strong> S\u00fcdseeperlen, f\u00fcr den diese Geschenke der Natur weltweit bekannt sind, kommt bei unseren Perlenohrringen mit Haken dank der semi-barocken Form besonders sch\u00f6n zur Geltung. Der seidig-silberne L\u00fcster passt zu allt\u00e4glichen wie abendlichen Anl\u00e4ssen.<\/p>\n<p><strong>BEZAUBERND IN ROS\u00c9<\/strong> sind die Perlenohrringe mit Haken aus kostbarem Ros\u00e9gold, gepaart mit makellosen lilafarbenen Edison Perlentropfen. Diese S\u00fc\u00dfwasserzuchtperlenart ist f\u00fcr ihren besonderen Farbreichtum bekannt und macht diesem Ruf aller Ehren.<\/p>\n<p><span class=\"s2\"><span class=\"bumpedFont15\">Wenn<\/span><\/span><span class=\"s2\"><span class=\"bumpedFont15\">\u00a0<strong>AUSSERGEW\u00d6HNLICH\u00a0<\/strong><\/span><\/span><span class=\"s2\"><span class=\"bumpedFont15\">and<\/span><\/span><span class=\"s2\"><span class=\"bumpedFont15\">\u00a0<strong>EINMALIG\u00a0<\/strong><\/span><\/span><span class=\"s2\"><span class=\"bumpedFont15\">eine <strong>FORM<\/strong><\/span><\/span><strong><span class=\"s2\"><span class=\"bumpedFont15\">\u00a0<\/span><\/span><\/strong><span class=\"s2\"><span class=\"bumpedFont15\">annehmen<\/span><\/span><span class=\"s2\"><span class=\"bumpedFont15\">\u00a0\u2013<\/span><\/span><span class=\"s3\"><span class=\"bumpedFont15\">\u00a0dann entstehen\u00a0<\/span><\/span><span class=\"s3\"><span class=\"bumpedFont15\">Biwa<\/span><\/span><span class=\"s3\"><span class=\"bumpedFont15\">-Perlen.\u00a0<\/span><\/span><span class=\"s3\"><span class=\"bumpedFont15\">Diese besonderen und seltenen Perlen wachsen ohne Kern und entfalten dadurch ihre einmalige Form. In wei\u00dfem Perlmutt strahlen sie an diesen Perlenohrringen mit Haken.<\/span><\/span><\/p>\n<p>Auch Tahiti Perlen setzen diese Perlenohrringe mit Hakenperfekt in Szene, die ihren anthrazitfarbenen Schein hier vollends entfalten k\u00f6nnen. <strong>DEZENT<\/strong> und dennoch ein <strong>STATEMENT<\/strong>, das zeichnet sie aus.<\/p>\n<p>&nbsp;<\/p>\n<p data-pm-slice=\"1 1 []\"><strong>Product details:<\/strong><\/p>\n<ul>\n<li>Perlenherkunft: S\u00fcdsee und Tahiti Perlen von kleinen Perlenfarmen in Indonesien (<a href=\"https:\/\/www.google.com\/maps\/place\/Lombok,+West-Nusa+Tenggara,+Indonesien\/data=!4m2!3m1!1s0x2dcdb7d23e8cc745:0x446689c4ab50d8c9?sa=X&amp;ved=2ahUKEwiG6buZ3-XzAhUkhP0HHTpxD1EQ8gF6BAhgEAE\">Lombok<\/a>), Biwa\u00a0 und Edison Perlen aus China<\/li>\n<li>Durchmesser Perlen: 11 &#8211; 12 mm<\/li>\n<li>Qualit\u00e4t Perlen: AA &#8211; AAA<\/li>\n<li>Haken Ohrring: 14 kt Wei\u00dfgold, Goldgelb, Ros\u00e9gold, L\u00e4nge ca. 2 cm<\/li>\n<\/ul>\n<p>&nbsp;<\/p>\n<p class=\"translation-block\">The jewellery from <em>hempeline jewellery<\/em> comes to you in a plain white jewelry box made in Germany - perfect for storage and ideal for gift wrapping.<\/p>\n<p>For our jewellery we process natural pearls and gemstones, so the jewellery may differ from the images in our online store.<\/p>\n<p>Prices incl. VAT<\/p>","protected":false},"excerpt":{"rendered":"<p>Diese Perlenohrringe mit Haken aus Wei\u00dfgold, Gelbgold und Ros\u00e9gold sind absolut zeitlos. Sie setzen die verschiedenen Perlen perfekt in Szene, die ihren einmaligen Schimmer hier vollends entfalten k\u00f6nnen. Ein dezentes Statement, das zu jedem Anlass passt.<\/p>","protected":false},"featured_media":9411,"comment_status":"open","ping_status":"closed","template":"","meta":{"_acf_changed":false},"product_cat":[67,135],"product_tag":[306,267,258,301,302,305,303,265,264,263,259,304,266],"class_list":["post-9367","product","type-product","status-publish","has-post-thumbnail","hentry","product_cat-schmuck","product_cat-ohr","product_tag-fine-jewellery","product_tag-gelbgold","product_tag-goldener-schmuck","product_tag-ohrhaken","product_tag-ohrringe","product_tag-ohrschmuck","product_tag-perlen","product_tag-rose-gold","product_tag-rosegold","product_tag-suedsee-perle","product_tag-suedseeperle","product_tag-tahitiperlen","product_tag-weissgold","rtwpvg-product"],"acf":[],"yoast_head":"<!-- This site is optimized with the Yoast SEO Premium plugin v19.3 (Yoast SEO v26.8) - https:\/\/yoast.com\/product\/yoast-seo-premium-wordpress\/ -->\n<title>Perlenohrringe mit Haken &#8226; hempeline<\/title>\n<meta name=\"description\" content=\"Diese Perlenohrringe mit Haken aus Gold sind absolut zeitlos. Sie setzen die verschiedenen Perlen perfekt und anmutig in Szene.\" \/>\n<meta name=\"robots\" content=\"index, follow, max-snippet:-1, max-image-preview:large, max-video-preview:-1\" \/>\n<link rel=\"canonical\" href=\"https:\/\/hempeline.net\/en\/product\/perlenohrringe-mit-haken\/\" \/>\n<meta property=\"og:locale\" content=\"en_GB\" \/>\n<meta property=\"og:type\" content=\"article\" \/>\n<meta property=\"og:title\" content=\"Perlenohrringe mit Haken\" \/>\n<meta property=\"og:description\" content=\"Diese Perlenohrringe mit Haken aus Gold sind absolut zeitlos. Sie setzen die verschiedenen Perlen perfekt und anmutig in Szene.\" \/>\n<meta property=\"og:url\" content=\"https:\/\/hempeline.net\/en\/product\/perlenohrringe-mit-haken\/\" \/>\n<meta property=\"og:site_name\" content=\"hempeline\" \/>\n<meta property=\"article:publisher\" content=\"https:\/\/www.facebook.com\/hempelineCollection\/\" \/>\n<meta property=\"article:modified_time\" content=\"2022-03-04T11:13:05+00:00\" \/>\n<meta property=\"og:image\" content=\"https:\/\/hempeline.net\/wp-content\/uploads\/2021\/10\/2e1361a9-aefe-4d17-99ab-4126172133ad-1.jpg\" \/>\n\t<meta property=\"og:image:width\" content=\"1520\" \/>\n\t<meta property=\"og:image:height\" content=\"1520\" \/>\n\t<meta property=\"og:image:type\" content=\"image\/jpeg\" \/>\n<meta name=\"twitter:card\" content=\"summary_large_image\" \/>\n<meta name=\"twitter:label1\" content=\"Estimated reading time\" \/>\n\t<meta name=\"twitter:data1\" content=\"2 minutes\" \/>\n<script type=\"application\/ld+json\" class=\"yoast-schema-graph\">{\"@context\":\"https:\/\/schema.org\",\"@graph\":[{\"@type\":\"WebPage\",\"@id\":\"https:\/\/hempeline.net\/produkt\/perlenohrringe-mit-haken\",\"url\":\"https:\/\/hempeline.net\/produkt\/perlenohrringe-mit-haken\",\"name\":\"Perlenohrringe mit Haken &#8226; hempeline\",\"isPartOf\":{\"@id\":\"https:\/\/hempeline.net\/#website\"},\"primaryImageOfPage\":{\"@id\":\"https:\/\/hempeline.net\/produkt\/perlenohrringe-mit-haken#primaryimage\"},\"image\":{\"@id\":\"https:\/\/hempeline.net\/produkt\/perlenohrringe-mit-haken#primaryimage\"},\"thumbnailUrl\":\"https:\/\/hempeline.net\/wp-content\/uploads\/2021\/10\/2e1361a9-aefe-4d17-99ab-4126172133ad-1.jpg\",\"datePublished\":\"2021-10-22T08:45:59+00:00\",\"dateModified\":\"2022-03-04T11:13:05+00:00\",\"description\":\"Diese Perlenohrringe mit Haken aus Gold sind absolut zeitlos. Sie setzen die verschiedenen Perlen perfekt und anmutig in Szene.\",\"breadcrumb\":{\"@id\":\"https:\/\/hempeline.net\/produkt\/perlenohrringe-mit-haken#breadcrumb\"},\"inLanguage\":\"en-GB\",\"potentialAction\":[{\"@type\":\"ReadAction\",\"target\":[\"https:\/\/hempeline.net\/produkt\/perlenohrringe-mit-haken\"]}]},{\"@type\":\"ImageObject\",\"inLanguage\":\"en-GB\",\"@id\":\"https:\/\/hempeline.net\/produkt\/perlenohrringe-mit-haken#primaryimage\",\"url\":\"https:\/\/hempeline.net\/wp-content\/uploads\/2021\/10\/2e1361a9-aefe-4d17-99ab-4126172133ad-1.jpg\",\"contentUrl\":\"https:\/\/hempeline.net\/wp-content\/uploads\/2021\/10\/2e1361a9-aefe-4d17-99ab-4126172133ad-1.jpg\",\"width\":1520,\"height\":1520,\"caption\":\"Perlenohrringe mit Haken\"},{\"@type\":\"BreadcrumbList\",\"@id\":\"https:\/\/hempeline.net\/produkt\/perlenohrringe-mit-haken#breadcrumb\",\"itemListElement\":[{\"@type\":\"ListItem\",\"position\":1,\"name\":\"Startseite\",\"item\":\"https:\/\/hempeline.net\/\"},{\"@type\":\"ListItem\",\"position\":2,\"name\":\"Alle Produkte\",\"item\":\"https:\/\/hempeline.net\/alle-produkte\"},{\"@type\":\"ListItem\",\"position\":3,\"name\":\"Perlenohrringe mit Haken\"}]},{\"@type\":\"WebSite\",\"@id\":\"https:\/\/hempeline.net\/#website\",\"url\":\"https:\/\/hempeline.net\/\",\"name\":\"hempeline\",\"description\":\"Qualit\u00e4t made in Germany\",\"publisher\":{\"@id\":\"https:\/\/hempeline.net\/#organization\"},\"potentialAction\":[{\"@type\":\"SearchAction\",\"target\":{\"@type\":\"EntryPoint\",\"urlTemplate\":\"https:\/\/hempeline.net\/?s={search_term_string}\"},\"query-input\":{\"@type\":\"PropertyValueSpecification\",\"valueRequired\":true,\"valueName\":\"search_term_string\"}}],\"inLanguage\":\"en-GB\"},{\"@type\":\"Organization\",\"@id\":\"https:\/\/hempeline.net\/#organization\",\"name\":\"hempeline collection\",\"url\":\"https:\/\/hempeline.net\/\",\"logo\":{\"@type\":\"ImageObject\",\"inLanguage\":\"en-GB\",\"@id\":\"https:\/\/hempeline.net\/#\/schema\/logo\/image\/\",\"url\":\"https:\/\/hempeline.net\/wp-content\/uploads\/2020\/07\/LOGO-SCHWARZ.png\",\"contentUrl\":\"https:\/\/hempeline.net\/wp-content\/uploads\/2020\/07\/LOGO-SCHWARZ.png\",\"width\":576,\"height\":576,\"caption\":\"hempeline collection\"},\"image\":{\"@id\":\"https:\/\/hempeline.net\/#\/schema\/logo\/image\/\"},\"sameAs\":[\"https:\/\/www.facebook.com\/hempelineCollection\/\",\"https:\/\/www.instagram.com\/hempeline\/\"]}]}<\/script>\n<!-- \/ Yoast SEO Premium plugin. -->","yoast_head_json":{"title":"Perlenohrringe mit Haken &#8226; hempeline","description":"Diese Perlenohrringe mit Haken aus Gold sind absolut zeitlos. Sie setzen die verschiedenen Perlen perfekt und anmutig in Szene.","robots":{"index":"index","follow":"follow","max-snippet":"max-snippet:-1","max-image-preview":"max-image-preview:large","max-video-preview":"max-video-preview:-1"},"canonical":"https:\/\/hempeline.net\/en\/product\/perlenohrringe-mit-haken\/","og_locale":"en_GB","og_type":"article","og_title":"Perlenohrringe mit Haken","og_description":"Diese Perlenohrringe mit Haken aus Gold sind absolut zeitlos. Sie setzen die verschiedenen Perlen perfekt und anmutig in Szene.","og_url":"https:\/\/hempeline.net\/en\/product\/perlenohrringe-mit-haken\/","og_site_name":"hempeline","article_publisher":"https:\/\/www.facebook.com\/hempelineCollection\/","article_modified_time":"2022-03-04T11:13:05+00:00","og_image":[{"width":1520,"height":1520,"url":"https:\/\/hempeline.net\/wp-content\/uploads\/2021\/10\/2e1361a9-aefe-4d17-99ab-4126172133ad-1.jpg","type":"image\/jpeg"}],"twitter_card":"summary_large_image","twitter_misc":{"Estimated reading time":"2 minutes"},"schema":{"@context":"https:\/\/schema.org","@graph":[{"@type":"WebPage","@id":"https:\/\/hempeline.net\/produkt\/perlenohrringe-mit-haken","url":"https:\/\/hempeline.net\/produkt\/perlenohrringe-mit-haken","name":"Perlenohrringe mit Haken &#8226; hempeline","isPartOf":{"@id":"https:\/\/hempeline.net\/#website"},"primaryImageOfPage":{"@id":"https:\/\/hempeline.net\/produkt\/perlenohrringe-mit-haken#primaryimage"},"image":{"@id":"https:\/\/hempeline.net\/produkt\/perlenohrringe-mit-haken#primaryimage"},"thumbnailUrl":"https:\/\/hempeline.net\/wp-content\/uploads\/2021\/10\/2e1361a9-aefe-4d17-99ab-4126172133ad-1.jpg","datePublished":"2021-10-22T08:45:59+00:00","dateModified":"2022-03-04T11:13:05+00:00","description":"Diese Perlenohrringe mit Haken aus Gold sind absolut zeitlos. Sie setzen die verschiedenen Perlen perfekt und anmutig in Szene.","breadcrumb":{"@id":"https:\/\/hempeline.net\/produkt\/perlenohrringe-mit-haken#breadcrumb"},"inLanguage":"en-GB","potentialAction":[{"@type":"ReadAction","target":["https:\/\/hempeline.net\/produkt\/perlenohrringe-mit-haken"]}]},{"@type":"ImageObject","inLanguage":"en-GB","@id":"https:\/\/hempeline.net\/produkt\/perlenohrringe-mit-haken#primaryimage","url":"https:\/\/hempeline.net\/wp-content\/uploads\/2021\/10\/2e1361a9-aefe-4d17-99ab-4126172133ad-1.jpg","contentUrl":"https:\/\/hempeline.net\/wp-content\/uploads\/2021\/10\/2e1361a9-aefe-4d17-99ab-4126172133ad-1.jpg","width":1520,"height":1520,"caption":"Perlenohrringe mit Haken"},{"@type":"BreadcrumbList","@id":"https:\/\/hempeline.net\/produkt\/perlenohrringe-mit-haken#breadcrumb","itemListElement":[{"@type":"ListItem","position":1,"name":"Startseite","item":"https:\/\/hempeline.net\/"},{"@type":"ListItem","position":2,"name":"Alle Produkte","item":"https:\/\/hempeline.net\/alle-produkte"},{"@type":"ListItem","position":3,"name":"Perlenohrringe mit Haken"}]},{"@type":"WebSite","@id":"https:\/\/hempeline.net\/#website","url":"https:\/\/hempeline.net\/","name":"hempeline","description":"Quality made in Germany","publisher":{"@id":"https:\/\/hempeline.net\/#organization"},"potentialAction":[{"@type":"SearchAction","target":{"@type":"EntryPoint","urlTemplate":"https:\/\/hempeline.net\/?s={search_term_string}"},"query-input":{"@type":"PropertyValueSpecification","valueRequired":true,"valueName":"search_term_string"}}],"inLanguage":"en-GB"},{"@type":"Organization","@id":"https:\/\/hempeline.net\/#organization","name":"hempeline collection","url":"https:\/\/hempeline.net\/","logo":{"@type":"ImageObject","inLanguage":"en-GB","@id":"https:\/\/hempeline.net\/#\/schema\/logo\/image\/","url":"https:\/\/hempeline.net\/wp-content\/uploads\/2020\/07\/LOGO-SCHWARZ.png","contentUrl":"https:\/\/hempeline.net\/wp-content\/uploads\/2020\/07\/LOGO-SCHWARZ.png","width":576,"height":576,"caption":"hempeline collection"},"image":{"@id":"https:\/\/hempeline.net\/#\/schema\/logo\/image\/"},"sameAs":["https:\/\/www.facebook.com\/hempelineCollection\/","https:\/\/www.instagram.com\/hempeline\/"]}]}},"_links":{"self":[{"href":"https:\/\/hempeline.net\/en\/wp-json\/wp\/v2\/product\/9367","targetHints":{"allow":["GET"]}}],"collection":[{"href":"https:\/\/hempeline.net\/en\/wp-json\/wp\/v2\/product"}],"about":[{"href":"https:\/\/hempeline.net\/en\/wp-json\/wp\/v2\/types\/product"}],"replies":[{"embeddable":true,"href":"https:\/\/hempeline.net\/en\/wp-json\/wp\/v2\/comments?post=9367"}],"wp:featuredmedia":[{"embeddable":true,"href":"https:\/\/hempeline.net\/en\/wp-json\/wp\/v2\/media\/9411"}],"wp:attachment":[{"href":"https:\/\/hempeline.net\/en\/wp-json\/wp\/v2\/media?parent=9367"}],"wp:term":[{"taxonomy":"product_cat","embeddable":true,"href":"https:\/\/hempeline.net\/en\/wp-json\/wp\/v2\/product_cat?post=9367"},{"taxonomy":"product_tag","embeddable":true,"href":"https:\/\/hempeline.net\/en\/wp-json\/wp\/v2\/product_tag?post=9367"}],"curies":[{"name":"wp","href":"https:\/\/api.w.org\/{rel}","templated":true}]}}