{"id":9362,"date":"2021-10-22T10:28:11","date_gmt":"2021-10-22T08:28:11","guid":{"rendered":"https:\/\/hempeline.net\/?post_type=product&#038;p=9362"},"modified":"2022-03-04T12:13:06","modified_gmt":"2022-03-04T11:13:06","slug":"gold-ohrringe","status":"publish","type":"product","link":"https:\/\/hempeline.net\/en\/product\/gold-ohrringe","title":{"rendered":"Gold Ohrringe, l\u00e4ngenverstellbar"},"content":{"rendered":"<p>Du entscheidest wie klassisch oder modern dein Look heute wird. Denn diese Gold Ohrringe sind l\u00e4ngenverstellbar und von einer wundersch\u00f6nen Perle verziert. Ob Gelbgold oder Ros\u00e9gold: alle finden ihr passendes Perlen-Match und geben dir die M\u00f6glichkeit deinen ganz pers\u00f6nlichen Look mit Perlenohrsteckern oder langen Ohrringen zu kreieren. Das filigrane Goldkettchen wird durch das Ohrloch gezogen und mit einem durchsichtigen Silikon-Stecker auf deiner gew\u00fcnschten H\u00f6he befestigt. Einmalige Looks und aufregende Auftritte!<\/p>\n<p><span class=\"s2\"><span class=\"bumpedFont15\">Wenn<\/span><\/span><span class=\"s2\"><span class=\"bumpedFont15\">\u00a0<strong>AUSSERGEW\u00d6HNLICH<\/strong>\u00a0<\/span><\/span><span class=\"s2\"><span class=\"bumpedFont15\">and<\/span><\/span><span class=\"s2\"><span class=\"bumpedFont15\">\u00a0<strong>EINMALIG\u00a0<\/strong><\/span><\/span><span class=\"s2\"><span class=\"bumpedFont15\">eine <strong>FORM<\/strong><\/span><\/span><strong><span class=\"s2\"><span class=\"bumpedFont15\">\u00a0<\/span><\/span><\/strong><span class=\"s2\"><span class=\"bumpedFont15\">annehmen<\/span><\/span><span class=\"s2\"><span class=\"bumpedFont15\">\u00a0\u2013<\/span><\/span><span class=\"s3\"><span class=\"bumpedFont15\">\u00a0dann entstehen\u00a0<\/span><\/span><span class=\"s3\"><span class=\"bumpedFont15\">Biwa<\/span><\/span><span class=\"s3\"><span class=\"bumpedFont15\">-Perlen.\u00a0<\/span><\/span><span class=\"s3\"><span class=\"bumpedFont15\">Diese besonderen und seltenen Perlen wachsen ohne Kern und entfalten dadurch ihre einmalige Form. Die schmalen, gra<\/span><\/span><span class=\"s3\"><span class=\"bumpedFont15\">zilen Perlenst\u00e4bchen<\/span><\/span><span class=\"s3\"><span class=\"bumpedFont15\">\u00a0<\/span><\/span><span class=\"s3\"><span class=\"bumpedFont15\">mit den Gold Ohrringen<\/span><\/span><span class=\"s3\"><span class=\"bumpedFont15\">\u00a0wirken, in der minimalistischen Kombination, in der sie verarbeitet wurden, edel und luxuri\u00f6s. Sie verleihen jedem Anlass das besondere Etwas und haben einen elegant-modernen Touch.<\/span><\/span><\/p>\n<p><strong>PERLENOHRSTECKER MAL ANDERS:<\/strong> Die l\u00e4ngenverstellbaren Gold Ohrringe werden auch hier einfach durch die Ohrl\u00e4ppchen gezogen, bis die S\u00fcdseeperlen vorne auf der Haut aufliegen oder auf halber H\u00f6he h\u00e4ngen. Sie umschmeicheln die Tr\u00e4gerin in Gold- und Champagner-T\u00f6nen.<\/p>\n<p><strong>GOLD OHRRINGE VERSPIELT<\/strong>: Die anthrazitfarbenen, wunderbar runden Tahiti Perlen weisen einen, mit dem Ros\u00e9gold perfekt harmonierenden, rosigen Schimmer auf. Eine besonders edle und vor allem au\u00dfergew\u00f6hnliche Kombination.<\/p>\n<p><strong>Product details:<br \/>\n<\/strong><br \/>\n\u2022 Herkunft der Perlen: S\u00fcdseeperlen und Tahitiperlen aus <a href=\"https:\/\/www.google.com\/maps\/place\/Lombok,+West-Nusa+Tenggara,+Indonesien\/data=!4m2!3m1!1s0x2dcdb7d23e8cc745:0x446689c4ab50d8c9?sa=X&amp;ved=2ahUKEwiG6buZ3-XzAhUkhP0HHTpxD1EQ8gF6BAhgEAE\">Lombok<\/a><br \/>\n\u2022 <span class=\"s3\">9 &#8211; 11<\/span><span class=\"s3\">\u00a0mm Durchmesser<\/span><br \/>\n\u2022 Kette und Stift: 7 cm 14 kt Gelbgold, Ros\u00e9gold<\/p>\n<p>Alle <a href=\"https:\/\/hempe-line.de\/schmuck\">Schmuckst\u00fccke<\/a> von\u00a0<em>hempeline jewellery<\/em>\u00a0kommen in einem in Deutschland hergestellten, schlichten wei\u00dfen Schmuckk\u00e4stchen zu dir nach Hause \u2014 perfekt zum Aufbewahren und ideal zum Verpacken als Geschenk.<\/p>\n<p>For our jewellery we process natural pearls and gemstones, so the jewellery may differ from the images in our online store.<\/p>\n<p data-pm-slice=\"0 0 []\">Prices incl. VAT<\/p>","protected":false},"excerpt":{"rendered":"<p>Du entscheidest wie klassisch oder modern dein Look heute wird. Denn diese Gold Ohrringe aus Gelbgold oder Ros\u00e9gold sind l\u00e4ngenverstellbar und von einer wundersch\u00f6nen Perle verziert. Ob Wei\u00dfgold, Gelbgold oder Ros\u00e9gold: alle finden ihr passendes Perlen-Match und geben dir die M\u00f6glichkeit deinen ganz pers\u00f6nlichen Look mit Perlenohrsteckern oder langen Ohrringen zu kreieren.<\/p>","protected":false},"featured_media":9403,"comment_status":"open","ping_status":"closed","template":"","meta":{"_acf_changed":false},"product_cat":[67,135],"product_tag":[292,257,307,302,305,264,74],"class_list":["post-9362","product","type-product","status-publish","has-post-thumbnail","hentry","product_cat-schmuck","product_cat-ohr","product_tag-durchfaedelnohrhaenger","product_tag-goldschmuck","product_tag-ohrhaenger","product_tag-ohrringe","product_tag-ohrschmuck","product_tag-rosegold","product_tag-schmuck","rtwpvg-product"],"acf":[],"yoast_head":"<!-- This site is optimized with the Yoast SEO Premium plugin v19.3 (Yoast SEO v26.8) - https:\/\/yoast.com\/product\/yoast-seo-premium-wordpress\/ -->\n<title>Gold Ohrringe mit edlen S\u00fcdseeperlen - l\u00e4ngenvertsellbar<\/title>\n<meta name=\"description\" content=\"Diese Gold Ohrringe sind l\u00e4ngenverstellbar und von einer Perle verziert. Gelbgold oder Ros\u00e9gold: alle finden ihr passendes Perlen-Match!\" \/>\n<meta name=\"robots\" content=\"index, follow, max-snippet:-1, max-image-preview:large, max-video-preview:-1\" \/>\n<link rel=\"canonical\" href=\"https:\/\/hempeline.net\/en\/product\/gold-ohrringe\/\" \/>\n<meta property=\"og:locale\" content=\"en_GB\" \/>\n<meta property=\"og:type\" content=\"article\" \/>\n<meta property=\"og:title\" content=\"Gold Ohrringe, l\u00e4ngenverstellbar\" \/>\n<meta property=\"og:description\" content=\"Diese Gold Ohrringe sind l\u00e4ngenverstellbar und von einer Perle verziert. Gelbgold oder Ros\u00e9gold: alle finden ihr passendes Perlen-Match!\" \/>\n<meta property=\"og:url\" content=\"https:\/\/hempeline.net\/en\/product\/gold-ohrringe\/\" \/>\n<meta property=\"og:site_name\" content=\"hempeline\" \/>\n<meta property=\"article:publisher\" content=\"https:\/\/www.facebook.com\/hempelineCollection\/\" \/>\n<meta property=\"article:modified_time\" content=\"2022-03-04T11:13:06+00:00\" \/>\n<meta property=\"og:image\" content=\"https:\/\/hempeline.net\/wp-content\/uploads\/2021\/10\/9c5c1f95-6182-47f7-bc61-03b61e2b7510-scaled.jpg\" \/>\n\t<meta property=\"og:image:width\" content=\"2048\" \/>\n\t<meta property=\"og:image:height\" content=\"2048\" \/>\n\t<meta property=\"og:image:type\" content=\"image\/jpeg\" \/>\n<meta name=\"twitter:card\" content=\"summary_large_image\" \/>\n<meta name=\"twitter:label1\" content=\"Estimated reading time\" \/>\n\t<meta name=\"twitter:data1\" content=\"2 minutes\" \/>\n<script type=\"application\/ld+json\" class=\"yoast-schema-graph\">{\"@context\":\"https:\/\/schema.org\",\"@graph\":[{\"@type\":\"WebPage\",\"@id\":\"https:\/\/hempeline.net\/produkt\/gold-ohrringe\",\"url\":\"https:\/\/hempeline.net\/produkt\/gold-ohrringe\",\"name\":\"Gold Ohrringe mit edlen S\u00fcdseeperlen - l\u00e4ngenvertsellbar\",\"isPartOf\":{\"@id\":\"https:\/\/hempeline.net\/#website\"},\"primaryImageOfPage\":{\"@id\":\"https:\/\/hempeline.net\/produkt\/gold-ohrringe#primaryimage\"},\"image\":{\"@id\":\"https:\/\/hempeline.net\/produkt\/gold-ohrringe#primaryimage\"},\"thumbnailUrl\":\"https:\/\/hempeline.net\/wp-content\/uploads\/2021\/10\/9c5c1f95-6182-47f7-bc61-03b61e2b7510-scaled.jpg\",\"datePublished\":\"2021-10-22T08:28:11+00:00\",\"dateModified\":\"2022-03-04T11:13:06+00:00\",\"description\":\"Diese Gold Ohrringe sind l\u00e4ngenverstellbar und von einer Perle verziert. Gelbgold oder Ros\u00e9gold: alle finden ihr passendes Perlen-Match!\",\"breadcrumb\":{\"@id\":\"https:\/\/hempeline.net\/produkt\/gold-ohrringe#breadcrumb\"},\"inLanguage\":\"en-GB\",\"potentialAction\":[{\"@type\":\"ReadAction\",\"target\":[\"https:\/\/hempeline.net\/produkt\/gold-ohrringe\"]}]},{\"@type\":\"ImageObject\",\"inLanguage\":\"en-GB\",\"@id\":\"https:\/\/hempeline.net\/produkt\/gold-ohrringe#primaryimage\",\"url\":\"https:\/\/hempeline.net\/wp-content\/uploads\/2021\/10\/9c5c1f95-6182-47f7-bc61-03b61e2b7510-scaled.jpg\",\"contentUrl\":\"https:\/\/hempeline.net\/wp-content\/uploads\/2021\/10\/9c5c1f95-6182-47f7-bc61-03b61e2b7510-scaled.jpg\",\"width\":2048,\"height\":2048,\"caption\":\"Gold Ohrringe l\u00e4ngenverstellbar\"},{\"@type\":\"BreadcrumbList\",\"@id\":\"https:\/\/hempeline.net\/produkt\/gold-ohrringe#breadcrumb\",\"itemListElement\":[{\"@type\":\"ListItem\",\"position\":1,\"name\":\"Startseite\",\"item\":\"https:\/\/hempeline.net\/\"},{\"@type\":\"ListItem\",\"position\":2,\"name\":\"Alle Produkte\",\"item\":\"https:\/\/hempeline.net\/alle-produkte\"},{\"@type\":\"ListItem\",\"position\":3,\"name\":\"Gold Ohrringe, l\u00e4ngenverstellbar\"}]},{\"@type\":\"WebSite\",\"@id\":\"https:\/\/hempeline.net\/#website\",\"url\":\"https:\/\/hempeline.net\/\",\"name\":\"hempeline\",\"description\":\"Qualit\u00e4t made in Germany\",\"publisher\":{\"@id\":\"https:\/\/hempeline.net\/#organization\"},\"potentialAction\":[{\"@type\":\"SearchAction\",\"target\":{\"@type\":\"EntryPoint\",\"urlTemplate\":\"https:\/\/hempeline.net\/?s={search_term_string}\"},\"query-input\":{\"@type\":\"PropertyValueSpecification\",\"valueRequired\":true,\"valueName\":\"search_term_string\"}}],\"inLanguage\":\"en-GB\"},{\"@type\":\"Organization\",\"@id\":\"https:\/\/hempeline.net\/#organization\",\"name\":\"hempeline collection\",\"url\":\"https:\/\/hempeline.net\/\",\"logo\":{\"@type\":\"ImageObject\",\"inLanguage\":\"en-GB\",\"@id\":\"https:\/\/hempeline.net\/#\/schema\/logo\/image\/\",\"url\":\"https:\/\/hempeline.net\/wp-content\/uploads\/2020\/07\/LOGO-SCHWARZ.png\",\"contentUrl\":\"https:\/\/hempeline.net\/wp-content\/uploads\/2020\/07\/LOGO-SCHWARZ.png\",\"width\":576,\"height\":576,\"caption\":\"hempeline collection\"},\"image\":{\"@id\":\"https:\/\/hempeline.net\/#\/schema\/logo\/image\/\"},\"sameAs\":[\"https:\/\/www.facebook.com\/hempelineCollection\/\",\"https:\/\/www.instagram.com\/hempeline\/\"]}]}<\/script>\n<!-- \/ Yoast SEO Premium plugin. -->","yoast_head_json":{"title":"Gold Ohrringe mit edlen S\u00fcdseeperlen - l\u00e4ngenvertsellbar","description":"Diese Gold Ohrringe sind l\u00e4ngenverstellbar und von einer Perle verziert. Gelbgold oder Ros\u00e9gold: alle finden ihr passendes Perlen-Match!","robots":{"index":"index","follow":"follow","max-snippet":"max-snippet:-1","max-image-preview":"max-image-preview:large","max-video-preview":"max-video-preview:-1"},"canonical":"https:\/\/hempeline.net\/en\/product\/gold-ohrringe\/","og_locale":"en_GB","og_type":"article","og_title":"Gold Ohrringe, l\u00e4ngenverstellbar","og_description":"Diese Gold Ohrringe sind l\u00e4ngenverstellbar und von einer Perle verziert. Gelbgold oder Ros\u00e9gold: alle finden ihr passendes Perlen-Match!","og_url":"https:\/\/hempeline.net\/en\/product\/gold-ohrringe\/","og_site_name":"hempeline","article_publisher":"https:\/\/www.facebook.com\/hempelineCollection\/","article_modified_time":"2022-03-04T11:13:06+00:00","og_image":[{"width":2048,"height":2048,"url":"https:\/\/hempeline.net\/wp-content\/uploads\/2021\/10\/9c5c1f95-6182-47f7-bc61-03b61e2b7510-scaled.jpg","type":"image\/jpeg"}],"twitter_card":"summary_large_image","twitter_misc":{"Estimated reading time":"2 minutes"},"schema":{"@context":"https:\/\/schema.org","@graph":[{"@type":"WebPage","@id":"https:\/\/hempeline.net\/produkt\/gold-ohrringe","url":"https:\/\/hempeline.net\/produkt\/gold-ohrringe","name":"Gold Ohrringe mit edlen S\u00fcdseeperlen - l\u00e4ngenvertsellbar","isPartOf":{"@id":"https:\/\/hempeline.net\/#website"},"primaryImageOfPage":{"@id":"https:\/\/hempeline.net\/produkt\/gold-ohrringe#primaryimage"},"image":{"@id":"https:\/\/hempeline.net\/produkt\/gold-ohrringe#primaryimage"},"thumbnailUrl":"https:\/\/hempeline.net\/wp-content\/uploads\/2021\/10\/9c5c1f95-6182-47f7-bc61-03b61e2b7510-scaled.jpg","datePublished":"2021-10-22T08:28:11+00:00","dateModified":"2022-03-04T11:13:06+00:00","description":"Diese Gold Ohrringe sind l\u00e4ngenverstellbar und von einer Perle verziert. Gelbgold oder Ros\u00e9gold: alle finden ihr passendes Perlen-Match!","breadcrumb":{"@id":"https:\/\/hempeline.net\/produkt\/gold-ohrringe#breadcrumb"},"inLanguage":"en-GB","potentialAction":[{"@type":"ReadAction","target":["https:\/\/hempeline.net\/produkt\/gold-ohrringe"]}]},{"@type":"ImageObject","inLanguage":"en-GB","@id":"https:\/\/hempeline.net\/produkt\/gold-ohrringe#primaryimage","url":"https:\/\/hempeline.net\/wp-content\/uploads\/2021\/10\/9c5c1f95-6182-47f7-bc61-03b61e2b7510-scaled.jpg","contentUrl":"https:\/\/hempeline.net\/wp-content\/uploads\/2021\/10\/9c5c1f95-6182-47f7-bc61-03b61e2b7510-scaled.jpg","width":2048,"height":2048,"caption":"Gold Ohrringe l\u00e4ngenverstellbar"},{"@type":"BreadcrumbList","@id":"https:\/\/hempeline.net\/produkt\/gold-ohrringe#breadcrumb","itemListElement":[{"@type":"ListItem","position":1,"name":"Startseite","item":"https:\/\/hempeline.net\/"},{"@type":"ListItem","position":2,"name":"Alle Produkte","item":"https:\/\/hempeline.net\/alle-produkte"},{"@type":"ListItem","position":3,"name":"Gold Ohrringe, l\u00e4ngenverstellbar"}]},{"@type":"WebSite","@id":"https:\/\/hempeline.net\/#website","url":"https:\/\/hempeline.net\/","name":"hempeline","description":"Quality made in Germany","publisher":{"@id":"https:\/\/hempeline.net\/#organization"},"potentialAction":[{"@type":"SearchAction","target":{"@type":"EntryPoint","urlTemplate":"https:\/\/hempeline.net\/?s={search_term_string}"},"query-input":{"@type":"PropertyValueSpecification","valueRequired":true,"valueName":"search_term_string"}}],"inLanguage":"en-GB"},{"@type":"Organization","@id":"https:\/\/hempeline.net\/#organization","name":"hempeline collection","url":"https:\/\/hempeline.net\/","logo":{"@type":"ImageObject","inLanguage":"en-GB","@id":"https:\/\/hempeline.net\/#\/schema\/logo\/image\/","url":"https:\/\/hempeline.net\/wp-content\/uploads\/2020\/07\/LOGO-SCHWARZ.png","contentUrl":"https:\/\/hempeline.net\/wp-content\/uploads\/2020\/07\/LOGO-SCHWARZ.png","width":576,"height":576,"caption":"hempeline collection"},"image":{"@id":"https:\/\/hempeline.net\/#\/schema\/logo\/image\/"},"sameAs":["https:\/\/www.facebook.com\/hempelineCollection\/","https:\/\/www.instagram.com\/hempeline\/"]}]}},"_links":{"self":[{"href":"https:\/\/hempeline.net\/en\/wp-json\/wp\/v2\/product\/9362","targetHints":{"allow":["GET"]}}],"collection":[{"href":"https:\/\/hempeline.net\/en\/wp-json\/wp\/v2\/product"}],"about":[{"href":"https:\/\/hempeline.net\/en\/wp-json\/wp\/v2\/types\/product"}],"replies":[{"embeddable":true,"href":"https:\/\/hempeline.net\/en\/wp-json\/wp\/v2\/comments?post=9362"}],"wp:featuredmedia":[{"embeddable":true,"href":"https:\/\/hempeline.net\/en\/wp-json\/wp\/v2\/media\/9403"}],"wp:attachment":[{"href":"https:\/\/hempeline.net\/en\/wp-json\/wp\/v2\/media?parent=9362"}],"wp:term":[{"taxonomy":"product_cat","embeddable":true,"href":"https:\/\/hempeline.net\/en\/wp-json\/wp\/v2\/product_cat?post=9362"},{"taxonomy":"product_tag","embeddable":true,"href":"https:\/\/hempeline.net\/en\/wp-json\/wp\/v2\/product_tag?post=9362"}],"curies":[{"name":"wp","href":"https:\/\/api.w.org\/{rel}","templated":true}]}}