{"id":9344,"date":"2021-10-22T09:52:37","date_gmt":"2021-10-22T07:52:37","guid":{"rendered":"https:\/\/hempeline.net\/?post_type=product&#038;p=9344"},"modified":"2023-04-19T21:31:35","modified_gmt":"2023-04-19T19:31:35","slug":"goldkette-mit-perle","status":"publish","type":"product","link":"https:\/\/hempeline.net\/en\/product\/goldkette-mit-perle","title":{"rendered":"Goldkette mit Perle, l\u00e4ngenverstellbar als Y"},"content":{"rendered":"<p>Diese Goldkette mit passender Perle besticht durch ihre filigrane Machart und ihr Markenzeichen: sie ist l\u00e4ngenverstellbar. Du entscheidest, ob du sie lang oder kurz tragen m\u00f6chtest, ob sie dein Dekollet\u00e9 oder ein dezentes Business Outfit in Szene setzen soll. Besonders gl\u00e4nzende und fein gearbeitet Glieder lassen die Y Goldkette funkeln und bieten die perfekte Kombination mit au\u00dfergew\u00f6hnlichen Perlen.<\/p>\n<p>Die schwarz-graue Tahiti Perle schimmert violett und gr\u00fcnlich und wird getragen von der zarten Y Goldkette in femininem 18 kt Ros\u00e9gold. <strong>ROS\u00c9 TRIFFT ANTHRAZIT<\/strong> bei diesem zauberhaften Design. Das 18 kt Ros\u00e9gold ist pr\u00e4zise und filigran verarbeitet. Das Y der Y-Kette kann auch hier justiert werden. Die Tahiti Perle wird mit dem Tragen noch mehr an Glanz gewinnen.<\/p>\n<p>Diese Y- Goldkette vereint den<strong>\u00a0K\u00dcHLEN CHARME<\/strong>\u00a0von strahlendem\u00a0<strong>Wei\u00dfgold<\/strong>\u00a0und einer Tahiti Perle mit\u00a0<strong>anthrazit-gr\u00fcnem Schimmer<\/strong>\u00a0\u2013 f\u00fcr ein Schmuckst\u00fcck, das im Alltag wie zu besonderen Anl\u00e4ssen gleicherma\u00dfen strahlt.<\/p>\n<p><strong>PERFEKTE HARMONIE EDLER GOLDT\u00d6NE<\/strong>: Die\u00a0<strong>filigrane Y Goldkette<\/strong>\u00a0aus feinem Gelbgold wird gekr\u00f6nt von einer makellosen goldfarbenen\u00a0<strong>S\u00fcdseeperle<\/strong>.<\/p>\n<p>Bei dieser Kette haben wir zwei au\u00dfergew\u00f6hnliche und <strong>RAFFINIERTE KOMPONENTEN<\/strong> vereint: die schimmernde Perle, die mit jeder Bewegung in ihrem ganzen Farbspektrum schimmert und unsere l\u00e4ngenverstellbare Y Goldkette aus filigranem Gold.<\/p>\n<p>&nbsp;<\/p>\n<p><strong>Produktdetails unserer Goldkette mit Perle:<\/strong><\/p>\n<ul>\n<li>Perlenherkunft: S\u00fcdsee und Tahitiperlen von kleinen Perlenfarmen in Indonesien (<a href=\"https:\/\/www.google.com\/maps\/place\/Lombok\/@-8.582711,115.712512,9z\/data=!3m1!4b1!4m5!3m4!1s0x2dcdb7d23e8cc745:0x446689c4ab50d8c9!8m2!3d-8.650979!4d116.3249438\">Lombok<\/a>), Biwa und Keshi aus China<\/li>\n<li>Durchmesser Perlen: 10 &#8211; 12 mm<\/li>\n<li>Qualit\u00e4t Perlen: AA &#8211; AAA+<\/li>\n<li>Haken Ohrring: 14 kt Wei\u00dfgold, Goldgelb, Ros\u00e9gold, L\u00e4nge ca. 2 cm<\/li>\n<li>Kette: 18 kt Wei\u00dfgold, Gelbgold, Ros\u00e9gold, 42 cm L\u00e4nge mit 4 cm Y-Verl\u00e4ngerung<\/li>\n<\/ul>\n<p>&nbsp;<\/p>\n<p class=\"translation-block\">The jewellery from <em>hempeline jewellery<\/em> comes to you in a plain white jewelry box made in Germany - perfect for storage and ideal for gift wrapping.<\/p>\n<p>For our jewellery we process natural pearls and gemstones, so the jewellery may differ from the images in our online store.<\/p>\n<p>Prices incl. VAT<\/p>","protected":false},"excerpt":{"rendered":"<p>Diese Goldkette aus Wei\u00dfgold, Gelbgold und Ros\u00e9gold mit passender Perle besticht durch ihre filigrane Machart und ihr Markenzeichen: sie ist l\u00e4ngenverstellbar. Du entscheidest, ob du sie lang oder kurz tragen m\u00f6chtest, ob sie dein Dekollet\u00e9 oder ein dezentes Business Outfit in Szene setzen soll. Besonders gl\u00e4nzende und fein gearbeitete Glieder lassen die Y Goldkette funkeln und bieten die perfekte Kombination zu au\u00dfergew\u00f6hnlichen Perlen.<\/p>","protected":false},"featured_media":9409,"comment_status":"open","ping_status":"closed","template":"","meta":{"_acf_changed":false},"product_cat":[67,134],"product_tag":[],"class_list":["post-9344","product","type-product","status-publish","has-post-thumbnail","hentry","product_cat-schmuck","product_cat-hals","rtwpvg-product"],"acf":[],"yoast_head":"<!-- This site is optimized with the Yoast SEO Premium plugin v19.3 (Yoast SEO v26.8) - https:\/\/yoast.com\/product\/yoast-seo-premium-wordpress\/ -->\n<title>Goldkette mit passender, einmalig sch\u00f6ner Perle - l\u00e4ngenverstellbar<\/title>\n<meta name=\"description\" content=\"Diese Goldkette mit passender, einmalig sch\u00f6ner Perle besticht durch ihre filigrane Machart und ihr Markenzeichen: sie ist l\u00e4ngenverstellbar.\" \/>\n<meta name=\"robots\" content=\"index, follow, max-snippet:-1, max-image-preview:large, max-video-preview:-1\" \/>\n<link rel=\"canonical\" href=\"https:\/\/hempeline.net\/en\/product\/goldkette-mit-perle\/\" \/>\n<meta property=\"og:locale\" content=\"en_GB\" \/>\n<meta property=\"og:type\" content=\"article\" \/>\n<meta property=\"og:title\" content=\"Goldkette mit Perle, l\u00e4ngenverstellbar als Y\" \/>\n<meta property=\"og:description\" content=\"Diese Goldkette mit passender, einmalig sch\u00f6ner Perle besticht durch ihre filigrane Machart und ihr Markenzeichen: sie ist l\u00e4ngenverstellbar.\" \/>\n<meta property=\"og:url\" content=\"https:\/\/hempeline.net\/en\/product\/goldkette-mit-perle\/\" \/>\n<meta property=\"og:site_name\" content=\"hempeline\" \/>\n<meta property=\"article:publisher\" content=\"https:\/\/www.facebook.com\/hempelineCollection\/\" \/>\n<meta property=\"article:modified_time\" content=\"2023-04-19T19:31:35+00:00\" \/>\n<meta property=\"og:image\" content=\"https:\/\/hempeline.net\/wp-content\/uploads\/2021\/10\/4339ede4-b4ed-43f3-bb53-e9ba53463b7a-scaled.jpg\" \/>\n\t<meta property=\"og:image:width\" content=\"2048\" \/>\n\t<meta property=\"og:image:height\" content=\"2048\" \/>\n\t<meta property=\"og:image:type\" content=\"image\/jpeg\" \/>\n<meta name=\"twitter:card\" content=\"summary_large_image\" \/>\n<meta name=\"twitter:label1\" content=\"Estimated reading time\" \/>\n\t<meta name=\"twitter:data1\" content=\"2 minutes\" \/>\n<script type=\"application\/ld+json\" class=\"yoast-schema-graph\">{\"@context\":\"https:\/\/schema.org\",\"@graph\":[{\"@type\":\"WebPage\",\"@id\":\"https:\/\/hempeline.net\/produkt\/goldkette-mit-perle\",\"url\":\"https:\/\/hempeline.net\/produkt\/goldkette-mit-perle\",\"name\":\"Goldkette mit passender, einmalig sch\u00f6ner Perle - l\u00e4ngenverstellbar\",\"isPartOf\":{\"@id\":\"https:\/\/hempeline.net\/#website\"},\"primaryImageOfPage\":{\"@id\":\"https:\/\/hempeline.net\/produkt\/goldkette-mit-perle#primaryimage\"},\"image\":{\"@id\":\"https:\/\/hempeline.net\/produkt\/goldkette-mit-perle#primaryimage\"},\"thumbnailUrl\":\"https:\/\/hempeline.net\/wp-content\/uploads\/2021\/10\/4339ede4-b4ed-43f3-bb53-e9ba53463b7a-scaled.jpg\",\"datePublished\":\"2021-10-22T07:52:37+00:00\",\"dateModified\":\"2023-04-19T19:31:35+00:00\",\"description\":\"Diese Goldkette mit passender, einmalig sch\u00f6ner Perle besticht durch ihre filigrane Machart und ihr Markenzeichen: sie ist l\u00e4ngenverstellbar.\",\"breadcrumb\":{\"@id\":\"https:\/\/hempeline.net\/produkt\/goldkette-mit-perle#breadcrumb\"},\"inLanguage\":\"en-GB\",\"potentialAction\":[{\"@type\":\"ReadAction\",\"target\":[\"https:\/\/hempeline.net\/produkt\/goldkette-mit-perle\"]}]},{\"@type\":\"ImageObject\",\"inLanguage\":\"en-GB\",\"@id\":\"https:\/\/hempeline.net\/produkt\/goldkette-mit-perle#primaryimage\",\"url\":\"https:\/\/hempeline.net\/wp-content\/uploads\/2021\/10\/4339ede4-b4ed-43f3-bb53-e9ba53463b7a-scaled.jpg\",\"contentUrl\":\"https:\/\/hempeline.net\/wp-content\/uploads\/2021\/10\/4339ede4-b4ed-43f3-bb53-e9ba53463b7a-scaled.jpg\",\"width\":2048,\"height\":2048,\"caption\":\"Goldkette mit Perle\"},{\"@type\":\"BreadcrumbList\",\"@id\":\"https:\/\/hempeline.net\/produkt\/goldkette-mit-perle#breadcrumb\",\"itemListElement\":[{\"@type\":\"ListItem\",\"position\":1,\"name\":\"Startseite\",\"item\":\"https:\/\/hempeline.net\/\"},{\"@type\":\"ListItem\",\"position\":2,\"name\":\"Alle Produkte\",\"item\":\"https:\/\/hempeline.net\/alle-produkte\"},{\"@type\":\"ListItem\",\"position\":3,\"name\":\"Goldkette mit Perle, l\u00e4ngenverstellbar als Y\"}]},{\"@type\":\"WebSite\",\"@id\":\"https:\/\/hempeline.net\/#website\",\"url\":\"https:\/\/hempeline.net\/\",\"name\":\"hempeline\",\"description\":\"Qualit\u00e4t made in Germany\",\"publisher\":{\"@id\":\"https:\/\/hempeline.net\/#organization\"},\"potentialAction\":[{\"@type\":\"SearchAction\",\"target\":{\"@type\":\"EntryPoint\",\"urlTemplate\":\"https:\/\/hempeline.net\/?s={search_term_string}\"},\"query-input\":{\"@type\":\"PropertyValueSpecification\",\"valueRequired\":true,\"valueName\":\"search_term_string\"}}],\"inLanguage\":\"en-GB\"},{\"@type\":\"Organization\",\"@id\":\"https:\/\/hempeline.net\/#organization\",\"name\":\"hempeline collection\",\"url\":\"https:\/\/hempeline.net\/\",\"logo\":{\"@type\":\"ImageObject\",\"inLanguage\":\"en-GB\",\"@id\":\"https:\/\/hempeline.net\/#\/schema\/logo\/image\/\",\"url\":\"https:\/\/hempeline.net\/wp-content\/uploads\/2020\/07\/LOGO-SCHWARZ.png\",\"contentUrl\":\"https:\/\/hempeline.net\/wp-content\/uploads\/2020\/07\/LOGO-SCHWARZ.png\",\"width\":576,\"height\":576,\"caption\":\"hempeline collection\"},\"image\":{\"@id\":\"https:\/\/hempeline.net\/#\/schema\/logo\/image\/\"},\"sameAs\":[\"https:\/\/www.facebook.com\/hempelineCollection\/\",\"https:\/\/www.instagram.com\/hempeline\/\"]}]}<\/script>\n<!-- \/ Yoast SEO Premium plugin. -->","yoast_head_json":{"title":"Goldkette mit passender, einmalig sch\u00f6ner Perle - l\u00e4ngenverstellbar","description":"Diese Goldkette mit passender, einmalig sch\u00f6ner Perle besticht durch ihre filigrane Machart und ihr Markenzeichen: sie ist l\u00e4ngenverstellbar.","robots":{"index":"index","follow":"follow","max-snippet":"max-snippet:-1","max-image-preview":"max-image-preview:large","max-video-preview":"max-video-preview:-1"},"canonical":"https:\/\/hempeline.net\/en\/product\/goldkette-mit-perle\/","og_locale":"en_GB","og_type":"article","og_title":"Goldkette mit Perle, l\u00e4ngenverstellbar als Y","og_description":"Diese Goldkette mit passender, einmalig sch\u00f6ner Perle besticht durch ihre filigrane Machart und ihr Markenzeichen: sie ist l\u00e4ngenverstellbar.","og_url":"https:\/\/hempeline.net\/en\/product\/goldkette-mit-perle\/","og_site_name":"hempeline","article_publisher":"https:\/\/www.facebook.com\/hempelineCollection\/","article_modified_time":"2023-04-19T19:31:35+00:00","og_image":[{"width":2048,"height":2048,"url":"https:\/\/hempeline.net\/wp-content\/uploads\/2021\/10\/4339ede4-b4ed-43f3-bb53-e9ba53463b7a-scaled.jpg","type":"image\/jpeg"}],"twitter_card":"summary_large_image","twitter_misc":{"Estimated reading time":"2 minutes"},"schema":{"@context":"https:\/\/schema.org","@graph":[{"@type":"WebPage","@id":"https:\/\/hempeline.net\/produkt\/goldkette-mit-perle","url":"https:\/\/hempeline.net\/produkt\/goldkette-mit-perle","name":"Goldkette mit passender, einmalig sch\u00f6ner Perle - l\u00e4ngenverstellbar","isPartOf":{"@id":"https:\/\/hempeline.net\/#website"},"primaryImageOfPage":{"@id":"https:\/\/hempeline.net\/produkt\/goldkette-mit-perle#primaryimage"},"image":{"@id":"https:\/\/hempeline.net\/produkt\/goldkette-mit-perle#primaryimage"},"thumbnailUrl":"https:\/\/hempeline.net\/wp-content\/uploads\/2021\/10\/4339ede4-b4ed-43f3-bb53-e9ba53463b7a-scaled.jpg","datePublished":"2021-10-22T07:52:37+00:00","dateModified":"2023-04-19T19:31:35+00:00","description":"Diese Goldkette mit passender, einmalig sch\u00f6ner Perle besticht durch ihre filigrane Machart und ihr Markenzeichen: sie ist l\u00e4ngenverstellbar.","breadcrumb":{"@id":"https:\/\/hempeline.net\/produkt\/goldkette-mit-perle#breadcrumb"},"inLanguage":"en-GB","potentialAction":[{"@type":"ReadAction","target":["https:\/\/hempeline.net\/produkt\/goldkette-mit-perle"]}]},{"@type":"ImageObject","inLanguage":"en-GB","@id":"https:\/\/hempeline.net\/produkt\/goldkette-mit-perle#primaryimage","url":"https:\/\/hempeline.net\/wp-content\/uploads\/2021\/10\/4339ede4-b4ed-43f3-bb53-e9ba53463b7a-scaled.jpg","contentUrl":"https:\/\/hempeline.net\/wp-content\/uploads\/2021\/10\/4339ede4-b4ed-43f3-bb53-e9ba53463b7a-scaled.jpg","width":2048,"height":2048,"caption":"Goldkette mit Perle"},{"@type":"BreadcrumbList","@id":"https:\/\/hempeline.net\/produkt\/goldkette-mit-perle#breadcrumb","itemListElement":[{"@type":"ListItem","position":1,"name":"Startseite","item":"https:\/\/hempeline.net\/"},{"@type":"ListItem","position":2,"name":"Alle Produkte","item":"https:\/\/hempeline.net\/alle-produkte"},{"@type":"ListItem","position":3,"name":"Goldkette mit Perle, l\u00e4ngenverstellbar als Y"}]},{"@type":"WebSite","@id":"https:\/\/hempeline.net\/#website","url":"https:\/\/hempeline.net\/","name":"hempeline","description":"Quality made in Germany","publisher":{"@id":"https:\/\/hempeline.net\/#organization"},"potentialAction":[{"@type":"SearchAction","target":{"@type":"EntryPoint","urlTemplate":"https:\/\/hempeline.net\/?s={search_term_string}"},"query-input":{"@type":"PropertyValueSpecification","valueRequired":true,"valueName":"search_term_string"}}],"inLanguage":"en-GB"},{"@type":"Organization","@id":"https:\/\/hempeline.net\/#organization","name":"hempeline collection","url":"https:\/\/hempeline.net\/","logo":{"@type":"ImageObject","inLanguage":"en-GB","@id":"https:\/\/hempeline.net\/#\/schema\/logo\/image\/","url":"https:\/\/hempeline.net\/wp-content\/uploads\/2020\/07\/LOGO-SCHWARZ.png","contentUrl":"https:\/\/hempeline.net\/wp-content\/uploads\/2020\/07\/LOGO-SCHWARZ.png","width":576,"height":576,"caption":"hempeline collection"},"image":{"@id":"https:\/\/hempeline.net\/#\/schema\/logo\/image\/"},"sameAs":["https:\/\/www.facebook.com\/hempelineCollection\/","https:\/\/www.instagram.com\/hempeline\/"]}]}},"_links":{"self":[{"href":"https:\/\/hempeline.net\/en\/wp-json\/wp\/v2\/product\/9344","targetHints":{"allow":["GET"]}}],"collection":[{"href":"https:\/\/hempeline.net\/en\/wp-json\/wp\/v2\/product"}],"about":[{"href":"https:\/\/hempeline.net\/en\/wp-json\/wp\/v2\/types\/product"}],"replies":[{"embeddable":true,"href":"https:\/\/hempeline.net\/en\/wp-json\/wp\/v2\/comments?post=9344"}],"wp:featuredmedia":[{"embeddable":true,"href":"https:\/\/hempeline.net\/en\/wp-json\/wp\/v2\/media\/9409"}],"wp:attachment":[{"href":"https:\/\/hempeline.net\/en\/wp-json\/wp\/v2\/media?parent=9344"}],"wp:term":[{"taxonomy":"product_cat","embeddable":true,"href":"https:\/\/hempeline.net\/en\/wp-json\/wp\/v2\/product_cat?post=9344"},{"taxonomy":"product_tag","embeddable":true,"href":"https:\/\/hempeline.net\/en\/wp-json\/wp\/v2\/product_tag?post=9344"}],"curies":[{"name":"wp","href":"https:\/\/api.w.org\/{rel}","templated":true}]}}