{"id":8021,"date":"2021-08-27T07:58:39","date_gmt":"2021-08-27T07:58:39","guid":{"rendered":"https:\/\/test.hempeline.net\/produkt\/oversized-kaschmirtuch"},"modified":"2023-10-13T10:13:35","modified_gmt":"2023-10-13T08:13:35","slug":"oversized-kaschmirtuch","status":"publish","type":"product","link":"https:\/\/hempeline.net\/en\/product\/oversized-kaschmirtuch","title":{"rendered":"Oversized Kaschmirtuch"},"content":{"rendered":"<p>LUXURI\u00d6S &amp; NACHHALTIG bereichert dieser traditionell gewebte Oversized Kaschmirschal jede Garderobe. Seine AUSSERGEW\u00d6HNLICHE GR\u00d6SSE von 280 x 140 cm macht ihn sowohl zum Hingucker, als auch stets unterschiedlich drapier- und stylebar. Ob als w\u00e4rmender Begleiter an kalten Winterabenden, klassisch als Pashmina Schal getragen oder auch zum Wohlf\u00fchlen beim Ruhen auf Yogamatte, dieses Oversized Tuch verw\u00f6hnt in jedem Moment.<\/p>\n<p>Die BESONDERS FEINE VERARBEITUNG der Kaschmirwolle formt ein filigranes und zartes Tuch, das mit Schlichtheit, Extravaganz und Leichtigkeit \u00fcberzeugt.<\/p>\n<p>Kaschmirwolle ist ein NATURMATERIAL \u2013 sie entspricht h\u00f6chsten Qualit\u00e4tsanspr\u00fcchen und bringt Tragekomfort der Extraklasse. Dabei betont das EDLE WEBMUSTER die Sch\u00f6nheit der Wollfasern. So passt sich der hempeline Kaschmirschal m\u00fchelos an deinen pers\u00f6nlichen Stil an.<\/p>\n<p>Hergestellt und verarbeitet ist der Pashmina Schal nach INDISCHER TRADITION und als Oversized Kaschmirtuch ein KLASSIKER, der jeden Anlass in ein Wohlf\u00fchlerlebnis verwandelt. Egal ob CHIC oder LEGER, dieses Kaschmirtuch ist dein perfektes Accessoire.<\/p>\n<p>CLIMATE FRIENDLY - For every product sold, we donate \u20ac 4 to <a href=\"https:\/\/www.actionsforfutures.com\/\" target=\"_blank\" rel=\"noopener\">Afforestation project<\/a> in Costa Rica. 500 \u20ac plant a tree.<br \/>\nWe always make sure to work with companies in which the craft is loved and lived - in which people and nature are honored and valued.<\/p>\n<p>BREATHABLE AND <a href=\"https:\/\/hempe-line.de\/kaschmirpflege\" target=\"_blank\" rel=\"noopener\">EASY CARE<\/a> - Pure cashmere wool is warming in the cold and cooling in the heat, as it has excellent, completely natural temperature and moisture-regulating properties. Therefore, modern sportswear made from wool fibers is becoming increasingly popular. Regular airing also keeps the scarf fresh longer thanks to the dirt-repellent properties of pure wool.<\/p>\n<p><strong>Produktdetails des Oversized Kaschmirtuch:<\/strong><\/p>\n<p>Hand-woven in a traditional company in Kashmir<\/p>\n<p>Take a look at ours <a href=\"https:\/\/hempe-line.de\/kaschmirpflege\" target=\"_blank\" rel=\"noopener\">Care instructions, <\/a>because cashmere wants to be cared for.<\/p>\n<p class=\"translation-block\">Colours: AZO Free.<br>\nMade in India.<\/p>","protected":false},"excerpt":{"rendered":"<p>This luxurious oversized cashmere scarf is an absolute eye-catcher for every occasion. Its fine and light workmanship invites it to float in the wind and want to fly away with it. It nestles elegantly and impresses with its simplicity and extravagance at the same time. Fine fringes round off the noble design.<\/p>","protected":false},"featured_media":11777,"comment_status":"open","ping_status":"closed","template":"","meta":{"_acf_changed":false},"product_cat":[88,137],"product_tag":[232,231,228,170,139,222,229,226,146,110,224,225,142,143,223,227,230],"class_list":["post-8021","product","type-product","status-publish","has-post-thumbnail","hentry","product_cat-kaschmir","product_cat-tuecher","product_tag-atmungsaktiv","product_tag-fair-gehandelt","product_tag-handarbeit","product_tag-handgefertigt","product_tag-handgewebt","product_tag-hoechste-qualitaetsansprueche","product_tag-indische-tradition","product_tag-indisches-kaschmir","product_tag-kaschmir","product_tag-klimafreundlich","product_tag-kuschelweiche-haptik","product_tag-luxurioeses-material","product_tag-naturmaterial","product_tag-naturprodukt","product_tag-schurwolle","product_tag-seide","product_tag-traditionsmanufaktur","rtwpvg-product"],"acf":[],"yoast_head":"<!-- This site is optimized with the Yoast SEO Premium plugin v19.3 (Yoast SEO v26.8) - https:\/\/yoast.com\/product\/yoast-seo-premium-wordpress\/ -->\n<title>Oversized Kaschmirtuch - einzigartig und au\u00dfergew\u00f6hnlich<\/title>\n<meta name=\"description\" content=\"Dieser luxuri\u00f6se Oversized Kaschmirschal ist ein absoluter Hingucker als w\u00e4rmender Begleiter, klassisch als Schal oder einfach zum Wohlf\u00fchlen\" \/>\n<meta name=\"robots\" content=\"index, follow, max-snippet:-1, max-image-preview:large, max-video-preview:-1\" \/>\n<link rel=\"canonical\" href=\"https:\/\/hempeline.net\/en\/product\/oversized-kaschmirtuch\/\" \/>\n<meta property=\"og:locale\" content=\"en_GB\" \/>\n<meta property=\"og:type\" content=\"article\" \/>\n<meta property=\"og:title\" content=\"Oversized Kaschmirtuch\" \/>\n<meta property=\"og:description\" content=\"Dieser luxuri\u00f6se Oversized Kaschmirschal ist ein absoluter Hingucker als w\u00e4rmender Begleiter, klassisch als Schal oder einfach zum Wohlf\u00fchlen\" \/>\n<meta property=\"og:url\" content=\"https:\/\/hempeline.net\/en\/product\/oversized-kaschmirtuch\/\" \/>\n<meta property=\"og:site_name\" content=\"hempeline\" \/>\n<meta property=\"article:publisher\" content=\"https:\/\/www.facebook.com\/hempelineCollection\/\" \/>\n<meta property=\"article:modified_time\" content=\"2023-10-13T08:13:35+00:00\" \/>\n<meta property=\"og:image\" content=\"https:\/\/hempeline.net\/wp-content\/uploads\/2021\/08\/Oversize.gif\" \/>\n\t<meta property=\"og:image:width\" content=\"640\" \/>\n\t<meta property=\"og:image:height\" content=\"640\" \/>\n\t<meta property=\"og:image:type\" content=\"image\/gif\" \/>\n<meta name=\"twitter:card\" content=\"summary_large_image\" \/>\n<meta name=\"twitter:label1\" content=\"Estimated reading time\" \/>\n\t<meta name=\"twitter:data1\" content=\"2 minutes\" \/>\n<script type=\"application\/ld+json\" class=\"yoast-schema-graph\">{\"@context\":\"https:\/\/schema.org\",\"@graph\":[{\"@type\":\"WebPage\",\"@id\":\"https:\/\/hempeline.net\/produkt\/oversized-kaschmirtuch\",\"url\":\"https:\/\/hempeline.net\/produkt\/oversized-kaschmirtuch\",\"name\":\"Oversized Kaschmirtuch - einzigartig und au\u00dfergew\u00f6hnlich\",\"isPartOf\":{\"@id\":\"https:\/\/hempeline.net\/#website\"},\"primaryImageOfPage\":{\"@id\":\"https:\/\/hempeline.net\/produkt\/oversized-kaschmirtuch#primaryimage\"},\"image\":{\"@id\":\"https:\/\/hempeline.net\/produkt\/oversized-kaschmirtuch#primaryimage\"},\"thumbnailUrl\":\"https:\/\/hempeline.net\/wp-content\/uploads\/2021\/08\/Oversize.gif\",\"datePublished\":\"2021-08-27T07:58:39+00:00\",\"dateModified\":\"2023-10-13T08:13:35+00:00\",\"description\":\"Dieser luxuri\u00f6se Oversized Kaschmirschal ist ein absoluter Hingucker als w\u00e4rmender Begleiter, klassisch als Schal oder einfach zum Wohlf\u00fchlen\",\"breadcrumb\":{\"@id\":\"https:\/\/hempeline.net\/produkt\/oversized-kaschmirtuch#breadcrumb\"},\"inLanguage\":\"en-GB\",\"potentialAction\":[{\"@type\":\"ReadAction\",\"target\":[\"https:\/\/hempeline.net\/produkt\/oversized-kaschmirtuch\"]}]},{\"@type\":\"ImageObject\",\"inLanguage\":\"en-GB\",\"@id\":\"https:\/\/hempeline.net\/produkt\/oversized-kaschmirtuch#primaryimage\",\"url\":\"https:\/\/hempeline.net\/wp-content\/uploads\/2021\/08\/Oversize.gif\",\"contentUrl\":\"https:\/\/hempeline.net\/wp-content\/uploads\/2021\/08\/Oversize.gif\",\"width\":640,\"height\":640},{\"@type\":\"BreadcrumbList\",\"@id\":\"https:\/\/hempeline.net\/produkt\/oversized-kaschmirtuch#breadcrumb\",\"itemListElement\":[{\"@type\":\"ListItem\",\"position\":1,\"name\":\"Startseite\",\"item\":\"https:\/\/hempeline.net\/\"},{\"@type\":\"ListItem\",\"position\":2,\"name\":\"Alle Produkte\",\"item\":\"https:\/\/hempeline.net\/alle-produkte\"},{\"@type\":\"ListItem\",\"position\":3,\"name\":\"Oversized Kaschmirtuch\"}]},{\"@type\":\"WebSite\",\"@id\":\"https:\/\/hempeline.net\/#website\",\"url\":\"https:\/\/hempeline.net\/\",\"name\":\"hempeline\",\"description\":\"Qualit\u00e4t made in Germany\",\"publisher\":{\"@id\":\"https:\/\/hempeline.net\/#organization\"},\"potentialAction\":[{\"@type\":\"SearchAction\",\"target\":{\"@type\":\"EntryPoint\",\"urlTemplate\":\"https:\/\/hempeline.net\/?s={search_term_string}\"},\"query-input\":{\"@type\":\"PropertyValueSpecification\",\"valueRequired\":true,\"valueName\":\"search_term_string\"}}],\"inLanguage\":\"en-GB\"},{\"@type\":\"Organization\",\"@id\":\"https:\/\/hempeline.net\/#organization\",\"name\":\"hempeline collection\",\"url\":\"https:\/\/hempeline.net\/\",\"logo\":{\"@type\":\"ImageObject\",\"inLanguage\":\"en-GB\",\"@id\":\"https:\/\/hempeline.net\/#\/schema\/logo\/image\/\",\"url\":\"https:\/\/hempeline.net\/wp-content\/uploads\/2020\/07\/LOGO-SCHWARZ.png\",\"contentUrl\":\"https:\/\/hempeline.net\/wp-content\/uploads\/2020\/07\/LOGO-SCHWARZ.png\",\"width\":576,\"height\":576,\"caption\":\"hempeline collection\"},\"image\":{\"@id\":\"https:\/\/hempeline.net\/#\/schema\/logo\/image\/\"},\"sameAs\":[\"https:\/\/www.facebook.com\/hempelineCollection\/\",\"https:\/\/www.instagram.com\/hempeline\/\"]}]}<\/script>\n<!-- \/ Yoast SEO Premium plugin. -->","yoast_head_json":{"title":"Oversized Kaschmirtuch - einzigartig und au\u00dfergew\u00f6hnlich","description":"Dieser luxuri\u00f6se Oversized Kaschmirschal ist ein absoluter Hingucker als w\u00e4rmender Begleiter, klassisch als Schal oder einfach zum Wohlf\u00fchlen","robots":{"index":"index","follow":"follow","max-snippet":"max-snippet:-1","max-image-preview":"max-image-preview:large","max-video-preview":"max-video-preview:-1"},"canonical":"https:\/\/hempeline.net\/en\/product\/oversized-kaschmirtuch\/","og_locale":"en_GB","og_type":"article","og_title":"Oversized Kaschmirtuch","og_description":"Dieser luxuri\u00f6se Oversized Kaschmirschal ist ein absoluter Hingucker als w\u00e4rmender Begleiter, klassisch als Schal oder einfach zum Wohlf\u00fchlen","og_url":"https:\/\/hempeline.net\/en\/product\/oversized-kaschmirtuch\/","og_site_name":"hempeline","article_publisher":"https:\/\/www.facebook.com\/hempelineCollection\/","article_modified_time":"2023-10-13T08:13:35+00:00","og_image":[{"url":"https:\/\/hempeline.net\/wp-content\/uploads\/2021\/08\/Oversize.gif","width":640,"height":640,"type":"image\/gif"}],"twitter_card":"summary_large_image","twitter_misc":{"Estimated reading time":"2 minutes"},"schema":{"@context":"https:\/\/schema.org","@graph":[{"@type":"WebPage","@id":"https:\/\/hempeline.net\/produkt\/oversized-kaschmirtuch","url":"https:\/\/hempeline.net\/produkt\/oversized-kaschmirtuch","name":"Oversized Kaschmirtuch - einzigartig und au\u00dfergew\u00f6hnlich","isPartOf":{"@id":"https:\/\/hempeline.net\/#website"},"primaryImageOfPage":{"@id":"https:\/\/hempeline.net\/produkt\/oversized-kaschmirtuch#primaryimage"},"image":{"@id":"https:\/\/hempeline.net\/produkt\/oversized-kaschmirtuch#primaryimage"},"thumbnailUrl":"https:\/\/hempeline.net\/wp-content\/uploads\/2021\/08\/Oversize.gif","datePublished":"2021-08-27T07:58:39+00:00","dateModified":"2023-10-13T08:13:35+00:00","description":"Dieser luxuri\u00f6se Oversized Kaschmirschal ist ein absoluter Hingucker als w\u00e4rmender Begleiter, klassisch als Schal oder einfach zum Wohlf\u00fchlen","breadcrumb":{"@id":"https:\/\/hempeline.net\/produkt\/oversized-kaschmirtuch#breadcrumb"},"inLanguage":"en-GB","potentialAction":[{"@type":"ReadAction","target":["https:\/\/hempeline.net\/produkt\/oversized-kaschmirtuch"]}]},{"@type":"ImageObject","inLanguage":"en-GB","@id":"https:\/\/hempeline.net\/produkt\/oversized-kaschmirtuch#primaryimage","url":"https:\/\/hempeline.net\/wp-content\/uploads\/2021\/08\/Oversize.gif","contentUrl":"https:\/\/hempeline.net\/wp-content\/uploads\/2021\/08\/Oversize.gif","width":640,"height":640},{"@type":"BreadcrumbList","@id":"https:\/\/hempeline.net\/produkt\/oversized-kaschmirtuch#breadcrumb","itemListElement":[{"@type":"ListItem","position":1,"name":"Startseite","item":"https:\/\/hempeline.net\/"},{"@type":"ListItem","position":2,"name":"Alle Produkte","item":"https:\/\/hempeline.net\/alle-produkte"},{"@type":"ListItem","position":3,"name":"Oversized Kaschmirtuch"}]},{"@type":"WebSite","@id":"https:\/\/hempeline.net\/#website","url":"https:\/\/hempeline.net\/","name":"hempeline","description":"Quality made in Germany","publisher":{"@id":"https:\/\/hempeline.net\/#organization"},"potentialAction":[{"@type":"SearchAction","target":{"@type":"EntryPoint","urlTemplate":"https:\/\/hempeline.net\/?s={search_term_string}"},"query-input":{"@type":"PropertyValueSpecification","valueRequired":true,"valueName":"search_term_string"}}],"inLanguage":"en-GB"},{"@type":"Organization","@id":"https:\/\/hempeline.net\/#organization","name":"hempeline collection","url":"https:\/\/hempeline.net\/","logo":{"@type":"ImageObject","inLanguage":"en-GB","@id":"https:\/\/hempeline.net\/#\/schema\/logo\/image\/","url":"https:\/\/hempeline.net\/wp-content\/uploads\/2020\/07\/LOGO-SCHWARZ.png","contentUrl":"https:\/\/hempeline.net\/wp-content\/uploads\/2020\/07\/LOGO-SCHWARZ.png","width":576,"height":576,"caption":"hempeline collection"},"image":{"@id":"https:\/\/hempeline.net\/#\/schema\/logo\/image\/"},"sameAs":["https:\/\/www.facebook.com\/hempelineCollection\/","https:\/\/www.instagram.com\/hempeline\/"]}]}},"_links":{"self":[{"href":"https:\/\/hempeline.net\/en\/wp-json\/wp\/v2\/product\/8021","targetHints":{"allow":["GET"]}}],"collection":[{"href":"https:\/\/hempeline.net\/en\/wp-json\/wp\/v2\/product"}],"about":[{"href":"https:\/\/hempeline.net\/en\/wp-json\/wp\/v2\/types\/product"}],"replies":[{"embeddable":true,"href":"https:\/\/hempeline.net\/en\/wp-json\/wp\/v2\/comments?post=8021"}],"wp:featuredmedia":[{"embeddable":true,"href":"https:\/\/hempeline.net\/en\/wp-json\/wp\/v2\/media\/11777"}],"wp:attachment":[{"href":"https:\/\/hempeline.net\/en\/wp-json\/wp\/v2\/media?parent=8021"}],"wp:term":[{"taxonomy":"product_cat","embeddable":true,"href":"https:\/\/hempeline.net\/en\/wp-json\/wp\/v2\/product_cat?post=8021"},{"taxonomy":"product_tag","embeddable":true,"href":"https:\/\/hempeline.net\/en\/wp-json\/wp\/v2\/product_tag?post=8021"}],"curies":[{"name":"wp","href":"https:\/\/api.w.org\/{rel}","templated":true}]}}