{"id":7655,"date":"2021-08-27T07:33:24","date_gmt":"2021-08-27T07:33:24","guid":{"rendered":"https:\/\/test.hempeline.net\/produkt\/handgewebter-2-farbiger-kaschmirtuch"},"modified":"2023-04-19T20:41:44","modified_gmt":"2023-04-19T18:41:44","slug":"kaschmirtuch-mit-farbverlauf","status":"publish","type":"product","link":"https:\/\/hempeline.net\/en\/product\/kaschmirtuch-mit-farbverlauf","title":{"rendered":"Handgewebtes Kaschmirtuch mit Farbverlauf"},"content":{"rendered":"<p>Die Kaschmirwolle ist ein\u00a0<strong>NATURMATERIAL<\/strong> \u2013 sie entspricht <strong>h\u00f6chsten Qualit\u00e4tsanspr\u00fcchen<\/strong> und bringt Tragekomfort der Extraklasse in dieses Pashmina Produkt.<\/p>\n<p>Die\u00a0<strong>AU<\/strong><strong>SS<\/strong><strong>ERGEW\u00d6HNLICH FEINE VERARBEITUNG<\/strong> der Kaschmirwolle formt ein filigranes und zartes Kaschmirtuch mit Farbverlauf, welches mit Schlichtheit, Eleganz und Leichtigkeit \u00fcberzeugt. Dieses in Kaschmir nach einer handwerklichen F\u00e4rbe- und Webkunst mit pr\u00e4chtigen Farbverl\u00e4ufen gearbeitete Pashmina Tuch bringt Feminit\u00e4t zum Ausdruck.<\/p>\n<p>Durch einen geringen Anteil an Merinowolle und seine besondere F\u00e4rbung <strong>SCHIMMERT<\/strong>\u00a0and\u00a0<strong>STRAHLT<\/strong>\u00a0diese <em>hempeline<\/em> Kaschmirtuch Variante ganz besonders. Jeder Lichtstrahl betont die Sch\u00f6nheit dieses <strong>Naturprodukts<\/strong>.<\/p>\n<p>Das<strong>\u00a0EDLE WEBMUSTER<\/strong> betont die Sch\u00f6nheit der Kaschmirwolle und ihrer Fasern. So passt sich das <em>hempeline <\/em>Kaschmirtuch mit Farbverlauf m\u00fchelos an deinen pers\u00f6nlichen Stil an.<\/p>\n<p><strong>UNISEX TRAGBAR<\/strong>, hat der Pashmina Schal eine <strong>gro\u00dfz\u00fcgige Gr\u00f6\u00dfe<\/strong>\u00a0von 70\u00a0cm x 200 cm und l\u00e4sst sich unterschiedlich drapieren und stylen.<\/p>\n<p class=\"translation-block\"><strong>CLIMATE-FRIENDLY<\/strong> - For every product sold, we donate \u20ac4 to a reforestation project in Costa Rica. \u20ac500 plant one tree.<\/p>\n<p class=\"translation-block\">We always make sure to work with companies where craftsmanship is loved and lived - where people and nature are honoured and appreciated.<\/p>\n<p class=\"translation-block\"><strong>BREATHABLE AND <a href=\"http:\/\/test.hempeline.net\/kaschmirpflege\" target=\"_self\">EASY TO CARE<\/a><\/strong> - <strong>pure cashmere wool<\/strong> is warming in the cold and cooling in the heat, yet it has excellent, all-natural <strong>temperature- and moisture-regulating properties<\/strong>. That is why modern sportswear made of wool fibers is becoming increasingly popular. Regular airing keeps the scarf fresh longer thanks to the dirt-repellent properties of pure wool.<\/p>\n<p>Professional cleaning recommended for heavier  contaminations .<br><br \/>\nFarben: AZO Free.<\/p>","protected":false},"excerpt":{"rendered":"<p><strong>LUXURI\u00d6S\u00a0&amp; NACHHALTIG\u00a0<\/strong>bereichert<strong>\u00a0<\/strong>dieses Kaschmirtuch mit Farbverlauf jede Garderobe. Alle Farbvarianten sind<strong> GENTLY DYED <\/strong>und bestechen durch ihren einzigartigen und unverkennbaren<strong>\u00a0Farbverlauf.<\/strong><\/p>","protected":false},"featured_media":8786,"comment_status":"open","ping_status":"closed","template":"","meta":{"_acf_changed":false},"product_cat":[88,137],"product_tag":[232,231,228,170,139,222,229,226,146,110,224,225,142,143,223,227,230],"class_list":["post-7655","product","type-product","status-publish","has-post-thumbnail","hentry","product_cat-kaschmir","product_cat-tuecher","product_tag-atmungsaktiv","product_tag-fair-gehandelt","product_tag-handarbeit","product_tag-handgefertigt","product_tag-handgewebt","product_tag-hoechste-qualitaetsansprueche","product_tag-indische-tradition","product_tag-indisches-kaschmir","product_tag-kaschmir","product_tag-klimafreundlich","product_tag-kuschelweiche-haptik","product_tag-luxurioeses-material","product_tag-naturmaterial","product_tag-naturprodukt","product_tag-schurwolle","product_tag-seide","product_tag-traditionsmanufaktur","rtwpvg-product"],"acf":[],"yoast_head":"<!-- This site is optimized with the Yoast SEO Premium plugin v19.3 (Yoast SEO v26.8) - https:\/\/yoast.com\/product\/yoast-seo-premium-wordpress\/ -->\n<title>Kaschmirtuch mit Farbverlauf in strahlenden Farben<\/title>\n<meta name=\"description\" content=\"Dieses Kaschmirtuch mit Farbverlauf ist nach alter indischer Tradition gewebt und begeistert durch seine besonders feine Kaschmirwolle.\" \/>\n<meta name=\"robots\" content=\"index, follow, max-snippet:-1, max-image-preview:large, max-video-preview:-1\" \/>\n<link rel=\"canonical\" href=\"https:\/\/hempeline.net\/en\/product\/kaschmirtuch-mit-farbverlauf\/\" \/>\n<meta property=\"og:locale\" content=\"en_GB\" \/>\n<meta property=\"og:type\" content=\"article\" \/>\n<meta property=\"og:title\" content=\"Handgewebtes Kaschmirtuch mit Farbverlauf\" \/>\n<meta property=\"og:description\" content=\"Dieses Kaschmirtuch mit Farbverlauf ist nach alter indischer Tradition gewebt und begeistert durch seine besonders feine Kaschmirwolle.\" \/>\n<meta property=\"og:url\" content=\"https:\/\/hempeline.net\/en\/product\/kaschmirtuch-mit-farbverlauf\/\" \/>\n<meta property=\"og:site_name\" content=\"hempeline\" \/>\n<meta property=\"article:publisher\" content=\"https:\/\/www.facebook.com\/hempelineCollection\/\" \/>\n<meta property=\"article:modified_time\" content=\"2023-04-19T18:41:44+00:00\" \/>\n<meta property=\"og:image\" content=\"https:\/\/hempeline.net\/wp-content\/uploads\/2021\/08\/hempeline_Cashmere_Jewellery_MakeUp-15-scaled-scaled.jpeg\" \/>\n\t<meta property=\"og:image:width\" content=\"2048\" \/>\n\t<meta property=\"og:image:height\" content=\"2048\" \/>\n\t<meta property=\"og:image:type\" content=\"image\/jpeg\" \/>\n<meta name=\"twitter:card\" content=\"summary_large_image\" \/>\n<meta name=\"twitter:label1\" content=\"Estimated reading time\" \/>\n\t<meta name=\"twitter:data1\" content=\"2 minutes\" \/>\n<script type=\"application\/ld+json\" class=\"yoast-schema-graph\">{\"@context\":\"https:\/\/schema.org\",\"@graph\":[{\"@type\":\"WebPage\",\"@id\":\"https:\/\/hempeline.net\/produkt\/kaschmirtuch-mit-farbverlauf\",\"url\":\"https:\/\/hempeline.net\/produkt\/kaschmirtuch-mit-farbverlauf\",\"name\":\"Kaschmirtuch mit Farbverlauf in strahlenden Farben\",\"isPartOf\":{\"@id\":\"https:\/\/hempeline.net\/#website\"},\"primaryImageOfPage\":{\"@id\":\"https:\/\/hempeline.net\/produkt\/kaschmirtuch-mit-farbverlauf#primaryimage\"},\"image\":{\"@id\":\"https:\/\/hempeline.net\/produkt\/kaschmirtuch-mit-farbverlauf#primaryimage\"},\"thumbnailUrl\":\"https:\/\/hempeline.net\/wp-content\/uploads\/2021\/08\/hempeline_Cashmere_Jewellery_MakeUp-15-scaled-scaled.jpeg\",\"datePublished\":\"2021-08-27T07:33:24+00:00\",\"dateModified\":\"2023-04-19T18:41:44+00:00\",\"description\":\"Dieses Kaschmirtuch mit Farbverlauf ist nach alter indischer Tradition gewebt und begeistert durch seine besonders feine Kaschmirwolle.\",\"breadcrumb\":{\"@id\":\"https:\/\/hempeline.net\/produkt\/kaschmirtuch-mit-farbverlauf#breadcrumb\"},\"inLanguage\":\"en-GB\",\"potentialAction\":[{\"@type\":\"ReadAction\",\"target\":[\"https:\/\/hempeline.net\/produkt\/kaschmirtuch-mit-farbverlauf\"]}]},{\"@type\":\"ImageObject\",\"inLanguage\":\"en-GB\",\"@id\":\"https:\/\/hempeline.net\/produkt\/kaschmirtuch-mit-farbverlauf#primaryimage\",\"url\":\"https:\/\/hempeline.net\/wp-content\/uploads\/2021\/08\/hempeline_Cashmere_Jewellery_MakeUp-15-scaled-scaled.jpeg\",\"contentUrl\":\"https:\/\/hempeline.net\/wp-content\/uploads\/2021\/08\/hempeline_Cashmere_Jewellery_MakeUp-15-scaled-scaled.jpeg\",\"width\":2048,\"height\":2048,\"caption\":\"Kaschmirtuch mit Farbverlauf\"},{\"@type\":\"BreadcrumbList\",\"@id\":\"https:\/\/hempeline.net\/produkt\/kaschmirtuch-mit-farbverlauf#breadcrumb\",\"itemListElement\":[{\"@type\":\"ListItem\",\"position\":1,\"name\":\"Startseite\",\"item\":\"https:\/\/hempeline.net\/\"},{\"@type\":\"ListItem\",\"position\":2,\"name\":\"Alle Produkte\",\"item\":\"https:\/\/hempeline.net\/alle-produkte\"},{\"@type\":\"ListItem\",\"position\":3,\"name\":\"Handgewebtes Kaschmirtuch mit Farbverlauf\"}]},{\"@type\":\"WebSite\",\"@id\":\"https:\/\/hempeline.net\/#website\",\"url\":\"https:\/\/hempeline.net\/\",\"name\":\"hempeline\",\"description\":\"Qualit\u00e4t made in Germany\",\"publisher\":{\"@id\":\"https:\/\/hempeline.net\/#organization\"},\"potentialAction\":[{\"@type\":\"SearchAction\",\"target\":{\"@type\":\"EntryPoint\",\"urlTemplate\":\"https:\/\/hempeline.net\/?s={search_term_string}\"},\"query-input\":{\"@type\":\"PropertyValueSpecification\",\"valueRequired\":true,\"valueName\":\"search_term_string\"}}],\"inLanguage\":\"en-GB\"},{\"@type\":\"Organization\",\"@id\":\"https:\/\/hempeline.net\/#organization\",\"name\":\"hempeline collection\",\"url\":\"https:\/\/hempeline.net\/\",\"logo\":{\"@type\":\"ImageObject\",\"inLanguage\":\"en-GB\",\"@id\":\"https:\/\/hempeline.net\/#\/schema\/logo\/image\/\",\"url\":\"https:\/\/hempeline.net\/wp-content\/uploads\/2020\/07\/LOGO-SCHWARZ.png\",\"contentUrl\":\"https:\/\/hempeline.net\/wp-content\/uploads\/2020\/07\/LOGO-SCHWARZ.png\",\"width\":576,\"height\":576,\"caption\":\"hempeline collection\"},\"image\":{\"@id\":\"https:\/\/hempeline.net\/#\/schema\/logo\/image\/\"},\"sameAs\":[\"https:\/\/www.facebook.com\/hempelineCollection\/\",\"https:\/\/www.instagram.com\/hempeline\/\"]}]}<\/script>\n<!-- \/ Yoast SEO Premium plugin. -->","yoast_head_json":{"title":"Kaschmirtuch mit Farbverlauf in strahlenden Farben","description":"Dieses Kaschmirtuch mit Farbverlauf ist nach alter indischer Tradition gewebt und begeistert durch seine besonders feine Kaschmirwolle.","robots":{"index":"index","follow":"follow","max-snippet":"max-snippet:-1","max-image-preview":"max-image-preview:large","max-video-preview":"max-video-preview:-1"},"canonical":"https:\/\/hempeline.net\/en\/product\/kaschmirtuch-mit-farbverlauf\/","og_locale":"en_GB","og_type":"article","og_title":"Handgewebtes Kaschmirtuch mit Farbverlauf","og_description":"Dieses Kaschmirtuch mit Farbverlauf ist nach alter indischer Tradition gewebt und begeistert durch seine besonders feine Kaschmirwolle.","og_url":"https:\/\/hempeline.net\/en\/product\/kaschmirtuch-mit-farbverlauf\/","og_site_name":"hempeline","article_publisher":"https:\/\/www.facebook.com\/hempelineCollection\/","article_modified_time":"2023-04-19T18:41:44+00:00","og_image":[{"width":2048,"height":2048,"url":"https:\/\/hempeline.net\/wp-content\/uploads\/2021\/08\/hempeline_Cashmere_Jewellery_MakeUp-15-scaled-scaled.jpeg","type":"image\/jpeg"}],"twitter_card":"summary_large_image","twitter_misc":{"Estimated reading time":"2 minutes"},"schema":{"@context":"https:\/\/schema.org","@graph":[{"@type":"WebPage","@id":"https:\/\/hempeline.net\/produkt\/kaschmirtuch-mit-farbverlauf","url":"https:\/\/hempeline.net\/produkt\/kaschmirtuch-mit-farbverlauf","name":"Kaschmirtuch mit Farbverlauf in strahlenden Farben","isPartOf":{"@id":"https:\/\/hempeline.net\/#website"},"primaryImageOfPage":{"@id":"https:\/\/hempeline.net\/produkt\/kaschmirtuch-mit-farbverlauf#primaryimage"},"image":{"@id":"https:\/\/hempeline.net\/produkt\/kaschmirtuch-mit-farbverlauf#primaryimage"},"thumbnailUrl":"https:\/\/hempeline.net\/wp-content\/uploads\/2021\/08\/hempeline_Cashmere_Jewellery_MakeUp-15-scaled-scaled.jpeg","datePublished":"2021-08-27T07:33:24+00:00","dateModified":"2023-04-19T18:41:44+00:00","description":"Dieses Kaschmirtuch mit Farbverlauf ist nach alter indischer Tradition gewebt und begeistert durch seine besonders feine Kaschmirwolle.","breadcrumb":{"@id":"https:\/\/hempeline.net\/produkt\/kaschmirtuch-mit-farbverlauf#breadcrumb"},"inLanguage":"en-GB","potentialAction":[{"@type":"ReadAction","target":["https:\/\/hempeline.net\/produkt\/kaschmirtuch-mit-farbverlauf"]}]},{"@type":"ImageObject","inLanguage":"en-GB","@id":"https:\/\/hempeline.net\/produkt\/kaschmirtuch-mit-farbverlauf#primaryimage","url":"https:\/\/hempeline.net\/wp-content\/uploads\/2021\/08\/hempeline_Cashmere_Jewellery_MakeUp-15-scaled-scaled.jpeg","contentUrl":"https:\/\/hempeline.net\/wp-content\/uploads\/2021\/08\/hempeline_Cashmere_Jewellery_MakeUp-15-scaled-scaled.jpeg","width":2048,"height":2048,"caption":"Kaschmirtuch mit Farbverlauf"},{"@type":"BreadcrumbList","@id":"https:\/\/hempeline.net\/produkt\/kaschmirtuch-mit-farbverlauf#breadcrumb","itemListElement":[{"@type":"ListItem","position":1,"name":"Startseite","item":"https:\/\/hempeline.net\/"},{"@type":"ListItem","position":2,"name":"Alle Produkte","item":"https:\/\/hempeline.net\/alle-produkte"},{"@type":"ListItem","position":3,"name":"Handgewebtes Kaschmirtuch mit Farbverlauf"}]},{"@type":"WebSite","@id":"https:\/\/hempeline.net\/#website","url":"https:\/\/hempeline.net\/","name":"hempeline","description":"Quality made in Germany","publisher":{"@id":"https:\/\/hempeline.net\/#organization"},"potentialAction":[{"@type":"SearchAction","target":{"@type":"EntryPoint","urlTemplate":"https:\/\/hempeline.net\/?s={search_term_string}"},"query-input":{"@type":"PropertyValueSpecification","valueRequired":true,"valueName":"search_term_string"}}],"inLanguage":"en-GB"},{"@type":"Organization","@id":"https:\/\/hempeline.net\/#organization","name":"hempeline collection","url":"https:\/\/hempeline.net\/","logo":{"@type":"ImageObject","inLanguage":"en-GB","@id":"https:\/\/hempeline.net\/#\/schema\/logo\/image\/","url":"https:\/\/hempeline.net\/wp-content\/uploads\/2020\/07\/LOGO-SCHWARZ.png","contentUrl":"https:\/\/hempeline.net\/wp-content\/uploads\/2020\/07\/LOGO-SCHWARZ.png","width":576,"height":576,"caption":"hempeline collection"},"image":{"@id":"https:\/\/hempeline.net\/#\/schema\/logo\/image\/"},"sameAs":["https:\/\/www.facebook.com\/hempelineCollection\/","https:\/\/www.instagram.com\/hempeline\/"]}]}},"_links":{"self":[{"href":"https:\/\/hempeline.net\/en\/wp-json\/wp\/v2\/product\/7655","targetHints":{"allow":["GET"]}}],"collection":[{"href":"https:\/\/hempeline.net\/en\/wp-json\/wp\/v2\/product"}],"about":[{"href":"https:\/\/hempeline.net\/en\/wp-json\/wp\/v2\/types\/product"}],"replies":[{"embeddable":true,"href":"https:\/\/hempeline.net\/en\/wp-json\/wp\/v2\/comments?post=7655"}],"wp:featuredmedia":[{"embeddable":true,"href":"https:\/\/hempeline.net\/en\/wp-json\/wp\/v2\/media\/8786"}],"wp:attachment":[{"href":"https:\/\/hempeline.net\/en\/wp-json\/wp\/v2\/media?parent=7655"}],"wp:term":[{"taxonomy":"product_cat","embeddable":true,"href":"https:\/\/hempeline.net\/en\/wp-json\/wp\/v2\/product_cat?post=7655"},{"taxonomy":"product_tag","embeddable":true,"href":"https:\/\/hempeline.net\/en\/wp-json\/wp\/v2\/product_tag?post=7655"}],"curies":[{"name":"wp","href":"https:\/\/api.w.org\/{rel}","templated":true}]}}