{"id":7644,"date":"2021-08-27T07:33:07","date_gmt":"2021-08-27T07:33:07","guid":{"rendered":"https:\/\/test.hempeline.net\/produkt\/handgewebte-kaschmirdecke"},"modified":"2024-12-16T20:08:21","modified_gmt":"2024-12-16T19:08:21","slug":"handgewebte-kaschmirdecke","status":"publish","type":"product","link":"https:\/\/hempeline.net\/en\/product\/handgewebte-kaschmirdecke","title":{"rendered":"Handwoven cashmere blanket"},"content":{"rendered":"<p><strong>EXQUISIT &amp; ZEITLOS SCH\u00d6N<\/strong> veredelt diese Decke aus reiner Kaschmirwolle jeden Raum mit einem Hauch von Luxus.<\/p>\n<p><strong>LEICHT &amp; W\u00c4RMEND\u00a0<\/strong>schmiegt sich die handgewebte Kaschmirdecke dem K\u00f6rper an ohne zu beschweren. Ob laue Sommernacht oder kalter Wintertag, diese Decke ist immer der richtige Begleiter.<\/p>\n<p><strong>HANDGEWEBT<\/strong> ist die handgewebte Kaschmirdecke von <a href=\"https:\/\/hempe-line.de\/kaschmir\"><em>hempeline cashmere<\/em><\/a>\u00a0\u2013 anders als gekettelte oder Fleece-Decken aus Wolle \u2013 ein dekoratives Statement, das dein Zuhause noch\u00a0<strong>behaglicher und sch\u00f6ner<\/strong>\u00a0macht.<\/p>\n<p><strong>VIELSEITIG<\/strong>: Das kontrastreiche, moderne, an klassisches Fischgr\u00e4tmuster angelehnte Webmuster passt sich mit Leichtigkeit an eine Vielzahl von Einrichtungsstilen an \u2013 von Loft bis Landhaus. Die Decke ist in den Farbvarianten ZICK ZACK Grau als Fischgr\u00e4tmuster erh\u00e4ltlich. Dar\u00fcber hinaus haben wir diese wundervolle Decke aus reiner Kaschmirwolle auch in der Variante DIAMOND in Beige f\u00fcr dich verf\u00fcgbar.<\/p>\n<p class=\"translation-block\"><strong>CLIMATE-FRIENDLY<\/strong> - For every product sold, we donate \u20ac4 to a reforestation project in Costa Rica. \u20ac500 plant one tree.<\/p>\n<p class=\"translation-block\">We always make sure to work with companies where craftsmanship is loved and lived - where people and nature are honoured and appreciated.<\/p>","protected":false},"excerpt":{"rendered":"<p class=\"translation-block\"><strong>LUXURIOUS &amp; SUSTAINABLE<\/strong> - this traditionally crafted, handwoven cashmere blanket will enrich your living ambiance.<\/p>\n<p class=\"translation-block\">Cashmere wool is a <strong>NATURAL MATERIAL<\/strong> - it meets the highest quality standards and brings cuddly extra class comfort into your home.<\/p>\n<p>Ma\u00dfe: <strong>270cm x 135cm<\/strong><\/p>","protected":false},"featured_media":9322,"comment_status":"open","ping_status":"closed","template":"","meta":{"_acf_changed":false},"product_cat":[88,136],"product_tag":[232,231,228,170,139,222,229,226,146,110,224,225,142,143,223,227,230],"class_list":["post-7644","product","type-product","status-publish","has-post-thumbnail","hentry","product_cat-kaschmir","product_cat-decken","product_tag-atmungsaktiv","product_tag-fair-gehandelt","product_tag-handarbeit","product_tag-handgefertigt","product_tag-handgewebt","product_tag-hoechste-qualitaetsansprueche","product_tag-indische-tradition","product_tag-indisches-kaschmir","product_tag-kaschmir","product_tag-klimafreundlich","product_tag-kuschelweiche-haptik","product_tag-luxurioeses-material","product_tag-naturmaterial","product_tag-naturprodukt","product_tag-schurwolle","product_tag-seide","product_tag-traditionsmanufaktur","rtwpvg-product"],"acf":[],"yoast_head":"<!-- This site is optimized with the Yoast SEO Premium plugin v19.3 (Yoast SEO v26.8) - https:\/\/yoast.com\/product\/yoast-seo-premium-wordpress\/ -->\n<title>Handgewebte Kaschmirdecke &#8226; von hempeline f\u00fcr dich<\/title>\n<meta name=\"description\" content=\"Diese handgewebte Kaschmirdecke aus 100% Kaschmirwolle ist leicht, schmeichelnd und w\u00e4rmend zugleich. Ihr Muster bereichert jedes Homedekor.\" \/>\n<meta name=\"robots\" content=\"index, follow, max-snippet:-1, max-image-preview:large, max-video-preview:-1\" \/>\n<link rel=\"canonical\" href=\"https:\/\/hempeline.net\/en\/product\/handgewebte-kaschmirdecke\/\" \/>\n<meta property=\"og:locale\" content=\"en_GB\" \/>\n<meta property=\"og:type\" content=\"article\" \/>\n<meta property=\"og:title\" content=\"Handgewebte Kaschmirdecke\" \/>\n<meta property=\"og:description\" content=\"Diese handgewebte Kaschmirdecke aus 100% Kaschmirwolle ist leicht, schmeichelnd und w\u00e4rmend zugleich. Ihr Muster bereichert jedes Homedekor.\" \/>\n<meta property=\"og:url\" content=\"https:\/\/hempeline.net\/en\/product\/handgewebte-kaschmirdecke\/\" \/>\n<meta property=\"og:site_name\" content=\"hempeline\" \/>\n<meta property=\"article:publisher\" content=\"https:\/\/www.facebook.com\/hempelineCollection\/\" \/>\n<meta property=\"article:modified_time\" content=\"2024-12-16T19:08:21+00:00\" \/>\n<meta property=\"og:image\" content=\"https:\/\/hempeline.net\/wp-content\/uploads\/2021\/08\/USP_Decke-1.jpg\" \/>\n\t<meta property=\"og:image:width\" content=\"1000\" \/>\n\t<meta property=\"og:image:height\" content=\"1000\" \/>\n\t<meta property=\"og:image:type\" content=\"image\/jpeg\" \/>\n<meta name=\"twitter:card\" content=\"summary_large_image\" \/>\n<meta name=\"twitter:label1\" content=\"Estimated reading time\" \/>\n\t<meta name=\"twitter:data1\" content=\"1 minute\" \/>\n<script type=\"application\/ld+json\" class=\"yoast-schema-graph\">{\"@context\":\"https:\/\/schema.org\",\"@graph\":[{\"@type\":\"WebPage\",\"@id\":\"https:\/\/hempeline.net\/produkt\/handgewebte-kaschmirdecke\",\"url\":\"https:\/\/hempeline.net\/produkt\/handgewebte-kaschmirdecke\",\"name\":\"Handgewebte Kaschmirdecke &#8226; von hempeline f\u00fcr dich\",\"isPartOf\":{\"@id\":\"https:\/\/hempeline.net\/#website\"},\"primaryImageOfPage\":{\"@id\":\"https:\/\/hempeline.net\/produkt\/handgewebte-kaschmirdecke#primaryimage\"},\"image\":{\"@id\":\"https:\/\/hempeline.net\/produkt\/handgewebte-kaschmirdecke#primaryimage\"},\"thumbnailUrl\":\"https:\/\/hempeline.net\/wp-content\/uploads\/2021\/08\/USP_Decke-1.jpg\",\"datePublished\":\"2021-08-27T07:33:07+00:00\",\"dateModified\":\"2024-12-16T19:08:21+00:00\",\"description\":\"Diese handgewebte Kaschmirdecke aus 100% Kaschmirwolle ist leicht, schmeichelnd und w\u00e4rmend zugleich. Ihr Muster bereichert jedes Homedekor.\",\"breadcrumb\":{\"@id\":\"https:\/\/hempeline.net\/produkt\/handgewebte-kaschmirdecke#breadcrumb\"},\"inLanguage\":\"en-GB\",\"potentialAction\":[{\"@type\":\"ReadAction\",\"target\":[\"https:\/\/hempeline.net\/produkt\/handgewebte-kaschmirdecke\"]}]},{\"@type\":\"ImageObject\",\"inLanguage\":\"en-GB\",\"@id\":\"https:\/\/hempeline.net\/produkt\/handgewebte-kaschmirdecke#primaryimage\",\"url\":\"https:\/\/hempeline.net\/wp-content\/uploads\/2021\/08\/USP_Decke-1.jpg\",\"contentUrl\":\"https:\/\/hempeline.net\/wp-content\/uploads\/2021\/08\/USP_Decke-1.jpg\",\"width\":1000,\"height\":1000},{\"@type\":\"BreadcrumbList\",\"@id\":\"https:\/\/hempeline.net\/produkt\/handgewebte-kaschmirdecke#breadcrumb\",\"itemListElement\":[{\"@type\":\"ListItem\",\"position\":1,\"name\":\"Startseite\",\"item\":\"https:\/\/hempeline.net\/\"},{\"@type\":\"ListItem\",\"position\":2,\"name\":\"Alle Produkte\",\"item\":\"https:\/\/hempeline.net\/alle-produkte\"},{\"@type\":\"ListItem\",\"position\":3,\"name\":\"Handgewebte Kaschmirdecke\"}]},{\"@type\":\"WebSite\",\"@id\":\"https:\/\/hempeline.net\/#website\",\"url\":\"https:\/\/hempeline.net\/\",\"name\":\"hempeline\",\"description\":\"Qualit\u00e4t made in Germany\",\"publisher\":{\"@id\":\"https:\/\/hempeline.net\/#organization\"},\"potentialAction\":[{\"@type\":\"SearchAction\",\"target\":{\"@type\":\"EntryPoint\",\"urlTemplate\":\"https:\/\/hempeline.net\/?s={search_term_string}\"},\"query-input\":{\"@type\":\"PropertyValueSpecification\",\"valueRequired\":true,\"valueName\":\"search_term_string\"}}],\"inLanguage\":\"en-GB\"},{\"@type\":\"Organization\",\"@id\":\"https:\/\/hempeline.net\/#organization\",\"name\":\"hempeline collection\",\"url\":\"https:\/\/hempeline.net\/\",\"logo\":{\"@type\":\"ImageObject\",\"inLanguage\":\"en-GB\",\"@id\":\"https:\/\/hempeline.net\/#\/schema\/logo\/image\/\",\"url\":\"https:\/\/hempeline.net\/wp-content\/uploads\/2020\/07\/LOGO-SCHWARZ.png\",\"contentUrl\":\"https:\/\/hempeline.net\/wp-content\/uploads\/2020\/07\/LOGO-SCHWARZ.png\",\"width\":576,\"height\":576,\"caption\":\"hempeline collection\"},\"image\":{\"@id\":\"https:\/\/hempeline.net\/#\/schema\/logo\/image\/\"},\"sameAs\":[\"https:\/\/www.facebook.com\/hempelineCollection\/\",\"https:\/\/www.instagram.com\/hempeline\/\"]}]}<\/script>\n<!-- \/ Yoast SEO Premium plugin. -->","yoast_head_json":{"title":"Handgewebte Kaschmirdecke &#8226; von hempeline f\u00fcr dich","description":"Diese handgewebte Kaschmirdecke aus 100% Kaschmirwolle ist leicht, schmeichelnd und w\u00e4rmend zugleich. Ihr Muster bereichert jedes Homedekor.","robots":{"index":"index","follow":"follow","max-snippet":"max-snippet:-1","max-image-preview":"max-image-preview:large","max-video-preview":"max-video-preview:-1"},"canonical":"https:\/\/hempeline.net\/en\/product\/handgewebte-kaschmirdecke\/","og_locale":"en_GB","og_type":"article","og_title":"Handgewebte Kaschmirdecke","og_description":"Diese handgewebte Kaschmirdecke aus 100% Kaschmirwolle ist leicht, schmeichelnd und w\u00e4rmend zugleich. Ihr Muster bereichert jedes Homedekor.","og_url":"https:\/\/hempeline.net\/en\/product\/handgewebte-kaschmirdecke\/","og_site_name":"hempeline","article_publisher":"https:\/\/www.facebook.com\/hempelineCollection\/","article_modified_time":"2024-12-16T19:08:21+00:00","og_image":[{"width":1000,"height":1000,"url":"https:\/\/hempeline.net\/wp-content\/uploads\/2021\/08\/USP_Decke-1.jpg","type":"image\/jpeg"}],"twitter_card":"summary_large_image","twitter_misc":{"Estimated reading time":"1 minute"},"schema":{"@context":"https:\/\/schema.org","@graph":[{"@type":"WebPage","@id":"https:\/\/hempeline.net\/produkt\/handgewebte-kaschmirdecke","url":"https:\/\/hempeline.net\/produkt\/handgewebte-kaschmirdecke","name":"Handgewebte Kaschmirdecke &#8226; von hempeline f\u00fcr dich","isPartOf":{"@id":"https:\/\/hempeline.net\/#website"},"primaryImageOfPage":{"@id":"https:\/\/hempeline.net\/produkt\/handgewebte-kaschmirdecke#primaryimage"},"image":{"@id":"https:\/\/hempeline.net\/produkt\/handgewebte-kaschmirdecke#primaryimage"},"thumbnailUrl":"https:\/\/hempeline.net\/wp-content\/uploads\/2021\/08\/USP_Decke-1.jpg","datePublished":"2021-08-27T07:33:07+00:00","dateModified":"2024-12-16T19:08:21+00:00","description":"Diese handgewebte Kaschmirdecke aus 100% Kaschmirwolle ist leicht, schmeichelnd und w\u00e4rmend zugleich. Ihr Muster bereichert jedes Homedekor.","breadcrumb":{"@id":"https:\/\/hempeline.net\/produkt\/handgewebte-kaschmirdecke#breadcrumb"},"inLanguage":"en-GB","potentialAction":[{"@type":"ReadAction","target":["https:\/\/hempeline.net\/produkt\/handgewebte-kaschmirdecke"]}]},{"@type":"ImageObject","inLanguage":"en-GB","@id":"https:\/\/hempeline.net\/produkt\/handgewebte-kaschmirdecke#primaryimage","url":"https:\/\/hempeline.net\/wp-content\/uploads\/2021\/08\/USP_Decke-1.jpg","contentUrl":"https:\/\/hempeline.net\/wp-content\/uploads\/2021\/08\/USP_Decke-1.jpg","width":1000,"height":1000},{"@type":"BreadcrumbList","@id":"https:\/\/hempeline.net\/produkt\/handgewebte-kaschmirdecke#breadcrumb","itemListElement":[{"@type":"ListItem","position":1,"name":"Startseite","item":"https:\/\/hempeline.net\/"},{"@type":"ListItem","position":2,"name":"Alle Produkte","item":"https:\/\/hempeline.net\/alle-produkte"},{"@type":"ListItem","position":3,"name":"Handgewebte Kaschmirdecke"}]},{"@type":"WebSite","@id":"https:\/\/hempeline.net\/#website","url":"https:\/\/hempeline.net\/","name":"hempeline","description":"Quality made in Germany","publisher":{"@id":"https:\/\/hempeline.net\/#organization"},"potentialAction":[{"@type":"SearchAction","target":{"@type":"EntryPoint","urlTemplate":"https:\/\/hempeline.net\/?s={search_term_string}"},"query-input":{"@type":"PropertyValueSpecification","valueRequired":true,"valueName":"search_term_string"}}],"inLanguage":"en-GB"},{"@type":"Organization","@id":"https:\/\/hempeline.net\/#organization","name":"hempeline collection","url":"https:\/\/hempeline.net\/","logo":{"@type":"ImageObject","inLanguage":"en-GB","@id":"https:\/\/hempeline.net\/#\/schema\/logo\/image\/","url":"https:\/\/hempeline.net\/wp-content\/uploads\/2020\/07\/LOGO-SCHWARZ.png","contentUrl":"https:\/\/hempeline.net\/wp-content\/uploads\/2020\/07\/LOGO-SCHWARZ.png","width":576,"height":576,"caption":"hempeline collection"},"image":{"@id":"https:\/\/hempeline.net\/#\/schema\/logo\/image\/"},"sameAs":["https:\/\/www.facebook.com\/hempelineCollection\/","https:\/\/www.instagram.com\/hempeline\/"]}]}},"_links":{"self":[{"href":"https:\/\/hempeline.net\/en\/wp-json\/wp\/v2\/product\/7644","targetHints":{"allow":["GET"]}}],"collection":[{"href":"https:\/\/hempeline.net\/en\/wp-json\/wp\/v2\/product"}],"about":[{"href":"https:\/\/hempeline.net\/en\/wp-json\/wp\/v2\/types\/product"}],"replies":[{"embeddable":true,"href":"https:\/\/hempeline.net\/en\/wp-json\/wp\/v2\/comments?post=7644"}],"wp:featuredmedia":[{"embeddable":true,"href":"https:\/\/hempeline.net\/en\/wp-json\/wp\/v2\/media\/9322"}],"wp:attachment":[{"href":"https:\/\/hempeline.net\/en\/wp-json\/wp\/v2\/media?parent=7644"}],"wp:term":[{"taxonomy":"product_cat","embeddable":true,"href":"https:\/\/hempeline.net\/en\/wp-json\/wp\/v2\/product_cat?post=7644"},{"taxonomy":"product_tag","embeddable":true,"href":"https:\/\/hempeline.net\/en\/wp-json\/wp\/v2\/product_tag?post=7644"}],"curies":[{"name":"wp","href":"https:\/\/api.w.org\/{rel}","templated":true}]}}