{"id":7628,"date":"2021-08-27T07:32:35","date_gmt":"2021-08-27T05:32:35","guid":{"rendered":"https:\/\/test.hempeline.net\/produkt\/geschenkgutschein"},"modified":"2023-05-25T09:24:30","modified_gmt":"2023-05-25T07:24:30","slug":"geschenkgutschein","status":"publish","type":"product","link":"https:\/\/hempeline.net\/en\/product\/geschenkgutschein","title":{"rendered":"Geschenkgutschein"},"content":{"rendered":"<p>F\u00fcr jemand anderen einkaufen, aber nicht sicher, was man ihm geben soll? Machen Sie ihnen mit einer hempeline-Geschenkkarte ein Geschenk ihrer Wahl.<\/p>\n<p>Geschenkkarten werden per E-Mail zugestellt und enthalten Anweisungen, wie sie an der Kasse einzul\u00f6sen sind. F\u00fcr unsere Geschenkkarten fallen keine zus\u00e4tzlichen Bearbeitungsgeb\u00fchren an.<\/p>","protected":false},"excerpt":{"rendered":"<p>F\u00fcr jemand anderen einkaufen, aber nicht sicher, was man ihm geben soll? Machen Sie ihnen mit einer hempeline-Geschenkkarte ein Geschenk ihrer Wahl. Geschenkkarten werden per E-Mail zugestellt und enthalten Anweisungen, wie sie an der Kasse einzul\u00f6sen sind. F\u00fcr unsere Geschenkkarten fallen keine zus\u00e4tzlichen Bearbeitungsgeb\u00fchren an.<\/p>","protected":false},"featured_media":10537,"comment_status":"open","ping_status":"closed","template":"","meta":{"_acf_changed":false},"product_cat":[88,67],"product_tag":[176,146,111,74],"class_list":["post-7628","product","type-product","status-publish","has-post-thumbnail","hentry","product_cat-kaschmir","product_cat-schmuck","product_tag-gutschein","product_tag-kaschmir","product_tag-kosmetik","product_tag-schmuck","rtwpvg-product"],"acf":[],"yoast_head":"<!-- This site is optimized with the Yoast SEO Premium plugin v19.3 (Yoast SEO v26.8) - https:\/\/yoast.com\/product\/yoast-seo-premium-wordpress\/ -->\n<title>Geschenkgutschein von hempeline<\/title>\n<meta name=\"robots\" content=\"index, follow, max-snippet:-1, max-image-preview:large, max-video-preview:-1\" \/>\n<link rel=\"canonical\" href=\"https:\/\/hempeline.net\/en\/product\/geschenkgutschein\/\" \/>\n<meta property=\"og:locale\" content=\"en_GB\" \/>\n<meta property=\"og:type\" content=\"article\" \/>\n<meta property=\"og:title\" content=\"Geschenkgutschein\" \/>\n<meta property=\"og:description\" content=\"F\u00fcr jemand anderen einkaufen, aber nicht sicher, was man ihm geben soll? Machen Sie ihnen mit einer hempeline-Geschenkkarte ein Geschenk ihrer Wahl. Geschenkkarten werden per E-Mail zugestellt und enthalten Anweisungen, wie sie an der Kasse einzul\u00f6sen sind. F\u00fcr unsere Geschenkkarten fallen keine zus\u00e4tzlichen Bearbeitungsgeb\u00fchren an.\" \/>\n<meta property=\"og:url\" content=\"https:\/\/hempeline.net\/en\/product\/geschenkgutschein\/\" \/>\n<meta property=\"og:site_name\" content=\"hempeline\" \/>\n<meta property=\"article:publisher\" content=\"https:\/\/www.facebook.com\/hempelineCollection\/\" \/>\n<meta property=\"article:modified_time\" content=\"2023-05-25T07:24:30+00:00\" \/>\n<meta property=\"og:image\" content=\"https:\/\/hempeline.net\/wp-content\/uploads\/2021\/08\/Sticker_Gold_Weihnachten-2-scaled-e1637247139805.jpg\" \/>\n\t<meta property=\"og:image:width\" content=\"1536\" \/>\n\t<meta property=\"og:image:height\" content=\"1536\" \/>\n\t<meta property=\"og:image:type\" content=\"image\/jpeg\" \/>\n<meta name=\"twitter:card\" content=\"summary_large_image\" \/>\n<meta name=\"twitter:label1\" content=\"Estimated reading time\" \/>\n\t<meta name=\"twitter:data1\" content=\"1 minute\" \/>\n<script type=\"application\/ld+json\" class=\"yoast-schema-graph\">{\"@context\":\"https:\/\/schema.org\",\"@graph\":[{\"@type\":\"WebPage\",\"@id\":\"https:\/\/hempeline.net\/produkt\/geschenkgutschein\",\"url\":\"https:\/\/hempeline.net\/produkt\/geschenkgutschein\",\"name\":\"Geschenkgutschein von hempeline\",\"isPartOf\":{\"@id\":\"https:\/\/hempeline.net\/#website\"},\"primaryImageOfPage\":{\"@id\":\"https:\/\/hempeline.net\/produkt\/geschenkgutschein#primaryimage\"},\"image\":{\"@id\":\"https:\/\/hempeline.net\/produkt\/geschenkgutschein#primaryimage\"},\"thumbnailUrl\":\"https:\/\/hempeline.net\/wp-content\/uploads\/2021\/08\/Sticker_Gold_Weihnachten-2-scaled-e1637247139805.jpg\",\"datePublished\":\"2021-08-27T05:32:35+00:00\",\"dateModified\":\"2023-05-25T07:24:30+00:00\",\"breadcrumb\":{\"@id\":\"https:\/\/hempeline.net\/produkt\/geschenkgutschein#breadcrumb\"},\"inLanguage\":\"en-GB\",\"potentialAction\":[{\"@type\":\"ReadAction\",\"target\":[\"https:\/\/hempeline.net\/produkt\/geschenkgutschein\"]}]},{\"@type\":\"ImageObject\",\"inLanguage\":\"en-GB\",\"@id\":\"https:\/\/hempeline.net\/produkt\/geschenkgutschein#primaryimage\",\"url\":\"https:\/\/hempeline.net\/wp-content\/uploads\/2021\/08\/Sticker_Gold_Weihnachten-2-scaled-e1637247139805.jpg\",\"contentUrl\":\"https:\/\/hempeline.net\/wp-content\/uploads\/2021\/08\/Sticker_Gold_Weihnachten-2-scaled-e1637247139805.jpg\",\"width\":1536,\"height\":1536},{\"@type\":\"BreadcrumbList\",\"@id\":\"https:\/\/hempeline.net\/produkt\/geschenkgutschein#breadcrumb\",\"itemListElement\":[{\"@type\":\"ListItem\",\"position\":1,\"name\":\"Startseite\",\"item\":\"https:\/\/hempeline.net\/\"},{\"@type\":\"ListItem\",\"position\":2,\"name\":\"Alle Produkte\",\"item\":\"https:\/\/hempeline.net\/alle-produkte\"},{\"@type\":\"ListItem\",\"position\":3,\"name\":\"Geschenkgutschein\"}]},{\"@type\":\"WebSite\",\"@id\":\"https:\/\/hempeline.net\/#website\",\"url\":\"https:\/\/hempeline.net\/\",\"name\":\"hempeline\",\"description\":\"Qualit\u00e4t made in Germany\",\"publisher\":{\"@id\":\"https:\/\/hempeline.net\/#organization\"},\"potentialAction\":[{\"@type\":\"SearchAction\",\"target\":{\"@type\":\"EntryPoint\",\"urlTemplate\":\"https:\/\/hempeline.net\/?s={search_term_string}\"},\"query-input\":{\"@type\":\"PropertyValueSpecification\",\"valueRequired\":true,\"valueName\":\"search_term_string\"}}],\"inLanguage\":\"en-GB\"},{\"@type\":\"Organization\",\"@id\":\"https:\/\/hempeline.net\/#organization\",\"name\":\"hempeline collection\",\"url\":\"https:\/\/hempeline.net\/\",\"logo\":{\"@type\":\"ImageObject\",\"inLanguage\":\"en-GB\",\"@id\":\"https:\/\/hempeline.net\/#\/schema\/logo\/image\/\",\"url\":\"https:\/\/hempeline.net\/wp-content\/uploads\/2020\/07\/LOGO-SCHWARZ.png\",\"contentUrl\":\"https:\/\/hempeline.net\/wp-content\/uploads\/2020\/07\/LOGO-SCHWARZ.png\",\"width\":576,\"height\":576,\"caption\":\"hempeline collection\"},\"image\":{\"@id\":\"https:\/\/hempeline.net\/#\/schema\/logo\/image\/\"},\"sameAs\":[\"https:\/\/www.facebook.com\/hempelineCollection\/\",\"https:\/\/www.instagram.com\/hempeline\/\"]}]}<\/script>\n<!-- \/ Yoast SEO Premium plugin. -->","yoast_head_json":{"title":"Geschenkgutschein von hempeline","robots":{"index":"index","follow":"follow","max-snippet":"max-snippet:-1","max-image-preview":"max-image-preview:large","max-video-preview":"max-video-preview:-1"},"canonical":"https:\/\/hempeline.net\/en\/product\/geschenkgutschein\/","og_locale":"en_GB","og_type":"article","og_title":"Geschenkgutschein","og_description":"F\u00fcr jemand anderen einkaufen, aber nicht sicher, was man ihm geben soll? Machen Sie ihnen mit einer hempeline-Geschenkkarte ein Geschenk ihrer Wahl. Geschenkkarten werden per E-Mail zugestellt und enthalten Anweisungen, wie sie an der Kasse einzul\u00f6sen sind. F\u00fcr unsere Geschenkkarten fallen keine zus\u00e4tzlichen Bearbeitungsgeb\u00fchren an.","og_url":"https:\/\/hempeline.net\/en\/product\/geschenkgutschein\/","og_site_name":"hempeline","article_publisher":"https:\/\/www.facebook.com\/hempelineCollection\/","article_modified_time":"2023-05-25T07:24:30+00:00","og_image":[{"width":1536,"height":1536,"url":"https:\/\/hempeline.net\/wp-content\/uploads\/2021\/08\/Sticker_Gold_Weihnachten-2-scaled-e1637247139805.jpg","type":"image\/jpeg"}],"twitter_card":"summary_large_image","twitter_misc":{"Estimated reading time":"1 minute"},"schema":{"@context":"https:\/\/schema.org","@graph":[{"@type":"WebPage","@id":"https:\/\/hempeline.net\/produkt\/geschenkgutschein","url":"https:\/\/hempeline.net\/produkt\/geschenkgutschein","name":"Geschenkgutschein von hempeline","isPartOf":{"@id":"https:\/\/hempeline.net\/#website"},"primaryImageOfPage":{"@id":"https:\/\/hempeline.net\/produkt\/geschenkgutschein#primaryimage"},"image":{"@id":"https:\/\/hempeline.net\/produkt\/geschenkgutschein#primaryimage"},"thumbnailUrl":"https:\/\/hempeline.net\/wp-content\/uploads\/2021\/08\/Sticker_Gold_Weihnachten-2-scaled-e1637247139805.jpg","datePublished":"2021-08-27T05:32:35+00:00","dateModified":"2023-05-25T07:24:30+00:00","breadcrumb":{"@id":"https:\/\/hempeline.net\/produkt\/geschenkgutschein#breadcrumb"},"inLanguage":"en-GB","potentialAction":[{"@type":"ReadAction","target":["https:\/\/hempeline.net\/produkt\/geschenkgutschein"]}]},{"@type":"ImageObject","inLanguage":"en-GB","@id":"https:\/\/hempeline.net\/produkt\/geschenkgutschein#primaryimage","url":"https:\/\/hempeline.net\/wp-content\/uploads\/2021\/08\/Sticker_Gold_Weihnachten-2-scaled-e1637247139805.jpg","contentUrl":"https:\/\/hempeline.net\/wp-content\/uploads\/2021\/08\/Sticker_Gold_Weihnachten-2-scaled-e1637247139805.jpg","width":1536,"height":1536},{"@type":"BreadcrumbList","@id":"https:\/\/hempeline.net\/produkt\/geschenkgutschein#breadcrumb","itemListElement":[{"@type":"ListItem","position":1,"name":"Startseite","item":"https:\/\/hempeline.net\/"},{"@type":"ListItem","position":2,"name":"Alle Produkte","item":"https:\/\/hempeline.net\/alle-produkte"},{"@type":"ListItem","position":3,"name":"Geschenkgutschein"}]},{"@type":"WebSite","@id":"https:\/\/hempeline.net\/#website","url":"https:\/\/hempeline.net\/","name":"hempeline","description":"Quality made in Germany","publisher":{"@id":"https:\/\/hempeline.net\/#organization"},"potentialAction":[{"@type":"SearchAction","target":{"@type":"EntryPoint","urlTemplate":"https:\/\/hempeline.net\/?s={search_term_string}"},"query-input":{"@type":"PropertyValueSpecification","valueRequired":true,"valueName":"search_term_string"}}],"inLanguage":"en-GB"},{"@type":"Organization","@id":"https:\/\/hempeline.net\/#organization","name":"hempeline collection","url":"https:\/\/hempeline.net\/","logo":{"@type":"ImageObject","inLanguage":"en-GB","@id":"https:\/\/hempeline.net\/#\/schema\/logo\/image\/","url":"https:\/\/hempeline.net\/wp-content\/uploads\/2020\/07\/LOGO-SCHWARZ.png","contentUrl":"https:\/\/hempeline.net\/wp-content\/uploads\/2020\/07\/LOGO-SCHWARZ.png","width":576,"height":576,"caption":"hempeline collection"},"image":{"@id":"https:\/\/hempeline.net\/#\/schema\/logo\/image\/"},"sameAs":["https:\/\/www.facebook.com\/hempelineCollection\/","https:\/\/www.instagram.com\/hempeline\/"]}]}},"_links":{"self":[{"href":"https:\/\/hempeline.net\/en\/wp-json\/wp\/v2\/product\/7628","targetHints":{"allow":["GET"]}}],"collection":[{"href":"https:\/\/hempeline.net\/en\/wp-json\/wp\/v2\/product"}],"about":[{"href":"https:\/\/hempeline.net\/en\/wp-json\/wp\/v2\/types\/product"}],"replies":[{"embeddable":true,"href":"https:\/\/hempeline.net\/en\/wp-json\/wp\/v2\/comments?post=7628"}],"wp:featuredmedia":[{"embeddable":true,"href":"https:\/\/hempeline.net\/en\/wp-json\/wp\/v2\/media\/10537"}],"wp:attachment":[{"href":"https:\/\/hempeline.net\/en\/wp-json\/wp\/v2\/media?parent=7628"}],"wp:term":[{"taxonomy":"product_cat","embeddable":true,"href":"https:\/\/hempeline.net\/en\/wp-json\/wp\/v2\/product_cat?post=7628"},{"taxonomy":"product_tag","embeddable":true,"href":"https:\/\/hempeline.net\/en\/wp-json\/wp\/v2\/product_tag?post=7628"}],"curies":[{"name":"wp","href":"https:\/\/api.w.org\/{rel}","templated":true}]}}