{"id":7605,"date":"2021-08-27T07:31:51","date_gmt":"2021-08-27T07:31:51","guid":{"rendered":"https:\/\/test.hempeline.net\/produkt\/gelbgold-collier-mit-einmaliger-semi-barockperle"},"modified":"2022-03-04T12:14:04","modified_gmt":"2022-03-04T11:14:04","slug":"gelbgold-collier-mit-einmaliger-semi-barockperle","status":"publish","type":"product","link":"https:\/\/hempeline.net\/en\/product\/gelbgold-collier-mit-einmaliger-semi-barockperle","title":{"rendered":"Gelbgold-Collier mit Semi-Barockperle"},"content":{"rendered":"<p><strong>EIN PRACHTVOLLES UNIKAT<\/strong> ist diese champagnerfarbene Semi-Barockperle \u2013 eine strahlende, 13,5 cm gro\u00dfe S\u00fcdseeperle in AAA-Qualit\u00e4t. Ganz pur pr\u00e4sentiert sie sich in der Mitte des zarten Gelbgold-Colliers aus 18-kar\u00e4tigem Gold.<\/p>\n<p>Product details:<br \/>\n\u2022 Perlenherkunft: von kleinen Perlenfarmen in Indonesien (<a href=\"https:\/\/de.wikipedia.org\/wiki\/Lombok\">Lombok<\/a>)<br \/>\n\u2022 AAA-S\u00fcdseeperle \u2013 Semi-Barockperle mit ausgezeichnetem L\u00fcster, champagnerfarben, 13,5 mm<br \/>\n\u2022 Kette: 18 kt Gelbgold-Collier, 41 cm L\u00e4nge, Karabinerverschluss<\/p>\n<p class=\"translation-block\">The jewellery from <em>hempeline jewellery<\/em> comes to you in a plain white jewelry box made in Germany - perfect for storage and ideal for gift wrapping.<\/p>\n<p>For our jewellery we process natural pearls and gemstones, so the jewellery may differ from the images in our online store.<\/p>\n<p>Prices incl. VAT<\/p>\n<p>&nbsp;<\/p>","protected":false},"excerpt":{"rendered":"<p class=\"translation-block\"><strong>A MAGNIFICENT UNICUM<\/strong> - that's what this champagne-coloured semi-baroque pearl tuely is - a radiant, 13.5 cm large southsea pearl in AAA-quality. It is presented in its purest form in the centre of the delicate necklace made of 18-carat yellow gold.<\/p>","protected":false},"featured_media":7607,"comment_status":"open","ping_status":"closed","template":"","meta":{"_acf_changed":false},"product_cat":[67,134],"product_tag":[260,267,258,257,274,228,261,262,74,263,259],"class_list":["post-7605","product","type-product","status-publish","has-post-thumbnail","hentry","product_cat-schmuck","product_cat-hals","product_tag-aus-nachhaltiger-herstellung","product_tag-gelbgold","product_tag-goldener-schmuck","product_tag-goldschmuck","product_tag-halskette","product_tag-handarbeit","product_tag-kleine-perlenfarm","product_tag-lombok","product_tag-schmuck","product_tag-suedsee-perle","product_tag-suedseeperle"],"acf":[],"yoast_head":"<!-- This site is optimized with the Yoast SEO Premium plugin v19.3 (Yoast SEO v26.8) - https:\/\/yoast.com\/product\/yoast-seo-premium-wordpress\/ -->\n<title>Gelbgold-Collier mit Semi-Barockperle ein neu interpretierter Klassiker<\/title>\n<meta name=\"description\" content=\"EIN PRACHTVOLLES UNIKAT eine 13,5 cm gro\u00dfe S\u00fcdseeperle pr\u00e4sentiert sich in der Mitte des Gelbgold-Colliers aus 18 kt Gold.\" \/>\n<meta name=\"robots\" content=\"index, follow, max-snippet:-1, max-image-preview:large, max-video-preview:-1\" \/>\n<link rel=\"canonical\" href=\"https:\/\/hempeline.net\/en\/product\/gelbgold-collier-mit-einmaliger-semi-barockperle\/\" \/>\n<meta property=\"og:locale\" content=\"en_GB\" \/>\n<meta property=\"og:type\" content=\"article\" \/>\n<meta property=\"og:title\" content=\"Gelbgold-Collier mit Semi-Barockperle\" \/>\n<meta property=\"og:description\" content=\"EIN PRACHTVOLLES UNIKAT eine 13,5 cm gro\u00dfe S\u00fcdseeperle pr\u00e4sentiert sich in der Mitte des Gelbgold-Colliers aus 18 kt Gold.\" \/>\n<meta property=\"og:url\" content=\"https:\/\/hempeline.net\/en\/product\/gelbgold-collier-mit-einmaliger-semi-barockperle\/\" \/>\n<meta property=\"og:site_name\" content=\"hempeline\" \/>\n<meta property=\"article:publisher\" content=\"https:\/\/www.facebook.com\/hempelineCollection\/\" \/>\n<meta property=\"article:modified_time\" content=\"2022-03-04T11:14:04+00:00\" \/>\n<meta property=\"og:image\" content=\"https:\/\/hempeline.net\/wp-content\/uploads\/2021\/08\/wp-image28540182298708-scaled.png\" \/>\n\t<meta property=\"og:image:width\" content=\"2048\" \/>\n\t<meta property=\"og:image:height\" content=\"2048\" \/>\n\t<meta property=\"og:image:type\" content=\"image\/png\" \/>\n<meta name=\"twitter:card\" content=\"summary_large_image\" \/>\n<meta name=\"twitter:label1\" content=\"Estimated reading time\" \/>\n\t<meta name=\"twitter:data1\" content=\"1 minute\" \/>\n<script type=\"application\/ld+json\" class=\"yoast-schema-graph\">{\"@context\":\"https:\/\/schema.org\",\"@graph\":[{\"@type\":\"WebPage\",\"@id\":\"https:\/\/hempeline.net\/produkt\/gelbgold-collier-mit-einmaliger-semi-barockperle\",\"url\":\"https:\/\/hempeline.net\/produkt\/gelbgold-collier-mit-einmaliger-semi-barockperle\",\"name\":\"Gelbgold-Collier mit Semi-Barockperle ein neu interpretierter Klassiker\",\"isPartOf\":{\"@id\":\"https:\/\/hempeline.net\/#website\"},\"primaryImageOfPage\":{\"@id\":\"https:\/\/hempeline.net\/produkt\/gelbgold-collier-mit-einmaliger-semi-barockperle#primaryimage\"},\"image\":{\"@id\":\"https:\/\/hempeline.net\/produkt\/gelbgold-collier-mit-einmaliger-semi-barockperle#primaryimage\"},\"thumbnailUrl\":\"https:\/\/hempeline.net\/wp-content\/uploads\/2021\/08\/wp-image28540182298708-scaled.png\",\"datePublished\":\"2021-08-27T07:31:51+00:00\",\"dateModified\":\"2022-03-04T11:14:04+00:00\",\"description\":\"EIN PRACHTVOLLES UNIKAT eine 13,5 cm gro\u00dfe S\u00fcdseeperle pr\u00e4sentiert sich in der Mitte des Gelbgold-Colliers aus 18 kt Gold.\",\"breadcrumb\":{\"@id\":\"https:\/\/hempeline.net\/produkt\/gelbgold-collier-mit-einmaliger-semi-barockperle#breadcrumb\"},\"inLanguage\":\"en-GB\",\"potentialAction\":[{\"@type\":\"ReadAction\",\"target\":[\"https:\/\/hempeline.net\/produkt\/gelbgold-collier-mit-einmaliger-semi-barockperle\"]}]},{\"@type\":\"ImageObject\",\"inLanguage\":\"en-GB\",\"@id\":\"https:\/\/hempeline.net\/produkt\/gelbgold-collier-mit-einmaliger-semi-barockperle#primaryimage\",\"url\":\"https:\/\/hempeline.net\/wp-content\/uploads\/2021\/08\/wp-image28540182298708-scaled.png\",\"contentUrl\":\"https:\/\/hempeline.net\/wp-content\/uploads\/2021\/08\/wp-image28540182298708-scaled.png\",\"width\":2048,\"height\":2048,\"caption\":\"Gelbgold-Collier\"},{\"@type\":\"BreadcrumbList\",\"@id\":\"https:\/\/hempeline.net\/produkt\/gelbgold-collier-mit-einmaliger-semi-barockperle#breadcrumb\",\"itemListElement\":[{\"@type\":\"ListItem\",\"position\":1,\"name\":\"Startseite\",\"item\":\"https:\/\/hempeline.net\/\"},{\"@type\":\"ListItem\",\"position\":2,\"name\":\"Alle Produkte\",\"item\":\"https:\/\/hempeline.net\/alle-produkte\"},{\"@type\":\"ListItem\",\"position\":3,\"name\":\"Gelbgold-Collier mit Semi-Barockperle\"}]},{\"@type\":\"WebSite\",\"@id\":\"https:\/\/hempeline.net\/#website\",\"url\":\"https:\/\/hempeline.net\/\",\"name\":\"hempeline\",\"description\":\"Qualit\u00e4t made in Germany\",\"publisher\":{\"@id\":\"https:\/\/hempeline.net\/#organization\"},\"potentialAction\":[{\"@type\":\"SearchAction\",\"target\":{\"@type\":\"EntryPoint\",\"urlTemplate\":\"https:\/\/hempeline.net\/?s={search_term_string}\"},\"query-input\":{\"@type\":\"PropertyValueSpecification\",\"valueRequired\":true,\"valueName\":\"search_term_string\"}}],\"inLanguage\":\"en-GB\"},{\"@type\":\"Organization\",\"@id\":\"https:\/\/hempeline.net\/#organization\",\"name\":\"hempeline collection\",\"url\":\"https:\/\/hempeline.net\/\",\"logo\":{\"@type\":\"ImageObject\",\"inLanguage\":\"en-GB\",\"@id\":\"https:\/\/hempeline.net\/#\/schema\/logo\/image\/\",\"url\":\"https:\/\/hempeline.net\/wp-content\/uploads\/2020\/07\/LOGO-SCHWARZ.png\",\"contentUrl\":\"https:\/\/hempeline.net\/wp-content\/uploads\/2020\/07\/LOGO-SCHWARZ.png\",\"width\":576,\"height\":576,\"caption\":\"hempeline collection\"},\"image\":{\"@id\":\"https:\/\/hempeline.net\/#\/schema\/logo\/image\/\"},\"sameAs\":[\"https:\/\/www.facebook.com\/hempelineCollection\/\",\"https:\/\/www.instagram.com\/hempeline\/\"]}]}<\/script>\n<!-- \/ Yoast SEO Premium plugin. -->","yoast_head_json":{"title":"Gelbgold-Collier mit Semi-Barockperle ein neu interpretierter Klassiker","description":"EIN PRACHTVOLLES UNIKAT eine 13,5 cm gro\u00dfe S\u00fcdseeperle pr\u00e4sentiert sich in der Mitte des Gelbgold-Colliers aus 18 kt Gold.","robots":{"index":"index","follow":"follow","max-snippet":"max-snippet:-1","max-image-preview":"max-image-preview:large","max-video-preview":"max-video-preview:-1"},"canonical":"https:\/\/hempeline.net\/en\/product\/gelbgold-collier-mit-einmaliger-semi-barockperle\/","og_locale":"en_GB","og_type":"article","og_title":"Gelbgold-Collier mit Semi-Barockperle","og_description":"EIN PRACHTVOLLES UNIKAT eine 13,5 cm gro\u00dfe S\u00fcdseeperle pr\u00e4sentiert sich in der Mitte des Gelbgold-Colliers aus 18 kt Gold.","og_url":"https:\/\/hempeline.net\/en\/product\/gelbgold-collier-mit-einmaliger-semi-barockperle\/","og_site_name":"hempeline","article_publisher":"https:\/\/www.facebook.com\/hempelineCollection\/","article_modified_time":"2022-03-04T11:14:04+00:00","og_image":[{"width":2048,"height":2048,"url":"https:\/\/hempeline.net\/wp-content\/uploads\/2021\/08\/wp-image28540182298708-scaled.png","type":"image\/png"}],"twitter_card":"summary_large_image","twitter_misc":{"Estimated reading time":"1 minute"},"schema":{"@context":"https:\/\/schema.org","@graph":[{"@type":"WebPage","@id":"https:\/\/hempeline.net\/produkt\/gelbgold-collier-mit-einmaliger-semi-barockperle","url":"https:\/\/hempeline.net\/produkt\/gelbgold-collier-mit-einmaliger-semi-barockperle","name":"Gelbgold-Collier mit Semi-Barockperle ein neu interpretierter Klassiker","isPartOf":{"@id":"https:\/\/hempeline.net\/#website"},"primaryImageOfPage":{"@id":"https:\/\/hempeline.net\/produkt\/gelbgold-collier-mit-einmaliger-semi-barockperle#primaryimage"},"image":{"@id":"https:\/\/hempeline.net\/produkt\/gelbgold-collier-mit-einmaliger-semi-barockperle#primaryimage"},"thumbnailUrl":"https:\/\/hempeline.net\/wp-content\/uploads\/2021\/08\/wp-image28540182298708-scaled.png","datePublished":"2021-08-27T07:31:51+00:00","dateModified":"2022-03-04T11:14:04+00:00","description":"EIN PRACHTVOLLES UNIKAT eine 13,5 cm gro\u00dfe S\u00fcdseeperle pr\u00e4sentiert sich in der Mitte des Gelbgold-Colliers aus 18 kt Gold.","breadcrumb":{"@id":"https:\/\/hempeline.net\/produkt\/gelbgold-collier-mit-einmaliger-semi-barockperle#breadcrumb"},"inLanguage":"en-GB","potentialAction":[{"@type":"ReadAction","target":["https:\/\/hempeline.net\/produkt\/gelbgold-collier-mit-einmaliger-semi-barockperle"]}]},{"@type":"ImageObject","inLanguage":"en-GB","@id":"https:\/\/hempeline.net\/produkt\/gelbgold-collier-mit-einmaliger-semi-barockperle#primaryimage","url":"https:\/\/hempeline.net\/wp-content\/uploads\/2021\/08\/wp-image28540182298708-scaled.png","contentUrl":"https:\/\/hempeline.net\/wp-content\/uploads\/2021\/08\/wp-image28540182298708-scaled.png","width":2048,"height":2048,"caption":"Gelbgold-Collier"},{"@type":"BreadcrumbList","@id":"https:\/\/hempeline.net\/produkt\/gelbgold-collier-mit-einmaliger-semi-barockperle#breadcrumb","itemListElement":[{"@type":"ListItem","position":1,"name":"Startseite","item":"https:\/\/hempeline.net\/"},{"@type":"ListItem","position":2,"name":"Alle Produkte","item":"https:\/\/hempeline.net\/alle-produkte"},{"@type":"ListItem","position":3,"name":"Gelbgold-Collier mit Semi-Barockperle"}]},{"@type":"WebSite","@id":"https:\/\/hempeline.net\/#website","url":"https:\/\/hempeline.net\/","name":"hempeline","description":"Quality made in Germany","publisher":{"@id":"https:\/\/hempeline.net\/#organization"},"potentialAction":[{"@type":"SearchAction","target":{"@type":"EntryPoint","urlTemplate":"https:\/\/hempeline.net\/?s={search_term_string}"},"query-input":{"@type":"PropertyValueSpecification","valueRequired":true,"valueName":"search_term_string"}}],"inLanguage":"en-GB"},{"@type":"Organization","@id":"https:\/\/hempeline.net\/#organization","name":"hempeline collection","url":"https:\/\/hempeline.net\/","logo":{"@type":"ImageObject","inLanguage":"en-GB","@id":"https:\/\/hempeline.net\/#\/schema\/logo\/image\/","url":"https:\/\/hempeline.net\/wp-content\/uploads\/2020\/07\/LOGO-SCHWARZ.png","contentUrl":"https:\/\/hempeline.net\/wp-content\/uploads\/2020\/07\/LOGO-SCHWARZ.png","width":576,"height":576,"caption":"hempeline collection"},"image":{"@id":"https:\/\/hempeline.net\/#\/schema\/logo\/image\/"},"sameAs":["https:\/\/www.facebook.com\/hempelineCollection\/","https:\/\/www.instagram.com\/hempeline\/"]}]}},"_links":{"self":[{"href":"https:\/\/hempeline.net\/en\/wp-json\/wp\/v2\/product\/7605","targetHints":{"allow":["GET"]}}],"collection":[{"href":"https:\/\/hempeline.net\/en\/wp-json\/wp\/v2\/product"}],"about":[{"href":"https:\/\/hempeline.net\/en\/wp-json\/wp\/v2\/types\/product"}],"replies":[{"embeddable":true,"href":"https:\/\/hempeline.net\/en\/wp-json\/wp\/v2\/comments?post=7605"}],"wp:featuredmedia":[{"embeddable":true,"href":"https:\/\/hempeline.net\/en\/wp-json\/wp\/v2\/media\/7607"}],"wp:attachment":[{"href":"https:\/\/hempeline.net\/en\/wp-json\/wp\/v2\/media?parent=7605"}],"wp:term":[{"taxonomy":"product_cat","embeddable":true,"href":"https:\/\/hempeline.net\/en\/wp-json\/wp\/v2\/product_cat?post=7605"},{"taxonomy":"product_tag","embeddable":true,"href":"https:\/\/hempeline.net\/en\/wp-json\/wp\/v2\/product_tag?post=7605"}],"curies":[{"name":"wp","href":"https:\/\/api.w.org\/{rel}","templated":true}]}}