{"id":7592,"date":"2021-08-27T07:31:25","date_gmt":"2021-08-27T07:31:25","guid":{"rendered":"https:\/\/test.hempeline.net\/produkt\/filigrane-gelbgold-kette-mit-champagnerfarbener-suedseeperle"},"modified":"2022-03-04T12:14:08","modified_gmt":"2022-03-04T11:14:08","slug":"filigrane-gelbgold-kette-mit-champagnerfarbener-suedseeperle","status":"publish","type":"product","link":"https:\/\/hempeline.net\/en\/product\/filigrane-gelbgold-kette-mit-champagnerfarbener-suedseeperle","title":{"rendered":"Gelbgold-Kette mit Champagner-S\u00fcdseeperle"},"content":{"rendered":"<p><strong>LUXURI\u00d6S IN GOLD<\/strong> erstrahlt diese zart champagnerfarbene S\u00fcdseeperle in AAA-Qualit\u00e4t. Die feine Gelbgold-Kette betont den erlesenen L\u00fcster der Perle.<\/p>\n<p>Product details:<\/p>\n<p>Perlenherkunft: von kleinen Perlenfarmen in Indonesien (<a href=\"https:\/\/de.wikipedia.org\/wiki\/Lombok\">Lombok<\/a>)<br \/>\n- Pearl 9 mm (southsea, round) AAA quality, almost flawless<br \/>\n\u2022 Kette: 18 kt Gelbgold, 38 cm L\u00e4nge, Karabinerverschluss<\/p>\n<p class=\"translation-block\">The jewellery from <em>hempeline jewellery<\/em> comes to you in a plain white jewelry box made in Germany - perfect for storage and ideal for gift wrapping.<\/p>\n<p>For our jewellery we process natural pearls and gemstones, so the jewellery may differ from the images in our online store.<\/p>\n<p>Prices incl. VAT<\/p>","protected":false},"excerpt":{"rendered":"<p class=\"translation-block\"><strong>LUXURIOUS IN GOLD<\/strong> this delicate champagne-coloured southsea pearl in AAA quality shines for us . The fine yellow gold chain emphasises the exquisite lustre of the pearl.<\/p>","protected":false},"featured_media":10811,"comment_status":"open","ping_status":"closed","template":"","meta":{"_acf_changed":false},"product_cat":[67,134],"product_tag":[260,267,258,257,274,228,261,262,74],"class_list":["post-7592","product","type-product","status-publish","has-post-thumbnail","hentry","product_cat-schmuck","product_cat-hals","product_tag-aus-nachhaltiger-herstellung","product_tag-gelbgold","product_tag-goldener-schmuck","product_tag-goldschmuck","product_tag-halskette","product_tag-handarbeit","product_tag-kleine-perlenfarm","product_tag-lombok","product_tag-schmuck"],"acf":[],"yoast_head":"<!-- This site is optimized with the Yoast SEO Premium plugin v19.3 (Yoast SEO v26.8) - https:\/\/yoast.com\/product\/yoast-seo-premium-wordpress\/ -->\n<title>Gelbgold-Kette mit champagnerfarbenen S\u00fcdseeperle von hempeline<\/title>\n<meta name=\"description\" content=\"LUXURI\u00d6S IN GOLD erstrahlt diese champagnerfarbene S\u00fcdseeperle. Die feine Gelbgold-Kette betont den erlesenen L\u00fcster der Perle.\" \/>\n<meta name=\"robots\" content=\"index, follow, max-snippet:-1, max-image-preview:large, max-video-preview:-1\" \/>\n<link rel=\"canonical\" href=\"https:\/\/hempeline.net\/en\/product\/filigrane-gelbgold-kette-mit-champagnerfarbener-suedseeperle\/\" \/>\n<meta property=\"og:locale\" content=\"en_GB\" \/>\n<meta property=\"og:type\" content=\"article\" \/>\n<meta property=\"og:title\" content=\"Gelbgold-Kette mit Champagner-S\u00fcdseeperle\" \/>\n<meta property=\"og:description\" content=\"LUXURI\u00d6S IN GOLD erstrahlt diese champagnerfarbene S\u00fcdseeperle. Die feine Gelbgold-Kette betont den erlesenen L\u00fcster der Perle.\" \/>\n<meta property=\"og:url\" content=\"https:\/\/hempeline.net\/en\/product\/filigrane-gelbgold-kette-mit-champagnerfarbener-suedseeperle\/\" \/>\n<meta property=\"og:site_name\" content=\"hempeline\" \/>\n<meta property=\"article:publisher\" content=\"https:\/\/www.facebook.com\/hempelineCollection\/\" \/>\n<meta property=\"article:modified_time\" content=\"2022-03-04T11:14:08+00:00\" \/>\n<meta property=\"og:image\" content=\"https:\/\/hempeline.net\/wp-content\/uploads\/2021\/10\/Halskette-Hempeline-08-2021.png\" \/>\n\t<meta property=\"og:image:width\" content=\"2048\" \/>\n\t<meta property=\"og:image:height\" content=\"2048\" \/>\n\t<meta property=\"og:image:type\" content=\"image\/png\" \/>\n<meta name=\"twitter:card\" content=\"summary_large_image\" \/>\n<meta name=\"twitter:label1\" content=\"Estimated reading time\" \/>\n\t<meta name=\"twitter:data1\" content=\"1 minute\" \/>\n<script type=\"application\/ld+json\" class=\"yoast-schema-graph\">{\"@context\":\"https:\/\/schema.org\",\"@graph\":[{\"@type\":\"WebPage\",\"@id\":\"https:\/\/hempeline.net\/produkt\/filigrane-gelbgold-kette-mit-champagnerfarbener-suedseeperle\",\"url\":\"https:\/\/hempeline.net\/produkt\/filigrane-gelbgold-kette-mit-champagnerfarbener-suedseeperle\",\"name\":\"Gelbgold-Kette mit champagnerfarbenen S\u00fcdseeperle von hempeline\",\"isPartOf\":{\"@id\":\"https:\/\/hempeline.net\/#website\"},\"primaryImageOfPage\":{\"@id\":\"https:\/\/hempeline.net\/produkt\/filigrane-gelbgold-kette-mit-champagnerfarbener-suedseeperle#primaryimage\"},\"image\":{\"@id\":\"https:\/\/hempeline.net\/produkt\/filigrane-gelbgold-kette-mit-champagnerfarbener-suedseeperle#primaryimage\"},\"thumbnailUrl\":\"https:\/\/hempeline.net\/wp-content\/uploads\/2021\/10\/Halskette-Hempeline-08-2021.png\",\"datePublished\":\"2021-08-27T07:31:25+00:00\",\"dateModified\":\"2022-03-04T11:14:08+00:00\",\"description\":\"LUXURI\u00d6S IN GOLD erstrahlt diese champagnerfarbene S\u00fcdseeperle. Die feine Gelbgold-Kette betont den erlesenen L\u00fcster der Perle.\",\"breadcrumb\":{\"@id\":\"https:\/\/hempeline.net\/produkt\/filigrane-gelbgold-kette-mit-champagnerfarbener-suedseeperle#breadcrumb\"},\"inLanguage\":\"en-GB\",\"potentialAction\":[{\"@type\":\"ReadAction\",\"target\":[\"https:\/\/hempeline.net\/produkt\/filigrane-gelbgold-kette-mit-champagnerfarbener-suedseeperle\"]}]},{\"@type\":\"ImageObject\",\"inLanguage\":\"en-GB\",\"@id\":\"https:\/\/hempeline.net\/produkt\/filigrane-gelbgold-kette-mit-champagnerfarbener-suedseeperle#primaryimage\",\"url\":\"https:\/\/hempeline.net\/wp-content\/uploads\/2021\/10\/Halskette-Hempeline-08-2021.png\",\"contentUrl\":\"https:\/\/hempeline.net\/wp-content\/uploads\/2021\/10\/Halskette-Hempeline-08-2021.png\",\"width\":2048,\"height\":2048,\"caption\":\"hempeline Gelbgold-Kette\"},{\"@type\":\"BreadcrumbList\",\"@id\":\"https:\/\/hempeline.net\/produkt\/filigrane-gelbgold-kette-mit-champagnerfarbener-suedseeperle#breadcrumb\",\"itemListElement\":[{\"@type\":\"ListItem\",\"position\":1,\"name\":\"Startseite\",\"item\":\"https:\/\/hempeline.net\/\"},{\"@type\":\"ListItem\",\"position\":2,\"name\":\"Alle Produkte\",\"item\":\"https:\/\/hempeline.net\/alle-produkte\"},{\"@type\":\"ListItem\",\"position\":3,\"name\":\"Gelbgold-Kette mit Champagner-S\u00fcdseeperle\"}]},{\"@type\":\"WebSite\",\"@id\":\"https:\/\/hempeline.net\/#website\",\"url\":\"https:\/\/hempeline.net\/\",\"name\":\"hempeline\",\"description\":\"Qualit\u00e4t made in Germany\",\"publisher\":{\"@id\":\"https:\/\/hempeline.net\/#organization\"},\"potentialAction\":[{\"@type\":\"SearchAction\",\"target\":{\"@type\":\"EntryPoint\",\"urlTemplate\":\"https:\/\/hempeline.net\/?s={search_term_string}\"},\"query-input\":{\"@type\":\"PropertyValueSpecification\",\"valueRequired\":true,\"valueName\":\"search_term_string\"}}],\"inLanguage\":\"en-GB\"},{\"@type\":\"Organization\",\"@id\":\"https:\/\/hempeline.net\/#organization\",\"name\":\"hempeline collection\",\"url\":\"https:\/\/hempeline.net\/\",\"logo\":{\"@type\":\"ImageObject\",\"inLanguage\":\"en-GB\",\"@id\":\"https:\/\/hempeline.net\/#\/schema\/logo\/image\/\",\"url\":\"https:\/\/hempeline.net\/wp-content\/uploads\/2020\/07\/LOGO-SCHWARZ.png\",\"contentUrl\":\"https:\/\/hempeline.net\/wp-content\/uploads\/2020\/07\/LOGO-SCHWARZ.png\",\"width\":576,\"height\":576,\"caption\":\"hempeline collection\"},\"image\":{\"@id\":\"https:\/\/hempeline.net\/#\/schema\/logo\/image\/\"},\"sameAs\":[\"https:\/\/www.facebook.com\/hempelineCollection\/\",\"https:\/\/www.instagram.com\/hempeline\/\"]}]}<\/script>\n<!-- \/ Yoast SEO Premium plugin. -->","yoast_head_json":{"title":"Gelbgold-Kette mit champagnerfarbenen S\u00fcdseeperle von hempeline","description":"LUXURI\u00d6S IN GOLD erstrahlt diese champagnerfarbene S\u00fcdseeperle. Die feine Gelbgold-Kette betont den erlesenen L\u00fcster der Perle.","robots":{"index":"index","follow":"follow","max-snippet":"max-snippet:-1","max-image-preview":"max-image-preview:large","max-video-preview":"max-video-preview:-1"},"canonical":"https:\/\/hempeline.net\/en\/product\/filigrane-gelbgold-kette-mit-champagnerfarbener-suedseeperle\/","og_locale":"en_GB","og_type":"article","og_title":"Gelbgold-Kette mit Champagner-S\u00fcdseeperle","og_description":"LUXURI\u00d6S IN GOLD erstrahlt diese champagnerfarbene S\u00fcdseeperle. Die feine Gelbgold-Kette betont den erlesenen L\u00fcster der Perle.","og_url":"https:\/\/hempeline.net\/en\/product\/filigrane-gelbgold-kette-mit-champagnerfarbener-suedseeperle\/","og_site_name":"hempeline","article_publisher":"https:\/\/www.facebook.com\/hempelineCollection\/","article_modified_time":"2022-03-04T11:14:08+00:00","og_image":[{"width":2048,"height":2048,"url":"https:\/\/hempeline.net\/wp-content\/uploads\/2021\/10\/Halskette-Hempeline-08-2021.png","type":"image\/png"}],"twitter_card":"summary_large_image","twitter_misc":{"Estimated reading time":"1 minute"},"schema":{"@context":"https:\/\/schema.org","@graph":[{"@type":"WebPage","@id":"https:\/\/hempeline.net\/produkt\/filigrane-gelbgold-kette-mit-champagnerfarbener-suedseeperle","url":"https:\/\/hempeline.net\/produkt\/filigrane-gelbgold-kette-mit-champagnerfarbener-suedseeperle","name":"Gelbgold-Kette mit champagnerfarbenen S\u00fcdseeperle von hempeline","isPartOf":{"@id":"https:\/\/hempeline.net\/#website"},"primaryImageOfPage":{"@id":"https:\/\/hempeline.net\/produkt\/filigrane-gelbgold-kette-mit-champagnerfarbener-suedseeperle#primaryimage"},"image":{"@id":"https:\/\/hempeline.net\/produkt\/filigrane-gelbgold-kette-mit-champagnerfarbener-suedseeperle#primaryimage"},"thumbnailUrl":"https:\/\/hempeline.net\/wp-content\/uploads\/2021\/10\/Halskette-Hempeline-08-2021.png","datePublished":"2021-08-27T07:31:25+00:00","dateModified":"2022-03-04T11:14:08+00:00","description":"LUXURI\u00d6S IN GOLD erstrahlt diese champagnerfarbene S\u00fcdseeperle. Die feine Gelbgold-Kette betont den erlesenen L\u00fcster der Perle.","breadcrumb":{"@id":"https:\/\/hempeline.net\/produkt\/filigrane-gelbgold-kette-mit-champagnerfarbener-suedseeperle#breadcrumb"},"inLanguage":"en-GB","potentialAction":[{"@type":"ReadAction","target":["https:\/\/hempeline.net\/produkt\/filigrane-gelbgold-kette-mit-champagnerfarbener-suedseeperle"]}]},{"@type":"ImageObject","inLanguage":"en-GB","@id":"https:\/\/hempeline.net\/produkt\/filigrane-gelbgold-kette-mit-champagnerfarbener-suedseeperle#primaryimage","url":"https:\/\/hempeline.net\/wp-content\/uploads\/2021\/10\/Halskette-Hempeline-08-2021.png","contentUrl":"https:\/\/hempeline.net\/wp-content\/uploads\/2021\/10\/Halskette-Hempeline-08-2021.png","width":2048,"height":2048,"caption":"hempeline Gelbgold-Kette"},{"@type":"BreadcrumbList","@id":"https:\/\/hempeline.net\/produkt\/filigrane-gelbgold-kette-mit-champagnerfarbener-suedseeperle#breadcrumb","itemListElement":[{"@type":"ListItem","position":1,"name":"Startseite","item":"https:\/\/hempeline.net\/"},{"@type":"ListItem","position":2,"name":"Alle Produkte","item":"https:\/\/hempeline.net\/alle-produkte"},{"@type":"ListItem","position":3,"name":"Gelbgold-Kette mit Champagner-S\u00fcdseeperle"}]},{"@type":"WebSite","@id":"https:\/\/hempeline.net\/#website","url":"https:\/\/hempeline.net\/","name":"hempeline","description":"Quality made in Germany","publisher":{"@id":"https:\/\/hempeline.net\/#organization"},"potentialAction":[{"@type":"SearchAction","target":{"@type":"EntryPoint","urlTemplate":"https:\/\/hempeline.net\/?s={search_term_string}"},"query-input":{"@type":"PropertyValueSpecification","valueRequired":true,"valueName":"search_term_string"}}],"inLanguage":"en-GB"},{"@type":"Organization","@id":"https:\/\/hempeline.net\/#organization","name":"hempeline collection","url":"https:\/\/hempeline.net\/","logo":{"@type":"ImageObject","inLanguage":"en-GB","@id":"https:\/\/hempeline.net\/#\/schema\/logo\/image\/","url":"https:\/\/hempeline.net\/wp-content\/uploads\/2020\/07\/LOGO-SCHWARZ.png","contentUrl":"https:\/\/hempeline.net\/wp-content\/uploads\/2020\/07\/LOGO-SCHWARZ.png","width":576,"height":576,"caption":"hempeline collection"},"image":{"@id":"https:\/\/hempeline.net\/#\/schema\/logo\/image\/"},"sameAs":["https:\/\/www.facebook.com\/hempelineCollection\/","https:\/\/www.instagram.com\/hempeline\/"]}]}},"_links":{"self":[{"href":"https:\/\/hempeline.net\/en\/wp-json\/wp\/v2\/product\/7592","targetHints":{"allow":["GET"]}}],"collection":[{"href":"https:\/\/hempeline.net\/en\/wp-json\/wp\/v2\/product"}],"about":[{"href":"https:\/\/hempeline.net\/en\/wp-json\/wp\/v2\/types\/product"}],"replies":[{"embeddable":true,"href":"https:\/\/hempeline.net\/en\/wp-json\/wp\/v2\/comments?post=7592"}],"wp:featuredmedia":[{"embeddable":true,"href":"https:\/\/hempeline.net\/en\/wp-json\/wp\/v2\/media\/10811"}],"wp:attachment":[{"href":"https:\/\/hempeline.net\/en\/wp-json\/wp\/v2\/media?parent=7592"}],"wp:term":[{"taxonomy":"product_cat","embeddable":true,"href":"https:\/\/hempeline.net\/en\/wp-json\/wp\/v2\/product_cat?post=7592"},{"taxonomy":"product_tag","embeddable":true,"href":"https:\/\/hempeline.net\/en\/wp-json\/wp\/v2\/product_tag?post=7592"}],"curies":[{"name":"wp","href":"https:\/\/api.w.org\/{rel}","templated":true}]}}