{"id":7555,"date":"2021-08-26T16:00:24","date_gmt":"2021-08-26T16:00:24","guid":{"rendered":"https:\/\/test.hempeline.net\/produkt\/collier-barockperle"},"modified":"2022-03-04T12:14:12","modified_gmt":"2022-03-04T11:14:12","slug":"collier-barockperle","status":"publish","type":"product","link":"https:\/\/hempeline.net\/en\/product\/collier-barockperle","title":{"rendered":"Collier Barockperle"},"content":{"rendered":"<p>Ein Klassiker neu<strong> INTERPRETIERT<\/strong>. Denn ein Perlen Collier wird nie aus der Mode kommen, und doch haben wir bei unserem goldenen all time classic ein wenig Moderne ins Spiel gebracht. Die barocke S\u00fcdseeperle mit feinem Goldverlauf spielt die Hauptrolle und schwebt f\u00f6rmlich am Dekollet\u00e9. Ganz fein gearbeitet, wird sie auf beiden Seiten von der filigranen Goldgelb Collier getragen und spielt bei jeder Bewegung mit ihrem Perlmuttschimmer. So klassisch, so modern, so wundersch\u00f6n.<\/p>\n<p>Product details:<\/p>\n<ul>\n<li>Perlenherkunft: von kleinen Perlenfarmen im S\u00fcdpazifik (<a href=\"https:\/\/de.wikipedia.org\/wiki\/Lombok\">Lombok<\/a>)<\/li>\n<li>AAA southsea pearl \/ baroque pearl round, gold colored with gradient, 18 mm x 14 mm<\/li>\n<li>Chain: 18 ct yellow gold, 41 cm length, lobster clasp<\/li>\n<\/ul>\n<p class=\"translation-block\">The jewellery from <em>hempeline jewellery<\/em> comes to you in a plain white jewelry box made in Germany - perfect for storage and ideal for gift wrapping.<\/p>\n<p>For our jewellery we process natural pearls and gemstones, so the jewellery may differ from the images in our online store.<\/p>\n<p>Prices incl. VAT<\/p>","protected":false},"excerpt":{"rendered":"<p>Ein Klassiker neu<strong> INTERPRETIERT<\/strong>. Denn Perlen-Colliers werden nie aus der Mode kommen, und doch haben wir bei unserem goldenen all time classic ein wenig Moderne ins Spiel gebracht. Die barocke S\u00fcdseeperle mit feinem Goldverlauf spielt die Hauptrolle und schwebt f\u00f6rmlich am Dekollet\u00e9.<\/p>","protected":false},"featured_media":10802,"comment_status":"open","ping_status":"closed","template":"","meta":{"_acf_changed":false},"product_cat":[67,134],"product_tag":[260,267,258,257,274,228,261,262,263,259],"class_list":["post-7555","product","type-product","status-publish","has-post-thumbnail","hentry","product_cat-schmuck","product_cat-hals","product_tag-aus-nachhaltiger-herstellung","product_tag-gelbgold","product_tag-goldener-schmuck","product_tag-goldschmuck","product_tag-halskette","product_tag-handarbeit","product_tag-kleine-perlenfarm","product_tag-lombok","product_tag-suedsee-perle","product_tag-suedseeperle"],"acf":[],"yoast_head":"<!-- This site is optimized with the Yoast SEO Premium plugin v19.3 (Yoast SEO v26.8) - https:\/\/yoast.com\/product\/yoast-seo-premium-wordpress\/ -->\n<title>Collier Barockperle von hempeline, der neu interpretierter Klassiker<\/title>\n<meta name=\"description\" content=\"Ganz fein gearbeitet, wird die S\u00fcdseeperle auf beiden Seiten von der filigranen 18 kt Goldgelb Collier spielerisch getragen.\" \/>\n<meta name=\"robots\" content=\"index, follow, max-snippet:-1, max-image-preview:large, max-video-preview:-1\" \/>\n<link rel=\"canonical\" href=\"https:\/\/hempeline.net\/en\/product\/collier-barockperle\/\" \/>\n<meta property=\"og:locale\" content=\"en_GB\" \/>\n<meta property=\"og:type\" content=\"article\" \/>\n<meta property=\"og:title\" content=\"Collier Barockperle\" \/>\n<meta property=\"og:description\" content=\"Ganz fein gearbeitet, wird die S\u00fcdseeperle auf beiden Seiten von der filigranen 18 kt Goldgelb Collier spielerisch getragen.\" \/>\n<meta property=\"og:url\" content=\"https:\/\/hempeline.net\/en\/product\/collier-barockperle\/\" \/>\n<meta property=\"og:site_name\" content=\"hempeline\" \/>\n<meta property=\"article:publisher\" content=\"https:\/\/www.facebook.com\/hempelineCollection\/\" \/>\n<meta property=\"article:modified_time\" content=\"2022-03-04T11:14:12+00:00\" \/>\n<meta property=\"og:image\" content=\"https:\/\/hempeline.net\/wp-content\/uploads\/2021\/10\/Colier-Gold01-2021.png\" \/>\n\t<meta property=\"og:image:width\" content=\"2048\" \/>\n\t<meta property=\"og:image:height\" content=\"2048\" \/>\n\t<meta property=\"og:image:type\" content=\"image\/png\" \/>\n<meta name=\"twitter:card\" content=\"summary_large_image\" \/>\n<meta name=\"twitter:label1\" content=\"Estimated reading time\" \/>\n\t<meta name=\"twitter:data1\" content=\"1 minute\" \/>\n<script type=\"application\/ld+json\" class=\"yoast-schema-graph\">{\"@context\":\"https:\/\/schema.org\",\"@graph\":[{\"@type\":\"WebPage\",\"@id\":\"https:\/\/hempeline.net\/produkt\/collier-barockperle\",\"url\":\"https:\/\/hempeline.net\/produkt\/collier-barockperle\",\"name\":\"Collier Barockperle von hempeline, der neu interpretierter Klassiker\",\"isPartOf\":{\"@id\":\"https:\/\/hempeline.net\/#website\"},\"primaryImageOfPage\":{\"@id\":\"https:\/\/hempeline.net\/produkt\/collier-barockperle#primaryimage\"},\"image\":{\"@id\":\"https:\/\/hempeline.net\/produkt\/collier-barockperle#primaryimage\"},\"thumbnailUrl\":\"https:\/\/hempeline.net\/wp-content\/uploads\/2021\/10\/Colier-Gold01-2021.png\",\"datePublished\":\"2021-08-26T16:00:24+00:00\",\"dateModified\":\"2022-03-04T11:14:12+00:00\",\"description\":\"Ganz fein gearbeitet, wird die S\u00fcdseeperle auf beiden Seiten von der filigranen 18 kt Goldgelb Collier spielerisch getragen.\",\"breadcrumb\":{\"@id\":\"https:\/\/hempeline.net\/produkt\/collier-barockperle#breadcrumb\"},\"inLanguage\":\"en-GB\",\"potentialAction\":[{\"@type\":\"ReadAction\",\"target\":[\"https:\/\/hempeline.net\/produkt\/collier-barockperle\"]}]},{\"@type\":\"ImageObject\",\"inLanguage\":\"en-GB\",\"@id\":\"https:\/\/hempeline.net\/produkt\/collier-barockperle#primaryimage\",\"url\":\"https:\/\/hempeline.net\/wp-content\/uploads\/2021\/10\/Colier-Gold01-2021.png\",\"contentUrl\":\"https:\/\/hempeline.net\/wp-content\/uploads\/2021\/10\/Colier-Gold01-2021.png\",\"width\":2048,\"height\":2048,\"caption\":\"Collier\"},{\"@type\":\"BreadcrumbList\",\"@id\":\"https:\/\/hempeline.net\/produkt\/collier-barockperle#breadcrumb\",\"itemListElement\":[{\"@type\":\"ListItem\",\"position\":1,\"name\":\"Startseite\",\"item\":\"https:\/\/hempeline.net\/\"},{\"@type\":\"ListItem\",\"position\":2,\"name\":\"Alle Produkte\",\"item\":\"https:\/\/hempeline.net\/alle-produkte\"},{\"@type\":\"ListItem\",\"position\":3,\"name\":\"Collier Barockperle\"}]},{\"@type\":\"WebSite\",\"@id\":\"https:\/\/hempeline.net\/#website\",\"url\":\"https:\/\/hempeline.net\/\",\"name\":\"hempeline\",\"description\":\"Qualit\u00e4t made in Germany\",\"publisher\":{\"@id\":\"https:\/\/hempeline.net\/#organization\"},\"potentialAction\":[{\"@type\":\"SearchAction\",\"target\":{\"@type\":\"EntryPoint\",\"urlTemplate\":\"https:\/\/hempeline.net\/?s={search_term_string}\"},\"query-input\":{\"@type\":\"PropertyValueSpecification\",\"valueRequired\":true,\"valueName\":\"search_term_string\"}}],\"inLanguage\":\"en-GB\"},{\"@type\":\"Organization\",\"@id\":\"https:\/\/hempeline.net\/#organization\",\"name\":\"hempeline collection\",\"url\":\"https:\/\/hempeline.net\/\",\"logo\":{\"@type\":\"ImageObject\",\"inLanguage\":\"en-GB\",\"@id\":\"https:\/\/hempeline.net\/#\/schema\/logo\/image\/\",\"url\":\"https:\/\/hempeline.net\/wp-content\/uploads\/2020\/07\/LOGO-SCHWARZ.png\",\"contentUrl\":\"https:\/\/hempeline.net\/wp-content\/uploads\/2020\/07\/LOGO-SCHWARZ.png\",\"width\":576,\"height\":576,\"caption\":\"hempeline collection\"},\"image\":{\"@id\":\"https:\/\/hempeline.net\/#\/schema\/logo\/image\/\"},\"sameAs\":[\"https:\/\/www.facebook.com\/hempelineCollection\/\",\"https:\/\/www.instagram.com\/hempeline\/\"]}]}<\/script>\n<!-- \/ Yoast SEO Premium plugin. -->","yoast_head_json":{"title":"Collier Barockperle von hempeline, der neu interpretierter Klassiker","description":"Ganz fein gearbeitet, wird die S\u00fcdseeperle auf beiden Seiten von der filigranen 18 kt Goldgelb Collier spielerisch getragen.","robots":{"index":"index","follow":"follow","max-snippet":"max-snippet:-1","max-image-preview":"max-image-preview:large","max-video-preview":"max-video-preview:-1"},"canonical":"https:\/\/hempeline.net\/en\/product\/collier-barockperle\/","og_locale":"en_GB","og_type":"article","og_title":"Collier Barockperle","og_description":"Ganz fein gearbeitet, wird die S\u00fcdseeperle auf beiden Seiten von der filigranen 18 kt Goldgelb Collier spielerisch getragen.","og_url":"https:\/\/hempeline.net\/en\/product\/collier-barockperle\/","og_site_name":"hempeline","article_publisher":"https:\/\/www.facebook.com\/hempelineCollection\/","article_modified_time":"2022-03-04T11:14:12+00:00","og_image":[{"width":2048,"height":2048,"url":"https:\/\/hempeline.net\/wp-content\/uploads\/2021\/10\/Colier-Gold01-2021.png","type":"image\/png"}],"twitter_card":"summary_large_image","twitter_misc":{"Estimated reading time":"1 minute"},"schema":{"@context":"https:\/\/schema.org","@graph":[{"@type":"WebPage","@id":"https:\/\/hempeline.net\/produkt\/collier-barockperle","url":"https:\/\/hempeline.net\/produkt\/collier-barockperle","name":"Collier Barockperle von hempeline, der neu interpretierter Klassiker","isPartOf":{"@id":"https:\/\/hempeline.net\/#website"},"primaryImageOfPage":{"@id":"https:\/\/hempeline.net\/produkt\/collier-barockperle#primaryimage"},"image":{"@id":"https:\/\/hempeline.net\/produkt\/collier-barockperle#primaryimage"},"thumbnailUrl":"https:\/\/hempeline.net\/wp-content\/uploads\/2021\/10\/Colier-Gold01-2021.png","datePublished":"2021-08-26T16:00:24+00:00","dateModified":"2022-03-04T11:14:12+00:00","description":"Ganz fein gearbeitet, wird die S\u00fcdseeperle auf beiden Seiten von der filigranen 18 kt Goldgelb Collier spielerisch getragen.","breadcrumb":{"@id":"https:\/\/hempeline.net\/produkt\/collier-barockperle#breadcrumb"},"inLanguage":"en-GB","potentialAction":[{"@type":"ReadAction","target":["https:\/\/hempeline.net\/produkt\/collier-barockperle"]}]},{"@type":"ImageObject","inLanguage":"en-GB","@id":"https:\/\/hempeline.net\/produkt\/collier-barockperle#primaryimage","url":"https:\/\/hempeline.net\/wp-content\/uploads\/2021\/10\/Colier-Gold01-2021.png","contentUrl":"https:\/\/hempeline.net\/wp-content\/uploads\/2021\/10\/Colier-Gold01-2021.png","width":2048,"height":2048,"caption":"Collier"},{"@type":"BreadcrumbList","@id":"https:\/\/hempeline.net\/produkt\/collier-barockperle#breadcrumb","itemListElement":[{"@type":"ListItem","position":1,"name":"Startseite","item":"https:\/\/hempeline.net\/"},{"@type":"ListItem","position":2,"name":"Alle Produkte","item":"https:\/\/hempeline.net\/alle-produkte"},{"@type":"ListItem","position":3,"name":"Collier Barockperle"}]},{"@type":"WebSite","@id":"https:\/\/hempeline.net\/#website","url":"https:\/\/hempeline.net\/","name":"hempeline","description":"Quality made in Germany","publisher":{"@id":"https:\/\/hempeline.net\/#organization"},"potentialAction":[{"@type":"SearchAction","target":{"@type":"EntryPoint","urlTemplate":"https:\/\/hempeline.net\/?s={search_term_string}"},"query-input":{"@type":"PropertyValueSpecification","valueRequired":true,"valueName":"search_term_string"}}],"inLanguage":"en-GB"},{"@type":"Organization","@id":"https:\/\/hempeline.net\/#organization","name":"hempeline collection","url":"https:\/\/hempeline.net\/","logo":{"@type":"ImageObject","inLanguage":"en-GB","@id":"https:\/\/hempeline.net\/#\/schema\/logo\/image\/","url":"https:\/\/hempeline.net\/wp-content\/uploads\/2020\/07\/LOGO-SCHWARZ.png","contentUrl":"https:\/\/hempeline.net\/wp-content\/uploads\/2020\/07\/LOGO-SCHWARZ.png","width":576,"height":576,"caption":"hempeline collection"},"image":{"@id":"https:\/\/hempeline.net\/#\/schema\/logo\/image\/"},"sameAs":["https:\/\/www.facebook.com\/hempelineCollection\/","https:\/\/www.instagram.com\/hempeline\/"]}]}},"_links":{"self":[{"href":"https:\/\/hempeline.net\/en\/wp-json\/wp\/v2\/product\/7555","targetHints":{"allow":["GET"]}}],"collection":[{"href":"https:\/\/hempeline.net\/en\/wp-json\/wp\/v2\/product"}],"about":[{"href":"https:\/\/hempeline.net\/en\/wp-json\/wp\/v2\/types\/product"}],"replies":[{"embeddable":true,"href":"https:\/\/hempeline.net\/en\/wp-json\/wp\/v2\/comments?post=7555"}],"wp:featuredmedia":[{"embeddable":true,"href":"https:\/\/hempeline.net\/en\/wp-json\/wp\/v2\/media\/10802"}],"wp:attachment":[{"href":"https:\/\/hempeline.net\/en\/wp-json\/wp\/v2\/media?parent=7555"}],"wp:term":[{"taxonomy":"product_cat","embeddable":true,"href":"https:\/\/hempeline.net\/en\/wp-json\/wp\/v2\/product_cat?post=7555"},{"taxonomy":"product_tag","embeddable":true,"href":"https:\/\/hempeline.net\/en\/wp-json\/wp\/v2\/product_tag?post=7555"}],"curies":[{"name":"wp","href":"https:\/\/api.w.org\/{rel}","templated":true}]}}