{"id":5938,"date":"2021-04-15T08:25:55","date_gmt":"2021-04-15T08:25:55","guid":{"rendered":"http:\/\/test.hempeline.net\/?page_id=5938"},"modified":"2024-12-16T20:49:09","modified_gmt":"2024-12-16T19:49:09","slug":"leitlinien","status":"publish","type":"page","link":"https:\/\/hempeline.net\/en\/home\/leitlinien","title":{"rendered":"Guidelines"},"content":{"rendered":"<div data-elementor-type=\"wp-page\" data-elementor-id=\"5938\" class=\"elementor elementor-5938\" data-elementor-post-type=\"page\">\n\t\t\t\t\t\t<section class=\"elementor-section elementor-top-section elementor-element elementor-element-1d39639f elementor-section-boxed elementor-section-height-default elementor-section-height-default\" data-id=\"1d39639f\" data-element_type=\"section\">\n\t\t\t\t\t\t<div class=\"elementor-container elementor-column-gap-default\">\n\t\t\t\t\t<div class=\"elementor-column elementor-col-100 elementor-top-column elementor-element elementor-element-3e486ee7\" data-id=\"3e486ee7\" data-element_type=\"column\">\n\t\t\t<div class=\"elementor-widget-wrap elementor-element-populated\">\n\t\t\t\t\t\t<div class=\"elementor-element elementor-element-5fb2fcbb elementor-widget elementor-widget-heading\" data-id=\"5fb2fcbb\" data-element_type=\"widget\" data-widget_type=\"heading.default\">\n\t\t\t\t<div class=\"elementor-widget-container\">\n\t\t\t<h2 class=\"elementor-heading-title elementor-size-default\">Guidelines<\/h2>\t\t<\/div>\n\t\t\t\t<\/div>\n\t\t\t\t\t<\/div>\n\t\t<\/div>\n\t\t\t\t\t<\/div>\n\t\t<\/section>\n\t\t\t\t<section class=\"elementor-section elementor-top-section elementor-element elementor-element-53a0ad05 elementor-section-boxed elementor-section-height-default elementor-section-height-default\" data-id=\"53a0ad05\" data-element_type=\"section\">\n\t\t\t\t\t\t<div class=\"elementor-container elementor-column-gap-default\">\n\t\t\t\t\t<div class=\"elementor-column elementor-col-100 elementor-top-column elementor-element elementor-element-6108b77a\" data-id=\"6108b77a\" data-element_type=\"column\">\n\t\t\t<div class=\"elementor-widget-wrap elementor-element-populated\">\n\t\t\t\t\t\t<div class=\"elementor-element elementor-element-26964ac elementor-widget elementor-widget-image\" data-id=\"26964ac\" data-element_type=\"widget\" data-widget_type=\"image.default\">\n\t\t\t\t<div class=\"elementor-widget-container\">\n\t\t\t\t\t\t\t\t\t\t\t\t\t<img fetchpriority=\"high\" decoding=\"async\" width=\"768\" height=\"1024\" src=\"https:\/\/hempeline.net\/wp-content\/uploads\/2020\/11\/Sticker_Gold_Weihnachten-2-e1605631569836-768x1024.jpg\" class=\"attachment-large size-large wp-image-3615\" alt=\"Leitlinien Philosophie\" srcset=\"https:\/\/hempeline.net\/wp-content\/uploads\/2020\/11\/Sticker_Gold_Weihnachten-2-e1605631569836-768x1024.jpg 768w, https:\/\/hempeline.net\/wp-content\/uploads\/2020\/11\/Sticker_Gold_Weihnachten-2-e1605631569836-450x600.jpg 450w, https:\/\/hempeline.net\/wp-content\/uploads\/2020\/11\/Sticker_Gold_Weihnachten-2-e1605631569836-900x1200.jpg 900w, https:\/\/hempeline.net\/wp-content\/uploads\/2020\/11\/Sticker_Gold_Weihnachten-2-e1605631569836-225x300.jpg 225w, https:\/\/hempeline.net\/wp-content\/uploads\/2020\/11\/Sticker_Gold_Weihnachten-2-e1605631569836-1152x1536.jpg 1152w, https:\/\/hempeline.net\/wp-content\/uploads\/2020\/11\/Sticker_Gold_Weihnachten-2-e1605631569836.jpg 1200w\" sizes=\"(max-width: 768px) 100vw, 768px\" \/>\t\t\t\t\t\t\t\t\t\t\t\t\t<\/div>\n\t\t\t\t<\/div>\n\t\t\t\t\t<\/div>\n\t\t<\/div>\n\t\t\t\t\t<\/div>\n\t\t<\/section>\n\t\t\t\t<section class=\"elementor-section elementor-top-section elementor-element elementor-element-2c05e474 elementor-section-boxed elementor-section-height-default elementor-section-height-default\" data-id=\"2c05e474\" data-element_type=\"section\">\n\t\t\t\t\t\t<div class=\"elementor-container elementor-column-gap-default\">\n\t\t\t\t\t<div class=\"elementor-column elementor-col-100 elementor-top-column elementor-element elementor-element-205e73a4\" data-id=\"205e73a4\" data-element_type=\"column\">\n\t\t\t<div class=\"elementor-widget-wrap elementor-element-populated\">\n\t\t\t\t\t\t<div class=\"elementor-element elementor-element-d021070 elementor-widget elementor-widget-heading\" data-id=\"d021070\" data-element_type=\"widget\" data-widget_type=\"heading.default\">\n\t\t\t\t<div class=\"elementor-widget-container\">\n\t\t\t<h2 class=\"elementor-heading-title elementor-size-large\">responsibility<\/h2>\t\t<\/div>\n\t\t\t\t<\/div>\n\t\t\t\t<div class=\"elementor-element elementor-element-027cdb2 elementor-widget elementor-widget-text-editor\" data-id=\"027cdb2\" data-element_type=\"widget\" data-widget_type=\"text-editor.default\">\n\t\t\t\t<div class=\"elementor-widget-container\">\n\t\t\t\t\t\t\t<p>We at hempeline not only feel a deep responsibility towards our customers, to offer them the quality of products that they deserve and that we promise them. We also have a great responsibility for the people and the nature behind these products. That is why we have guidelines according to which we select our products and partners.<br \/>Because for us, it&#039;s not about offering beautiful things at any price, but also about making them under fair conditions. Only in this way do they make us happy and really make us shine.<\/p>\t\t\t\t\t\t<\/div>\n\t\t\t\t<\/div>\n\t\t\t\t\t<\/div>\n\t\t<\/div>\n\t\t\t\t\t<\/div>\n\t\t<\/section>\n\t\t\t\t<section class=\"elementor-section elementor-top-section elementor-element elementor-element-c73522a elementor-section-boxed elementor-section-height-default elementor-section-height-default\" data-id=\"c73522a\" data-element_type=\"section\">\n\t\t\t\t\t\t<div class=\"elementor-container elementor-column-gap-default\">\n\t\t\t\t\t<div class=\"elementor-column elementor-col-100 elementor-top-column elementor-element elementor-element-dae419e\" data-id=\"dae419e\" data-element_type=\"column\">\n\t\t\t<div class=\"elementor-widget-wrap elementor-element-populated\">\n\t\t\t\t\t\t<div class=\"elementor-element elementor-element-c29074c elementor-widget elementor-widget-heading\" data-id=\"c29074c\" data-element_type=\"widget\" data-widget_type=\"heading.default\">\n\t\t\t\t<div class=\"elementor-widget-container\">\n\t\t\t<h2 class=\"elementor-heading-title elementor-size-large\">#1 treating people fairly<\/h2>\t\t<\/div>\n\t\t\t\t<\/div>\n\t\t\t\t<div class=\"elementor-element elementor-element-730a7bd elementor-widget elementor-widget-text-editor\" data-id=\"730a7bd\" data-element_type=\"widget\" data-widget_type=\"text-editor.default\">\n\t\t\t\t<div class=\"elementor-widget-container\">\n\t\t\t\t\t\t\tBefore working with all of our partners and producers, especially abroad, we confirm that they always pay an appropriate minimum wage, never use child labor and speak out against any form of racism, exclusion or sexual assault. In addition, we always have the factories, workplaces and the surrounding area shown to us. On site or via video conferencing. \n\t\t\t\t\t\t<\/div>\n\t\t\t\t<\/div>\n\t\t\t\t\t<\/div>\n\t\t<\/div>\n\t\t\t\t\t<\/div>\n\t\t<\/section>\n\t\t\t\t<section class=\"elementor-section elementor-top-section elementor-element elementor-element-44eff2d elementor-section-boxed elementor-section-height-default elementor-section-height-default\" data-id=\"44eff2d\" data-element_type=\"section\">\n\t\t\t\t\t\t<div class=\"elementor-container elementor-column-gap-default\">\n\t\t\t\t\t<div class=\"elementor-column elementor-col-100 elementor-top-column elementor-element elementor-element-5efe9d8\" data-id=\"5efe9d8\" data-element_type=\"column\">\n\t\t\t<div class=\"elementor-widget-wrap elementor-element-populated\">\n\t\t\t\t\t\t<div class=\"elementor-element elementor-element-6bb4804 elementor-widget elementor-widget-heading\" data-id=\"6bb4804\" data-element_type=\"widget\" data-widget_type=\"heading.default\">\n\t\t\t\t<div class=\"elementor-widget-container\">\n\t\t\t<h3 class=\"elementor-heading-title elementor-size-large\">#2 respectful treatment of nature<\/h3>\t\t<\/div>\n\t\t\t\t<\/div>\n\t\t\t\t<div class=\"elementor-element elementor-element-4e3c647 elementor-widget elementor-widget-text-editor\" data-id=\"4e3c647\" data-element_type=\"widget\" data-widget_type=\"text-editor.default\">\n\t\t\t\t<div class=\"elementor-widget-container\">\n\t\t\t\t\t\t\t<p>We not only question what we do for nature at hempeline, but also with our partners. Pearls and cashmere are wonderful and magical products of nature that we want to be treated and made the same way. Therefore, we ask all our producers which processes they go through, whether they use environmentally friendly processes and additives and what they do for sustainability. We love partners who love their products and nature as much as we do.<\/p>\t\t\t\t\t\t<\/div>\n\t\t\t\t<\/div>\n\t\t\t\t\t<\/div>\n\t\t<\/div>\n\t\t\t\t\t<\/div>\n\t\t<\/section>\n\t\t\t\t<section class=\"elementor-section elementor-top-section elementor-element elementor-element-0401865 elementor-section-boxed elementor-section-height-default elementor-section-height-default\" data-id=\"0401865\" data-element_type=\"section\">\n\t\t\t\t\t\t<div class=\"elementor-container elementor-column-gap-default\">\n\t\t\t\t\t<div class=\"elementor-column elementor-col-100 elementor-top-column elementor-element elementor-element-8a17eab\" data-id=\"8a17eab\" data-element_type=\"column\">\n\t\t\t<div class=\"elementor-widget-wrap elementor-element-populated\">\n\t\t\t\t\t\t<div class=\"elementor-element elementor-element-59cfb3a elementor-widget elementor-widget-heading\" data-id=\"59cfb3a\" data-element_type=\"widget\" data-widget_type=\"heading.default\">\n\t\t\t\t<div class=\"elementor-widget-container\">\n\t\t\t<h4 class=\"elementor-heading-title elementor-size-large\">#3 inspire global, act local<\/h4>\t\t<\/div>\n\t\t\t\t<\/div>\n\t\t\t\t<div class=\"elementor-element elementor-element-095a65b elementor-widget elementor-widget-text-editor\" data-id=\"095a65b\" data-element_type=\"widget\" data-widget_type=\"text-editor.default\">\n\t\t\t\t<div class=\"elementor-widget-container\">\n\t\t\t\t\t\t\t<p>F\u00fcr unsere Kundinnen sind wir auf der ganzen Welt unterwegs, um die sch\u00f6nsten Sch\u00e4tze f\u00fcr die sch\u00f6nsten Frauen zu entdecken. Dabei achten wir darauf, dass wir nicht mit Zwischenh\u00e4ndlern, sondern nur mit Produzenten direkt arbeiten, um unn\u00f6tige Transportwege, Zwischenverpackungen und Arbeitsbedingungen, die wir nicht kontrollieren k\u00f6nnen, zu vermeiden. Auch bei hempeline selbst achten wir auf kurze Transportwege und regionale Produktion. All unsere Waren werden direkt zu hempeline gesendet und nicht in einem Au\u00dfenlager verwaltet. Auch unsere Verpackungen sind \u00fcberwiegend aus nachhaltigen Stoffen und werden regional designt wie produziert. Das spart Versandwege, sichert Arbeitspl\u00e4tze und bereichert unser Sortiment.<\/p>\t\t\t\t\t\t<\/div>\n\t\t\t\t<\/div>\n\t\t\t\t\t<\/div>\n\t\t<\/div>\n\t\t\t\t\t<\/div>\n\t\t<\/section>\n\t\t\t\t<section class=\"elementor-section elementor-top-section elementor-element elementor-element-03a168c elementor-section-boxed elementor-section-height-default elementor-section-height-default\" data-id=\"03a168c\" data-element_type=\"section\">\n\t\t\t\t\t\t<div class=\"elementor-container elementor-column-gap-default\">\n\t\t\t\t\t<div class=\"elementor-column elementor-col-100 elementor-top-column elementor-element elementor-element-e9bfb10\" data-id=\"e9bfb10\" data-element_type=\"column\">\n\t\t\t<div class=\"elementor-widget-wrap elementor-element-populated\">\n\t\t\t\t\t\t<div class=\"elementor-element elementor-element-420af75 elementor-widget elementor-widget-heading\" data-id=\"420af75\" data-element_type=\"widget\" data-widget_type=\"heading.default\">\n\t\t\t\t<div class=\"elementor-widget-container\">\n\t\t\t<h4 class=\"elementor-heading-title elementor-size-large\">#4 klimabewusstes Handeln<\/h4>\t\t<\/div>\n\t\t\t\t<\/div>\n\t\t\t\t<div class=\"elementor-element elementor-element-d9235ce elementor-widget elementor-widget-text-editor\" data-id=\"d9235ce\" data-element_type=\"widget\" data-widget_type=\"text-editor.default\">\n\t\t\t\t<div class=\"elementor-widget-container\">\n\t\t\t\t\t\t\t<p>But even we at hempeline are not always perfect and therefore always want to give something back to our planet for its treasures beyond our guidelines. For every product sold, we donate to a reforestation project in Costa Rica, which plants a tree for every EUR 500 donated. Find out more about this great project and how we can do something good for our planet: <a href=\"http:\/\/www.actionsforfuture.com\">www.actionsforfuture.com<\/a><\/p>\t\t\t\t\t\t<\/div>\n\t\t\t\t<\/div>\n\t\t\t\t<div class=\"elementor-element elementor-element-c7b69cb hempeline-button elementor-widget elementor-widget-button\" data-id=\"c7b69cb\" data-element_type=\"widget\" data-widget_type=\"button.default\">\n\t\t\t\t<div class=\"elementor-widget-container\">\n\t\t\t\t\t\t\t<div class=\"elementor-button-wrapper\">\n\t\t\t\t\t<a class=\"elementor-button elementor-button-link elementor-size-sm\" href=\"https:\/\/hempeline.net\/en\/shop\/\">\n\t\t\t\t\t\t<span class=\"elementor-button-content-wrapper\">\n\t\t\t\t\t\t<span class=\"elementor-button-icon\">\n\t\t\t\t<svg xmlns=\"http:\/\/www.w3.org\/2000\/svg\" xmlns:xlink=\"http:\/\/www.w3.org\/1999\/xlink\" id=\"Ebene_1\" data-name=\"Ebene 1\" viewbox=\"0 0 13.05 7.33\"><defs><style>.cls-1,.cls-3{fill:none;}.cls-2{clip-path:url(#clip-path);}.cls-3{stroke:#1d1d1b;stroke-width:0.8px;}<\/style><clippath id=\"clip-path\" transform=\"translate(-98.29 -145.08)\"><rect class=\"cls-1\" x=\"98.29\" y=\"145.08\" width=\"13.05\" height=\"7.33\"><\/rect><\/clippath><\/defs><g class=\"cls-2\"><polyline class=\"cls-3\" points=\"9.1 7.05 12.48 3.67 9.1 0.28\"><\/polyline><line class=\"cls-3\" x1=\"12.27\" y1=\"3.67\" y2=\"3.67\"><\/line><\/g><\/svg>\t\t\t<\/span>\n\t\t\t\t\t\t\t\t\t<span class=\"elementor-button-text\">SHOP<\/span>\n\t\t\t\t\t<\/span>\n\t\t\t\t\t<\/a>\n\t\t\t\t<\/div>\n\t\t\t\t\t\t<\/div>\n\t\t\t\t<\/div>\n\t\t\t\t\t<\/div>\n\t\t<\/div>\n\t\t\t\t\t<\/div>\n\t\t<\/section>\n\t\t\t\t<section class=\"elementor-section elementor-top-section elementor-element elementor-element-a0f1643 elementor-section-boxed elementor-section-height-default elementor-section-height-default\" data-id=\"a0f1643\" data-element_type=\"section\">\n\t\t\t\t\t\t<div class=\"elementor-container elementor-column-gap-default\">\n\t\t\t\t\t<div class=\"elementor-column elementor-col-100 elementor-top-column elementor-element elementor-element-9d7caf2\" data-id=\"9d7caf2\" data-element_type=\"column\">\n\t\t\t<div class=\"elementor-widget-wrap elementor-element-populated\">\n\t\t\t\t\t\t<div class=\"elementor-element elementor-element-165abeb elementor-widget elementor-widget-spacer\" data-id=\"165abeb\" data-element_type=\"widget\" data-widget_type=\"spacer.default\">\n\t\t\t\t<div class=\"elementor-widget-container\">\n\t\t\t\t\t<div class=\"elementor-spacer\">\n\t\t\t<div class=\"elementor-spacer-inner\"><\/div>\n\t\t<\/div>\n\t\t\t\t<\/div>\n\t\t\t\t<\/div>\n\t\t\t\t\t<\/div>\n\t\t<\/div>\n\t\t\t\t\t<\/div>\n\t\t<\/section>\n\t\t\t\t<\/div>","protected":false},"excerpt":{"rendered":"<p>Leitlinien Verantwortung Wir von hempeline sp\u00fcren nicht nur eine tiefe Verantwortung unseren Kundinnen gegen\u00fcber, ihnen die Qualit\u00e4t an Produkten zu bieten, die sie verdienen und die wir ihnen versprechen. Auch haben wir f\u00fcr die Menschen und die Natur hinter diesen Produkten eine gro\u00dfe Verantwortung. Daher haben wir Leitlinien, nach denen wir unsere Produkte und Partner [&hellip;]<\/p>\n","protected":false},"author":279,"featured_media":3615,"parent":8,"menu_order":0,"comment_status":"closed","ping_status":"closed","template":"","meta":{"_acf_changed":false,"footnotes":""},"class_list":["post-5938","page","type-page","status-publish","has-post-thumbnail","hentry"],"acf":[],"yoast_head":"<!-- This site is optimized with the Yoast SEO Premium plugin v19.3 (Yoast SEO v26.8) - https:\/\/yoast.com\/product\/yoast-seo-premium-wordpress\/ -->\n<title>Leitlinien &#8226; erfahre mehr \u00fcber den hempeline Ethos<\/title>\n<meta name=\"description\" content=\"Wir haben Leitlinien, nach denen wir unsere Produkte und Partner ausw\u00e4hlen, um euch faire Produkte f\u00fcr Mensch und Natur bieten zu k\u00f6nnen.\" \/>\n<meta name=\"robots\" content=\"index, follow, max-snippet:-1, max-image-preview:large, max-video-preview:-1\" \/>\n<link rel=\"canonical\" href=\"https:\/\/hempeline.net\/en\/home\/leitlinien\/\" \/>\n<meta property=\"og:locale\" content=\"en_GB\" \/>\n<meta property=\"og:type\" content=\"article\" \/>\n<meta property=\"og:title\" content=\"Leitlinien\" \/>\n<meta property=\"og:description\" content=\"Wir haben Leitlinien, nach denen wir unsere Produkte und Partner ausw\u00e4hlen, um euch faire Produkte f\u00fcr Mensch und Natur bieten zu k\u00f6nnen.\" \/>\n<meta property=\"og:url\" content=\"https:\/\/hempeline.net\/en\/home\/leitlinien\/\" \/>\n<meta property=\"og:site_name\" content=\"hempeline\" \/>\n<meta property=\"article:publisher\" content=\"https:\/\/www.facebook.com\/hempelineCollection\/\" \/>\n<meta property=\"article:modified_time\" content=\"2024-12-16T19:49:09+00:00\" \/>\n<meta property=\"og:image\" content=\"https:\/\/hempeline.net\/wp-content\/uploads\/2020\/11\/Sticker_Gold_Weihnachten-2-e1605631569836.jpg\" \/>\n\t<meta property=\"og:image:width\" content=\"1200\" \/>\n\t<meta property=\"og:image:height\" content=\"1600\" \/>\n\t<meta property=\"og:image:type\" content=\"image\/jpeg\" \/>\n<meta name=\"twitter:card\" content=\"summary_large_image\" \/>\n<meta name=\"twitter:label1\" content=\"Estimated reading time\" \/>\n\t<meta name=\"twitter:data1\" content=\"3 minutes\" \/>\n<script type=\"application\/ld+json\" class=\"yoast-schema-graph\">{\"@context\":\"https:\/\/schema.org\",\"@graph\":[{\"@type\":\"WebPage\",\"@id\":\"https:\/\/hempeline.net\/home\/leitlinien\",\"url\":\"https:\/\/hempeline.net\/home\/leitlinien\",\"name\":\"Leitlinien &#8226; erfahre mehr \u00fcber den hempeline Ethos\",\"isPartOf\":{\"@id\":\"https:\/\/hempeline.net\/#website\"},\"primaryImageOfPage\":{\"@id\":\"https:\/\/hempeline.net\/home\/leitlinien#primaryimage\"},\"image\":{\"@id\":\"https:\/\/hempeline.net\/home\/leitlinien#primaryimage\"},\"thumbnailUrl\":\"https:\/\/hempeline.net\/wp-content\/uploads\/2020\/11\/Sticker_Gold_Weihnachten-2-e1605631569836.jpg\",\"datePublished\":\"2021-04-15T08:25:55+00:00\",\"dateModified\":\"2024-12-16T19:49:09+00:00\",\"description\":\"Wir haben Leitlinien, nach denen wir unsere Produkte und Partner ausw\u00e4hlen, um euch faire Produkte f\u00fcr Mensch und Natur bieten zu k\u00f6nnen.\",\"breadcrumb\":{\"@id\":\"https:\/\/hempeline.net\/home\/leitlinien#breadcrumb\"},\"inLanguage\":\"en-GB\",\"potentialAction\":[{\"@type\":\"ReadAction\",\"target\":[\"https:\/\/hempeline.net\/home\/leitlinien\"]}]},{\"@type\":\"ImageObject\",\"inLanguage\":\"en-GB\",\"@id\":\"https:\/\/hempeline.net\/home\/leitlinien#primaryimage\",\"url\":\"https:\/\/hempeline.net\/wp-content\/uploads\/2020\/11\/Sticker_Gold_Weihnachten-2-e1605631569836.jpg\",\"contentUrl\":\"https:\/\/hempeline.net\/wp-content\/uploads\/2020\/11\/Sticker_Gold_Weihnachten-2-e1605631569836.jpg\",\"width\":1200,\"height\":1600,\"caption\":\"Philosophie\"},{\"@type\":\"BreadcrumbList\",\"@id\":\"https:\/\/hempeline.net\/home\/leitlinien#breadcrumb\",\"itemListElement\":[{\"@type\":\"ListItem\",\"position\":1,\"name\":\"Startseite\",\"item\":\"https:\/\/hempeline.net\/\"},{\"@type\":\"ListItem\",\"position\":2,\"name\":\"Home\",\"item\":\"https:\/\/hempeline.net\/\"},{\"@type\":\"ListItem\",\"position\":3,\"name\":\"Leitlinien\"}]},{\"@type\":\"WebSite\",\"@id\":\"https:\/\/hempeline.net\/#website\",\"url\":\"https:\/\/hempeline.net\/\",\"name\":\"hempeline\",\"description\":\"Qualit\u00e4t made in Germany\",\"publisher\":{\"@id\":\"https:\/\/hempeline.net\/#organization\"},\"potentialAction\":[{\"@type\":\"SearchAction\",\"target\":{\"@type\":\"EntryPoint\",\"urlTemplate\":\"https:\/\/hempeline.net\/?s={search_term_string}\"},\"query-input\":{\"@type\":\"PropertyValueSpecification\",\"valueRequired\":true,\"valueName\":\"search_term_string\"}}],\"inLanguage\":\"en-GB\"},{\"@type\":\"Organization\",\"@id\":\"https:\/\/hempeline.net\/#organization\",\"name\":\"hempeline collection\",\"url\":\"https:\/\/hempeline.net\/\",\"logo\":{\"@type\":\"ImageObject\",\"inLanguage\":\"en-GB\",\"@id\":\"https:\/\/hempeline.net\/#\/schema\/logo\/image\/\",\"url\":\"https:\/\/hempeline.net\/wp-content\/uploads\/2020\/07\/LOGO-SCHWARZ.png\",\"contentUrl\":\"https:\/\/hempeline.net\/wp-content\/uploads\/2020\/07\/LOGO-SCHWARZ.png\",\"width\":576,\"height\":576,\"caption\":\"hempeline collection\"},\"image\":{\"@id\":\"https:\/\/hempeline.net\/#\/schema\/logo\/image\/\"},\"sameAs\":[\"https:\/\/www.facebook.com\/hempelineCollection\/\",\"https:\/\/www.instagram.com\/hempeline\/\"]}]}<\/script>\n<!-- \/ Yoast SEO Premium plugin. -->","yoast_head_json":{"title":"Leitlinien &#8226; erfahre mehr \u00fcber den hempeline Ethos","description":"Wir haben Leitlinien, nach denen wir unsere Produkte und Partner ausw\u00e4hlen, um euch faire Produkte f\u00fcr Mensch und Natur bieten zu k\u00f6nnen.","robots":{"index":"index","follow":"follow","max-snippet":"max-snippet:-1","max-image-preview":"max-image-preview:large","max-video-preview":"max-video-preview:-1"},"canonical":"https:\/\/hempeline.net\/en\/home\/leitlinien\/","og_locale":"en_GB","og_type":"article","og_title":"Leitlinien","og_description":"Wir haben Leitlinien, nach denen wir unsere Produkte und Partner ausw\u00e4hlen, um euch faire Produkte f\u00fcr Mensch und Natur bieten zu k\u00f6nnen.","og_url":"https:\/\/hempeline.net\/en\/home\/leitlinien\/","og_site_name":"hempeline","article_publisher":"https:\/\/www.facebook.com\/hempelineCollection\/","article_modified_time":"2024-12-16T19:49:09+00:00","og_image":[{"width":1200,"height":1600,"url":"https:\/\/hempeline.net\/wp-content\/uploads\/2020\/11\/Sticker_Gold_Weihnachten-2-e1605631569836.jpg","type":"image\/jpeg"}],"twitter_card":"summary_large_image","twitter_misc":{"Estimated reading time":"3 minutes"},"schema":{"@context":"https:\/\/schema.org","@graph":[{"@type":"WebPage","@id":"https:\/\/hempeline.net\/home\/leitlinien","url":"https:\/\/hempeline.net\/home\/leitlinien","name":"Leitlinien &#8226; erfahre mehr \u00fcber den hempeline Ethos","isPartOf":{"@id":"https:\/\/hempeline.net\/#website"},"primaryImageOfPage":{"@id":"https:\/\/hempeline.net\/home\/leitlinien#primaryimage"},"image":{"@id":"https:\/\/hempeline.net\/home\/leitlinien#primaryimage"},"thumbnailUrl":"https:\/\/hempeline.net\/wp-content\/uploads\/2020\/11\/Sticker_Gold_Weihnachten-2-e1605631569836.jpg","datePublished":"2021-04-15T08:25:55+00:00","dateModified":"2024-12-16T19:49:09+00:00","description":"Wir haben Leitlinien, nach denen wir unsere Produkte und Partner ausw\u00e4hlen, um euch faire Produkte f\u00fcr Mensch und Natur bieten zu k\u00f6nnen.","breadcrumb":{"@id":"https:\/\/hempeline.net\/home\/leitlinien#breadcrumb"},"inLanguage":"en-GB","potentialAction":[{"@type":"ReadAction","target":["https:\/\/hempeline.net\/home\/leitlinien"]}]},{"@type":"ImageObject","inLanguage":"en-GB","@id":"https:\/\/hempeline.net\/home\/leitlinien#primaryimage","url":"https:\/\/hempeline.net\/wp-content\/uploads\/2020\/11\/Sticker_Gold_Weihnachten-2-e1605631569836.jpg","contentUrl":"https:\/\/hempeline.net\/wp-content\/uploads\/2020\/11\/Sticker_Gold_Weihnachten-2-e1605631569836.jpg","width":1200,"height":1600,"caption":"Philosophie"},{"@type":"BreadcrumbList","@id":"https:\/\/hempeline.net\/home\/leitlinien#breadcrumb","itemListElement":[{"@type":"ListItem","position":1,"name":"Startseite","item":"https:\/\/hempeline.net\/"},{"@type":"ListItem","position":2,"name":"Home","item":"https:\/\/hempeline.net\/"},{"@type":"ListItem","position":3,"name":"Leitlinien"}]},{"@type":"WebSite","@id":"https:\/\/hempeline.net\/#website","url":"https:\/\/hempeline.net\/","name":"hempeline","description":"Quality made in Germany","publisher":{"@id":"https:\/\/hempeline.net\/#organization"},"potentialAction":[{"@type":"SearchAction","target":{"@type":"EntryPoint","urlTemplate":"https:\/\/hempeline.net\/?s={search_term_string}"},"query-input":{"@type":"PropertyValueSpecification","valueRequired":true,"valueName":"search_term_string"}}],"inLanguage":"en-GB"},{"@type":"Organization","@id":"https:\/\/hempeline.net\/#organization","name":"hempeline collection","url":"https:\/\/hempeline.net\/","logo":{"@type":"ImageObject","inLanguage":"en-GB","@id":"https:\/\/hempeline.net\/#\/schema\/logo\/image\/","url":"https:\/\/hempeline.net\/wp-content\/uploads\/2020\/07\/LOGO-SCHWARZ.png","contentUrl":"https:\/\/hempeline.net\/wp-content\/uploads\/2020\/07\/LOGO-SCHWARZ.png","width":576,"height":576,"caption":"hempeline collection"},"image":{"@id":"https:\/\/hempeline.net\/#\/schema\/logo\/image\/"},"sameAs":["https:\/\/www.facebook.com\/hempelineCollection\/","https:\/\/www.instagram.com\/hempeline\/"]}]}},"_links":{"self":[{"href":"https:\/\/hempeline.net\/en\/wp-json\/wp\/v2\/pages\/5938","targetHints":{"allow":["GET"]}}],"collection":[{"href":"https:\/\/hempeline.net\/en\/wp-json\/wp\/v2\/pages"}],"about":[{"href":"https:\/\/hempeline.net\/en\/wp-json\/wp\/v2\/types\/page"}],"author":[{"embeddable":true,"href":"https:\/\/hempeline.net\/en\/wp-json\/wp\/v2\/users\/279"}],"replies":[{"embeddable":true,"href":"https:\/\/hempeline.net\/en\/wp-json\/wp\/v2\/comments?post=5938"}],"version-history":[{"count":9,"href":"https:\/\/hempeline.net\/en\/wp-json\/wp\/v2\/pages\/5938\/revisions"}],"predecessor-version":[{"id":12787,"href":"https:\/\/hempeline.net\/en\/wp-json\/wp\/v2\/pages\/5938\/revisions\/12787"}],"up":[{"embeddable":true,"href":"https:\/\/hempeline.net\/en\/wp-json\/wp\/v2\/pages\/8"}],"wp:featuredmedia":[{"embeddable":true,"href":"https:\/\/hempeline.net\/en\/wp-json\/wp\/v2\/media\/3615"}],"wp:attachment":[{"href":"https:\/\/hempeline.net\/en\/wp-json\/wp\/v2\/media?parent=5938"}],"curies":[{"name":"wp","href":"https:\/\/api.w.org\/{rel}","templated":true}]}}