{"id":4438,"date":"2020-12-10T19:48:54","date_gmt":"2020-12-10T19:48:54","guid":{"rendered":"http:\/\/test.hempeline.net\/?page_id=4438"},"modified":"2020-12-21T14:14:25","modified_gmt":"2020-12-21T14:14:25","slug":"inside-cashmere","status":"publish","type":"page","link":"https:\/\/hempeline.net\/en\/home\/inside-cashmere","title":{"rendered":"Inside cashmere"},"content":{"rendered":"<div data-elementor-type=\"wp-page\" data-elementor-id=\"4438\" class=\"elementor elementor-4438\" data-elementor-post-type=\"page\">\n\t\t\t\t\t\t<section class=\"elementor-section elementor-top-section elementor-element elementor-element-1d39639f elementor-section-boxed elementor-section-height-default elementor-section-height-default\" data-id=\"1d39639f\" data-element_type=\"section\">\n\t\t\t\t\t\t<div class=\"elementor-container elementor-column-gap-default\">\n\t\t\t\t\t<div class=\"elementor-column elementor-col-100 elementor-top-column elementor-element elementor-element-3e486ee7\" data-id=\"3e486ee7\" data-element_type=\"column\">\n\t\t\t<div class=\"elementor-widget-wrap elementor-element-populated\">\n\t\t\t\t\t\t<div class=\"elementor-element elementor-element-5fb2fcbb elementor-widget elementor-widget-heading\" data-id=\"5fb2fcbb\" data-element_type=\"widget\" data-widget_type=\"heading.default\">\n\t\t\t\t<div class=\"elementor-widget-container\">\n\t\t\t<h1 class=\"elementor-heading-title elementor-size-default\">Inside cashmere <\/h1>\t\t<\/div>\n\t\t\t\t<\/div>\n\t\t\t\t\t<\/div>\n\t\t<\/div>\n\t\t\t\t\t<\/div>\n\t\t<\/section>\n\t\t\t\t<section class=\"elementor-section elementor-top-section elementor-element elementor-element-53a0ad05 elementor-section-boxed elementor-section-height-default elementor-section-height-default\" data-id=\"53a0ad05\" data-element_type=\"section\">\n\t\t\t\t\t\t<div class=\"elementor-container elementor-column-gap-default\">\n\t\t\t\t\t<div class=\"elementor-column elementor-col-100 elementor-top-column elementor-element elementor-element-6108b77a\" data-id=\"6108b77a\" data-element_type=\"column\">\n\t\t\t<div class=\"elementor-widget-wrap elementor-element-populated\">\n\t\t\t\t\t\t<div class=\"elementor-element elementor-element-26964ac elementor-widget elementor-widget-image\" data-id=\"26964ac\" data-element_type=\"widget\" data-widget_type=\"image.default\">\n\t\t\t\t<div class=\"elementor-widget-container\">\n\t\t\t\t\t\t\t\t\t\t\t\t\t<img fetchpriority=\"high\" decoding=\"async\" width=\"800\" height=\"800\" src=\"https:\/\/hempeline.net\/wp-content\/uploads\/2020\/12\/DSC_0058-01-q-1-scaled-1024x1024.jpeg\" class=\"attachment-large size-large wp-image-4410\" alt=\"hempeline Kaschmir Tuch\" srcset=\"https:\/\/hempeline.net\/wp-content\/uploads\/2020\/12\/DSC_0058-01-q-1-scaled-1024x1024.jpeg 1024w, https:\/\/hempeline.net\/wp-content\/uploads\/2020\/12\/DSC_0058-01-q-1-scaled-scaled-600x600.jpeg 600w, https:\/\/hempeline.net\/wp-content\/uploads\/2020\/12\/DSC_0058-01-q-1-scaled-scaled-100x100.jpeg 100w, https:\/\/hempeline.net\/wp-content\/uploads\/2020\/12\/DSC_0058-01-q-1-scaled-scaled-900x900.jpeg 900w, https:\/\/hempeline.net\/wp-content\/uploads\/2020\/12\/DSC_0058-01-q-1-scaled-300x300.jpeg 300w, https:\/\/hempeline.net\/wp-content\/uploads\/2020\/12\/DSC_0058-01-q-1-scaled-150x150.jpeg 150w, https:\/\/hempeline.net\/wp-content\/uploads\/2020\/12\/DSC_0058-01-q-1-scaled-768x768.jpeg 768w, https:\/\/hempeline.net\/wp-content\/uploads\/2020\/12\/DSC_0058-01-q-1-scaled-1536x1536.jpeg 1536w, https:\/\/hempeline.net\/wp-content\/uploads\/2020\/12\/DSC_0058-01-q-1-scaled-scaled.jpeg 2048w\" sizes=\"(max-width: 800px) 100vw, 800px\" \/>\t\t\t\t\t\t\t\t\t\t\t\t\t<\/div>\n\t\t\t\t<\/div>\n\t\t\t\t\t<\/div>\n\t\t<\/div>\n\t\t\t\t\t<\/div>\n\t\t<\/section>\n\t\t\t\t<section class=\"elementor-section elementor-top-section elementor-element elementor-element-2c05e474 elementor-section-boxed elementor-section-height-default elementor-section-height-default\" data-id=\"2c05e474\" data-element_type=\"section\">\n\t\t\t\t\t\t<div class=\"elementor-container elementor-column-gap-default\">\n\t\t\t\t\t<div class=\"elementor-column elementor-col-100 elementor-top-column elementor-element elementor-element-205e73a4\" data-id=\"205e73a4\" data-element_type=\"column\">\n\t\t\t<div class=\"elementor-widget-wrap elementor-element-populated\">\n\t\t\t\t\t\t<div class=\"elementor-element elementor-element-d021070 elementor-widget elementor-widget-heading\" data-id=\"d021070\" data-element_type=\"widget\" data-widget_type=\"heading.default\">\n\t\t\t\t<div class=\"elementor-widget-container\">\n\t\t\t<h1 class=\"elementor-heading-title elementor-size-default\">Legendary<\/h1>\t\t<\/div>\n\t\t\t\t<\/div>\n\t\t\t\t<div class=\"elementor-element elementor-element-027cdb2 elementor-widget elementor-widget-text-editor\" data-id=\"027cdb2\" data-element_type=\"widget\" data-widget_type=\"text-editor.default\">\n\t\t\t\t<div class=\"elementor-widget-container\">\n\t\t\t\t\t\t\t<p>There are words that already carry a certain feeling. Cashmere - doesn't that sound like cuddliness, warmth and comfort?<\/p><p>Thermal functionality and pure luxury: for the hempeline cashmere collection, probably the most sought-after natural fibres in the world are artfully woven together.<\/p><p class=\"translation-block\">Gently dyed and natural, our silky blankets, shawls and scarves carry the magic of the legendary region in the north of <a href=\"https:\/\/de.wikipedia.org\/wiki\/Kaschmir\" target=\"_self\">India<\/a>.<\/p>\t\t\t\t\t\t<\/div>\n\t\t\t\t<\/div>\n\t\t\t\t\t<\/div>\n\t\t<\/div>\n\t\t\t\t\t<\/div>\n\t\t<\/section>\n\t\t\t\t<section class=\"elementor-section elementor-top-section elementor-element elementor-element-c73522a elementor-section-boxed elementor-section-height-default elementor-section-height-default\" data-id=\"c73522a\" data-element_type=\"section\">\n\t\t\t\t\t\t<div class=\"elementor-container elementor-column-gap-default\">\n\t\t\t\t\t<div class=\"elementor-column elementor-col-100 elementor-top-column elementor-element elementor-element-dae419e\" data-id=\"dae419e\" data-element_type=\"column\">\n\t\t\t<div class=\"elementor-widget-wrap elementor-element-populated\">\n\t\t\t\t\t\t<div class=\"elementor-element elementor-element-c29074c elementor-widget elementor-widget-heading\" data-id=\"c29074c\" data-element_type=\"widget\" data-widget_type=\"heading.default\">\n\t\t\t\t<div class=\"elementor-widget-container\">\n\t\t\t<h1 class=\"elementor-heading-title elementor-size-default\">Thousands of years old<\/h1>\t\t<\/div>\n\t\t\t\t<\/div>\n\t\t\t\t<div class=\"elementor-element elementor-element-730a7bd elementor-widget elementor-widget-text-editor\" data-id=\"730a7bd\" data-element_type=\"widget\" data-widget_type=\"text-editor.default\">\n\t\t\t\t<div class=\"elementor-widget-container\">\n\t\t\t\t\t\t\t<p>For 3,000 years, the goat's hair in Kashmir has been used to make textiles. Here we cooperate with a traditional manufacturer that is close to nature - to receive first-hand goods.<\/p><p>The undercoat with a diameter of less than 20 micrometres, which has been cleaned from the outer coat, is combed out during the coat change. Around 150 grams are collected per animal.<\/p><p>These are further processed by hand according to ancient tradition. Afterwards they are woven into beautiful and wonderfully flattering blankets, scarves or even shawls for us.<\/p>\t\t\t\t\t\t<\/div>\n\t\t\t\t<\/div>\n\t\t\t\t\t<\/div>\n\t\t<\/div>\n\t\t\t\t\t<\/div>\n\t\t<\/section>\n\t\t\t\t<section class=\"elementor-section elementor-top-section elementor-element elementor-element-44eff2d elementor-section-boxed elementor-section-height-default elementor-section-height-default\" data-id=\"44eff2d\" data-element_type=\"section\">\n\t\t\t\t\t\t<div class=\"elementor-container elementor-column-gap-default\">\n\t\t\t\t\t<div class=\"elementor-column elementor-col-100 elementor-top-column elementor-element elementor-element-5efe9d8\" data-id=\"5efe9d8\" data-element_type=\"column\">\n\t\t\t<div class=\"elementor-widget-wrap elementor-element-populated\">\n\t\t\t\t\t\t<div class=\"elementor-element elementor-element-6bb4804 elementor-widget elementor-widget-heading\" data-id=\"6bb4804\" data-element_type=\"widget\" data-widget_type=\"heading.default\">\n\t\t\t\t<div class=\"elementor-widget-container\">\n\t\t\t<h1 class=\"elementor-heading-title elementor-size-default\">Imperishable<\/h1>\t\t<\/div>\n\t\t\t\t<\/div>\n\t\t\t\t<div class=\"elementor-element elementor-element-4e3c647 elementor-widget elementor-widget-text-editor\" data-id=\"4e3c647\" data-element_type=\"widget\" data-widget_type=\"text-editor.default\">\n\t\t\t\t<div class=\"elementor-widget-container\">\n\t\t\t\t\t\t\t<p>For our fashion classics made from 100% natural wool, cashmere is combined with the sensual feel of merino to create cosy-warm scarves and shawls.<\/p><p>Merino wool, which comes from North Africa, is known for its exceptional comfort. It is cosy in winter, soft in summer and pleasantly cool on the skin.<\/p><p>Whether natural or gently dyed (without synthetics) - a fine woollen scarf or a delicate shawl bear witness to the everlasting style of its wearer.<\/p>\t\t\t\t\t\t<\/div>\n\t\t\t\t<\/div>\n\t\t\t\t<div class=\"elementor-element elementor-element-fa06ff6 hempeline-button elementor-widget elementor-widget-button\" data-id=\"fa06ff6\" data-element_type=\"widget\" data-widget_type=\"button.default\">\n\t\t\t\t<div class=\"elementor-widget-container\">\n\t\t\t\t\t\t\t<div class=\"elementor-button-wrapper\">\n\t\t\t\t\t<a class=\"elementor-button elementor-button-link elementor-size-sm\" href=\"https:\/\/hempeline.net\/en\/kaschmir\/\">\n\t\t\t\t\t\t<span class=\"elementor-button-content-wrapper\">\n\t\t\t\t\t\t<span class=\"elementor-button-icon\">\n\t\t\t\t<svg xmlns=\"http:\/\/www.w3.org\/2000\/svg\" xmlns:xlink=\"http:\/\/www.w3.org\/1999\/xlink\" id=\"Ebene_1\" data-name=\"Ebene 1\" viewbox=\"0 0 13.05 7.33\"><defs><style>.cls-1,.cls-3{fill:none;}.cls-2{clip-path:url(#clip-path);}.cls-3{stroke:#1d1d1b;stroke-width:0.8px;}<\/style><clippath id=\"clip-path\" transform=\"translate(-98.29 -145.08)\"><rect class=\"cls-1\" x=\"98.29\" y=\"145.08\" width=\"13.05\" height=\"7.33\"><\/rect><\/clippath><\/defs><g class=\"cls-2\"><polyline class=\"cls-3\" points=\"9.1 7.05 12.48 3.67 9.1 0.28\"><\/polyline><line class=\"cls-3\" x1=\"12.27\" y1=\"3.67\" y2=\"3.67\"><\/line><\/g><\/svg>\t\t\t<\/span>\n\t\t\t\t\t\t\t\t\t<span class=\"elementor-button-text\">SHOP<\/span>\n\t\t\t\t\t<\/span>\n\t\t\t\t\t<\/a>\n\t\t\t\t<\/div>\n\t\t\t\t\t\t<\/div>\n\t\t\t\t<\/div>\n\t\t\t\t\t<\/div>\n\t\t<\/div>\n\t\t\t\t\t<\/div>\n\t\t<\/section>\n\t\t\t\t<section class=\"elementor-section elementor-top-section elementor-element elementor-element-a0f1643 elementor-section-boxed elementor-section-height-default elementor-section-height-default\" data-id=\"a0f1643\" data-element_type=\"section\">\n\t\t\t\t\t\t<div class=\"elementor-container elementor-column-gap-default\">\n\t\t\t\t\t<div class=\"elementor-column elementor-col-100 elementor-top-column elementor-element elementor-element-9d7caf2\" data-id=\"9d7caf2\" data-element_type=\"column\">\n\t\t\t<div class=\"elementor-widget-wrap elementor-element-populated\">\n\t\t\t\t\t\t<div class=\"elementor-element elementor-element-165abeb elementor-widget elementor-widget-spacer\" data-id=\"165abeb\" data-element_type=\"widget\" data-widget_type=\"spacer.default\">\n\t\t\t\t<div class=\"elementor-widget-container\">\n\t\t\t\t\t<div class=\"elementor-spacer\">\n\t\t\t<div class=\"elementor-spacer-inner\"><\/div>\n\t\t<\/div>\n\t\t\t\t<\/div>\n\t\t\t\t<\/div>\n\t\t\t\t\t<\/div>\n\t\t<\/div>\n\t\t\t\t\t<\/div>\n\t\t<\/section>\n\t\t\t\t<section class=\"elementor-section elementor-top-section elementor-element elementor-element-8eac6bb elementor-section-boxed elementor-section-height-default elementor-section-height-default\" data-id=\"8eac6bb\" data-element_type=\"section\">\n\t\t\t\t\t\t<div class=\"elementor-container elementor-column-gap-default\">\n\t\t\t\t\t<div class=\"elementor-column elementor-col-100 elementor-top-column elementor-element elementor-element-6038ba8\" data-id=\"6038ba8\" data-element_type=\"column\">\n\t\t\t<div class=\"elementor-widget-wrap\">\n\t\t\t\t\t\t\t<\/div>\n\t\t<\/div>\n\t\t\t\t\t<\/div>\n\t\t<\/section>\n\t\t\t\t<section class=\"elementor-section elementor-top-section elementor-element elementor-element-f790aa4 elementor-section-boxed elementor-section-height-default elementor-section-height-default\" data-id=\"f790aa4\" data-element_type=\"section\">\n\t\t\t\t\t\t<div class=\"elementor-container elementor-column-gap-default\">\n\t\t\t\t\t<div class=\"elementor-column elementor-col-100 elementor-top-column elementor-element elementor-element-3c7d3af\" data-id=\"3c7d3af\" data-element_type=\"column\">\n\t\t\t<div class=\"elementor-widget-wrap elementor-element-populated\">\n\t\t\t\t\t\t<div class=\"elementor-element elementor-element-3714c9f elementor-widget elementor-widget-video\" data-id=\"3714c9f\" data-element_type=\"widget\" data-settings=\"{&quot;youtube_url&quot;:&quot;https:\\\/\\\/youtu.be\\\/YjvXkGpsEBo&quot;,&quot;autoplay&quot;:&quot;yes&quot;,&quot;mute&quot;:&quot;yes&quot;,&quot;loop&quot;:&quot;yes&quot;,&quot;show_image_overlay&quot;:&quot;yes&quot;,&quot;image_overlay&quot;:{&quot;url&quot;:&quot;https:\\\/\\\/hempeline.net\\\/wp-content\\\/uploads\\\/2020\\\/12\\\/Kaschmir-60-scaled.jpeg&quot;,&quot;id&quot;:4342,&quot;size&quot;:&quot;&quot;},&quot;video_type&quot;:&quot;youtube&quot;}\" data-widget_type=\"video.default\">\n\t\t\t\t<div class=\"elementor-widget-container\">\n\t\t\t\t\t<div class=\"elementor-wrapper elementor-open-inline\">\n\t\t\t<div class=\"elementor-video\"><\/div>\t\t\t\t<div class=\"elementor-custom-embed-image-overlay\" style=\"background-image: url(https:\/\/hempeline.net\/wp-content\/uploads\/2020\/12\/Kaschmir-60-scaled-1024x1024.jpeg);\">\n\t\t\t\t\t\t\t\t\t\t\t\t\t\t<\/div>\n\t\t\t\t\t<\/div>\n\t\t\t\t<\/div>\n\t\t\t\t<\/div>\n\t\t\t\t\t<\/div>\n\t\t<\/div>\n\t\t\t\t\t<\/div>\n\t\t<\/section>\n\t\t\t\t<\/div>","protected":false},"excerpt":{"rendered":"<p>Inside Cashmere Sagenumwoben Es gibt Worte, die bereits ein bestimmtes Gef\u00fchl in sich zu tragen. Kaschmir \u2013 klingt das nicht nach Anschmiegsamkeit, nach W\u00e4rme und Behaglichkeit? Thermische Funktionalit\u00e4t und Luxus pur: F\u00fcr die Kollektion von hempeline cashmere werden die wohl begehrtesten Naturfasern der Welt auf kunstvolle Weise verwoben. Schonend gef\u00e4rbt und naturbelassen, tragen unsere seidigen [&hellip;]<\/p>\n","protected":false},"author":279,"featured_media":4410,"parent":8,"menu_order":0,"comment_status":"closed","ping_status":"closed","template":"elementor_header_footer","meta":{"_acf_changed":false,"footnotes":""},"class_list":["post-4438","page","type-page","status-publish","has-post-thumbnail","hentry"],"acf":[],"yoast_head":"<!-- This site is optimized with the Yoast SEO Premium plugin v19.3 (Yoast SEO v26.8) - https:\/\/yoast.com\/product\/yoast-seo-premium-wordpress\/ -->\n<title>Inside Cashmere &#8226; erfahre mehr \u00fcber den hempeline Ethos<\/title>\n<meta name=\"description\" content=\"Der Ethos der hempeline collection steht f\u00fcr eine Sammlung aus hochwertigem Schmuck, erlesener Kosmetik und wertvollem Kaschmir.\" \/>\n<meta name=\"robots\" content=\"index, follow, max-snippet:-1, max-image-preview:large, max-video-preview:-1\" \/>\n<link rel=\"canonical\" href=\"https:\/\/hempeline.net\/en\/home\/inside-cashmere\/\" \/>\n<meta property=\"og:locale\" content=\"en_GB\" \/>\n<meta property=\"og:type\" content=\"article\" \/>\n<meta property=\"og:title\" content=\"Inside Cashmere\" \/>\n<meta property=\"og:description\" content=\"Der Ethos der hempeline collection steht f\u00fcr eine Sammlung aus hochwertigem Schmuck, erlesener Kosmetik und wertvollem Kaschmir.\" \/>\n<meta property=\"og:url\" content=\"https:\/\/hempeline.net\/en\/home\/inside-cashmere\/\" \/>\n<meta property=\"og:site_name\" content=\"hempeline\" \/>\n<meta property=\"article:publisher\" content=\"https:\/\/www.facebook.com\/hempelineCollection\/\" \/>\n<meta property=\"article:modified_time\" content=\"2020-12-21T14:14:25+00:00\" \/>\n<meta property=\"og:image\" content=\"https:\/\/hempeline.net\/wp-content\/uploads\/2020\/12\/DSC_0058-01-q-1-scaled-scaled.jpeg\" \/>\n\t<meta property=\"og:image:width\" content=\"2048\" \/>\n\t<meta property=\"og:image:height\" content=\"2048\" \/>\n\t<meta property=\"og:image:type\" content=\"image\/jpeg\" \/>\n<meta name=\"twitter:card\" content=\"summary_large_image\" \/>\n<meta name=\"twitter:label1\" content=\"Estimated reading time\" \/>\n\t<meta name=\"twitter:data1\" content=\"1 minute\" \/>\n<script type=\"application\/ld+json\" class=\"yoast-schema-graph\">{\"@context\":\"https:\/\/schema.org\",\"@graph\":[{\"@type\":\"WebPage\",\"@id\":\"https:\/\/hempeline.net\/home\/inside-cashmere\",\"url\":\"https:\/\/hempeline.net\/home\/inside-cashmere\",\"name\":\"Inside Cashmere &#8226; erfahre mehr \u00fcber den hempeline Ethos\",\"isPartOf\":{\"@id\":\"https:\/\/hempeline.net\/#website\"},\"primaryImageOfPage\":{\"@id\":\"https:\/\/hempeline.net\/home\/inside-cashmere#primaryimage\"},\"image\":{\"@id\":\"https:\/\/hempeline.net\/home\/inside-cashmere#primaryimage\"},\"thumbnailUrl\":\"https:\/\/hempeline.net\/wp-content\/uploads\/2020\/12\/DSC_0058-01-q-1-scaled-scaled.jpeg\",\"datePublished\":\"2020-12-10T19:48:54+00:00\",\"dateModified\":\"2020-12-21T14:14:25+00:00\",\"description\":\"Der Ethos der hempeline collection steht f\u00fcr eine Sammlung aus hochwertigem Schmuck, erlesener Kosmetik und wertvollem Kaschmir.\",\"breadcrumb\":{\"@id\":\"https:\/\/hempeline.net\/home\/inside-cashmere#breadcrumb\"},\"inLanguage\":\"en-GB\",\"potentialAction\":[{\"@type\":\"ReadAction\",\"target\":[\"https:\/\/hempeline.net\/home\/inside-cashmere\"]}]},{\"@type\":\"ImageObject\",\"inLanguage\":\"en-GB\",\"@id\":\"https:\/\/hempeline.net\/home\/inside-cashmere#primaryimage\",\"url\":\"https:\/\/hempeline.net\/wp-content\/uploads\/2020\/12\/DSC_0058-01-q-1-scaled-scaled.jpeg\",\"contentUrl\":\"https:\/\/hempeline.net\/wp-content\/uploads\/2020\/12\/DSC_0058-01-q-1-scaled-scaled.jpeg\",\"width\":2048,\"height\":2048,\"caption\":\"hempeline Kaschmir Tuch\"},{\"@type\":\"BreadcrumbList\",\"@id\":\"https:\/\/hempeline.net\/home\/inside-cashmere#breadcrumb\",\"itemListElement\":[{\"@type\":\"ListItem\",\"position\":1,\"name\":\"Startseite\",\"item\":\"https:\/\/hempeline.net\/\"},{\"@type\":\"ListItem\",\"position\":2,\"name\":\"Home\",\"item\":\"https:\/\/hempeline.net\/\"},{\"@type\":\"ListItem\",\"position\":3,\"name\":\"Inside Cashmere\"}]},{\"@type\":\"WebSite\",\"@id\":\"https:\/\/hempeline.net\/#website\",\"url\":\"https:\/\/hempeline.net\/\",\"name\":\"hempeline\",\"description\":\"Qualit\u00e4t made in Germany\",\"publisher\":{\"@id\":\"https:\/\/hempeline.net\/#organization\"},\"potentialAction\":[{\"@type\":\"SearchAction\",\"target\":{\"@type\":\"EntryPoint\",\"urlTemplate\":\"https:\/\/hempeline.net\/?s={search_term_string}\"},\"query-input\":{\"@type\":\"PropertyValueSpecification\",\"valueRequired\":true,\"valueName\":\"search_term_string\"}}],\"inLanguage\":\"en-GB\"},{\"@type\":\"Organization\",\"@id\":\"https:\/\/hempeline.net\/#organization\",\"name\":\"hempeline collection\",\"url\":\"https:\/\/hempeline.net\/\",\"logo\":{\"@type\":\"ImageObject\",\"inLanguage\":\"en-GB\",\"@id\":\"https:\/\/hempeline.net\/#\/schema\/logo\/image\/\",\"url\":\"https:\/\/hempeline.net\/wp-content\/uploads\/2020\/07\/LOGO-SCHWARZ.png\",\"contentUrl\":\"https:\/\/hempeline.net\/wp-content\/uploads\/2020\/07\/LOGO-SCHWARZ.png\",\"width\":576,\"height\":576,\"caption\":\"hempeline collection\"},\"image\":{\"@id\":\"https:\/\/hempeline.net\/#\/schema\/logo\/image\/\"},\"sameAs\":[\"https:\/\/www.facebook.com\/hempelineCollection\/\",\"https:\/\/www.instagram.com\/hempeline\/\"]}]}<\/script>\n<!-- \/ Yoast SEO Premium plugin. -->","yoast_head_json":{"title":"Inside Cashmere &#8226; erfahre mehr \u00fcber den hempeline Ethos","description":"Der Ethos der hempeline collection steht f\u00fcr eine Sammlung aus hochwertigem Schmuck, erlesener Kosmetik und wertvollem Kaschmir.","robots":{"index":"index","follow":"follow","max-snippet":"max-snippet:-1","max-image-preview":"max-image-preview:large","max-video-preview":"max-video-preview:-1"},"canonical":"https:\/\/hempeline.net\/en\/home\/inside-cashmere\/","og_locale":"en_GB","og_type":"article","og_title":"Inside Cashmere","og_description":"Der Ethos der hempeline collection steht f\u00fcr eine Sammlung aus hochwertigem Schmuck, erlesener Kosmetik und wertvollem Kaschmir.","og_url":"https:\/\/hempeline.net\/en\/home\/inside-cashmere\/","og_site_name":"hempeline","article_publisher":"https:\/\/www.facebook.com\/hempelineCollection\/","article_modified_time":"2020-12-21T14:14:25+00:00","og_image":[{"width":2048,"height":2048,"url":"https:\/\/hempeline.net\/wp-content\/uploads\/2020\/12\/DSC_0058-01-q-1-scaled-scaled.jpeg","type":"image\/jpeg"}],"twitter_card":"summary_large_image","twitter_misc":{"Estimated reading time":"1 minute"},"schema":{"@context":"https:\/\/schema.org","@graph":[{"@type":"WebPage","@id":"https:\/\/hempeline.net\/home\/inside-cashmere","url":"https:\/\/hempeline.net\/home\/inside-cashmere","name":"Inside Cashmere &#8226; erfahre mehr \u00fcber den hempeline Ethos","isPartOf":{"@id":"https:\/\/hempeline.net\/#website"},"primaryImageOfPage":{"@id":"https:\/\/hempeline.net\/home\/inside-cashmere#primaryimage"},"image":{"@id":"https:\/\/hempeline.net\/home\/inside-cashmere#primaryimage"},"thumbnailUrl":"https:\/\/hempeline.net\/wp-content\/uploads\/2020\/12\/DSC_0058-01-q-1-scaled-scaled.jpeg","datePublished":"2020-12-10T19:48:54+00:00","dateModified":"2020-12-21T14:14:25+00:00","description":"Der Ethos der hempeline collection steht f\u00fcr eine Sammlung aus hochwertigem Schmuck, erlesener Kosmetik und wertvollem Kaschmir.","breadcrumb":{"@id":"https:\/\/hempeline.net\/home\/inside-cashmere#breadcrumb"},"inLanguage":"en-GB","potentialAction":[{"@type":"ReadAction","target":["https:\/\/hempeline.net\/home\/inside-cashmere"]}]},{"@type":"ImageObject","inLanguage":"en-GB","@id":"https:\/\/hempeline.net\/home\/inside-cashmere#primaryimage","url":"https:\/\/hempeline.net\/wp-content\/uploads\/2020\/12\/DSC_0058-01-q-1-scaled-scaled.jpeg","contentUrl":"https:\/\/hempeline.net\/wp-content\/uploads\/2020\/12\/DSC_0058-01-q-1-scaled-scaled.jpeg","width":2048,"height":2048,"caption":"hempeline Kaschmir Tuch"},{"@type":"BreadcrumbList","@id":"https:\/\/hempeline.net\/home\/inside-cashmere#breadcrumb","itemListElement":[{"@type":"ListItem","position":1,"name":"Startseite","item":"https:\/\/hempeline.net\/"},{"@type":"ListItem","position":2,"name":"Home","item":"https:\/\/hempeline.net\/"},{"@type":"ListItem","position":3,"name":"Inside Cashmere"}]},{"@type":"WebSite","@id":"https:\/\/hempeline.net\/#website","url":"https:\/\/hempeline.net\/","name":"hempeline","description":"Quality made in Germany","publisher":{"@id":"https:\/\/hempeline.net\/#organization"},"potentialAction":[{"@type":"SearchAction","target":{"@type":"EntryPoint","urlTemplate":"https:\/\/hempeline.net\/?s={search_term_string}"},"query-input":{"@type":"PropertyValueSpecification","valueRequired":true,"valueName":"search_term_string"}}],"inLanguage":"en-GB"},{"@type":"Organization","@id":"https:\/\/hempeline.net\/#organization","name":"hempeline collection","url":"https:\/\/hempeline.net\/","logo":{"@type":"ImageObject","inLanguage":"en-GB","@id":"https:\/\/hempeline.net\/#\/schema\/logo\/image\/","url":"https:\/\/hempeline.net\/wp-content\/uploads\/2020\/07\/LOGO-SCHWARZ.png","contentUrl":"https:\/\/hempeline.net\/wp-content\/uploads\/2020\/07\/LOGO-SCHWARZ.png","width":576,"height":576,"caption":"hempeline collection"},"image":{"@id":"https:\/\/hempeline.net\/#\/schema\/logo\/image\/"},"sameAs":["https:\/\/www.facebook.com\/hempelineCollection\/","https:\/\/www.instagram.com\/hempeline\/"]}]}},"_links":{"self":[{"href":"https:\/\/hempeline.net\/en\/wp-json\/wp\/v2\/pages\/4438","targetHints":{"allow":["GET"]}}],"collection":[{"href":"https:\/\/hempeline.net\/en\/wp-json\/wp\/v2\/pages"}],"about":[{"href":"https:\/\/hempeline.net\/en\/wp-json\/wp\/v2\/types\/page"}],"author":[{"embeddable":true,"href":"https:\/\/hempeline.net\/en\/wp-json\/wp\/v2\/users\/279"}],"replies":[{"embeddable":true,"href":"https:\/\/hempeline.net\/en\/wp-json\/wp\/v2\/comments?post=4438"}],"version-history":[{"count":0,"href":"https:\/\/hempeline.net\/en\/wp-json\/wp\/v2\/pages\/4438\/revisions"}],"up":[{"embeddable":true,"href":"https:\/\/hempeline.net\/en\/wp-json\/wp\/v2\/pages\/8"}],"wp:featuredmedia":[{"embeddable":true,"href":"https:\/\/hempeline.net\/en\/wp-json\/wp\/v2\/media\/4410"}],"wp:attachment":[{"href":"https:\/\/hempeline.net\/en\/wp-json\/wp\/v2\/media?parent=4438"}],"curies":[{"name":"wp","href":"https:\/\/api.w.org\/{rel}","templated":true}]}}