{"id":4406,"date":"2020-12-10T19:39:09","date_gmt":"2020-12-10T19:39:09","guid":{"rendered":"http:\/\/test.hempeline.net\/?page_id=4406"},"modified":"2024-12-16T20:47:43","modified_gmt":"2024-12-16T19:47:43","slug":"our-ethos","status":"publish","type":"page","link":"https:\/\/hempeline.net\/en\/home\/our-ethos","title":{"rendered":"Our ethos"},"content":{"rendered":"<div data-elementor-type=\"wp-page\" data-elementor-id=\"4406\" class=\"elementor elementor-4406\" data-elementor-post-type=\"page\">\n\t\t\t\t\t\t<section class=\"elementor-section elementor-top-section elementor-element elementor-element-1d39639f elementor-section-boxed elementor-section-height-default elementor-section-height-default\" data-id=\"1d39639f\" data-element_type=\"section\">\n\t\t\t\t\t\t<div class=\"elementor-container elementor-column-gap-default\">\n\t\t\t\t\t<div class=\"elementor-column elementor-col-100 elementor-top-column elementor-element elementor-element-3e486ee7\" data-id=\"3e486ee7\" data-element_type=\"column\">\n\t\t\t<div class=\"elementor-widget-wrap elementor-element-populated\">\n\t\t\t\t\t\t<div class=\"elementor-element elementor-element-5fb2fcbb elementor-widget elementor-widget-heading\" data-id=\"5fb2fcbb\" data-element_type=\"widget\" data-widget_type=\"heading.default\">\n\t\t\t\t<div class=\"elementor-widget-container\">\n\t\t\t<h1 class=\"elementor-heading-title elementor-size-default\">Our ethos<\/h1>\t\t<\/div>\n\t\t\t\t<\/div>\n\t\t\t\t\t<\/div>\n\t\t<\/div>\n\t\t\t\t\t<\/div>\n\t\t<\/section>\n\t\t\t\t<section class=\"elementor-section elementor-top-section elementor-element elementor-element-53a0ad05 elementor-section-boxed elementor-section-height-default elementor-section-height-default\" data-id=\"53a0ad05\" data-element_type=\"section\">\n\t\t\t\t\t\t<div class=\"elementor-container elementor-column-gap-default\">\n\t\t\t\t\t<div class=\"elementor-column elementor-col-100 elementor-top-column elementor-element elementor-element-6108b77a\" data-id=\"6108b77a\" data-element_type=\"column\">\n\t\t\t<div class=\"elementor-widget-wrap elementor-element-populated\">\n\t\t\t\t\t\t<div class=\"elementor-element elementor-element-26964ac elementor-widget elementor-widget-image\" data-id=\"26964ac\" data-element_type=\"widget\" data-widget_type=\"image.default\">\n\t\t\t\t<div class=\"elementor-widget-container\">\n\t\t\t\t\t\t\t\t\t\t\t\t\t<img fetchpriority=\"high\" decoding=\"async\" width=\"800\" height=\"1018\" src=\"https:\/\/hempeline.net\/wp-content\/uploads\/2020\/08\/Hempeline-Juli-202026973-805x1024.jpg\" class=\"attachment-large size-large wp-image-83\" alt=\"Gr\u00fcnderin Miriam Hempel\" srcset=\"https:\/\/hempeline.net\/wp-content\/uploads\/2020\/08\/Hempeline-Juli-202026973-805x1024.jpg 805w, https:\/\/hempeline.net\/wp-content\/uploads\/2020\/08\/Hempeline-Juli-202026973-472x600.jpg 472w, https:\/\/hempeline.net\/wp-content\/uploads\/2020\/08\/Hempeline-Juli-202026973-900x1145.jpg 900w, https:\/\/hempeline.net\/wp-content\/uploads\/2020\/08\/Hempeline-Juli-202026973-236x300.jpg 236w, https:\/\/hempeline.net\/wp-content\/uploads\/2020\/08\/Hempeline-Juli-202026973-768x977.jpg 768w, https:\/\/hempeline.net\/wp-content\/uploads\/2020\/08\/Hempeline-Juli-202026973.jpg 948w\" sizes=\"(max-width: 800px) 100vw, 800px\" \/>\t\t\t\t\t\t\t\t\t\t\t\t\t<\/div>\n\t\t\t\t<\/div>\n\t\t\t\t\t<\/div>\n\t\t<\/div>\n\t\t\t\t\t<\/div>\n\t\t<\/section>\n\t\t\t\t<section class=\"elementor-section elementor-top-section elementor-element elementor-element-2c05e474 elementor-section-boxed elementor-section-height-default elementor-section-height-default\" data-id=\"2c05e474\" data-element_type=\"section\">\n\t\t\t\t\t\t<div class=\"elementor-container elementor-column-gap-default\">\n\t\t\t\t\t<div class=\"elementor-column elementor-col-100 elementor-top-column elementor-element elementor-element-205e73a4\" data-id=\"205e73a4\" data-element_type=\"column\">\n\t\t\t<div class=\"elementor-widget-wrap elementor-element-populated\">\n\t\t\t\t\t\t<div class=\"elementor-element elementor-element-d021070 elementor-widget elementor-widget-heading\" data-id=\"d021070\" data-element_type=\"widget\" data-widget_type=\"heading.default\">\n\t\t\t\t<div class=\"elementor-widget-container\">\n\t\t\t<h1 class=\"elementor-heading-title elementor-size-default\">Especially real<\/h1>\t\t<\/div>\n\t\t\t\t<\/div>\n\t\t\t\t<div class=\"elementor-element elementor-element-027cdb2 elementor-widget elementor-widget-text-editor\" data-id=\"027cdb2\" data-element_type=\"widget\" data-widget_type=\"text-editor.default\">\n\t\t\t\t<div class=\"elementor-widget-container\">\n\t\t\t\t\t\t\t<div>In an increasingly digitalised world, it is more than ever a question of sincerity and closeness, of appreciating true beauty and lived individuality. This is also what our ethos stands for.<\/div><div>\u00a0<\/div><div>Authenticity, a sense of responsibility and the love for the special are the basis of our daily work. Our three product groups are based on:<\/div><div>\u00a0<\/div><div><a href=\"https:\/\/hempeline.net\/en\/schmuck\/\" target=\"_blank\" rel=\"noopener\">hempeline jewellery<\/a> \u2013 <a href=\"https:\/\/hempeline.net\/en\/kaschmir\/\" target=\"_blank\" rel=\"noopener\">hempeline cashmere<\/a><\/div>\t\t\t\t\t\t<\/div>\n\t\t\t\t<\/div>\n\t\t\t\t\t<\/div>\n\t\t<\/div>\n\t\t\t\t\t<\/div>\n\t\t<\/section>\n\t\t\t\t<section class=\"elementor-section elementor-top-section elementor-element elementor-element-c73522a elementor-section-boxed elementor-section-height-default elementor-section-height-default\" data-id=\"c73522a\" data-element_type=\"section\">\n\t\t\t\t\t\t<div class=\"elementor-container elementor-column-gap-default\">\n\t\t\t\t\t<div class=\"elementor-column elementor-col-100 elementor-top-column elementor-element elementor-element-dae419e\" data-id=\"dae419e\" data-element_type=\"column\">\n\t\t\t<div class=\"elementor-widget-wrap elementor-element-populated\">\n\t\t\t\t\t\t<div class=\"elementor-element elementor-element-c29074c elementor-widget elementor-widget-heading\" data-id=\"c29074c\" data-element_type=\"widget\" data-widget_type=\"heading.default\">\n\t\t\t\t<div class=\"elementor-widget-container\">\n\t\t\t<h1 class=\"elementor-heading-title elementor-size-default\">Especially beautiful<\/h1>\t\t<\/div>\n\t\t\t\t<\/div>\n\t\t\t\t<div class=\"elementor-element elementor-element-730a7bd elementor-widget elementor-widget-text-editor\" data-id=\"730a7bd\" data-element_type=\"widget\" data-widget_type=\"text-editor.default\">\n\t\t\t\t<div class=\"elementor-widget-container\">\n\t\t\t\t\t\t\t<p>Whether we're wearing sparkling pearls, mesmerising with our look or snuggling up to cosy cashmere, it's all about celebrating life and enjoying it day after day.<\/p><p>To do this, we search the world for something special: hidden treasures of nature, unique textures and luxurious materials.<\/p><p>The product design of the hempeline collection is unique. It has the mission of reminding all women how special and uniquely beautiful you are.<\/p>\t\t\t\t\t\t<\/div>\n\t\t\t\t<\/div>\n\t\t\t\t\t<\/div>\n\t\t<\/div>\n\t\t\t\t\t<\/div>\n\t\t<\/section>\n\t\t\t\t<section class=\"elementor-section elementor-top-section elementor-element elementor-element-44eff2d elementor-section-boxed elementor-section-height-default elementor-section-height-default\" data-id=\"44eff2d\" data-element_type=\"section\">\n\t\t\t\t\t\t<div class=\"elementor-container elementor-column-gap-default\">\n\t\t\t\t\t<div class=\"elementor-column elementor-col-100 elementor-top-column elementor-element elementor-element-5efe9d8\" data-id=\"5efe9d8\" data-element_type=\"column\">\n\t\t\t<div class=\"elementor-widget-wrap elementor-element-populated\">\n\t\t\t\t\t\t<div class=\"elementor-element elementor-element-6bb4804 elementor-widget elementor-widget-heading\" data-id=\"6bb4804\" data-element_type=\"widget\" data-widget_type=\"heading.default\">\n\t\t\t\t<div class=\"elementor-widget-container\">\n\t\t\t<h1 class=\"elementor-heading-title elementor-size-default\">Especially valuable<\/h1>\t\t<\/div>\n\t\t\t\t<\/div>\n\t\t\t\t<div class=\"elementor-element elementor-element-4e3c647 elementor-widget elementor-widget-text-editor\" data-id=\"4e3c647\" data-element_type=\"widget\" data-widget_type=\"text-editor.default\">\n\t\t\t\t<div class=\"elementor-widget-container\">\n\t\t\t\t\t\t\t<p>hempeline jewellery is made in our own studio. Each individual piece carries messages of love, joy, strength and inspiration.<\/p><p>hempeline cashmere completes the portfolio of selected treasures. For moments in which we magically sink in because we are fully and completely with ourselves.<\/p>\t\t\t\t\t\t<\/div>\n\t\t\t\t<\/div>\n\t\t\t\t<div class=\"elementor-element elementor-element-fa06ff6 hempeline-button elementor-widget elementor-widget-button\" data-id=\"fa06ff6\" data-element_type=\"widget\" data-widget_type=\"button.default\">\n\t\t\t\t<div class=\"elementor-widget-container\">\n\t\t\t\t\t\t\t<div class=\"elementor-button-wrapper\">\n\t\t\t\t\t<a class=\"elementor-button elementor-button-link elementor-size-sm\" href=\"https:\/\/hempeline.net\/en\/shop\/\">\n\t\t\t\t\t\t<span class=\"elementor-button-content-wrapper\">\n\t\t\t\t\t\t<span class=\"elementor-button-icon\">\n\t\t\t\t<svg xmlns=\"http:\/\/www.w3.org\/2000\/svg\" xmlns:xlink=\"http:\/\/www.w3.org\/1999\/xlink\" id=\"Ebene_1\" data-name=\"Ebene 1\" viewbox=\"0 0 13.05 7.33\"><defs><style>.cls-1,.cls-3{fill:none;}.cls-2{clip-path:url(#clip-path);}.cls-3{stroke:#1d1d1b;stroke-width:0.8px;}<\/style><clippath id=\"clip-path\" transform=\"translate(-98.29 -145.08)\"><rect class=\"cls-1\" x=\"98.29\" y=\"145.08\" width=\"13.05\" height=\"7.33\"><\/rect><\/clippath><\/defs><g class=\"cls-2\"><polyline class=\"cls-3\" points=\"9.1 7.05 12.48 3.67 9.1 0.28\"><\/polyline><line class=\"cls-3\" x1=\"12.27\" y1=\"3.67\" y2=\"3.67\"><\/line><\/g><\/svg>\t\t\t<\/span>\n\t\t\t\t\t\t\t\t\t<span class=\"elementor-button-text\">SHOP<\/span>\n\t\t\t\t\t<\/span>\n\t\t\t\t\t<\/a>\n\t\t\t\t<\/div>\n\t\t\t\t\t\t<\/div>\n\t\t\t\t<\/div>\n\t\t\t\t\t<\/div>\n\t\t<\/div>\n\t\t\t\t\t<\/div>\n\t\t<\/section>\n\t\t\t\t<section class=\"elementor-section elementor-top-section elementor-element elementor-element-a0f1643 elementor-section-boxed elementor-section-height-default elementor-section-height-default\" data-id=\"a0f1643\" data-element_type=\"section\">\n\t\t\t\t\t\t<div class=\"elementor-container elementor-column-gap-default\">\n\t\t\t\t\t<div class=\"elementor-column elementor-col-100 elementor-top-column elementor-element elementor-element-9d7caf2\" data-id=\"9d7caf2\" data-element_type=\"column\">\n\t\t\t<div class=\"elementor-widget-wrap elementor-element-populated\">\n\t\t\t\t\t\t<div class=\"elementor-element elementor-element-165abeb elementor-widget elementor-widget-spacer\" data-id=\"165abeb\" data-element_type=\"widget\" data-widget_type=\"spacer.default\">\n\t\t\t\t<div class=\"elementor-widget-container\">\n\t\t\t\t\t<div class=\"elementor-spacer\">\n\t\t\t<div class=\"elementor-spacer-inner\"><\/div>\n\t\t<\/div>\n\t\t\t\t<\/div>\n\t\t\t\t<\/div>\n\t\t\t\t\t<\/div>\n\t\t<\/div>\n\t\t\t\t\t<\/div>\n\t\t<\/section>\n\t\t\t\t<\/div>","protected":false},"excerpt":{"rendered":"<p>Our Ethos Besonders echt In einer zunehmend digitalisierten Welt geht es mehr denn je um Aufrichtigkeit und N\u00e4he, um die Wertsch\u00e4tzung von wahrer Sch\u00f6nheit und gelebte Individualit\u00e4t. Daf\u00fcr steht auch unser Ethos.\u00a0Authentizit\u00e4t, Verantwortungsbewusstsein und die Liebe zum Besonderen sind die Grundlage unseres t\u00e4glichen Schaffens. Darauf basieren unsere drei Produktgruppen:\u00a0hempeline jewellery \u2013 hempeline cashmere Besonders sch\u00f6n [&hellip;]<\/p>\n","protected":false},"author":279,"featured_media":0,"parent":8,"menu_order":0,"comment_status":"closed","ping_status":"closed","template":"elementor_header_footer","meta":{"_acf_changed":false,"footnotes":""},"class_list":["post-4406","page","type-page","status-publish","hentry"],"acf":[],"yoast_head":"<!-- This site is optimized with the Yoast SEO Premium plugin v19.3 (Yoast SEO v26.8) - https:\/\/yoast.com\/product\/yoast-seo-premium-wordpress\/ -->\n<title>Our Ethos &#8226; erfahre mehr \u00fcber den hempeline Ethos<\/title>\n<meta name=\"description\" content=\"Der Ethos der hempeline collection steht f\u00fcr eine Sammlung aus hochwertigem Schmuck, erlesener Kosmetik und wertvollem Kaschmir.\" \/>\n<meta name=\"robots\" content=\"index, follow, max-snippet:-1, max-image-preview:large, max-video-preview:-1\" \/>\n<link rel=\"canonical\" href=\"https:\/\/hempeline.net\/en\/home\/our-ethos\/\" \/>\n<meta property=\"og:locale\" content=\"en_GB\" \/>\n<meta property=\"og:type\" content=\"article\" \/>\n<meta property=\"og:title\" content=\"Our Ethos\" \/>\n<meta property=\"og:description\" content=\"Der Ethos der hempeline collection steht f\u00fcr eine Sammlung aus hochwertigem Schmuck, erlesener Kosmetik und wertvollem Kaschmir.\" \/>\n<meta property=\"og:url\" content=\"https:\/\/hempeline.net\/en\/home\/our-ethos\/\" \/>\n<meta property=\"og:site_name\" content=\"hempeline\" \/>\n<meta property=\"article:publisher\" content=\"https:\/\/www.facebook.com\/hempelineCollection\/\" \/>\n<meta property=\"article:modified_time\" content=\"2024-12-16T19:47:43+00:00\" \/>\n<meta property=\"og:image\" content=\"https:\/\/hempeline.net\/wp-content\/uploads\/2020\/08\/Hempeline-Juli-202026973-805x1024.jpg\" \/>\n<meta name=\"twitter:card\" content=\"summary_large_image\" \/>\n<meta name=\"twitter:label1\" content=\"Estimated reading time\" \/>\n\t<meta name=\"twitter:data1\" content=\"2 minutes\" \/>\n<script type=\"application\/ld+json\" class=\"yoast-schema-graph\">{\"@context\":\"https:\/\/schema.org\",\"@graph\":[{\"@type\":\"WebPage\",\"@id\":\"https:\/\/hempeline.net\/home\/our-ethos\",\"url\":\"https:\/\/hempeline.net\/home\/our-ethos\",\"name\":\"Our Ethos &#8226; erfahre mehr \u00fcber den hempeline Ethos\",\"isPartOf\":{\"@id\":\"https:\/\/hempeline.net\/#website\"},\"primaryImageOfPage\":{\"@id\":\"https:\/\/hempeline.net\/home\/our-ethos#primaryimage\"},\"image\":{\"@id\":\"https:\/\/hempeline.net\/home\/our-ethos#primaryimage\"},\"thumbnailUrl\":\"https:\/\/hempeline.net\/wp-content\/uploads\/2020\/08\/Hempeline-Juli-202026973-805x1024.jpg\",\"datePublished\":\"2020-12-10T19:39:09+00:00\",\"dateModified\":\"2024-12-16T19:47:43+00:00\",\"description\":\"Der Ethos der hempeline collection steht f\u00fcr eine Sammlung aus hochwertigem Schmuck, erlesener Kosmetik und wertvollem Kaschmir.\",\"breadcrumb\":{\"@id\":\"https:\/\/hempeline.net\/home\/our-ethos#breadcrumb\"},\"inLanguage\":\"en-GB\",\"potentialAction\":[{\"@type\":\"ReadAction\",\"target\":[\"https:\/\/hempeline.net\/home\/our-ethos\"]}]},{\"@type\":\"ImageObject\",\"inLanguage\":\"en-GB\",\"@id\":\"https:\/\/hempeline.net\/home\/our-ethos#primaryimage\",\"url\":\"https:\/\/hempeline.net\/wp-content\/uploads\/2020\/08\/Hempeline-Juli-202026973-805x1024.jpg\",\"contentUrl\":\"https:\/\/hempeline.net\/wp-content\/uploads\/2020\/08\/Hempeline-Juli-202026973-805x1024.jpg\"},{\"@type\":\"BreadcrumbList\",\"@id\":\"https:\/\/hempeline.net\/home\/our-ethos#breadcrumb\",\"itemListElement\":[{\"@type\":\"ListItem\",\"position\":1,\"name\":\"Startseite\",\"item\":\"https:\/\/hempeline.net\/\"},{\"@type\":\"ListItem\",\"position\":2,\"name\":\"Home\",\"item\":\"https:\/\/hempeline.net\/\"},{\"@type\":\"ListItem\",\"position\":3,\"name\":\"Our Ethos\"}]},{\"@type\":\"WebSite\",\"@id\":\"https:\/\/hempeline.net\/#website\",\"url\":\"https:\/\/hempeline.net\/\",\"name\":\"hempeline\",\"description\":\"Qualit\u00e4t made in Germany\",\"publisher\":{\"@id\":\"https:\/\/hempeline.net\/#organization\"},\"potentialAction\":[{\"@type\":\"SearchAction\",\"target\":{\"@type\":\"EntryPoint\",\"urlTemplate\":\"https:\/\/hempeline.net\/?s={search_term_string}\"},\"query-input\":{\"@type\":\"PropertyValueSpecification\",\"valueRequired\":true,\"valueName\":\"search_term_string\"}}],\"inLanguage\":\"en-GB\"},{\"@type\":\"Organization\",\"@id\":\"https:\/\/hempeline.net\/#organization\",\"name\":\"hempeline collection\",\"url\":\"https:\/\/hempeline.net\/\",\"logo\":{\"@type\":\"ImageObject\",\"inLanguage\":\"en-GB\",\"@id\":\"https:\/\/hempeline.net\/#\/schema\/logo\/image\/\",\"url\":\"https:\/\/hempeline.net\/wp-content\/uploads\/2020\/07\/LOGO-SCHWARZ.png\",\"contentUrl\":\"https:\/\/hempeline.net\/wp-content\/uploads\/2020\/07\/LOGO-SCHWARZ.png\",\"width\":576,\"height\":576,\"caption\":\"hempeline collection\"},\"image\":{\"@id\":\"https:\/\/hempeline.net\/#\/schema\/logo\/image\/\"},\"sameAs\":[\"https:\/\/www.facebook.com\/hempelineCollection\/\",\"https:\/\/www.instagram.com\/hempeline\/\"]}]}<\/script>\n<!-- \/ Yoast SEO Premium plugin. -->","yoast_head_json":{"title":"Our Ethos &#8226; erfahre mehr \u00fcber den hempeline Ethos","description":"Der Ethos der hempeline collection steht f\u00fcr eine Sammlung aus hochwertigem Schmuck, erlesener Kosmetik und wertvollem Kaschmir.","robots":{"index":"index","follow":"follow","max-snippet":"max-snippet:-1","max-image-preview":"max-image-preview:large","max-video-preview":"max-video-preview:-1"},"canonical":"https:\/\/hempeline.net\/en\/home\/our-ethos\/","og_locale":"en_GB","og_type":"article","og_title":"Our Ethos","og_description":"Der Ethos der hempeline collection steht f\u00fcr eine Sammlung aus hochwertigem Schmuck, erlesener Kosmetik und wertvollem Kaschmir.","og_url":"https:\/\/hempeline.net\/en\/home\/our-ethos\/","og_site_name":"hempeline","article_publisher":"https:\/\/www.facebook.com\/hempelineCollection\/","article_modified_time":"2024-12-16T19:47:43+00:00","og_image":[{"url":"https:\/\/hempeline.net\/wp-content\/uploads\/2020\/08\/Hempeline-Juli-202026973-805x1024.jpg","type":"","width":"","height":""}],"twitter_card":"summary_large_image","twitter_misc":{"Estimated reading time":"2 minutes"},"schema":{"@context":"https:\/\/schema.org","@graph":[{"@type":"WebPage","@id":"https:\/\/hempeline.net\/home\/our-ethos","url":"https:\/\/hempeline.net\/home\/our-ethos","name":"Our Ethos &#8226; erfahre mehr \u00fcber den hempeline Ethos","isPartOf":{"@id":"https:\/\/hempeline.net\/#website"},"primaryImageOfPage":{"@id":"https:\/\/hempeline.net\/home\/our-ethos#primaryimage"},"image":{"@id":"https:\/\/hempeline.net\/home\/our-ethos#primaryimage"},"thumbnailUrl":"https:\/\/hempeline.net\/wp-content\/uploads\/2020\/08\/Hempeline-Juli-202026973-805x1024.jpg","datePublished":"2020-12-10T19:39:09+00:00","dateModified":"2024-12-16T19:47:43+00:00","description":"Der Ethos der hempeline collection steht f\u00fcr eine Sammlung aus hochwertigem Schmuck, erlesener Kosmetik und wertvollem Kaschmir.","breadcrumb":{"@id":"https:\/\/hempeline.net\/home\/our-ethos#breadcrumb"},"inLanguage":"en-GB","potentialAction":[{"@type":"ReadAction","target":["https:\/\/hempeline.net\/home\/our-ethos"]}]},{"@type":"ImageObject","inLanguage":"en-GB","@id":"https:\/\/hempeline.net\/home\/our-ethos#primaryimage","url":"https:\/\/hempeline.net\/wp-content\/uploads\/2020\/08\/Hempeline-Juli-202026973-805x1024.jpg","contentUrl":"https:\/\/hempeline.net\/wp-content\/uploads\/2020\/08\/Hempeline-Juli-202026973-805x1024.jpg"},{"@type":"BreadcrumbList","@id":"https:\/\/hempeline.net\/home\/our-ethos#breadcrumb","itemListElement":[{"@type":"ListItem","position":1,"name":"Startseite","item":"https:\/\/hempeline.net\/"},{"@type":"ListItem","position":2,"name":"Home","item":"https:\/\/hempeline.net\/"},{"@type":"ListItem","position":3,"name":"Our Ethos"}]},{"@type":"WebSite","@id":"https:\/\/hempeline.net\/#website","url":"https:\/\/hempeline.net\/","name":"hempeline","description":"Quality made in Germany","publisher":{"@id":"https:\/\/hempeline.net\/#organization"},"potentialAction":[{"@type":"SearchAction","target":{"@type":"EntryPoint","urlTemplate":"https:\/\/hempeline.net\/?s={search_term_string}"},"query-input":{"@type":"PropertyValueSpecification","valueRequired":true,"valueName":"search_term_string"}}],"inLanguage":"en-GB"},{"@type":"Organization","@id":"https:\/\/hempeline.net\/#organization","name":"hempeline collection","url":"https:\/\/hempeline.net\/","logo":{"@type":"ImageObject","inLanguage":"en-GB","@id":"https:\/\/hempeline.net\/#\/schema\/logo\/image\/","url":"https:\/\/hempeline.net\/wp-content\/uploads\/2020\/07\/LOGO-SCHWARZ.png","contentUrl":"https:\/\/hempeline.net\/wp-content\/uploads\/2020\/07\/LOGO-SCHWARZ.png","width":576,"height":576,"caption":"hempeline collection"},"image":{"@id":"https:\/\/hempeline.net\/#\/schema\/logo\/image\/"},"sameAs":["https:\/\/www.facebook.com\/hempelineCollection\/","https:\/\/www.instagram.com\/hempeline\/"]}]}},"_links":{"self":[{"href":"https:\/\/hempeline.net\/en\/wp-json\/wp\/v2\/pages\/4406","targetHints":{"allow":["GET"]}}],"collection":[{"href":"https:\/\/hempeline.net\/en\/wp-json\/wp\/v2\/pages"}],"about":[{"href":"https:\/\/hempeline.net\/en\/wp-json\/wp\/v2\/types\/page"}],"author":[{"embeddable":true,"href":"https:\/\/hempeline.net\/en\/wp-json\/wp\/v2\/users\/279"}],"replies":[{"embeddable":true,"href":"https:\/\/hempeline.net\/en\/wp-json\/wp\/v2\/comments?post=4406"}],"version-history":[{"count":6,"href":"https:\/\/hempeline.net\/en\/wp-json\/wp\/v2\/pages\/4406\/revisions"}],"predecessor-version":[{"id":12784,"href":"https:\/\/hempeline.net\/en\/wp-json\/wp\/v2\/pages\/4406\/revisions\/12784"}],"up":[{"embeddable":true,"href":"https:\/\/hempeline.net\/en\/wp-json\/wp\/v2\/pages\/8"}],"wp:attachment":[{"href":"https:\/\/hempeline.net\/en\/wp-json\/wp\/v2\/media?parent=4406"}],"curies":[{"name":"wp","href":"https:\/\/api.w.org\/{rel}","templated":true}]}}