{"id":1646,"date":"2020-10-24T10:43:14","date_gmt":"2020-10-24T10:43:14","guid":{"rendered":"http:\/\/s846751675.online.de\/?page_id=1646"},"modified":"2021-04-15T15:16:48","modified_gmt":"2021-04-15T15:16:48","slug":"schmuckpflege","status":"publish","type":"page","link":"https:\/\/hempeline.net\/en\/schmuckpflege","title":{"rendered":"Jewellery care"},"content":{"rendered":"<div data-elementor-type=\"wp-page\" data-elementor-id=\"1646\" class=\"elementor elementor-1646\" data-elementor-post-type=\"page\">\n\t\t\t\t\t\t<section class=\"elementor-section elementor-top-section elementor-element elementor-element-e7b8aa4 elementor-section-boxed elementor-section-height-default elementor-section-height-default\" data-id=\"e7b8aa4\" data-element_type=\"section\">\n\t\t\t\t\t\t<div class=\"elementor-container elementor-column-gap-default\">\n\t\t\t\t\t<div class=\"elementor-column elementor-col-100 elementor-top-column elementor-element elementor-element-312b758\" data-id=\"312b758\" data-element_type=\"column\">\n\t\t\t<div class=\"elementor-widget-wrap elementor-element-populated\">\n\t\t\t\t\t\t<div class=\"elementor-element elementor-element-a3053c2 elementor-widget elementor-widget-image\" data-id=\"a3053c2\" data-element_type=\"widget\" data-widget_type=\"image.default\">\n\t\t\t\t<div class=\"elementor-widget-container\">\n\t\t\t\t\t\t\t\t\t\t\t\t\t\t<a href=\"https:\/\/hempeline.net\/en\/schmuck\/\">\n\t\t\t\t\t\t\t<img decoding=\"async\" src=\"https:\/\/hempeline.net\/wp-content\/uploads\/elementor\/thumbs\/image000081-scaled-plj9noj46xrj678b2u1rcfthk7lip5gwcr1yzqqec0.jpeg\" title=\"Yellow gold south sea pearls\" alt=\"S\u00fcdseeperle Gelbgold Kette\" loading=\"lazy\" \/>\t\t\t\t\t\t\t\t<\/a>\n\t\t\t\t\t\t\t\t\t\t\t\t\t<\/div>\n\t\t\t\t<\/div>\n\t\t\t\t\t<\/div>\n\t\t<\/div>\n\t\t\t\t\t<\/div>\n\t\t<\/section>\n\t\t\t\t<section class=\"elementor-section elementor-top-section elementor-element elementor-element-1bf2935a elementor-section-boxed elementor-section-height-default elementor-section-height-default\" data-id=\"1bf2935a\" data-element_type=\"section\">\n\t\t\t\t\t\t<div class=\"elementor-container elementor-column-gap-default\">\n\t\t\t\t\t<div class=\"elementor-column elementor-col-100 elementor-top-column elementor-element elementor-element-3ceb5092\" data-id=\"3ceb5092\" data-element_type=\"column\">\n\t\t\t<div class=\"elementor-widget-wrap elementor-element-populated\">\n\t\t\t\t\t\t<div class=\"elementor-element elementor-element-225bfaa elementor-widget elementor-widget-heading\" data-id=\"225bfaa\" data-element_type=\"widget\" data-widget_type=\"heading.default\">\n\t\t\t\t<div class=\"elementor-widget-container\">\n\t\t\t<h1 class=\"elementor-heading-title elementor-size-default\">Jewellery care<\/h1>\t\t<\/div>\n\t\t\t\t<\/div>\n\t\t\t\t<div class=\"elementor-element elementor-element-70d85421 elementor-widget elementor-widget-text-editor\" data-id=\"70d85421\" data-element_type=\"widget\" data-widget_type=\"text-editor.default\">\n\t\t\t\t<div class=\"elementor-widget-container\">\n\t\t\t\t\t\t\t<p class=\"translation-block\">We have already learned that we need to clean and care for our <a href=\"http:\/\/test.hempeline.net\/schmuck\" target=\"_self\">gold jewellery<\/a> from time to time. But our beautiful pearls also need to be cared for so that they don't lose any of their beauty. Here are a few essential tips for jewellery care, so that you can enjoy our pearl jewellery for a long time.<br><strong style=\"color: inherit;font-family: Chapaza, sans-serif;font-size: 1.25rem;background-color: transparent\"><br><\/strong><\/p><ol><li><p>storage<\/p><\/li><\/ol><p>Pearls are quite unsociable, as they usually have a whole shell to themselves. When storing them, you should also make sure that they are kept separate from other pieces of jewellery, because otherwise they can get scratched. The best way to store it is in a case that protects it from sunlight. Line it with silk, because cotton can actually draw moisture from your pearl.<\/p><ol start=\"2\"><li><p>protect from heat<\/p><\/li><\/ol><p>The sun can not only draw colour out of the pearl, it can also harm it through heat. Too much heat destroys the chemical structures of the pearl skin and makes it brittle. So keep it in a appropriate place.<\/p><ol start=\"3\"><li><p>protect against chemical substances<\/p><\/li><\/ol><p>Especially when doing housework, it is easy to come into contact with alkalis or acids. Remember, pearls are natural products and can react sensitively. Because sometimes jewellery care also means giving it a breather.<\/p><ol start=\"4\"><li><p>better to wear over fabric<\/p><\/li><\/ol><p>Sweat can actually damage the pearl over time if you wear it too often on bare skin. So try to wear your preferred pieces over fabric most time, but never during sweaty activities.<\/p><ol start=\"5\"><li><p>be good to your pearls...<\/p><\/li><\/ol><p>...and remove sweat and cosmetics from them with a soft, slightly damp cloth after each wear. However, please refrain from using chemical cleaning agents.<\/p><ol start=\"6\"><li><strong>the best is placed at the end<\/strong><\/li><\/ol><p>To protect your pearls, it's best to apply all beauty and care products first and then top off your outfit with your pearl jewellery.<\/p><ol start=\"7\"><li><pre>pearls do not like to swim<\/pre><\/li><\/ol><p>It is therefore best to take them off before swimming, showering or bathing. If they do get wet, dry them at room temperature. This makes jewellery care child's play.<\/p><ol start=\"8\"><li><p>a pearl is not a one man show<\/p><\/li><\/ol><p>There is a chain, bracelet or ring around your pearl. Always make sure that these are not damaged and can scratch and harm the pearl. A necklace is replaceable, but a unique pearl is not.<\/p><ol start=\"9\"><li><p>spring-clean<\/p><\/li><\/ol><p>Clean your pearl two to three times a year with mild detergent and lukewarm water. Then leave the pearl to dry at room temperature.<\/p><ol start=\"10\"><li><p>the shimmering finale<\/p><\/li><\/ol><p>To keep your pearl shiny, you can treat it with olive oil every two to three years. Apply a very fine layer with a soft cloth and the pearl will shimmer as it did on the first day.<\/p><p class=\"translation-block\">Do you have any questions or you are still unsure about any aspect of jewellery care? Then <span style=\"text-decoration: underline\"><a href=\"http:\/\/test.hempeline.net\/kontakt\" target=\"_self\">contact us<\/a><\/span> at any time!<\/p>\t\t\t\t\t\t<\/div>\n\t\t\t\t<\/div>\n\t\t\t\t\t<\/div>\n\t\t<\/div>\n\t\t\t\t\t<\/div>\n\t\t<\/section>\n\t\t\t\t<section class=\"elementor-section elementor-top-section elementor-element elementor-element-3279be2 elementor-section-boxed elementor-section-height-default elementor-section-height-default\" data-id=\"3279be2\" data-element_type=\"section\">\n\t\t\t\t\t\t<div class=\"elementor-container elementor-column-gap-default\">\n\t\t\t\t\t<div class=\"elementor-column elementor-col-50 elementor-top-column elementor-element elementor-element-c9276c0\" data-id=\"c9276c0\" data-element_type=\"column\">\n\t\t\t<div class=\"elementor-widget-wrap elementor-element-populated\">\n\t\t\t\t\t\t<div class=\"elementor-element elementor-element-6f42143 elementor-widget elementor-widget-image\" data-id=\"6f42143\" data-element_type=\"widget\" data-widget_type=\"image.default\">\n\t\t\t\t<div class=\"elementor-widget-container\">\n\t\t\t\t\t\t\t\t\t\t<figure class=\"wp-caption\">\n\t\t\t\t\t\t\t\t\t\t\t<a href=\"https:\/\/hempeline.net\/en\/in-reih-und-glied-mit-rang-und-namen\/\">\n\t\t\t\t\t\t\t<img decoding=\"async\" src=\"https:\/\/hempeline.net\/wp-content\/uploads\/elementor\/thumbs\/Bild_Y-Kette-scaled-scaled-plj92x96qntji69mdyz5zmhi1ifb3hk9bgarey5tiw.jpeg\" title=\"Image_Y chain\" alt=\"Y-Kette Wei\u00dfgold Tahitiperle\" loading=\"lazy\" \/>\t\t\t\t\t\t\t\t<\/a>\n\t\t\t\t\t\t\t\t\t\t\t<figcaption class=\"widget-image-caption wp-caption-text\">In rank and file with...<\/figcaption>\n\t\t\t\t\t\t\t\t\t\t<\/figure>\n\t\t\t\t\t\t\t<\/div>\n\t\t\t\t<\/div>\n\t\t\t\t\t<\/div>\n\t\t<\/div>\n\t\t\t\t<div class=\"elementor-column elementor-col-50 elementor-top-column elementor-element elementor-element-b8eb348\" data-id=\"b8eb348\" data-element_type=\"column\">\n\t\t\t<div class=\"elementor-widget-wrap elementor-element-populated\">\n\t\t\t\t\t\t<div class=\"elementor-element elementor-element-3e3eaf5 elementor-widget elementor-widget-image\" data-id=\"3e3eaf5\" data-element_type=\"widget\" data-widget_type=\"image.default\">\n\t\t\t\t<div class=\"elementor-widget-container\">\n\t\t\t\t\t\t\t\t\t\t<figure class=\"wp-caption\">\n\t\t\t\t\t\t\t\t\t\t\t<a href=\"https:\/\/hempeline.net\/en\/schmuck\/\">\n\t\t\t\t\t\t\t<img decoding=\"async\" src=\"https:\/\/hempeline.net\/wp-content\/uploads\/elementor\/thumbs\/image000081-scaled-plj9noivny8hw6466fzkjvwyau442uyv66xrxxdu48.jpeg\" title=\"Yellow gold south sea pearls\" alt=\"S\u00fcdseeperle Gelbgold Kette\" loading=\"lazy\" \/>\t\t\t\t\t\t\t\t<\/a>\n\t\t\t\t\t\t\t\t\t\t\t<figcaption class=\"widget-image-caption wp-caption-text\">Shop more pearls!<\/figcaption>\n\t\t\t\t\t\t\t\t\t\t<\/figure>\n\t\t\t\t\t\t\t<\/div>\n\t\t\t\t<\/div>\n\t\t\t\t\t<\/div>\n\t\t<\/div>\n\t\t\t\t\t<\/div>\n\t\t<\/section>\n\t\t\t\t<\/div>","protected":false},"excerpt":{"rendered":"<p>Schmuckpflege Dass wir unseren Goldschmuck von Zeit zu Zeit reinigen und pflegen m\u00fcssen, das haben wir bereits gelernt. Doch auch unsere wundersch\u00f6nen Perlen wollen gepflegt sein, damit sie nichts von ihrer Sch\u00f6nheit einb\u00fc\u00dfen. Hier ein paar essentielle Tipps f\u00fcr die Schmuckpflege, damit du lange viel Freude an unserem Perlenschmuck hast. die Aufbewahrung Perlen sind durchaus [&hellip;]<\/p>\n","protected":false},"author":279,"featured_media":1730,"parent":0,"menu_order":0,"comment_status":"closed","ping_status":"closed","template":"elementor_header_footer","meta":{"_acf_changed":false,"footnotes":""},"class_list":["post-1646","page","type-page","status-publish","has-post-thumbnail","hentry"],"acf":[],"yoast_head":"<!-- This site is optimized with the Yoast SEO Premium plugin v19.3 (Yoast SEO v26.8) - https:\/\/yoast.com\/product\/yoast-seo-premium-wordpress\/ -->\n<title>Schmuckpflege f\u00fcr deine Lieblingsprodukte von hempeline<\/title>\n<meta name=\"description\" content=\"Auch Perlen wollen gepflegt werden! Mit unseren Tipps zur Perlenpflege und Schmuckpflege bleiben dir deine Produkte noch l\u00e4nger erhalten.\" \/>\n<meta name=\"robots\" content=\"index, follow, max-snippet:-1, max-image-preview:large, max-video-preview:-1\" \/>\n<link rel=\"canonical\" href=\"https:\/\/hempeline.net\/en\/schmuckpflege\/\" \/>\n<meta property=\"og:locale\" content=\"en_GB\" \/>\n<meta property=\"og:type\" content=\"article\" \/>\n<meta property=\"og:title\" content=\"Schmuckpflege\" \/>\n<meta property=\"og:description\" content=\"Auch Perlen wollen gepflegt werden! Mit unseren Tipps zur Perlenpflege und Schmuckpflege bleiben dir deine Produkte noch l\u00e4nger erhalten.\" \/>\n<meta property=\"og:url\" content=\"https:\/\/hempeline.net\/en\/schmuckpflege\/\" \/>\n<meta property=\"og:site_name\" content=\"hempeline\" \/>\n<meta property=\"article:publisher\" content=\"https:\/\/www.facebook.com\/hempelineCollection\/\" \/>\n<meta property=\"article:modified_time\" content=\"2021-04-15T15:16:48+00:00\" \/>\n<meta property=\"og:image\" content=\"https:\/\/hempeline.net\/wp-content\/uploads\/2020\/10\/hempeline_Schmuck_Perlen-3-scaled.jpg\" \/>\n\t<meta property=\"og:image:width\" content=\"2048\" \/>\n\t<meta property=\"og:image:height\" content=\"2048\" \/>\n\t<meta property=\"og:image:type\" content=\"image\/jpeg\" \/>\n<meta name=\"twitter:card\" content=\"summary_large_image\" \/>\n<meta name=\"twitter:label1\" content=\"Estimated reading time\" \/>\n\t<meta name=\"twitter:data1\" content=\"3 minutes\" \/>\n<script type=\"application\/ld+json\" class=\"yoast-schema-graph\">{\"@context\":\"https:\/\/schema.org\",\"@graph\":[{\"@type\":\"WebPage\",\"@id\":\"https:\/\/hempeline.net\/schmuckpflege\",\"url\":\"https:\/\/hempeline.net\/schmuckpflege\",\"name\":\"Schmuckpflege f\u00fcr deine Lieblingsprodukte von hempeline\",\"isPartOf\":{\"@id\":\"https:\/\/hempeline.net\/#website\"},\"primaryImageOfPage\":{\"@id\":\"https:\/\/hempeline.net\/schmuckpflege#primaryimage\"},\"image\":{\"@id\":\"https:\/\/hempeline.net\/schmuckpflege#primaryimage\"},\"thumbnailUrl\":\"https:\/\/hempeline.net\/wp-content\/uploads\/2020\/10\/hempeline_Schmuck_Perlen-3-scaled.jpg\",\"datePublished\":\"2020-10-24T10:43:14+00:00\",\"dateModified\":\"2021-04-15T15:16:48+00:00\",\"description\":\"Auch Perlen wollen gepflegt werden! Mit unseren Tipps zur Perlenpflege und Schmuckpflege bleiben dir deine Produkte noch l\u00e4nger erhalten.\",\"breadcrumb\":{\"@id\":\"https:\/\/hempeline.net\/schmuckpflege#breadcrumb\"},\"inLanguage\":\"en-GB\",\"potentialAction\":[{\"@type\":\"ReadAction\",\"target\":[\"https:\/\/hempeline.net\/schmuckpflege\"]}]},{\"@type\":\"ImageObject\",\"inLanguage\":\"en-GB\",\"@id\":\"https:\/\/hempeline.net\/schmuckpflege#primaryimage\",\"url\":\"https:\/\/hempeline.net\/wp-content\/uploads\/2020\/10\/hempeline_Schmuck_Perlen-3-scaled.jpg\",\"contentUrl\":\"https:\/\/hempeline.net\/wp-content\/uploads\/2020\/10\/hempeline_Schmuck_Perlen-3-scaled.jpg\",\"width\":2048,\"height\":2048,\"caption\":\"Y-Ketten\"},{\"@type\":\"BreadcrumbList\",\"@id\":\"https:\/\/hempeline.net\/schmuckpflege#breadcrumb\",\"itemListElement\":[{\"@type\":\"ListItem\",\"position\":1,\"name\":\"Startseite\",\"item\":\"https:\/\/hempeline.net\/\"},{\"@type\":\"ListItem\",\"position\":2,\"name\":\"Schmuckpflege\"}]},{\"@type\":\"WebSite\",\"@id\":\"https:\/\/hempeline.net\/#website\",\"url\":\"https:\/\/hempeline.net\/\",\"name\":\"hempeline\",\"description\":\"Qualit\u00e4t made in Germany\",\"publisher\":{\"@id\":\"https:\/\/hempeline.net\/#organization\"},\"potentialAction\":[{\"@type\":\"SearchAction\",\"target\":{\"@type\":\"EntryPoint\",\"urlTemplate\":\"https:\/\/hempeline.net\/?s={search_term_string}\"},\"query-input\":{\"@type\":\"PropertyValueSpecification\",\"valueRequired\":true,\"valueName\":\"search_term_string\"}}],\"inLanguage\":\"en-GB\"},{\"@type\":\"Organization\",\"@id\":\"https:\/\/hempeline.net\/#organization\",\"name\":\"hempeline collection\",\"url\":\"https:\/\/hempeline.net\/\",\"logo\":{\"@type\":\"ImageObject\",\"inLanguage\":\"en-GB\",\"@id\":\"https:\/\/hempeline.net\/#\/schema\/logo\/image\/\",\"url\":\"https:\/\/hempeline.net\/wp-content\/uploads\/2020\/07\/LOGO-SCHWARZ.png\",\"contentUrl\":\"https:\/\/hempeline.net\/wp-content\/uploads\/2020\/07\/LOGO-SCHWARZ.png\",\"width\":576,\"height\":576,\"caption\":\"hempeline collection\"},\"image\":{\"@id\":\"https:\/\/hempeline.net\/#\/schema\/logo\/image\/\"},\"sameAs\":[\"https:\/\/www.facebook.com\/hempelineCollection\/\",\"https:\/\/www.instagram.com\/hempeline\/\"]}]}<\/script>\n<!-- \/ Yoast SEO Premium plugin. -->","yoast_head_json":{"title":"Schmuckpflege f\u00fcr deine Lieblingsprodukte von hempeline","description":"Auch Perlen wollen gepflegt werden! Mit unseren Tipps zur Perlenpflege und Schmuckpflege bleiben dir deine Produkte noch l\u00e4nger erhalten.","robots":{"index":"index","follow":"follow","max-snippet":"max-snippet:-1","max-image-preview":"max-image-preview:large","max-video-preview":"max-video-preview:-1"},"canonical":"https:\/\/hempeline.net\/en\/schmuckpflege\/","og_locale":"en_GB","og_type":"article","og_title":"Schmuckpflege","og_description":"Auch Perlen wollen gepflegt werden! Mit unseren Tipps zur Perlenpflege und Schmuckpflege bleiben dir deine Produkte noch l\u00e4nger erhalten.","og_url":"https:\/\/hempeline.net\/en\/schmuckpflege\/","og_site_name":"hempeline","article_publisher":"https:\/\/www.facebook.com\/hempelineCollection\/","article_modified_time":"2021-04-15T15:16:48+00:00","og_image":[{"width":2048,"height":2048,"url":"https:\/\/hempeline.net\/wp-content\/uploads\/2020\/10\/hempeline_Schmuck_Perlen-3-scaled.jpg","type":"image\/jpeg"}],"twitter_card":"summary_large_image","twitter_misc":{"Estimated reading time":"3 minutes"},"schema":{"@context":"https:\/\/schema.org","@graph":[{"@type":"WebPage","@id":"https:\/\/hempeline.net\/schmuckpflege","url":"https:\/\/hempeline.net\/schmuckpflege","name":"Schmuckpflege f\u00fcr deine Lieblingsprodukte von hempeline","isPartOf":{"@id":"https:\/\/hempeline.net\/#website"},"primaryImageOfPage":{"@id":"https:\/\/hempeline.net\/schmuckpflege#primaryimage"},"image":{"@id":"https:\/\/hempeline.net\/schmuckpflege#primaryimage"},"thumbnailUrl":"https:\/\/hempeline.net\/wp-content\/uploads\/2020\/10\/hempeline_Schmuck_Perlen-3-scaled.jpg","datePublished":"2020-10-24T10:43:14+00:00","dateModified":"2021-04-15T15:16:48+00:00","description":"Auch Perlen wollen gepflegt werden! Mit unseren Tipps zur Perlenpflege und Schmuckpflege bleiben dir deine Produkte noch l\u00e4nger erhalten.","breadcrumb":{"@id":"https:\/\/hempeline.net\/schmuckpflege#breadcrumb"},"inLanguage":"en-GB","potentialAction":[{"@type":"ReadAction","target":["https:\/\/hempeline.net\/schmuckpflege"]}]},{"@type":"ImageObject","inLanguage":"en-GB","@id":"https:\/\/hempeline.net\/schmuckpflege#primaryimage","url":"https:\/\/hempeline.net\/wp-content\/uploads\/2020\/10\/hempeline_Schmuck_Perlen-3-scaled.jpg","contentUrl":"https:\/\/hempeline.net\/wp-content\/uploads\/2020\/10\/hempeline_Schmuck_Perlen-3-scaled.jpg","width":2048,"height":2048,"caption":"Y-Ketten"},{"@type":"BreadcrumbList","@id":"https:\/\/hempeline.net\/schmuckpflege#breadcrumb","itemListElement":[{"@type":"ListItem","position":1,"name":"Startseite","item":"https:\/\/hempeline.net\/"},{"@type":"ListItem","position":2,"name":"Schmuckpflege"}]},{"@type":"WebSite","@id":"https:\/\/hempeline.net\/#website","url":"https:\/\/hempeline.net\/","name":"hempeline","description":"Quality made in Germany","publisher":{"@id":"https:\/\/hempeline.net\/#organization"},"potentialAction":[{"@type":"SearchAction","target":{"@type":"EntryPoint","urlTemplate":"https:\/\/hempeline.net\/?s={search_term_string}"},"query-input":{"@type":"PropertyValueSpecification","valueRequired":true,"valueName":"search_term_string"}}],"inLanguage":"en-GB"},{"@type":"Organization","@id":"https:\/\/hempeline.net\/#organization","name":"hempeline collection","url":"https:\/\/hempeline.net\/","logo":{"@type":"ImageObject","inLanguage":"en-GB","@id":"https:\/\/hempeline.net\/#\/schema\/logo\/image\/","url":"https:\/\/hempeline.net\/wp-content\/uploads\/2020\/07\/LOGO-SCHWARZ.png","contentUrl":"https:\/\/hempeline.net\/wp-content\/uploads\/2020\/07\/LOGO-SCHWARZ.png","width":576,"height":576,"caption":"hempeline collection"},"image":{"@id":"https:\/\/hempeline.net\/#\/schema\/logo\/image\/"},"sameAs":["https:\/\/www.facebook.com\/hempelineCollection\/","https:\/\/www.instagram.com\/hempeline\/"]}]}},"_links":{"self":[{"href":"https:\/\/hempeline.net\/en\/wp-json\/wp\/v2\/pages\/1646","targetHints":{"allow":["GET"]}}],"collection":[{"href":"https:\/\/hempeline.net\/en\/wp-json\/wp\/v2\/pages"}],"about":[{"href":"https:\/\/hempeline.net\/en\/wp-json\/wp\/v2\/types\/page"}],"author":[{"embeddable":true,"href":"https:\/\/hempeline.net\/en\/wp-json\/wp\/v2\/users\/279"}],"replies":[{"embeddable":true,"href":"https:\/\/hempeline.net\/en\/wp-json\/wp\/v2\/comments?post=1646"}],"version-history":[{"count":0,"href":"https:\/\/hempeline.net\/en\/wp-json\/wp\/v2\/pages\/1646\/revisions"}],"wp:featuredmedia":[{"embeddable":true,"href":"https:\/\/hempeline.net\/en\/wp-json\/wp\/v2\/media\/1730"}],"wp:attachment":[{"href":"https:\/\/hempeline.net\/en\/wp-json\/wp\/v2\/media?parent=1646"}],"curies":[{"name":"wp","href":"https:\/\/api.w.org\/{rel}","templated":true}]}}