{"id":1614,"date":"2020-10-24T09:47:49","date_gmt":"2020-10-24T09:47:49","guid":{"rendered":"http:\/\/s846751675.online.de\/?page_id=1614"},"modified":"2020-12-15T22:07:22","modified_gmt":"2020-12-15T22:07:22","slug":"kaschmirpflege","status":"publish","type":"page","link":"https:\/\/hempeline.net\/en\/kaschmirpflege","title":{"rendered":"Cashmere care"},"content":{"rendered":"<div data-elementor-type=\"wp-page\" data-elementor-id=\"1614\" class=\"elementor elementor-1614\" data-elementor-post-type=\"page\">\n\t\t\t\t\t\t<section class=\"elementor-section elementor-top-section elementor-element elementor-element-1bf2935a elementor-section-boxed elementor-section-height-default elementor-section-height-default\" data-id=\"1bf2935a\" data-element_type=\"section\">\n\t\t\t\t\t\t<div class=\"elementor-container elementor-column-gap-default\">\n\t\t\t\t\t<div class=\"elementor-column elementor-col-100 elementor-top-column elementor-element elementor-element-3ceb5092\" data-id=\"3ceb5092\" data-element_type=\"column\">\n\t\t\t<div class=\"elementor-widget-wrap elementor-element-populated\">\n\t\t\t\t\t\t<div class=\"elementor-element elementor-element-70d85421 elementor-widget elementor-widget-text-editor\" data-id=\"70d85421\" data-element_type=\"widget\" data-widget_type=\"text-editor.default\">\n\t\t\t\t<div class=\"elementor-widget-container\">\n\t\t\t\t\t\t\t<p><!-- wp:paragraph --><\/p>\n<p>We want you to enjoy our cashmere products for a long time. That's why we have compiled the most important care instructions for your cashmere products. If you follow these instructions, you will not only appreciate and care for your favourite pieces, you will also enjoy them for much longer! Here we go.<\/p>\n<p><strong>How often should you wash cashmere products?<\/strong><\/p>\n<p>The rule of thumb for clothing is: after every fourth use at the latest. Since you don't usually wear our scarves and blankets on your bare skin, you can of course use them more often before washing them. It is important that you air the scarves well after wearing them and give them a 24-hour break between the next use.<\/p>\n<p><strong>Machine or hand wash?<\/strong><\/p>\n<p>In fact, the best thing to do is to take your cashmere products to the dry cleaners or machine wash them in the wool wash programme. This is better than any hand wash. But the basic rules for cashmere care are always: short and only slightly warm, so never over 30 degrees, always turn inside out and only spin briefly.<\/p>\n<p><strong>Which detergent is the best?<\/strong><\/p>\n<p class=\"translation-block\">Liquid wool shampoo is best or, attention: a good hair shampoo. You can use a special <a href=\"https:\/\/www.annedeus.de\/Handgemachte-Naturseife-Cashmere\" target=\"_self\">cashmere soap<\/a>, but it is not a must. Fabric softener is not suitable for cashmere. If you want to do something good for your cashmere, you can buy a conditioner and use it after about every tenth wash.<\/p>\n<p><strong>How to dry cashmere?<\/strong><\/p>\n<p>The best way is lying on the clothes horse. This is especially true for our cashmere blankets. Our scarves are so fine and light that you can hang them up carefully. Just make sure that they don't get an unsightly breakage.<\/p>\n<p><strong>What if my scarf or blanket is no longer cosy?<\/strong><\/p>\n<p>Our secret tip for cashmere care: put the damp scarf or blanket in a freezer bag in the freezer for one to two hours. Then dry it lying down. Works wonders!<\/p>\n<p><strong>And what if I spilled the beans?<\/strong><\/p>\n<p>Please do not soak and brush! This can cause your favourite piece to become matted. Simply apply shampoo or mild detergent to the stain and then straight into the wash.<\/p>\n<p><strong>What is the best way to store cashmere?<\/strong><\/p>\n<p class=\"translation-block\">Dry and cool, ideally lying down, not hanging up. <br>But who even wants to let such a cosy fabric out of their hands?<\/p>\n<p class=\"translation-block\">Are you unsure about something or do you have any questions? <span style=\"text-decoration: underline\"><a href=\"http:\/\/test.hempeline.net\/kontakt\" target=\"_self\">Feel free to contact us<\/a><\/span> at any time!<\/p>\n<p><!-- \/wp:paragraph --><\/p>\t\t\t\t\t\t<\/div>\n\t\t\t\t<\/div>\n\t\t\t\t\t<\/div>\n\t\t<\/div>\n\t\t\t\t\t<\/div>\n\t\t<\/section>\n\t\t\t\t<section class=\"elementor-section elementor-top-section elementor-element elementor-element-3279be2 elementor-section-boxed elementor-section-height-default elementor-section-height-default\" data-id=\"3279be2\" data-element_type=\"section\">\n\t\t\t\t\t\t<div class=\"elementor-container elementor-column-gap-default\">\n\t\t\t\t\t<div class=\"elementor-column elementor-col-50 elementor-top-column elementor-element elementor-element-c9276c0\" data-id=\"c9276c0\" data-element_type=\"column\">\n\t\t\t<div class=\"elementor-widget-wrap elementor-element-populated\">\n\t\t\t\t\t\t<div class=\"elementor-element elementor-element-6f42143 elementor-widget elementor-widget-image\" data-id=\"6f42143\" data-element_type=\"widget\" data-widget_type=\"image.default\">\n\t\t\t\t<div class=\"elementor-widget-container\">\n\t\t\t\t\t\t\t\t\t\t<figure class=\"wp-caption\">\n\t\t\t\t\t\t\t\t\t\t\t<a href=\"https:\/\/hempeline.net\/en\/ziegenhaar-ist-wunderbar\/\">\n\t\t\t\t\t\t\t<img decoding=\"async\" src=\"https:\/\/hempeline.net\/wp-content\/uploads\/elementor\/thumbs\/joshua-fuller-Cfc9LNmVwy0-unsplash1-scaled-e1603554224459-plj9m0d7ijy594jjxpzg4b3ga6cme8c1lx6p87v16g.jpg\" title=\"joshua-fulle goat hair is wonderfulr-Cfc9LNmVwy0-unsplash (1)\" alt=\"Ziegenhaar Kaschmir Wolle\" loading=\"lazy\" \/>\t\t\t\t\t\t\t\t<\/a>\n\t\t\t\t\t\t\t\t\t\t\t<figcaption class=\"widget-image-caption wp-caption-text\">Goat hair is like a love affair!<\/figcaption>\n\t\t\t\t\t\t\t\t\t\t<\/figure>\n\t\t\t\t\t\t\t<\/div>\n\t\t\t\t<\/div>\n\t\t\t\t\t<\/div>\n\t\t<\/div>\n\t\t\t\t<div class=\"elementor-column elementor-col-50 elementor-top-column elementor-element elementor-element-b8eb348\" data-id=\"b8eb348\" data-element_type=\"column\">\n\t\t\t<div class=\"elementor-widget-wrap elementor-element-populated\">\n\t\t\t\t\t\t<div class=\"elementor-element elementor-element-3e3eaf5 elementor-widget elementor-widget-image\" data-id=\"3e3eaf5\" data-element_type=\"widget\" data-widget_type=\"image.default\">\n\t\t\t\t<div class=\"elementor-widget-container\">\n\t\t\t\t\t\t\t\t\t\t<figure class=\"wp-caption\">\n\t\t\t\t\t\t\t\t\t\t\t<a href=\"https:\/\/hempeline.net\/en\/kaschmir\/\">\n\t\t\t\t\t\t\t<img decoding=\"async\" src=\"https:\/\/hempeline.net\/wp-content\/uploads\/elementor\/thumbs\/Kaschmir-60-scaled-scaled-pljcb6wi3wzdlrdqgq8uws93abcs7o4zmxbxg3rpvc.jpeg\" title=\"hempeline cashmere\" alt=\"hempeline Kaschmir\" loading=\"lazy\" \/>\t\t\t\t\t\t\t\t<\/a>\n\t\t\t\t\t\t\t\t\t\t\t<figcaption class=\"widget-image-caption wp-caption-text\">Shop more chashmere!<\/figcaption>\n\t\t\t\t\t\t\t\t\t\t<\/figure>\n\t\t\t\t\t\t\t<\/div>\n\t\t\t\t<\/div>\n\t\t\t\t\t<\/div>\n\t\t<\/div>\n\t\t\t\t\t<\/div>\n\t\t<\/section>\n\t\t\t\t<\/div>","protected":false},"excerpt":{"rendered":"<p>Wir m\u00f6chten, dass du lange, viel Freude an unseren Kaschmirprodukten hast. Daher haben wir f\u00fcr dich die wichtigsten Pflegehinweise zu deinen Kaschmirprodukte zusammengetragen. Wenn du diese beachtest, dann wertsch\u00e4tzt und pflegst du nicht nur deine Lieblingsst\u00fccke, du hast auch viel l\u00e4nger etwas von ihnen! Los geht\u2019s. Wie oft sollte man Kaschmirprodukte waschen? Die Faustregel bei [&hellip;]<\/p>\n","protected":false},"author":279,"featured_media":1490,"parent":0,"menu_order":0,"comment_status":"closed","ping_status":"closed","template":"elementor_header_footer","meta":{"_acf_changed":false,"footnotes":""},"class_list":["post-1614","page","type-page","status-publish","has-post-thumbnail","hentry"],"acf":[],"yoast_head":"<!-- This site is optimized with the Yoast SEO Premium plugin v19.3 (Yoast SEO v26.8) - https:\/\/yoast.com\/product\/yoast-seo-premium-wordpress\/ -->\n<title>Kaschmirpflege f\u00fcr deine Lieblingsprodukte von hempeline<\/title>\n<meta name=\"description\" content=\"Auch Kaschmir mag gepflegt werden! Mit unseren Tipps zur Kaschmirpflege bleiben dir deine Kaschmirprodukte noch l\u00e4nger erhalten.\" \/>\n<meta name=\"robots\" content=\"index, follow, max-snippet:-1, max-image-preview:large, max-video-preview:-1\" \/>\n<link rel=\"canonical\" href=\"https:\/\/hempeline.net\/en\/kaschmirpflege\/\" \/>\n<meta property=\"og:locale\" content=\"en_GB\" \/>\n<meta property=\"og:type\" content=\"article\" \/>\n<meta property=\"og:title\" content=\"Kaschmirpflege\" \/>\n<meta property=\"og:description\" content=\"Auch Kaschmir mag gepflegt werden! Mit unseren Tipps zur Kaschmirpflege bleiben dir deine Kaschmirprodukte noch l\u00e4nger erhalten.\" \/>\n<meta property=\"og:url\" content=\"https:\/\/hempeline.net\/en\/kaschmirpflege\/\" \/>\n<meta property=\"og:site_name\" content=\"hempeline\" \/>\n<meta property=\"article:publisher\" content=\"https:\/\/www.facebook.com\/hempelineCollection\/\" \/>\n<meta property=\"article:modified_time\" content=\"2020-12-15T22:07:22+00:00\" \/>\n<meta property=\"og:image\" content=\"https:\/\/hempeline.net\/wp-content\/uploads\/2020\/10\/image11-scaled-scaled.jpeg\" \/>\n\t<meta property=\"og:image:width\" content=\"2048\" \/>\n\t<meta property=\"og:image:height\" content=\"2048\" \/>\n\t<meta property=\"og:image:type\" content=\"image\/jpeg\" \/>\n<meta name=\"twitter:card\" content=\"summary_large_image\" \/>\n<meta name=\"twitter:label1\" content=\"Estimated reading time\" \/>\n\t<meta name=\"twitter:data1\" content=\"2 minutes\" \/>\n<script type=\"application\/ld+json\" class=\"yoast-schema-graph\">{\"@context\":\"https:\/\/schema.org\",\"@graph\":[{\"@type\":\"WebPage\",\"@id\":\"https:\/\/hempeline.net\/kaschmirpflege\",\"url\":\"https:\/\/hempeline.net\/kaschmirpflege\",\"name\":\"Kaschmirpflege f\u00fcr deine Lieblingsprodukte von hempeline\",\"isPartOf\":{\"@id\":\"https:\/\/hempeline.net\/#website\"},\"primaryImageOfPage\":{\"@id\":\"https:\/\/hempeline.net\/kaschmirpflege#primaryimage\"},\"image\":{\"@id\":\"https:\/\/hempeline.net\/kaschmirpflege#primaryimage\"},\"thumbnailUrl\":\"https:\/\/hempeline.net\/wp-content\/uploads\/2020\/10\/image11-scaled-scaled.jpeg\",\"datePublished\":\"2020-10-24T09:47:49+00:00\",\"dateModified\":\"2020-12-15T22:07:22+00:00\",\"description\":\"Auch Kaschmir mag gepflegt werden! Mit unseren Tipps zur Kaschmirpflege bleiben dir deine Kaschmirprodukte noch l\u00e4nger erhalten.\",\"breadcrumb\":{\"@id\":\"https:\/\/hempeline.net\/kaschmirpflege#breadcrumb\"},\"inLanguage\":\"en-GB\",\"potentialAction\":[{\"@type\":\"ReadAction\",\"target\":[\"https:\/\/hempeline.net\/kaschmirpflege\"]}]},{\"@type\":\"ImageObject\",\"inLanguage\":\"en-GB\",\"@id\":\"https:\/\/hempeline.net\/kaschmirpflege#primaryimage\",\"url\":\"https:\/\/hempeline.net\/wp-content\/uploads\/2020\/10\/image11-scaled-scaled.jpeg\",\"contentUrl\":\"https:\/\/hempeline.net\/wp-content\/uploads\/2020\/10\/image11-scaled-scaled.jpeg\",\"width\":2048,\"height\":2048,\"caption\":\"handgewebter Kaschmirschal\"},{\"@type\":\"BreadcrumbList\",\"@id\":\"https:\/\/hempeline.net\/kaschmirpflege#breadcrumb\",\"itemListElement\":[{\"@type\":\"ListItem\",\"position\":1,\"name\":\"Startseite\",\"item\":\"https:\/\/hempeline.net\/\"},{\"@type\":\"ListItem\",\"position\":2,\"name\":\"Kaschmirpflege\"}]},{\"@type\":\"WebSite\",\"@id\":\"https:\/\/hempeline.net\/#website\",\"url\":\"https:\/\/hempeline.net\/\",\"name\":\"hempeline\",\"description\":\"Qualit\u00e4t made in Germany\",\"publisher\":{\"@id\":\"https:\/\/hempeline.net\/#organization\"},\"potentialAction\":[{\"@type\":\"SearchAction\",\"target\":{\"@type\":\"EntryPoint\",\"urlTemplate\":\"https:\/\/hempeline.net\/?s={search_term_string}\"},\"query-input\":{\"@type\":\"PropertyValueSpecification\",\"valueRequired\":true,\"valueName\":\"search_term_string\"}}],\"inLanguage\":\"en-GB\"},{\"@type\":\"Organization\",\"@id\":\"https:\/\/hempeline.net\/#organization\",\"name\":\"hempeline collection\",\"url\":\"https:\/\/hempeline.net\/\",\"logo\":{\"@type\":\"ImageObject\",\"inLanguage\":\"en-GB\",\"@id\":\"https:\/\/hempeline.net\/#\/schema\/logo\/image\/\",\"url\":\"https:\/\/hempeline.net\/wp-content\/uploads\/2020\/07\/LOGO-SCHWARZ.png\",\"contentUrl\":\"https:\/\/hempeline.net\/wp-content\/uploads\/2020\/07\/LOGO-SCHWARZ.png\",\"width\":576,\"height\":576,\"caption\":\"hempeline collection\"},\"image\":{\"@id\":\"https:\/\/hempeline.net\/#\/schema\/logo\/image\/\"},\"sameAs\":[\"https:\/\/www.facebook.com\/hempelineCollection\/\",\"https:\/\/www.instagram.com\/hempeline\/\"]}]}<\/script>\n<!-- \/ Yoast SEO Premium plugin. -->","yoast_head_json":{"title":"Kaschmirpflege f\u00fcr deine Lieblingsprodukte von hempeline","description":"Auch Kaschmir mag gepflegt werden! Mit unseren Tipps zur Kaschmirpflege bleiben dir deine Kaschmirprodukte noch l\u00e4nger erhalten.","robots":{"index":"index","follow":"follow","max-snippet":"max-snippet:-1","max-image-preview":"max-image-preview:large","max-video-preview":"max-video-preview:-1"},"canonical":"https:\/\/hempeline.net\/en\/kaschmirpflege\/","og_locale":"en_GB","og_type":"article","og_title":"Kaschmirpflege","og_description":"Auch Kaschmir mag gepflegt werden! Mit unseren Tipps zur Kaschmirpflege bleiben dir deine Kaschmirprodukte noch l\u00e4nger erhalten.","og_url":"https:\/\/hempeline.net\/en\/kaschmirpflege\/","og_site_name":"hempeline","article_publisher":"https:\/\/www.facebook.com\/hempelineCollection\/","article_modified_time":"2020-12-15T22:07:22+00:00","og_image":[{"width":2048,"height":2048,"url":"https:\/\/hempeline.net\/wp-content\/uploads\/2020\/10\/image11-scaled-scaled.jpeg","type":"image\/jpeg"}],"twitter_card":"summary_large_image","twitter_misc":{"Estimated reading time":"2 minutes"},"schema":{"@context":"https:\/\/schema.org","@graph":[{"@type":"WebPage","@id":"https:\/\/hempeline.net\/kaschmirpflege","url":"https:\/\/hempeline.net\/kaschmirpflege","name":"Kaschmirpflege f\u00fcr deine Lieblingsprodukte von hempeline","isPartOf":{"@id":"https:\/\/hempeline.net\/#website"},"primaryImageOfPage":{"@id":"https:\/\/hempeline.net\/kaschmirpflege#primaryimage"},"image":{"@id":"https:\/\/hempeline.net\/kaschmirpflege#primaryimage"},"thumbnailUrl":"https:\/\/hempeline.net\/wp-content\/uploads\/2020\/10\/image11-scaled-scaled.jpeg","datePublished":"2020-10-24T09:47:49+00:00","dateModified":"2020-12-15T22:07:22+00:00","description":"Auch Kaschmir mag gepflegt werden! Mit unseren Tipps zur Kaschmirpflege bleiben dir deine Kaschmirprodukte noch l\u00e4nger erhalten.","breadcrumb":{"@id":"https:\/\/hempeline.net\/kaschmirpflege#breadcrumb"},"inLanguage":"en-GB","potentialAction":[{"@type":"ReadAction","target":["https:\/\/hempeline.net\/kaschmirpflege"]}]},{"@type":"ImageObject","inLanguage":"en-GB","@id":"https:\/\/hempeline.net\/kaschmirpflege#primaryimage","url":"https:\/\/hempeline.net\/wp-content\/uploads\/2020\/10\/image11-scaled-scaled.jpeg","contentUrl":"https:\/\/hempeline.net\/wp-content\/uploads\/2020\/10\/image11-scaled-scaled.jpeg","width":2048,"height":2048,"caption":"handgewebter Kaschmirschal"},{"@type":"BreadcrumbList","@id":"https:\/\/hempeline.net\/kaschmirpflege#breadcrumb","itemListElement":[{"@type":"ListItem","position":1,"name":"Startseite","item":"https:\/\/hempeline.net\/"},{"@type":"ListItem","position":2,"name":"Kaschmirpflege"}]},{"@type":"WebSite","@id":"https:\/\/hempeline.net\/#website","url":"https:\/\/hempeline.net\/","name":"hempeline","description":"Quality made in Germany","publisher":{"@id":"https:\/\/hempeline.net\/#organization"},"potentialAction":[{"@type":"SearchAction","target":{"@type":"EntryPoint","urlTemplate":"https:\/\/hempeline.net\/?s={search_term_string}"},"query-input":{"@type":"PropertyValueSpecification","valueRequired":true,"valueName":"search_term_string"}}],"inLanguage":"en-GB"},{"@type":"Organization","@id":"https:\/\/hempeline.net\/#organization","name":"hempeline collection","url":"https:\/\/hempeline.net\/","logo":{"@type":"ImageObject","inLanguage":"en-GB","@id":"https:\/\/hempeline.net\/#\/schema\/logo\/image\/","url":"https:\/\/hempeline.net\/wp-content\/uploads\/2020\/07\/LOGO-SCHWARZ.png","contentUrl":"https:\/\/hempeline.net\/wp-content\/uploads\/2020\/07\/LOGO-SCHWARZ.png","width":576,"height":576,"caption":"hempeline collection"},"image":{"@id":"https:\/\/hempeline.net\/#\/schema\/logo\/image\/"},"sameAs":["https:\/\/www.facebook.com\/hempelineCollection\/","https:\/\/www.instagram.com\/hempeline\/"]}]}},"_links":{"self":[{"href":"https:\/\/hempeline.net\/en\/wp-json\/wp\/v2\/pages\/1614","targetHints":{"allow":["GET"]}}],"collection":[{"href":"https:\/\/hempeline.net\/en\/wp-json\/wp\/v2\/pages"}],"about":[{"href":"https:\/\/hempeline.net\/en\/wp-json\/wp\/v2\/types\/page"}],"author":[{"embeddable":true,"href":"https:\/\/hempeline.net\/en\/wp-json\/wp\/v2\/users\/279"}],"replies":[{"embeddable":true,"href":"https:\/\/hempeline.net\/en\/wp-json\/wp\/v2\/comments?post=1614"}],"version-history":[{"count":0,"href":"https:\/\/hempeline.net\/en\/wp-json\/wp\/v2\/pages\/1614\/revisions"}],"wp:featuredmedia":[{"embeddable":true,"href":"https:\/\/hempeline.net\/en\/wp-json\/wp\/v2\/media\/1490"}],"wp:attachment":[{"href":"https:\/\/hempeline.net\/en\/wp-json\/wp\/v2\/media?parent=1614"}],"curies":[{"name":"wp","href":"https:\/\/api.w.org\/{rel}","templated":true}]}}