{"id":1492,"date":"2020-10-22T14:34:36","date_gmt":"2020-10-22T14:34:36","guid":{"rendered":"http:\/\/s846751675.online.de\/?page_id=1492"},"modified":"2022-04-01T09:32:31","modified_gmt":"2022-04-01T07:32:31","slug":"impressum","status":"publish","type":"page","link":"https:\/\/hempeline.net\/en\/impressum","title":{"rendered":"Imprint"},"content":{"rendered":"<div data-elementor-type=\"wp-page\" data-elementor-id=\"1492\" class=\"elementor elementor-1492\" data-elementor-post-type=\"page\">\n\t\t\t\t\t\t<section class=\"elementor-section elementor-top-section elementor-element elementor-element-64f441c1 elementor-section-boxed elementor-section-height-default elementor-section-height-default\" data-id=\"64f441c1\" data-element_type=\"section\">\n\t\t\t\t\t\t<div class=\"elementor-container elementor-column-gap-default\">\n\t\t\t\t\t<div class=\"elementor-column elementor-col-100 elementor-top-column elementor-element elementor-element-6d442172\" data-id=\"6d442172\" data-element_type=\"column\">\n\t\t\t<div class=\"elementor-widget-wrap elementor-element-populated\">\n\t\t\t\t\t\t<div class=\"elementor-element elementor-element-2325380 elementor-widget elementor-widget-heading\" data-id=\"2325380\" data-element_type=\"widget\" data-widget_type=\"heading.default\">\n\t\t\t\t<div class=\"elementor-widget-container\">\n\t\t\t<h1 class=\"elementor-heading-title elementor-size-default\">Imprint<\/h1>\t\t<\/div>\n\t\t\t\t<\/div>\n\t\t\t\t<div class=\"elementor-element elementor-element-54f13233 elementor-widget elementor-widget-text-editor\" data-id=\"54f13233\" data-element_type=\"widget\" data-widget_type=\"text-editor.default\">\n\t\t\t\t<div class=\"elementor-widget-container\">\n\t\t\t\t\t\t\t<p><!-- wp:paragraph --><\/p>\n<p><strong><a href=\"https:\/\/hempeline.net\/en\/\">hempeline<\/a>.net<\/strong><\/p>\n<p><!-- \/wp:paragraph --><!-- wp:paragraph --><\/p>\n<p>Gr\u00fcnderin und Inhaberin: Miriam Hempel<br \/>To sheet 1a<br \/>90562 Heroldsberg\u00a0<\/p>\n<p>Germany<\/p>\n<p><!-- \/wp:paragraph --><!-- wp:paragraph --><\/p>\n<p>Phone: +49 (0)172. 8854769<br \/>Email: info@hempeline.net<br \/>Website: www.hempeline.net<\/p>\n<p><strong>Registereintrag:<\/strong><br \/>Eintragung im Registergericht:\u00a0Markt Heroldsberg<br \/>Registernummer:\u00a009572131<\/p>\n<p><strong>Umsatzsteuer-ID:<\/strong><br \/>Umsatzsteuer-Identifikationsnummer gem\u00e4\u00df \u00a727a Umsatzsteuergesetz:<\/p>\n<p><a href=\"https:\/\/www.finanzamt.bayern.de\/Erlangen\/\" data-sanitized-data-mce-fragment=\"1\" data-sanitized-data-mce-href=\"https:\/\/www.finanzamt.bayern.de\/Erlangen\/\">Tax authority<\/a><span data-sanitized-data-mce-fragment=\"1\">\u00a0Erlangen H\u00f6chstadt<\/span><br data-sanitized-data-mce-fragment=\"1\" \/><span data-sanitized-data-mce-fragment=\"1\">VAT ID no.: DE319698582<\/span><\/p>\n<p>Angaben gem\u00e4\u00df \u00a75 TMG<\/p>\n<p><!-- \/wp:paragraph --><\/p>\t\t\t\t\t\t<\/div>\n\t\t\t\t<\/div>\n\t\t\t\t\t<\/div>\n\t\t<\/div>\n\t\t\t\t\t<\/div>\n\t\t<\/section>\n\t\t\t\t<section class=\"elementor-section elementor-top-section elementor-element elementor-element-eb4e547 elementor-section-boxed elementor-section-height-default elementor-section-height-default\" data-id=\"eb4e547\" data-element_type=\"section\">\n\t\t\t\t\t\t<div class=\"elementor-container elementor-column-gap-default\">\n\t\t\t\t\t<div class=\"elementor-column elementor-col-100 elementor-top-column elementor-element elementor-element-efd8cea\" data-id=\"efd8cea\" data-element_type=\"column\">\n\t\t\t<div class=\"elementor-widget-wrap elementor-element-populated\">\n\t\t\t\t\t\t<div class=\"elementor-element elementor-element-b18c75a elementor-widget elementor-widget-heading\" data-id=\"b18c75a\" data-element_type=\"widget\" data-widget_type=\"heading.default\">\n\t\t\t\t<div class=\"elementor-widget-container\">\n\t\t\t<h3 class=\"elementor-heading-title elementor-size-default\">Alternative Streitbeilegung gem\u00e4\u00df Art. 14 Abs. 1 ODR-VO und \u00a7 36 VSBG:<\/h3>\t\t<\/div>\n\t\t\t\t<\/div>\n\t\t\t\t\t<\/div>\n\t\t<\/div>\n\t\t\t\t\t<\/div>\n\t\t<\/section>\n\t\t\t\t<section class=\"elementor-section elementor-top-section elementor-element elementor-element-64fb354 elementor-section-boxed elementor-section-height-default elementor-section-height-default\" data-id=\"64fb354\" data-element_type=\"section\">\n\t\t\t\t\t\t<div class=\"elementor-container elementor-column-gap-default\">\n\t\t\t\t\t<div class=\"elementor-column elementor-col-100 elementor-top-column elementor-element elementor-element-beaf82d\" data-id=\"beaf82d\" data-element_type=\"column\">\n\t\t\t<div class=\"elementor-widget-wrap elementor-element-populated\">\n\t\t\t\t\t\t<div class=\"elementor-element elementor-element-7eb903a elementor-widget elementor-widget-text-editor\" data-id=\"7eb903a\" data-element_type=\"widget\" data-widget_type=\"text-editor.default\">\n\t\t\t\t<div class=\"elementor-widget-container\">\n\t\t\t\t\t\t\t<p>Die Europ\u00e4ische Kommission stellt eine Plattform zur Online-Streitbeilegung (OS) bereit, die du unter\u00a0<a href=\"https:\/\/ec.europa.eu\/consumers\/odr\" target=\"_blank\" rel=\"noopener\">https:\/\/ec.europa.eu\/consumers\/odr<\/a>\u00a0findest. Zur Teilnahme an einem Streitbeilegungsverfahren vor einer Verbraucherschlichtungsstelle sind wir nicht verpflichtet und nicht bereit.<\/p>\t\t\t\t\t\t<\/div>\n\t\t\t\t<\/div>\n\t\t\t\t\t<\/div>\n\t\t<\/div>\n\t\t\t\t\t<\/div>\n\t\t<\/section>\n\t\t\t\t<\/div>","protected":false},"excerpt":{"rendered":"<p>Impressum hempeline.net Gr\u00fcnderin und Inhaberin: Miriam HempelZum Blech 1a90562 Heroldsberg\u00a0 Deutschland Telefon: +49 (0)172. 8854769Email: info@hempeline.netWebseite: www.hempeline.net Registereintrag:Eintragung im Registergericht:\u00a0Markt HeroldsbergRegisternummer:\u00a009572131 Umsatzsteuer-ID:Umsatzsteuer-Identifikationsnummer gem\u00e4\u00df \u00a727a Umsatzsteuergesetz: Finanzamt\u00a0Erlangen H\u00f6chstadtUSt-ID-Nr.: DE319698582 Angaben gem\u00e4\u00df \u00a75 TMG Alternative Streitbeilegung gem\u00e4\u00df Art. 14 Abs. 1 ODR-VO und \u00a7 36 VSBG: Die Europ\u00e4ische Kommission stellt eine Plattform zur Online-Streitbeilegung (OS) bereit, die [&hellip;]<\/p>\n","protected":false},"author":1,"featured_media":0,"parent":0,"menu_order":0,"comment_status":"closed","ping_status":"closed","template":"elementor_header_footer","meta":{"_acf_changed":false,"footnotes":""},"class_list":["post-1492","page","type-page","status-publish","hentry"],"acf":[],"yoast_head":"<!-- This site is optimized with the Yoast SEO Premium plugin v19.3 (Yoast SEO v26.8) - https:\/\/yoast.com\/product\/yoast-seo-premium-wordpress\/ -->\n<title>Impressum &#8226; hier findest du das hempeline Impressum<\/title>\n<meta name=\"description\" content=\"Impressum. Webseite: www.hempeline.net - Finanzamt Erlangen H\u00f6chstadt - USt-ID-Nr.: DE319698582 - info@hempeline.net - +49 (0)172. 8854769\" \/>\n<meta name=\"robots\" content=\"index, follow, max-snippet:-1, max-image-preview:large, max-video-preview:-1\" \/>\n<link rel=\"canonical\" href=\"https:\/\/hempeline.net\/en\/impressum\/\" \/>\n<meta property=\"og:locale\" content=\"en_GB\" \/>\n<meta property=\"og:type\" content=\"article\" \/>\n<meta property=\"og:title\" content=\"Impressum\" \/>\n<meta property=\"og:description\" content=\"Impressum. Webseite: www.hempeline.net - Finanzamt Erlangen H\u00f6chstadt - USt-ID-Nr.: DE319698582 - info@hempeline.net - +49 (0)172. 8854769\" \/>\n<meta property=\"og:url\" content=\"https:\/\/hempeline.net\/en\/impressum\/\" \/>\n<meta property=\"og:site_name\" content=\"hempeline\" \/>\n<meta property=\"article:publisher\" content=\"https:\/\/www.facebook.com\/hempelineCollection\/\" \/>\n<meta property=\"article:modified_time\" content=\"2022-04-01T07:32:31+00:00\" \/>\n<meta property=\"og:image\" content=\"https:\/\/hempeline.net\/wp-content\/uploads\/2020\/07\/LOGO-SCHWARZ-schmal.png\" \/>\n\t<meta property=\"og:image:width\" content=\"576\" \/>\n\t<meta property=\"og:image:height\" content=\"240\" \/>\n\t<meta property=\"og:image:type\" content=\"image\/png\" \/>\n<meta name=\"twitter:card\" content=\"summary_large_image\" \/>\n<meta name=\"twitter:label1\" content=\"Estimated reading time\" \/>\n\t<meta name=\"twitter:data1\" content=\"1 minute\" \/>\n<script type=\"application\/ld+json\" class=\"yoast-schema-graph\">{\"@context\":\"https:\/\/schema.org\",\"@graph\":[{\"@type\":\"WebPage\",\"@id\":\"https:\/\/hempeline.net\/impressum\",\"url\":\"https:\/\/hempeline.net\/impressum\",\"name\":\"Impressum &#8226; hier findest du das hempeline Impressum\",\"isPartOf\":{\"@id\":\"https:\/\/hempeline.net\/#website\"},\"datePublished\":\"2020-10-22T14:34:36+00:00\",\"dateModified\":\"2022-04-01T07:32:31+00:00\",\"description\":\"Impressum. Webseite: www.hempeline.net - Finanzamt Erlangen H\u00f6chstadt - USt-ID-Nr.: DE319698582 - info@hempeline.net - +49 (0)172. 8854769\",\"breadcrumb\":{\"@id\":\"https:\/\/hempeline.net\/impressum#breadcrumb\"},\"inLanguage\":\"en-GB\",\"potentialAction\":[{\"@type\":\"ReadAction\",\"target\":[\"https:\/\/hempeline.net\/impressum\"]}]},{\"@type\":\"BreadcrumbList\",\"@id\":\"https:\/\/hempeline.net\/impressum#breadcrumb\",\"itemListElement\":[{\"@type\":\"ListItem\",\"position\":1,\"name\":\"Startseite\",\"item\":\"https:\/\/hempeline.net\/\"},{\"@type\":\"ListItem\",\"position\":2,\"name\":\"Impressum\"}]},{\"@type\":\"WebSite\",\"@id\":\"https:\/\/hempeline.net\/#website\",\"url\":\"https:\/\/hempeline.net\/\",\"name\":\"hempeline\",\"description\":\"Qualit\u00e4t made in Germany\",\"publisher\":{\"@id\":\"https:\/\/hempeline.net\/#organization\"},\"potentialAction\":[{\"@type\":\"SearchAction\",\"target\":{\"@type\":\"EntryPoint\",\"urlTemplate\":\"https:\/\/hempeline.net\/?s={search_term_string}\"},\"query-input\":{\"@type\":\"PropertyValueSpecification\",\"valueRequired\":true,\"valueName\":\"search_term_string\"}}],\"inLanguage\":\"en-GB\"},{\"@type\":\"Organization\",\"@id\":\"https:\/\/hempeline.net\/#organization\",\"name\":\"hempeline collection\",\"url\":\"https:\/\/hempeline.net\/\",\"logo\":{\"@type\":\"ImageObject\",\"inLanguage\":\"en-GB\",\"@id\":\"https:\/\/hempeline.net\/#\/schema\/logo\/image\/\",\"url\":\"https:\/\/hempeline.net\/wp-content\/uploads\/2020\/07\/LOGO-SCHWARZ.png\",\"contentUrl\":\"https:\/\/hempeline.net\/wp-content\/uploads\/2020\/07\/LOGO-SCHWARZ.png\",\"width\":576,\"height\":576,\"caption\":\"hempeline collection\"},\"image\":{\"@id\":\"https:\/\/hempeline.net\/#\/schema\/logo\/image\/\"},\"sameAs\":[\"https:\/\/www.facebook.com\/hempelineCollection\/\",\"https:\/\/www.instagram.com\/hempeline\/\"]}]}<\/script>\n<!-- \/ Yoast SEO Premium plugin. -->","yoast_head_json":{"title":"Impressum &#8226; hier findest du das hempeline Impressum","description":"Impressum. Webseite: www.hempeline.net - Finanzamt Erlangen H\u00f6chstadt - USt-ID-Nr.: DE319698582 - info@hempeline.net - +49 (0)172. 8854769","robots":{"index":"index","follow":"follow","max-snippet":"max-snippet:-1","max-image-preview":"max-image-preview:large","max-video-preview":"max-video-preview:-1"},"canonical":"https:\/\/hempeline.net\/en\/impressum\/","og_locale":"en_GB","og_type":"article","og_title":"Impressum","og_description":"Impressum. Webseite: www.hempeline.net - Finanzamt Erlangen H\u00f6chstadt - USt-ID-Nr.: DE319698582 - info@hempeline.net - +49 (0)172. 8854769","og_url":"https:\/\/hempeline.net\/en\/impressum\/","og_site_name":"hempeline","article_publisher":"https:\/\/www.facebook.com\/hempelineCollection\/","article_modified_time":"2022-04-01T07:32:31+00:00","og_image":[{"width":576,"height":240,"url":"https:\/\/hempeline.net\/wp-content\/uploads\/2020\/07\/LOGO-SCHWARZ-schmal.png","type":"image\/png"}],"twitter_card":"summary_large_image","twitter_misc":{"Estimated reading time":"1 minute"},"schema":{"@context":"https:\/\/schema.org","@graph":[{"@type":"WebPage","@id":"https:\/\/hempeline.net\/impressum","url":"https:\/\/hempeline.net\/impressum","name":"Impressum &#8226; hier findest du das hempeline Impressum","isPartOf":{"@id":"https:\/\/hempeline.net\/#website"},"datePublished":"2020-10-22T14:34:36+00:00","dateModified":"2022-04-01T07:32:31+00:00","description":"Impressum. Webseite: www.hempeline.net - Finanzamt Erlangen H\u00f6chstadt - USt-ID-Nr.: DE319698582 - info@hempeline.net - +49 (0)172. 8854769","breadcrumb":{"@id":"https:\/\/hempeline.net\/impressum#breadcrumb"},"inLanguage":"en-GB","potentialAction":[{"@type":"ReadAction","target":["https:\/\/hempeline.net\/impressum"]}]},{"@type":"BreadcrumbList","@id":"https:\/\/hempeline.net\/impressum#breadcrumb","itemListElement":[{"@type":"ListItem","position":1,"name":"Startseite","item":"https:\/\/hempeline.net\/"},{"@type":"ListItem","position":2,"name":"Impressum"}]},{"@type":"WebSite","@id":"https:\/\/hempeline.net\/#website","url":"https:\/\/hempeline.net\/","name":"hempeline","description":"Quality made in Germany","publisher":{"@id":"https:\/\/hempeline.net\/#organization"},"potentialAction":[{"@type":"SearchAction","target":{"@type":"EntryPoint","urlTemplate":"https:\/\/hempeline.net\/?s={search_term_string}"},"query-input":{"@type":"PropertyValueSpecification","valueRequired":true,"valueName":"search_term_string"}}],"inLanguage":"en-GB"},{"@type":"Organization","@id":"https:\/\/hempeline.net\/#organization","name":"hempeline collection","url":"https:\/\/hempeline.net\/","logo":{"@type":"ImageObject","inLanguage":"en-GB","@id":"https:\/\/hempeline.net\/#\/schema\/logo\/image\/","url":"https:\/\/hempeline.net\/wp-content\/uploads\/2020\/07\/LOGO-SCHWARZ.png","contentUrl":"https:\/\/hempeline.net\/wp-content\/uploads\/2020\/07\/LOGO-SCHWARZ.png","width":576,"height":576,"caption":"hempeline collection"},"image":{"@id":"https:\/\/hempeline.net\/#\/schema\/logo\/image\/"},"sameAs":["https:\/\/www.facebook.com\/hempelineCollection\/","https:\/\/www.instagram.com\/hempeline\/"]}]}},"_links":{"self":[{"href":"https:\/\/hempeline.net\/en\/wp-json\/wp\/v2\/pages\/1492","targetHints":{"allow":["GET"]}}],"collection":[{"href":"https:\/\/hempeline.net\/en\/wp-json\/wp\/v2\/pages"}],"about":[{"href":"https:\/\/hempeline.net\/en\/wp-json\/wp\/v2\/types\/page"}],"author":[{"embeddable":true,"href":"https:\/\/hempeline.net\/en\/wp-json\/wp\/v2\/users\/1"}],"replies":[{"embeddable":true,"href":"https:\/\/hempeline.net\/en\/wp-json\/wp\/v2\/comments?post=1492"}],"version-history":[{"count":12,"href":"https:\/\/hempeline.net\/en\/wp-json\/wp\/v2\/pages\/1492\/revisions"}],"predecessor-version":[{"id":12378,"href":"https:\/\/hempeline.net\/en\/wp-json\/wp\/v2\/pages\/1492\/revisions\/12378"}],"wp:attachment":[{"href":"https:\/\/hempeline.net\/en\/wp-json\/wp\/v2\/media?parent=1492"}],"curies":[{"name":"wp","href":"https:\/\/api.w.org\/{rel}","templated":true}]}}