{"id":1353,"date":"2020-10-16T14:59:41","date_gmt":"2020-10-16T14:59:41","guid":{"rendered":"http:\/\/s846751675.online.de\/?page_id=1353"},"modified":"2020-12-21T14:12:42","modified_gmt":"2020-12-21T14:12:42","slug":"inside_jewellery","status":"publish","type":"page","link":"https:\/\/hempeline.net\/en\/home\/inside_jewellery","title":{"rendered":"Inside jewellery"},"content":{"rendered":"<div data-elementor-type=\"wp-page\" data-elementor-id=\"1353\" class=\"elementor elementor-1353\" data-elementor-post-type=\"page\">\n\t\t\t\t\t\t<section class=\"elementor-section elementor-top-section elementor-element elementor-element-1d39639f elementor-section-boxed elementor-section-height-default elementor-section-height-default\" data-id=\"1d39639f\" data-element_type=\"section\">\n\t\t\t\t\t\t<div class=\"elementor-container elementor-column-gap-default\">\n\t\t\t\t\t<div class=\"elementor-column elementor-col-100 elementor-top-column elementor-element elementor-element-3e486ee7\" data-id=\"3e486ee7\" data-element_type=\"column\">\n\t\t\t<div class=\"elementor-widget-wrap elementor-element-populated\">\n\t\t\t\t\t\t<div class=\"elementor-element elementor-element-5fb2fcbb elementor-widget elementor-widget-heading\" data-id=\"5fb2fcbb\" data-element_type=\"widget\" data-widget_type=\"heading.default\">\n\t\t\t\t<div class=\"elementor-widget-container\">\n\t\t\t<h1 class=\"elementor-heading-title elementor-size-default\">Inside jewellery<\/h1>\t\t<\/div>\n\t\t\t\t<\/div>\n\t\t\t\t\t<\/div>\n\t\t<\/div>\n\t\t\t\t\t<\/div>\n\t\t<\/section>\n\t\t\t\t<section class=\"elementor-section elementor-top-section elementor-element elementor-element-53a0ad05 elementor-section-boxed elementor-section-height-default elementor-section-height-default\" data-id=\"53a0ad05\" data-element_type=\"section\">\n\t\t\t\t\t\t<div class=\"elementor-container elementor-column-gap-default\">\n\t\t\t\t\t<div class=\"elementor-column elementor-col-100 elementor-top-column elementor-element elementor-element-6108b77a\" data-id=\"6108b77a\" data-element_type=\"column\">\n\t\t\t<div class=\"elementor-widget-wrap elementor-element-populated\">\n\t\t\t\t\t\t<div class=\"elementor-element elementor-element-26964ac elementor-widget elementor-widget-image\" data-id=\"26964ac\" data-element_type=\"widget\" data-widget_type=\"image.default\">\n\t\t\t\t<div class=\"elementor-widget-container\">\n\t\t\t\t\t\t\t\t\t\t\t\t\t<img fetchpriority=\"high\" decoding=\"async\" width=\"958\" height=\"959\" src=\"https:\/\/hempeline.net\/wp-content\/uploads\/2021\/01\/Perle_Muschel_Quadrat.jpg\" class=\"attachment-full size-full wp-image-4502\" alt=\"Perlen Auster hempeline MeerMeer\" srcset=\"https:\/\/hempeline.net\/wp-content\/uploads\/2021\/01\/Perle_Muschel_Quadrat.jpg 958w, https:\/\/hempeline.net\/wp-content\/uploads\/2021\/01\/Perle_Muschel_Quadrat-600x600.jpg 600w, https:\/\/hempeline.net\/wp-content\/uploads\/2021\/01\/Perle_Muschel_Quadrat-100x100.jpg 100w, https:\/\/hempeline.net\/wp-content\/uploads\/2021\/01\/Perle_Muschel_Quadrat-900x901.jpg 900w, https:\/\/hempeline.net\/wp-content\/uploads\/2021\/01\/Perle_Muschel_Quadrat-300x300.jpg 300w, https:\/\/hempeline.net\/wp-content\/uploads\/2021\/01\/Perle_Muschel_Quadrat-150x150.jpg 150w, https:\/\/hempeline.net\/wp-content\/uploads\/2021\/01\/Perle_Muschel_Quadrat-768x769.jpg 768w\" sizes=\"(max-width: 958px) 100vw, 958px\" \/>\t\t\t\t\t\t\t\t\t\t\t\t\t<\/div>\n\t\t\t\t<\/div>\n\t\t\t\t\t<\/div>\n\t\t<\/div>\n\t\t\t\t\t<\/div>\n\t\t<\/section>\n\t\t\t\t<section class=\"elementor-section elementor-top-section elementor-element elementor-element-2c05e474 elementor-section-boxed elementor-section-height-default elementor-section-height-default\" data-id=\"2c05e474\" data-element_type=\"section\">\n\t\t\t\t\t\t<div class=\"elementor-container elementor-column-gap-default\">\n\t\t\t\t\t<div class=\"elementor-column elementor-col-100 elementor-top-column elementor-element elementor-element-205e73a4\" data-id=\"205e73a4\" data-element_type=\"column\">\n\t\t\t<div class=\"elementor-widget-wrap elementor-element-populated\">\n\t\t\t\t\t\t<div class=\"elementor-element elementor-element-d021070 elementor-widget elementor-widget-heading\" data-id=\"d021070\" data-element_type=\"widget\" data-widget_type=\"heading.default\">\n\t\t\t\t<div class=\"elementor-widget-container\">\n\t\t\t<h1 class=\"elementor-heading-title elementor-size-default\">Pure magic<\/h1>\t\t<\/div>\n\t\t\t\t<\/div>\n\t\t\t\t<div class=\"elementor-element elementor-element-027cdb2 elementor-widget elementor-widget-text-editor\" data-id=\"027cdb2\" data-element_type=\"widget\" data-widget_type=\"text-editor.default\">\n\t\t\t\t<div class=\"elementor-widget-container\">\n\t\t\t\t\t\t\t<div class=\"translation-block\">Pearls are magical. It starts with a tiny grain of sand hidden in a shell. Here - protected from views - a true treasure is created.<br><br>It is as if nature wanted to create something special. For no reason at all. Just like that, out of pure pleasure for the fascinating beauty of a shimmering pearls.<br><br>It is its equally pure and surprisingly multicoloured lustre that makes a pearl the perfect piece of jewellery to surround us with a mysterious spell.<\/div>\t\t\t\t\t\t<\/div>\n\t\t\t\t<\/div>\n\t\t\t\t\t<\/div>\n\t\t<\/div>\n\t\t\t\t\t<\/div>\n\t\t<\/section>\n\t\t\t\t<section class=\"elementor-section elementor-top-section elementor-element elementor-element-c73522a elementor-section-boxed elementor-section-height-default elementor-section-height-default\" data-id=\"c73522a\" data-element_type=\"section\">\n\t\t\t\t\t\t<div class=\"elementor-container elementor-column-gap-default\">\n\t\t\t\t\t<div class=\"elementor-column elementor-col-100 elementor-top-column elementor-element elementor-element-dae419e\" data-id=\"dae419e\" data-element_type=\"column\">\n\t\t\t<div class=\"elementor-widget-wrap elementor-element-populated\">\n\t\t\t\t\t\t<div class=\"elementor-element elementor-element-c29074c elementor-widget elementor-widget-heading\" data-id=\"c29074c\" data-element_type=\"widget\" data-widget_type=\"heading.default\">\n\t\t\t\t<div class=\"elementor-widget-container\">\n\t\t\t<h1 class=\"elementor-heading-title elementor-size-default\">Play of colours<\/h1>\t\t<\/div>\n\t\t\t\t<\/div>\n\t\t\t\t<div class=\"elementor-element elementor-element-730a7bd elementor-widget elementor-widget-text-editor\" data-id=\"730a7bd\" data-element_type=\"widget\" data-widget_type=\"text-editor.default\">\n\t\t\t\t<div class=\"elementor-widget-container\">\n\t\t\t\t\t\t\t<p class=\"translation-block\">Tahitian pearls appear black at first before revealing a wide spectrum of colours; from silver-grey to various shades of green to bronze, pink or purple. <br><br>South Sea pearls are lighter in colour, oscillating between gold and silvery-white with a multitude of effects and shades that never cease to surprise us.<br><br>Every pearl created by nature is different, with its own shine, sometimes uniformly round, then again drop-shaped. Whether pearl or woman - each is perfect in her own way.<\/p>\t\t\t\t\t\t<\/div>\n\t\t\t\t<\/div>\n\t\t\t\t\t<\/div>\n\t\t<\/div>\n\t\t\t\t\t<\/div>\n\t\t<\/section>\n\t\t\t\t<section class=\"elementor-section elementor-top-section elementor-element elementor-element-44eff2d elementor-section-boxed elementor-section-height-default elementor-section-height-default\" data-id=\"44eff2d\" data-element_type=\"section\">\n\t\t\t\t\t\t<div class=\"elementor-container elementor-column-gap-default\">\n\t\t\t\t\t<div class=\"elementor-column elementor-col-100 elementor-top-column elementor-element elementor-element-5efe9d8\" data-id=\"5efe9d8\" data-element_type=\"column\">\n\t\t\t<div class=\"elementor-widget-wrap elementor-element-populated\">\n\t\t\t\t\t\t<div class=\"elementor-element elementor-element-6bb4804 elementor-widget elementor-widget-heading\" data-id=\"6bb4804\" data-element_type=\"widget\" data-widget_type=\"heading.default\">\n\t\t\t\t<div class=\"elementor-widget-container\">\n\t\t\t<h1 class=\"elementor-heading-title elementor-size-default\">Handpicked<\/h1>\t\t<\/div>\n\t\t\t\t<\/div>\n\t\t\t\t<div class=\"elementor-element elementor-element-4e3c647 elementor-widget elementor-widget-text-editor\" data-id=\"4e3c647\" data-element_type=\"widget\" data-widget_type=\"text-editor.default\">\n\t\t\t\t<div class=\"elementor-widget-container\">\n\t\t\t\t\t\t\t<p>The story begins on a small, ecologically managed pearl farm in Indonesia. Here, the pearls thrive around remote islands, in water quality that is hard to find anymore.<\/p><p>The pearls are handpicked for <em>hempeline jewellery<\/em>. Depending on their character, they are combined with white gold, rose gold, yellow gold, sterling silver or leather to create unique pieces of jewellery.<\/p><p>Our real pearl jewellery collection combines playful pearl lustre with clear lines; whether as earrings, pendants or filigree gold necklaces.<\/p><p class=\"translation-block\">Featured in VOGUE. Presented at <a href=\"https:\/\/londonfashionweek.co.uk\/\" target=\"_self\">LONDON FASHION WEEK<\/a>.<br>Discover it at <em>hempeline jewellery<\/em>.<\/p>\t\t\t\t\t\t<\/div>\n\t\t\t\t<\/div>\n\t\t\t\t<div class=\"elementor-element elementor-element-fa06ff6 hempeline-button elementor-widget elementor-widget-button\" data-id=\"fa06ff6\" data-element_type=\"widget\" data-widget_type=\"button.default\">\n\t\t\t\t<div class=\"elementor-widget-container\">\n\t\t\t\t\t\t\t<div class=\"elementor-button-wrapper\">\n\t\t\t\t\t<a class=\"elementor-button elementor-button-link elementor-size-sm\" href=\"https:\/\/hempeline.net\/en\/schmuck\/\">\n\t\t\t\t\t\t<span class=\"elementor-button-content-wrapper\">\n\t\t\t\t\t\t<span class=\"elementor-button-icon\">\n\t\t\t\t<svg xmlns=\"http:\/\/www.w3.org\/2000\/svg\" xmlns:xlink=\"http:\/\/www.w3.org\/1999\/xlink\" id=\"Ebene_1\" data-name=\"Ebene 1\" viewbox=\"0 0 13.05 7.33\"><defs><style>.cls-1,.cls-3{fill:none;}.cls-2{clip-path:url(#clip-path);}.cls-3{stroke:#1d1d1b;stroke-width:0.8px;}<\/style><clippath id=\"clip-path\" transform=\"translate(-98.29 -145.08)\"><rect class=\"cls-1\" x=\"98.29\" y=\"145.08\" width=\"13.05\" height=\"7.33\"><\/rect><\/clippath><\/defs><g class=\"cls-2\"><polyline class=\"cls-3\" points=\"9.1 7.05 12.48 3.67 9.1 0.28\"><\/polyline><line class=\"cls-3\" x1=\"12.27\" y1=\"3.67\" y2=\"3.67\"><\/line><\/g><\/svg>\t\t\t<\/span>\n\t\t\t\t\t\t\t\t\t<span class=\"elementor-button-text\">SHOP<\/span>\n\t\t\t\t\t<\/span>\n\t\t\t\t\t<\/a>\n\t\t\t\t<\/div>\n\t\t\t\t\t\t<\/div>\n\t\t\t\t<\/div>\n\t\t\t\t\t<\/div>\n\t\t<\/div>\n\t\t\t\t\t<\/div>\n\t\t<\/section>\n\t\t\t\t<section class=\"elementor-section elementor-top-section elementor-element elementor-element-a0f1643 elementor-section-boxed elementor-section-height-default elementor-section-height-default\" data-id=\"a0f1643\" data-element_type=\"section\">\n\t\t\t\t\t\t<div class=\"elementor-container elementor-column-gap-default\">\n\t\t\t\t\t<div class=\"elementor-column elementor-col-100 elementor-top-column elementor-element elementor-element-9d7caf2\" data-id=\"9d7caf2\" data-element_type=\"column\">\n\t\t\t<div class=\"elementor-widget-wrap elementor-element-populated\">\n\t\t\t\t\t\t<div class=\"elementor-element elementor-element-165abeb elementor-widget elementor-widget-spacer\" data-id=\"165abeb\" data-element_type=\"widget\" data-widget_type=\"spacer.default\">\n\t\t\t\t<div class=\"elementor-widget-container\">\n\t\t\t\t\t<div class=\"elementor-spacer\">\n\t\t\t<div class=\"elementor-spacer-inner\"><\/div>\n\t\t<\/div>\n\t\t\t\t<\/div>\n\t\t\t\t<\/div>\n\t\t\t\t\t<\/div>\n\t\t<\/div>\n\t\t\t\t\t<\/div>\n\t\t<\/section>\n\t\t\t\t<section class=\"elementor-section elementor-top-section elementor-element elementor-element-f790aa4 elementor-section-boxed elementor-section-height-default elementor-section-height-default\" data-id=\"f790aa4\" data-element_type=\"section\">\n\t\t\t\t\t\t<div class=\"elementor-container elementor-column-gap-default\">\n\t\t\t\t\t<div class=\"elementor-column elementor-col-100 elementor-top-column elementor-element elementor-element-3c7d3af\" data-id=\"3c7d3af\" data-element_type=\"column\">\n\t\t\t<div class=\"elementor-widget-wrap elementor-element-populated\">\n\t\t\t\t\t\t<div class=\"elementor-element elementor-element-3714c9f elementor-widget elementor-widget-video\" data-id=\"3714c9f\" data-element_type=\"widget\" data-settings=\"{&quot;youtube_url&quot;:&quot;https:\\\/\\\/youtu.be\\\/HabNyF02SaE&quot;,&quot;autoplay&quot;:&quot;yes&quot;,&quot;mute&quot;:&quot;yes&quot;,&quot;loop&quot;:&quot;yes&quot;,&quot;show_image_overlay&quot;:&quot;yes&quot;,&quot;image_overlay&quot;:{&quot;url&quot;:&quot;https:\\\/\\\/hempeline.net\\\/wp-content\\\/uploads\\\/2020\\\/12\\\/Auster_Quadrat.jpg&quot;,&quot;id&quot;:4409,&quot;size&quot;:&quot;&quot;},&quot;video_type&quot;:&quot;youtube&quot;}\" data-widget_type=\"video.default\">\n\t\t\t\t<div class=\"elementor-widget-container\">\n\t\t\t\t\t<div class=\"elementor-wrapper elementor-open-inline\">\n\t\t\t<div class=\"elementor-video\"><\/div>\t\t\t\t<div class=\"elementor-custom-embed-image-overlay\" style=\"background-image: url(https:\/\/hempeline.net\/wp-content\/uploads\/2020\/12\/Auster_Quadrat.jpg);\">\n\t\t\t\t\t\t\t\t\t\t\t\t\t\t<\/div>\n\t\t\t\t\t<\/div>\n\t\t\t\t<\/div>\n\t\t\t\t<\/div>\n\t\t\t\t\t<\/div>\n\t\t<\/div>\n\t\t\t\t\t<\/div>\n\t\t<\/section>\n\t\t\t\t<\/div>","protected":false},"excerpt":{"rendered":"<p>Inside Jewellery Pure Magie Perlen sind magisch. Es beginnt mit einem winzigen Sandkorn, das sich in einer Muschel versteckt. Hier entsteht \u2013\u00a0vor Blicken gesch\u00fctzt \u2013\u00a0eine wahre Kostbarkeit. Es ist, also wollte die Natur etwas Besonderes erschaffen. Ganz ohne Grund. Einfach so, aus purer Lust an der faszinierenden Sch\u00f6nheit einer schimmernden Perle. Es ist ihr gleicherma\u00dfen [&hellip;]<\/p>\n","protected":false},"author":1,"featured_media":4274,"parent":8,"menu_order":0,"comment_status":"closed","ping_status":"closed","template":"elementor_header_footer","meta":{"_acf_changed":false,"footnotes":""},"class_list":["post-1353","page","type-page","status-publish","has-post-thumbnail","hentry"],"acf":[],"yoast_head":"<!-- This site is optimized with the Yoast SEO Premium plugin v19.3 (Yoast SEO v26.8) - https:\/\/yoast.com\/product\/yoast-seo-premium-wordpress\/ -->\n<title>jewellery insights &#8226; erfahre mehr \u00fcber den hempeline Ethos<\/title>\n<meta name=\"description\" content=\"In den Insights erf\u00e4hrst du alles \u00fcber unsere Jewellery, wo wir unsere Perlen herbeziehen, was sie ausmacht und vieles mehr.\" \/>\n<meta name=\"robots\" content=\"index, follow, max-snippet:-1, max-image-preview:large, max-video-preview:-1\" \/>\n<link rel=\"canonical\" href=\"https:\/\/hempeline.net\/en\/home\/inside_jewellery\/\" \/>\n<meta property=\"og:locale\" content=\"en_GB\" \/>\n<meta property=\"og:type\" content=\"article\" \/>\n<meta property=\"og:title\" content=\"Inside Jewellery\" \/>\n<meta property=\"og:description\" content=\"In den Insights erf\u00e4hrst du alles \u00fcber unsere Jewellery, wo wir unsere Perlen herbeziehen, was sie ausmacht und vieles mehr.\" \/>\n<meta property=\"og:url\" content=\"https:\/\/hempeline.net\/en\/home\/inside_jewellery\/\" \/>\n<meta property=\"og:site_name\" content=\"hempeline\" \/>\n<meta property=\"article:publisher\" content=\"https:\/\/www.facebook.com\/hempelineCollection\/\" \/>\n<meta property=\"article:modified_time\" content=\"2020-12-21T14:12:42+00:00\" \/>\n<meta property=\"og:image\" content=\"https:\/\/hempeline.net\/wp-content\/uploads\/2020\/12\/Perle_Muschel.jpg\" \/>\n\t<meta property=\"og:image:width\" content=\"960\" \/>\n\t<meta property=\"og:image:height\" content=\"1280\" \/>\n\t<meta property=\"og:image:type\" content=\"image\/jpeg\" \/>\n<meta name=\"twitter:card\" content=\"summary_large_image\" \/>\n<meta name=\"twitter:label1\" content=\"Estimated reading time\" \/>\n\t<meta name=\"twitter:data1\" content=\"1 minute\" \/>\n<script type=\"application\/ld+json\" class=\"yoast-schema-graph\">{\"@context\":\"https:\/\/schema.org\",\"@graph\":[{\"@type\":\"WebPage\",\"@id\":\"https:\/\/hempeline.net\/home\/inside_jewellery\",\"url\":\"https:\/\/hempeline.net\/home\/inside_jewellery\",\"name\":\"jewellery insights &#8226; erfahre mehr \u00fcber den hempeline Ethos\",\"isPartOf\":{\"@id\":\"https:\/\/hempeline.net\/#website\"},\"primaryImageOfPage\":{\"@id\":\"https:\/\/hempeline.net\/home\/inside_jewellery#primaryimage\"},\"image\":{\"@id\":\"https:\/\/hempeline.net\/home\/inside_jewellery#primaryimage\"},\"thumbnailUrl\":\"https:\/\/hempeline.net\/wp-content\/uploads\/2020\/12\/Perle_Muschel.jpg\",\"datePublished\":\"2020-10-16T14:59:41+00:00\",\"dateModified\":\"2020-12-21T14:12:42+00:00\",\"description\":\"In den Insights erf\u00e4hrst du alles \u00fcber unsere Jewellery, wo wir unsere Perlen herbeziehen, was sie ausmacht und vieles mehr.\",\"breadcrumb\":{\"@id\":\"https:\/\/hempeline.net\/home\/inside_jewellery#breadcrumb\"},\"inLanguage\":\"en-GB\",\"potentialAction\":[{\"@type\":\"ReadAction\",\"target\":[\"https:\/\/hempeline.net\/home\/inside_jewellery\"]}]},{\"@type\":\"ImageObject\",\"inLanguage\":\"en-GB\",\"@id\":\"https:\/\/hempeline.net\/home\/inside_jewellery#primaryimage\",\"url\":\"https:\/\/hempeline.net\/wp-content\/uploads\/2020\/12\/Perle_Muschel.jpg\",\"contentUrl\":\"https:\/\/hempeline.net\/wp-content\/uploads\/2020\/12\/Perle_Muschel.jpg\",\"width\":960,\"height\":1280,\"caption\":\"hempeline Perlenfarm\"},{\"@type\":\"BreadcrumbList\",\"@id\":\"https:\/\/hempeline.net\/home\/inside_jewellery#breadcrumb\",\"itemListElement\":[{\"@type\":\"ListItem\",\"position\":1,\"name\":\"Startseite\",\"item\":\"https:\/\/hempeline.net\/\"},{\"@type\":\"ListItem\",\"position\":2,\"name\":\"Home\",\"item\":\"https:\/\/hempeline.net\/\"},{\"@type\":\"ListItem\",\"position\":3,\"name\":\"Inside Jewellery\"}]},{\"@type\":\"WebSite\",\"@id\":\"https:\/\/hempeline.net\/#website\",\"url\":\"https:\/\/hempeline.net\/\",\"name\":\"hempeline\",\"description\":\"Qualit\u00e4t made in Germany\",\"publisher\":{\"@id\":\"https:\/\/hempeline.net\/#organization\"},\"potentialAction\":[{\"@type\":\"SearchAction\",\"target\":{\"@type\":\"EntryPoint\",\"urlTemplate\":\"https:\/\/hempeline.net\/?s={search_term_string}\"},\"query-input\":{\"@type\":\"PropertyValueSpecification\",\"valueRequired\":true,\"valueName\":\"search_term_string\"}}],\"inLanguage\":\"en-GB\"},{\"@type\":\"Organization\",\"@id\":\"https:\/\/hempeline.net\/#organization\",\"name\":\"hempeline collection\",\"url\":\"https:\/\/hempeline.net\/\",\"logo\":{\"@type\":\"ImageObject\",\"inLanguage\":\"en-GB\",\"@id\":\"https:\/\/hempeline.net\/#\/schema\/logo\/image\/\",\"url\":\"https:\/\/hempeline.net\/wp-content\/uploads\/2020\/07\/LOGO-SCHWARZ.png\",\"contentUrl\":\"https:\/\/hempeline.net\/wp-content\/uploads\/2020\/07\/LOGO-SCHWARZ.png\",\"width\":576,\"height\":576,\"caption\":\"hempeline collection\"},\"image\":{\"@id\":\"https:\/\/hempeline.net\/#\/schema\/logo\/image\/\"},\"sameAs\":[\"https:\/\/www.facebook.com\/hempelineCollection\/\",\"https:\/\/www.instagram.com\/hempeline\/\"]}]}<\/script>\n<!-- \/ Yoast SEO Premium plugin. -->","yoast_head_json":{"title":"jewellery insights &#8226; erfahre mehr \u00fcber den hempeline Ethos","description":"In den Insights erf\u00e4hrst du alles \u00fcber unsere Jewellery, wo wir unsere Perlen herbeziehen, was sie ausmacht und vieles mehr.","robots":{"index":"index","follow":"follow","max-snippet":"max-snippet:-1","max-image-preview":"max-image-preview:large","max-video-preview":"max-video-preview:-1"},"canonical":"https:\/\/hempeline.net\/en\/home\/inside_jewellery\/","og_locale":"en_GB","og_type":"article","og_title":"Inside Jewellery","og_description":"In den Insights erf\u00e4hrst du alles \u00fcber unsere Jewellery, wo wir unsere Perlen herbeziehen, was sie ausmacht und vieles mehr.","og_url":"https:\/\/hempeline.net\/en\/home\/inside_jewellery\/","og_site_name":"hempeline","article_publisher":"https:\/\/www.facebook.com\/hempelineCollection\/","article_modified_time":"2020-12-21T14:12:42+00:00","og_image":[{"width":960,"height":1280,"url":"https:\/\/hempeline.net\/wp-content\/uploads\/2020\/12\/Perle_Muschel.jpg","type":"image\/jpeg"}],"twitter_card":"summary_large_image","twitter_misc":{"Estimated reading time":"1 minute"},"schema":{"@context":"https:\/\/schema.org","@graph":[{"@type":"WebPage","@id":"https:\/\/hempeline.net\/home\/inside_jewellery","url":"https:\/\/hempeline.net\/home\/inside_jewellery","name":"jewellery insights &#8226; erfahre mehr \u00fcber den hempeline Ethos","isPartOf":{"@id":"https:\/\/hempeline.net\/#website"},"primaryImageOfPage":{"@id":"https:\/\/hempeline.net\/home\/inside_jewellery#primaryimage"},"image":{"@id":"https:\/\/hempeline.net\/home\/inside_jewellery#primaryimage"},"thumbnailUrl":"https:\/\/hempeline.net\/wp-content\/uploads\/2020\/12\/Perle_Muschel.jpg","datePublished":"2020-10-16T14:59:41+00:00","dateModified":"2020-12-21T14:12:42+00:00","description":"In den Insights erf\u00e4hrst du alles \u00fcber unsere Jewellery, wo wir unsere Perlen herbeziehen, was sie ausmacht und vieles mehr.","breadcrumb":{"@id":"https:\/\/hempeline.net\/home\/inside_jewellery#breadcrumb"},"inLanguage":"en-GB","potentialAction":[{"@type":"ReadAction","target":["https:\/\/hempeline.net\/home\/inside_jewellery"]}]},{"@type":"ImageObject","inLanguage":"en-GB","@id":"https:\/\/hempeline.net\/home\/inside_jewellery#primaryimage","url":"https:\/\/hempeline.net\/wp-content\/uploads\/2020\/12\/Perle_Muschel.jpg","contentUrl":"https:\/\/hempeline.net\/wp-content\/uploads\/2020\/12\/Perle_Muschel.jpg","width":960,"height":1280,"caption":"hempeline Perlenfarm"},{"@type":"BreadcrumbList","@id":"https:\/\/hempeline.net\/home\/inside_jewellery#breadcrumb","itemListElement":[{"@type":"ListItem","position":1,"name":"Startseite","item":"https:\/\/hempeline.net\/"},{"@type":"ListItem","position":2,"name":"Home","item":"https:\/\/hempeline.net\/"},{"@type":"ListItem","position":3,"name":"Inside Jewellery"}]},{"@type":"WebSite","@id":"https:\/\/hempeline.net\/#website","url":"https:\/\/hempeline.net\/","name":"hempeline","description":"Quality made in Germany","publisher":{"@id":"https:\/\/hempeline.net\/#organization"},"potentialAction":[{"@type":"SearchAction","target":{"@type":"EntryPoint","urlTemplate":"https:\/\/hempeline.net\/?s={search_term_string}"},"query-input":{"@type":"PropertyValueSpecification","valueRequired":true,"valueName":"search_term_string"}}],"inLanguage":"en-GB"},{"@type":"Organization","@id":"https:\/\/hempeline.net\/#organization","name":"hempeline collection","url":"https:\/\/hempeline.net\/","logo":{"@type":"ImageObject","inLanguage":"en-GB","@id":"https:\/\/hempeline.net\/#\/schema\/logo\/image\/","url":"https:\/\/hempeline.net\/wp-content\/uploads\/2020\/07\/LOGO-SCHWARZ.png","contentUrl":"https:\/\/hempeline.net\/wp-content\/uploads\/2020\/07\/LOGO-SCHWARZ.png","width":576,"height":576,"caption":"hempeline collection"},"image":{"@id":"https:\/\/hempeline.net\/#\/schema\/logo\/image\/"},"sameAs":["https:\/\/www.facebook.com\/hempelineCollection\/","https:\/\/www.instagram.com\/hempeline\/"]}]}},"_links":{"self":[{"href":"https:\/\/hempeline.net\/en\/wp-json\/wp\/v2\/pages\/1353","targetHints":{"allow":["GET"]}}],"collection":[{"href":"https:\/\/hempeline.net\/en\/wp-json\/wp\/v2\/pages"}],"about":[{"href":"https:\/\/hempeline.net\/en\/wp-json\/wp\/v2\/types\/page"}],"author":[{"embeddable":true,"href":"https:\/\/hempeline.net\/en\/wp-json\/wp\/v2\/users\/1"}],"replies":[{"embeddable":true,"href":"https:\/\/hempeline.net\/en\/wp-json\/wp\/v2\/comments?post=1353"}],"version-history":[{"count":0,"href":"https:\/\/hempeline.net\/en\/wp-json\/wp\/v2\/pages\/1353\/revisions"}],"up":[{"embeddable":true,"href":"https:\/\/hempeline.net\/en\/wp-json\/wp\/v2\/pages\/8"}],"wp:featuredmedia":[{"embeddable":true,"href":"https:\/\/hempeline.net\/en\/wp-json\/wp\/v2\/media\/4274"}],"wp:attachment":[{"href":"https:\/\/hempeline.net\/en\/wp-json\/wp\/v2\/media?parent=1353"}],"curies":[{"name":"wp","href":"https:\/\/api.w.org\/{rel}","templated":true}]}}